{"id":4152,"date":"2018-02-24T05:13:42","date_gmt":"2018-02-24T10:13:42","guid":{"rendered":"https:\/\/mojomexico.company\/portal\/?page_id=4152"},"modified":"2019-04-03T21:11:06","modified_gmt":"2019-04-04T02:11:06","slug":"conexion-sae-aspel-y-tiendas-web-version-economica","status":"publish","type":"page","link":"https:\/\/mojomexico.company\/portal\/conexion-sae-aspel-y-tiendas-web-version-economica\/","title":{"rendered":"Conexi\u00f3n SAE-aspel y Tiendas Web"},"content":{"rendered":"<p><a href=\"https:\/\/mojomexico.company\/portal\/producto\/conexion-erp-tienda-web-pyme\/slide1-sae-pymer\/\" rel=\"attachment wp-att-3977\"><img alt=\"\" loading=\"lazy\" decoding=\"async\" data-attachment-id=\"3977\" data-permalink=\"https:\/\/mojomexico.company\/portal\/slide1-sae-pymer\/\" data-orig-file=\"https:\/\/i2.wp.com\/mojomexico.company\/portal\/wp-content\/uploads\/2017\/11\/slide1-sae-pymeR.jpg?fit=663%2C421&amp;ssl=1\" data-orig-size=\"663,421\" data-comments-opened=\"1\" data-image-meta=\"{&quot;aperture&quot;:&quot;0&quot;,&quot;credit&quot;:&quot;&quot;,&quot;camera&quot;:&quot;&quot;,&quot;caption&quot;:&quot;&quot;,&quot;created_timestamp&quot;:&quot;0&quot;,&quot;copyright&quot;:&quot;&quot;,&quot;focal_length&quot;:&quot;0&quot;,&quot;iso&quot;:&quot;0&quot;,&quot;shutter_speed&quot;:&quot;0&quot;,&quot;title&quot;:&quot;&quot;,&quot;orientation&quot;:&quot;0&quot;}\" data-image-title=\"erp-pyme-mojomexico\" data-image-description=\"\" data-medium-file=\"https:\/\/i2.wp.com\/mojomexico.company\/portal\/wp-content\/uploads\/2017\/11\/slide1-sae-pymeR.jpg?fit=300%2C190&amp;ssl=1\" data-large-file=\"https:\/\/i2.wp.com\/mojomexico.company\/portal\/wp-content\/uploads\/2017\/11\/slide1-sae-pymeR.jpg?fit=663%2C421&amp;ssl=1\" class=\"aligncenter size-full wp-image-3977\" src=\"https:\/\/i2.wp.com\/mojomexico.company\/portal\/wp-content\/uploads\/2017\/11\/slide1-sae-pymeR.jpg?resize=663%2C421&#038;ssl=1\" alt=\"\" width=\"663\" height=\"421\" srcset=\"https:\/\/i2.wp.com\/mojomexico.company\/portal\/wp-content\/uploads\/2017\/11\/slide1-sae-pymeR.jpg?w=663&amp;ssl=1 663w, https:\/\/i2.wp.com\/mojomexico.company\/portal\/wp-content\/uploads\/2017\/11\/slide1-sae-pymeR.jpg?resize=300%2C190&amp;ssl=1 300w, https:\/\/i2.wp.com\/mojomexico.company\/portal\/wp-content\/uploads\/2017\/11\/slide1-sae-pymeR.jpg?resize=220%2C140&amp;ssl=1 220w\" sizes=\"(max-width: 663px) 100vw, 663px\" data-recalc-dims=\"1\" \/><\/a><\/p>\n<p>La versi\u00f3n BASICA SAE-aspel Conexion con Tiendas Web que hemos desarrollado especialmente en Mojomexico, incluye las Mismas Funciones de la Version Ilimitada, como su nombre lo dice, ahora se vender por Tama\u00f1o de Catalogo ideal para Negocios con pocos Articulos en su tienda SAE, y podr\u00e1n ir creciendo porque pueden comprar paquetes extras en los meses o a\u00f1os siguientes.<\/p>\n<p>Como siempre en tu compra YA se incluye el Servicio de Instalaci\u00f3n y Sincronizaci\u00f3n que el equipo Mojomexico Team te brindar\u00e1 de forma ilimitada por Ticket todo el a\u00f1o incluyendo fines de semana y dias festivos.<\/p>\n<p>Aprovecha POR INTRODUCCION \u00e9sta version tiene un costo del 50% abajo del precio de la versi\u00f3n regular; y no solo eso, sino que en un futuro tu decides cambiarte a la versi\u00f3n Ilimitada, solo vas a pagar la diferencia del precio promocional en el momento que hagas tu orden.<\/p>\n<p>Puedes ver nuestro VIDEO DEMO de integraci\u00f3n SAE-WOOCOMMERCE\u00a0 que tenemos disponible aqui o en youtube\/mojomexico. Aprovecha y haz tu registro para que Obtengas los Descuentos y beneficios que te damos por comprar m\u00e1s cada d\u00eda.<\/p>\n<p><div class=\"woocommerce columns-4 \"><\/div>[embedyt] https:\/\/www.youtube.com\/watch?v=-VmWJoEVs9c[\/embedyt]<\/p>\n","protected":false},"excerpt":{"rendered":"<p>La versi\u00f3n BASICA SAE-aspel Conexion con Tiendas Web que hemos desarrollado especialmente en Mojomexico, incluye las Mismas Funciones de la Version Ilimitada, como su nombre lo dice, ahora se vender por Tama\u00f1o de Catalogo ideal para Negocios con pocos Articulos en su tienda SAE, y podr\u00e1n ir creciendo porque pueden comprar paquetes extras en los [&hellip;]<\/p>\n","protected":false},"author":1,"featured_media":4778,"parent":0,"menu_order":0,"comment_status":"closed","ping_status":"closed","template":"","meta":{"saved_in_kubio":false,"_seopress_robots_primary_cat":"","_seopress_titles_title":"","_seopress_titles_desc":"","_seopress_robots_index":"","spay_email":"","footnotes":""},"class_list":["post-4152","page","type-page","status-publish","has-post-thumbnail","hentry"],"kubio_ai_page_context":{"short_desc":"","purpose":"general"},"jetpack_shortlink":"https:\/\/wp.me\/P7THa5-14Y","jetpack_sharing_enabled":true,"jetpack-related-posts":[],"_links":{"self":[{"href":"https:\/\/mojomexico.company\/portal\/wp-json\/wp\/v2\/pages\/4152","targetHints":{"allow":["GET"]}}],"collection":[{"href":"https:\/\/mojomexico.company\/portal\/wp-json\/wp\/v2\/pages"}],"about":[{"href":"https:\/\/mojomexico.company\/portal\/wp-json\/wp\/v2\/types\/page"}],"author":[{"embeddable":true,"href":"https:\/\/mojomexico.company\/portal\/wp-json\/wp\/v2\/users\/1"}],"replies":[{"embeddable":true,"href":"https:\/\/mojomexico.company\/portal\/wp-json\/wp\/v2\/comments?post=4152"}],"version-history":[{"count":3,"href":"https:\/\/mojomexico.company\/portal\/wp-json\/wp\/v2\/pages\/4152\/revisions"}],"predecessor-version":[{"id":5951,"href":"https:\/\/mojomexico.company\/portal\/wp-json\/wp\/v2\/pages\/4152\/revisions\/5951"}],"wp:featuredmedia":[{"embeddable":true,"href":"https:\/\/mojomexico.company\/portal\/wp-json\/wp\/v2\/media\/4778"}],"wp:attachment":[{"href":"https:\/\/mojomexico.company\/portal\/wp-json\/wp\/v2\/media?parent=4152"}],"curies":[{"name":"wp","href":"https:\/\/api.w.org\/{rel}","templated":true}]}}