{"id":6372,"date":"2020-04-16T02:56:34","date_gmt":"2020-04-16T07:56:34","guid":{"rendered":"https:\/\/mojomexico.company\/portal\/?page_id=6372"},"modified":"2020-07-02T13:29:02","modified_gmt":"2020-07-02T18:29:02","slug":"membresia-mojopartner-recargada","status":"publish","type":"page","link":"https:\/\/mojomexico.company\/portal\/membresia-mojopartner-recargada\/","title":{"rendered":"Membresia MojoPartner Recargada"},"content":{"rendered":"<p><a href=\"https:\/\/mojomexico.company\/portal\/membresia-mojopartner-recargada\/quicena-sae3r\/\" rel=\"attachment wp-att-6467\"><img alt=\"\" loading=\"lazy\" decoding=\"async\" data-attachment-id=\"6467\" data-permalink=\"https:\/\/mojomexico.company\/portal\/membresia-mojopartner-recargada\/quicena-sae3r\/\" data-orig-file=\"https:\/\/i0.wp.com\/mojomexico.company\/portal\/wp-content\/uploads\/2020\/04\/quicena-sae3R.png?fit=1567%2C352&amp;ssl=1\" data-orig-size=\"1567,352\" data-comments-opened=\"1\" data-image-meta=\"{&quot;aperture&quot;:&quot;0&quot;,&quot;credit&quot;:&quot;&quot;,&quot;camera&quot;:&quot;&quot;,&quot;caption&quot;:&quot;&quot;,&quot;created_timestamp&quot;:&quot;0&quot;,&quot;copyright&quot;:&quot;&quot;,&quot;focal_length&quot;:&quot;0&quot;,&quot;iso&quot;:&quot;0&quot;,&quot;shutter_speed&quot;:&quot;0&quot;,&quot;title&quot;:&quot;&quot;,&quot;orientation&quot;:&quot;0&quot;}\" data-image-title=\"quicena-sae3R\" data-image-description=\"\" data-medium-file=\"https:\/\/i0.wp.com\/mojomexico.company\/portal\/wp-content\/uploads\/2020\/04\/quicena-sae3R.png?fit=250%2C56&amp;ssl=1\" data-large-file=\"https:\/\/i0.wp.com\/mojomexico.company\/portal\/wp-content\/uploads\/2020\/04\/quicena-sae3R.png?fit=700%2C157&amp;ssl=1\" class=\"alignleft size-large wp-image-6467\" src=\"https:\/\/i0.wp.com\/mojomexico.company\/portal\/wp-content\/uploads\/2020\/04\/quicena-sae3R.png?resize=700%2C157&#038;ssl=1\" alt=\"\" width=\"700\" height=\"157\" srcset=\"https:\/\/i0.wp.com\/mojomexico.company\/portal\/wp-content\/uploads\/2020\/04\/quicena-sae3R.png?resize=700%2C157&amp;ssl=1 700w, https:\/\/i0.wp.com\/mojomexico.company\/portal\/wp-content\/uploads\/2020\/04\/quicena-sae3R.png?resize=250%2C56&amp;ssl=1 250w, https:\/\/i0.wp.com\/mojomexico.company\/portal\/wp-content\/uploads\/2020\/04\/quicena-sae3R.png?resize=768%2C173&amp;ssl=1 768w, https:\/\/i0.wp.com\/mojomexico.company\/portal\/wp-content\/uploads\/2020\/04\/quicena-sae3R.png?resize=600%2C135&amp;ssl=1 600w, https:\/\/i0.wp.com\/mojomexico.company\/portal\/wp-content\/uploads\/2020\/04\/quicena-sae3R.png?resize=120%2C27&amp;ssl=1 120w, https:\/\/i0.wp.com\/mojomexico.company\/portal\/wp-content\/uploads\/2020\/04\/quicena-sae3R.png?w=1567&amp;ssl=1 1567w\" sizes=\"(max-width: 700px) 100vw, 700px\" data-recalc-dims=\"1\" \/><\/a>Aprovecha la promoci\u00f3n que hemos puesto a tu disposici\u00f3n solo \u00e9ste mes, el precio normal es de 16,900pesos para estas versiones de tienda web Hoy puedes aprovechar,<\/p>\n<hr \/>\n<p><a href=\"https:\/\/mojomexico.company\/portal\/portada-cintapromo-29-3\/\"><img alt=\"\" loading=\"lazy\" decoding=\"async\" data-attachment-id=\"6397\" data-permalink=\"https:\/\/mojomexico.company\/portal\/membresia-mojopartner-recargada\/portada-cintapromo-29-3\/\" data-orig-file=\"https:\/\/i1.wp.com\/mojomexico.company\/portal\/wp-content\/uploads\/2020\/05\/portada-cintapromo-29-3.png?fit=1567%2C704&amp;ssl=1\" data-orig-size=\"1567,704\" data-comments-opened=\"1\" data-image-meta=\"{&quot;aperture&quot;:&quot;0&quot;,&quot;credit&quot;:&quot;&quot;,&quot;camera&quot;:&quot;&quot;,&quot;caption&quot;:&quot;&quot;,&quot;created_timestamp&quot;:&quot;0&quot;,&quot;copyright&quot;:&quot;&quot;,&quot;focal_length&quot;:&quot;0&quot;,&quot;iso&quot;:&quot;0&quot;,&quot;shutter_speed&quot;:&quot;0&quot;,&quot;title&quot;:&quot;&quot;,&quot;orientation&quot;:&quot;0&quot;}\" data-image-title=\"portada-cintapromo-29-3\" data-image-description=\"\" data-medium-file=\"https:\/\/i1.wp.com\/mojomexico.company\/portal\/wp-content\/uploads\/2020\/05\/portada-cintapromo-29-3.png?fit=250%2C112&amp;ssl=1\" data-large-file=\"https:\/\/i1.wp.com\/mojomexico.company\/portal\/wp-content\/uploads\/2020\/05\/portada-cintapromo-29-3.png?fit=700%2C314&amp;ssl=1\" class=\"aligncenter size-large wp-image-6397\" src=\"https:\/\/i1.wp.com\/mojomexico.company\/portal\/wp-content\/uploads\/2020\/05\/portada-cintapromo-29-3.png?resize=700%2C314&#038;ssl=1\" alt=\"\" width=\"700\" height=\"314\" srcset=\"https:\/\/i1.wp.com\/mojomexico.company\/portal\/wp-content\/uploads\/2020\/05\/portada-cintapromo-29-3.png?resize=700%2C314&amp;ssl=1 700w, https:\/\/i1.wp.com\/mojomexico.company\/portal\/wp-content\/uploads\/2020\/05\/portada-cintapromo-29-3.png?resize=250%2C112&amp;ssl=1 250w, https:\/\/i1.wp.com\/mojomexico.company\/portal\/wp-content\/uploads\/2020\/05\/portada-cintapromo-29-3.png?resize=768%2C345&amp;ssl=1 768w, https:\/\/i1.wp.com\/mojomexico.company\/portal\/wp-content\/uploads\/2020\/05\/portada-cintapromo-29-3.png?resize=600%2C270&amp;ssl=1 600w, https:\/\/i1.wp.com\/mojomexico.company\/portal\/wp-content\/uploads\/2020\/05\/portada-cintapromo-29-3.png?resize=120%2C54&amp;ssl=1 120w, https:\/\/i1.wp.com\/mojomexico.company\/portal\/wp-content\/uploads\/2020\/05\/portada-cintapromo-29-3.png?w=1567&amp;ssl=1 1567w\" sizes=\"(max-width: 700px) 100vw, 700px\" data-recalc-dims=\"1\" \/><\/a><\/p>\n<p>para apoyar m\u00e1s la actual situacion hemos decidido <a href=\"https:\/\/mojomexico.company\/portal\/producto\/tester-conexion-sae-tienda-con-base-de-datos\/caja-android-20\/\" rel=\"attachment wp-att-6360\"><img alt=\"\" loading=\"lazy\" decoding=\"async\" data-attachment-id=\"6360\" data-permalink=\"https:\/\/mojomexico.company\/portal\/?attachment_id=6360\" data-orig-file=\"https:\/\/i1.wp.com\/mojomexico.company\/portal\/wp-content\/uploads\/2020\/03\/caja-android-20.png?fit=369%2C395&amp;ssl=1\" data-orig-size=\"369,395\" data-comments-opened=\"1\" data-image-meta=\"{&quot;aperture&quot;:&quot;0&quot;,&quot;credit&quot;:&quot;&quot;,&quot;camera&quot;:&quot;&quot;,&quot;caption&quot;:&quot;&quot;,&quot;created_timestamp&quot;:&quot;0&quot;,&quot;copyright&quot;:&quot;&quot;,&quot;focal_length&quot;:&quot;0&quot;,&quot;iso&quot;:&quot;0&quot;,&quot;shutter_speed&quot;:&quot;0&quot;,&quot;title&quot;:&quot;&quot;,&quot;orientation&quot;:&quot;0&quot;}\" data-image-title=\"caja-android-20\" data-image-description=\"\" data-medium-file=\"https:\/\/i1.wp.com\/mojomexico.company\/portal\/wp-content\/uploads\/2020\/03\/caja-android-20.png?fit=250%2C268&amp;ssl=1\" data-large-file=\"https:\/\/i1.wp.com\/mojomexico.company\/portal\/wp-content\/uploads\/2020\/03\/caja-android-20.png?fit=369%2C395&amp;ssl=1\" class=\"alignleft size-medium wp-image-6360\" src=\"https:\/\/i1.wp.com\/mojomexico.company\/portal\/wp-content\/uploads\/2020\/03\/caja-android-20.png?resize=250%2C268&#038;ssl=1\" alt=\"\" width=\"250\" height=\"268\" srcset=\"https:\/\/i1.wp.com\/mojomexico.company\/portal\/wp-content\/uploads\/2020\/03\/caja-android-20.png?resize=250%2C268&amp;ssl=1 250w, https:\/\/i1.wp.com\/mojomexico.company\/portal\/wp-content\/uploads\/2020\/03\/caja-android-20.png?resize=120%2C128&amp;ssl=1 120w, https:\/\/i1.wp.com\/mojomexico.company\/portal\/wp-content\/uploads\/2020\/03\/caja-android-20.png?w=369&amp;ssl=1 369w\" sizes=\"(max-width: 250px) 100vw, 250px\" data-recalc-dims=\"1\" \/><\/a>OFRECER EL PAQUETE BASICO DESARROLLOS A LA MEDIDA, olvidate de pagar m\u00e1s y aprovecha haz clic en el boton para enterarte c\u00f3mo.asi podr\u00e1s comprar tu membres\u00eda y pedirnos que te desarrollemos CUALQUIER MODULO o INTEGRACION DE TIENDA WEB aunque NO est\u00e9 en nuestro Catalogo (nuevo o especial), porque todos vamos a salir adelante solo si nos apoyamos con ofertas como \u00e9stas, pidelo HOY podr\u00e1s pedir:<\/p>\n<p>Membresia a tu Medida- Si deseas aprovechar el precio OFERTA de cada membresia sigue el boton abajo; pero si deseas ademas que te apoyemos con un plan de pagos diferido, porfavor ENVIA tu solicitud via mail a info@mojomexico.com.mx con tu Informacion completa (nombre, direccion, dominio de tienda, etc). Nuestro depto. financiero se pondr\u00e1 en contacto contigo.<\/p>\n<p><strong>GRATIS:<\/strong><\/p>\n<p>En Plan Integrador Incluimos tu LOGO en el cuadro de honor de nuestros conectores y te brindamos el reconocimiento como \u00abIntegrador Certificado Mojomexico\u00bb.<a href=\"https:\/\/mojomexico.company\/portal\/membresia-mojopartner-recargada\/back-reseller1\/\" rel=\"attachment wp-att-6384\"><img alt=\"\" loading=\"lazy\" decoding=\"async\" data-attachment-id=\"6384\" data-permalink=\"https:\/\/mojomexico.company\/portal\/membresia-mojopartner-recargada\/back-reseller1\/\" data-orig-file=\"https:\/\/i0.wp.com\/mojomexico.company\/portal\/wp-content\/uploads\/2020\/04\/back-reseller1.png?fit=953%2C670&amp;ssl=1\" data-orig-size=\"953,670\" data-comments-opened=\"1\" data-image-meta=\"{&quot;aperture&quot;:&quot;0&quot;,&quot;credit&quot;:&quot;&quot;,&quot;camera&quot;:&quot;&quot;,&quot;caption&quot;:&quot;&quot;,&quot;created_timestamp&quot;:&quot;0&quot;,&quot;copyright&quot;:&quot;&quot;,&quot;focal_length&quot;:&quot;0&quot;,&quot;iso&quot;:&quot;0&quot;,&quot;shutter_speed&quot;:&quot;0&quot;,&quot;title&quot;:&quot;&quot;,&quot;orientation&quot;:&quot;0&quot;}\" data-image-title=\"back-reseller1\" data-image-description=\"\" data-medium-file=\"https:\/\/i0.wp.com\/mojomexico.company\/portal\/wp-content\/uploads\/2020\/04\/back-reseller1.png?fit=250%2C176&amp;ssl=1\" data-large-file=\"https:\/\/i0.wp.com\/mojomexico.company\/portal\/wp-content\/uploads\/2020\/04\/back-reseller1.png?fit=700%2C492&amp;ssl=1\" class=\"alignleft size-medium wp-image-6384\" src=\"https:\/\/i0.wp.com\/mojomexico.company\/portal\/wp-content\/uploads\/2020\/04\/back-reseller1.png?resize=250%2C176&#038;ssl=1\" alt=\"\" width=\"250\" height=\"176\" srcset=\"https:\/\/i0.wp.com\/mojomexico.company\/portal\/wp-content\/uploads\/2020\/04\/back-reseller1.png?resize=250%2C176&amp;ssl=1 250w, https:\/\/i0.wp.com\/mojomexico.company\/portal\/wp-content\/uploads\/2020\/04\/back-reseller1.png?resize=768%2C540&amp;ssl=1 768w, https:\/\/i0.wp.com\/mojomexico.company\/portal\/wp-content\/uploads\/2020\/04\/back-reseller1.png?resize=700%2C492&amp;ssl=1 700w, https:\/\/i0.wp.com\/mojomexico.company\/portal\/wp-content\/uploads\/2020\/04\/back-reseller1.png?resize=600%2C422&amp;ssl=1 600w, https:\/\/i0.wp.com\/mojomexico.company\/portal\/wp-content\/uploads\/2020\/04\/back-reseller1.png?resize=120%2C84&amp;ssl=1 120w, https:\/\/i0.wp.com\/mojomexico.company\/portal\/wp-content\/uploads\/2020\/04\/back-reseller1.png?w=953&amp;ssl=1 953w\" sizes=\"(max-width: 250px) 100vw, 250px\" data-recalc-dims=\"1\" \/><\/a><\/p>\n<p>&nbsp;<\/p>\n<p>Incluye Poliza Anual de Soporte ante cuanlquier cambio o ajuste nosotros te lo arreglamos sin costo extra durante este tiempo.<\/p>\n<p><a href=\"https:\/\/mojomexico.company\/portal\/membresia-mojopartner-recargada\/logomojo-320-volcan33r\/\" rel=\"attachment wp-att-6383\"><img alt=\"\" loading=\"lazy\" decoding=\"async\" data-attachment-id=\"6383\" data-permalink=\"https:\/\/mojomexico.company\/portal\/membresia-mojopartner-recargada\/logomojo-320-volcan33r\/\" data-orig-file=\"https:\/\/i1.wp.com\/mojomexico.company\/portal\/wp-content\/uploads\/2020\/04\/logomojo-320-Volcan33R.png?fit=404%2C252&amp;ssl=1\" data-orig-size=\"404,252\" data-comments-opened=\"1\" data-image-meta=\"{&quot;aperture&quot;:&quot;0&quot;,&quot;credit&quot;:&quot;&quot;,&quot;camera&quot;:&quot;&quot;,&quot;caption&quot;:&quot;&quot;,&quot;created_timestamp&quot;:&quot;0&quot;,&quot;copyright&quot;:&quot;&quot;,&quot;focal_length&quot;:&quot;0&quot;,&quot;iso&quot;:&quot;0&quot;,&quot;shutter_speed&quot;:&quot;0&quot;,&quot;title&quot;:&quot;&quot;,&quot;orientation&quot;:&quot;0&quot;}\" data-image-title=\"logomojo-320-Volcan33R\" data-image-description=\"\" data-medium-file=\"https:\/\/i1.wp.com\/mojomexico.company\/portal\/wp-content\/uploads\/2020\/04\/logomojo-320-Volcan33R.png?fit=250%2C156&amp;ssl=1\" data-large-file=\"https:\/\/i1.wp.com\/mojomexico.company\/portal\/wp-content\/uploads\/2020\/04\/logomojo-320-Volcan33R.png?fit=404%2C252&amp;ssl=1\" class=\"size-medium wp-image-6383 aligncenter\" src=\"https:\/\/i1.wp.com\/mojomexico.company\/portal\/wp-content\/uploads\/2020\/04\/logomojo-320-Volcan33R.png?resize=250%2C156&#038;ssl=1\" alt=\"\" width=\"250\" height=\"156\" srcset=\"https:\/\/i1.wp.com\/mojomexico.company\/portal\/wp-content\/uploads\/2020\/04\/logomojo-320-Volcan33R.png?resize=250%2C156&amp;ssl=1 250w, https:\/\/i1.wp.com\/mojomexico.company\/portal\/wp-content\/uploads\/2020\/04\/logomojo-320-Volcan33R.png?resize=120%2C75&amp;ssl=1 120w, https:\/\/i1.wp.com\/mojomexico.company\/portal\/wp-content\/uploads\/2020\/04\/logomojo-320-Volcan33R.png?w=404&amp;ssl=1 404w\" sizes=\"(max-width: 250px) 100vw, 250px\" data-recalc-dims=\"1\" \/><\/a><\/p>\n<p>&nbsp;<\/p>\n<p>[APT id=6371]<\/p>\n<p>&nbsp;<\/p>\n<p>&nbsp;<\/p>\n","protected":false},"excerpt":{"rendered":"<p>Aprovecha la promoci\u00f3n que hemos puesto a tu disposici\u00f3n solo \u00e9ste mes, el precio normal es de 16,900pesos para estas versiones de tienda web Hoy puedes aprovechar, para apoyar m\u00e1s la actual situacion hemos decidido OFRECER EL PAQUETE BASICO DESARROLLOS A LA MEDIDA, olvidate de pagar m\u00e1s y aprovecha haz clic en el boton para [&hellip;]<\/p>\n","protected":false},"author":1,"featured_media":0,"parent":0,"menu_order":0,"comment_status":"closed","ping_status":"closed","template":"","meta":{"saved_in_kubio":false,"_seopress_robots_primary_cat":"","_seopress_titles_title":"","_seopress_titles_desc":"","_seopress_robots_index":"","spay_email":"","footnotes":""},"class_list":["post-6372","page","type-page","status-publish","hentry"],"kubio_ai_page_context":{"short_desc":"","purpose":"general"},"jetpack_shortlink":"https:\/\/wp.me\/P7THa5-1EM","jetpack_sharing_enabled":true,"jetpack-related-posts":[],"_links":{"self":[{"href":"https:\/\/mojomexico.company\/portal\/wp-json\/wp\/v2\/pages\/6372","targetHints":{"allow":["GET"]}}],"collection":[{"href":"https:\/\/mojomexico.company\/portal\/wp-json\/wp\/v2\/pages"}],"about":[{"href":"https:\/\/mojomexico.company\/portal\/wp-json\/wp\/v2\/types\/page"}],"author":[{"embeddable":true,"href":"https:\/\/mojomexico.company\/portal\/wp-json\/wp\/v2\/users\/1"}],"replies":[{"embeddable":true,"href":"https:\/\/mojomexico.company\/portal\/wp-json\/wp\/v2\/comments?post=6372"}],"version-history":[{"count":3,"href":"https:\/\/mojomexico.company\/portal\/wp-json\/wp\/v2\/pages\/6372\/revisions"}],"predecessor-version":[{"id":6468,"href":"https:\/\/mojomexico.company\/portal\/wp-json\/wp\/v2\/pages\/6372\/revisions\/6468"}],"wp:attachment":[{"href":"https:\/\/mojomexico.company\/portal\/wp-json\/wp\/v2\/media?parent=6372"}],"curies":[{"name":"wp","href":"https:\/\/api.w.org\/{rel}","templated":true}]}}