{"id":6504,"date":"2020-07-17T23:01:52","date_gmt":"2020-07-18T04:01:52","guid":{"rendered":"https:\/\/mojomexico.company\/portal\/?page_id=6504"},"modified":"2020-07-18T00:18:03","modified_gmt":"2020-07-18T05:18:03","slug":"precio-express","status":"publish","type":"page","link":"https:\/\/mojomexico.company\/portal\/precio-express\/","title":{"rendered":"Precio express"},"content":{"rendered":"<p><a href=\"https:\/\/mojomexico.company\/portal\/producto\/magento2-desarrollo-marketplace\/magento2-mx\/\" rel=\"attachment wp-att-6409\"><img alt=\"\" loading=\"lazy\" decoding=\"async\" data-attachment-id=\"6409\" data-permalink=\"https:\/\/mojomexico.company\/portal\/?attachment_id=6409\" data-orig-file=\"https:\/\/i0.wp.com\/mojomexico.company\/portal\/wp-content\/uploads\/2020\/06\/magento2-mx.png?fit=900%2C488&amp;ssl=1\" data-orig-size=\"900,488\" data-comments-opened=\"1\" data-image-meta=\"{&quot;aperture&quot;:&quot;0&quot;,&quot;credit&quot;:&quot;&quot;,&quot;camera&quot;:&quot;&quot;,&quot;caption&quot;:&quot;&quot;,&quot;created_timestamp&quot;:&quot;0&quot;,&quot;copyright&quot;:&quot;&quot;,&quot;focal_length&quot;:&quot;0&quot;,&quot;iso&quot;:&quot;0&quot;,&quot;shutter_speed&quot;:&quot;0&quot;,&quot;title&quot;:&quot;&quot;,&quot;orientation&quot;:&quot;0&quot;}\" data-image-title=\"magento2-mx\" data-image-description=\"\" data-medium-file=\"https:\/\/i0.wp.com\/mojomexico.company\/portal\/wp-content\/uploads\/2020\/06\/magento2-mx.png?fit=250%2C136&amp;ssl=1\" data-large-file=\"https:\/\/i0.wp.com\/mojomexico.company\/portal\/wp-content\/uploads\/2020\/06\/magento2-mx.png?fit=700%2C380&amp;ssl=1\" class=\"size-large wp-image-6409 aligncenter\" src=\"https:\/\/i0.wp.com\/mojomexico.company\/portal\/wp-content\/uploads\/2020\/06\/magento2-mx.png?resize=700%2C380&#038;ssl=1\" alt=\"\" width=\"700\" height=\"380\" srcset=\"https:\/\/i0.wp.com\/mojomexico.company\/portal\/wp-content\/uploads\/2020\/06\/magento2-mx.png?resize=700%2C380&amp;ssl=1 700w, https:\/\/i0.wp.com\/mojomexico.company\/portal\/wp-content\/uploads\/2020\/06\/magento2-mx.png?resize=250%2C136&amp;ssl=1 250w, https:\/\/i0.wp.com\/mojomexico.company\/portal\/wp-content\/uploads\/2020\/06\/magento2-mx.png?resize=768%2C416&amp;ssl=1 768w, https:\/\/i0.wp.com\/mojomexico.company\/portal\/wp-content\/uploads\/2020\/06\/magento2-mx.png?resize=600%2C325&amp;ssl=1 600w, https:\/\/i0.wp.com\/mojomexico.company\/portal\/wp-content\/uploads\/2020\/06\/magento2-mx.png?resize=120%2C65&amp;ssl=1 120w, https:\/\/i0.wp.com\/mojomexico.company\/portal\/wp-content\/uploads\/2020\/06\/magento2-mx.png?w=900&amp;ssl=1 900w\" sizes=\"(max-width: 700px) 100vw, 700px\" data-recalc-dims=\"1\" \/><\/a><\/p>\n<h2>Usa esta medio para escoger y cargar a carrito m\u00e1s r\u00e1pido el producto que te interesa directo sin escalas, solo selecciona TU MARCA DE TIENDA y podr\u00e1s ver cada producto que tenemos y su precio de promocion hoy:<\/h2>\n<p style=\"text-align: left;\">[ct_focus background=\u00bb\u00bb gradient=\u00bb#444444&#8243; color=\u00bblight\u00bb style=\u00bbshadow\u00bb ]<\/p>\n<p style=\"text-align: left;\"><code>[qcld_express_shop]<\/code><\/p>\n<p style=\"text-align: left;\">\n<p style=\"text-align: left;\">[\/ct_focus]<\/p>\n<p style=\"text-align: left;\"><code>\u00a0<\/code><\/p>\n","protected":false},"excerpt":{"rendered":"<p>Usa esta medio para escoger y cargar a carrito m\u00e1s r\u00e1pido el producto que te interesa directo sin escalas, solo selecciona TU MARCA DE TIENDA y podr\u00e1s ver cada producto que tenemos y su precio de promocion hoy: [ct_focus background=\u00bb\u00bb gradient=\u00bb#444444&#8243; color=\u00bblight\u00bb style=\u00bbshadow\u00bb ] [qcld_express_shop] [\/ct_focus] \u00a0<\/p>\n","protected":false},"author":1,"featured_media":0,"parent":0,"menu_order":0,"comment_status":"closed","ping_status":"closed","template":"tmpl-full-width.php","meta":{"saved_in_kubio":false,"_seopress_robots_primary_cat":"","_seopress_titles_title":"","_seopress_titles_desc":"","_seopress_robots_index":"","spay_email":"","footnotes":""},"class_list":["post-6504","page","type-page","status-publish","hentry"],"kubio_ai_page_context":{"short_desc":"","purpose":"general"},"jetpack_shortlink":"https:\/\/wp.me\/P7THa5-1GU","jetpack_sharing_enabled":true,"jetpack-related-posts":[],"_links":{"self":[{"href":"https:\/\/mojomexico.company\/portal\/wp-json\/wp\/v2\/pages\/6504","targetHints":{"allow":["GET"]}}],"collection":[{"href":"https:\/\/mojomexico.company\/portal\/wp-json\/wp\/v2\/pages"}],"about":[{"href":"https:\/\/mojomexico.company\/portal\/wp-json\/wp\/v2\/types\/page"}],"author":[{"embeddable":true,"href":"https:\/\/mojomexico.company\/portal\/wp-json\/wp\/v2\/users\/1"}],"replies":[{"embeddable":true,"href":"https:\/\/mojomexico.company\/portal\/wp-json\/wp\/v2\/comments?post=6504"}],"version-history":[{"count":3,"href":"https:\/\/mojomexico.company\/portal\/wp-json\/wp\/v2\/pages\/6504\/revisions"}],"predecessor-version":[{"id":6511,"href":"https:\/\/mojomexico.company\/portal\/wp-json\/wp\/v2\/pages\/6504\/revisions\/6511"}],"wp:attachment":[{"href":"https:\/\/mojomexico.company\/portal\/wp-json\/wp\/v2\/media?parent=6504"}],"curies":[{"name":"wp","href":"https:\/\/api.w.org\/{rel}","templated":true}]}}