{"id":2744,"date":"2020-08-31T21:10:10","date_gmt":"2020-09-01T02:10:10","guid":{"rendered":"http:\/\/mojomexico.com.mx\/web11\/wordpress\/?product=pasarela-de-pago-santander-3d-sy-prestashop"},"modified":"2022-06-24T13:08:27","modified_gmt":"2022-06-24T18:08:27","slug":"pasarela-de-pago-santander-3d-sy-prestashop","status":"publish","type":"product","link":"https:\/\/mojomexico.company\/portal\/producto\/pasarela-de-pago-santander-3d-sy-prestashop\/","title":{"rendered":"Pasarela de pago Santander 3D Prestashop"},"content":{"rendered":"<p>[symple_tabgroup]<br \/>\n[symple_tab title=\u00bbAplicaci\u00f3n\u00bb]<\/p>\n<p><a href=\"https:\/\/mojomexico.company\/portal\/producto\/pasarela-santander-3d-security-wordpress\/caja-santander1\/\" rel=\"attachment wp-att-6481\"><img alt=\"\" loading=\"lazy\" decoding=\"async\" data-attachment-id=\"6481\" data-permalink=\"https:\/\/mojomexico.company\/portal\/?attachment_id=6481\" data-orig-file=\"https:\/\/i0.wp.com\/mojomexico.company\/portal\/wp-content\/uploads\/2017\/02\/caja-santander1.png?fit=369%2C395&amp;ssl=1\" data-orig-size=\"369,395\" data-comments-opened=\"1\" data-image-meta=\"{&quot;aperture&quot;:&quot;0&quot;,&quot;credit&quot;:&quot;&quot;,&quot;camera&quot;:&quot;&quot;,&quot;caption&quot;:&quot;&quot;,&quot;created_timestamp&quot;:&quot;0&quot;,&quot;copyright&quot;:&quot;&quot;,&quot;focal_length&quot;:&quot;0&quot;,&quot;iso&quot;:&quot;0&quot;,&quot;shutter_speed&quot;:&quot;0&quot;,&quot;title&quot;:&quot;&quot;,&quot;orientation&quot;:&quot;0&quot;}\" data-image-title=\"caja-santander1\" data-image-description=\"\" data-medium-file=\"https:\/\/i0.wp.com\/mojomexico.company\/portal\/wp-content\/uploads\/2017\/02\/caja-santander1.png?fit=250%2C268&amp;ssl=1\" data-large-file=\"https:\/\/i0.wp.com\/mojomexico.company\/portal\/wp-content\/uploads\/2017\/02\/caja-santander1.png?fit=369%2C395&amp;ssl=1\" class=\"alignleft size-full wp-image-6481\" src=\"https:\/\/i0.wp.com\/mojomexico.company\/portal\/wp-content\/uploads\/2017\/02\/caja-santander1.png?resize=369%2C395&#038;ssl=1\" alt=\"\" width=\"369\" height=\"395\" srcset=\"https:\/\/i0.wp.com\/mojomexico.company\/portal\/wp-content\/uploads\/2017\/02\/caja-santander1.png?w=369&amp;ssl=1 369w, https:\/\/i0.wp.com\/mojomexico.company\/portal\/wp-content\/uploads\/2017\/02\/caja-santander1.png?resize=250%2C268&amp;ssl=1 250w, https:\/\/i0.wp.com\/mojomexico.company\/portal\/wp-content\/uploads\/2017\/02\/caja-santander1.png?resize=120%2C128&amp;ssl=1 120w\" sizes=\"(max-width: 369px) 100vw, 369px\" data-recalc-dims=\"1\" \/><\/a>Extensi\u00f3n de pagos para la versi\u00f3n Prestashop desde 1.4.7.x hasta 1.7 \u00a0 totalmente integrada al c\u00f3digo original en Backoffice y FrontOffice para recibir tarjetas de cr\u00e9dito y d\u00e9bito y procesar el pago directamente a su cuenta bancaria, todo esto de forma integral e Interno en la tienda Prestashop bajo altas normas de seguridad que marca Santander 3D WEBPAY.<\/p>\n<p>Al comprar nuestro producto, \u00e9sto le d\u00e1 derecho al USO exclusivo de nuestro software como licencia para ser instalado por nuestro personal calificado en su\u00a0 tienda \u00f3 tienda\/dominio, nosotros nos hacemos cargo de la instalaci\u00f3n y configuraci\u00f3n via remota en la tienda , al 100%. La pasarela de pago se integra a la lista estandar , en caso de\u00a0 que su tienda utilice una plantilla especial para este proceso de pago, la integraci\u00f3n a dicha pasarela tendr\u00e1 un costo extra al precio marcado (estimable en cada caso) por horas de servicio adaptaci\u00f3n.<\/p>\n<p>Importante: \u00c9sta conexi\u00f3n requiere de la asistencia t\u00e9cnica para Plantillar el archivo FRONT-END desde la zona del Banco, por lo uqe que es opci\u00f3n adquirirlo , nuestra sugerencia es que lo adiciones a tu producto para recibir todo el soporte t\u00e9cnico de nuestros expertos.<\/p>\n<p>Los precios est\u00e1n expresados en Pesos Mexicanos y son sin IVA, y en tu compra recibes la Factura Fiscal 100% deducible directo a tu mail.<\/p>\n<p>Leer aqui mismo la seccion GARANTIA para saber mas del producto.<\/p>\n<p>[\/symple_tab]<br \/>\n[symple_tab title=\u00bbPreguntas Frecuentes y Garantia\u00bb]<\/p>\n<p>Que estoy comprando?<\/p>\n<p>Al comprar nuestro producto, estas adquiriendo el derecho de uso de nuestro producto por Licencia-dominio(una) ,puedes adquirir varias licencias para versiones multitienda.<\/p>\n<p>Solo se entregan programas compilados sin opci\u00f3n a modificar m\u00e1s que por el personal calificado de Mojomexico y solo podr\u00e1 ser usado para el dominio-tienda registrado. El descuento en multitiendas es del 35% de la segunda hasta 99 licencias.<\/p>\n<p>Con \u00e9sta pasarela\u00a0 puedo aceptar pagos con tarjetas Visa y Mastercard de\u00a0 otros Bancos \u00f3 de cualquier Banco del Mundo?<\/p>\n<p>SI, con una pasarela puedes aceptar TODAS las tarjetas Visa y Mastercard nacionales e internacionales, de cualquier pa\u00eds. Regularmente todas las compras que se realicen en tu tienda en otras monedas distintas a PESOS, ser\u00e1n convertidas a pesos, a menos que \u00e9ste arreglo lo fijes con tu banco.<\/p>\n<p>Puedo aceptar American Express?<\/p>\n<p>No, se necesita adquirir la extension AMERICAN EXPRESS que tenemos publicada aqui en este catalogo.<\/p>\n<p>Puedo manejar pagos de 3,6,9,12 y 18 meses con y sin intereses?<\/p>\n<p>No, para \u00e9sto requieres de comprar en este mismo catalogo LA EXTENSION A MESES CON \/ SIN INTERES para tu conector bancario.<\/p>\n<p>Tengo que pagar anualidades \u00f3 comisiones por usar su producto?<\/p>\n<p>No, Nuestro producto no requiere anualidades ni comisiones por venta realizada, tu solo compras el producto y lo tienes de por vida para el dominio que destinaste. Todo el convenio de cobro y deposito a tu cuenta de cheques por tarjeta de cr\u00e9dito, es un arreglo de partes entre tu Banco Local y tu.<\/p>\n<p>C\u00f3mo es el proceso de instalaci\u00f3n?<\/p>\n<p>Nosotros te incluimos en el precio, la instalaci\u00f3n y sincronizaci\u00f3n al 100% via Remota (tu tienda tiene que estar en la nube internet), t\u00fa solo te preocupas en hacer la compra y nosotros nos encargamos de la instalaci\u00f3n, en donde se programa y se fija una vez consolidado tu pago, en un periodo m\u00e1ximo de 10 dias habiles<\/p>\n<p>Que garant\u00eda tengo?<\/p>\n<p>Nosotros te estamos ofreciendo UN A\u00d1O de garant\u00eda y soporte gr\u00e1tis por cualquier falla propia de nuestro producto, pero si la falla es ajena a nuestro c\u00f3digo, ning\u00fan evento est\u00e1 protegido, a menos que quieras adquirir nuestra p\u00f3liza de soporte y protecci\u00f3n para tu sistema.<\/p>\n<p>C\u00f3mo puedo ordenar este producto ahora?<\/p>\n<p>carga el producto a tu carrito de compra y haz tu cierre de compra, puedes pagar con deposito \u00f3 transferencia CLABE directa desde tu banco. Al final extenderemos LA FACTURA FISCAL 100% deducible.<br \/>\n[\/symple_tab]<\/p>\n<p>[symple_tab title=\u00bbScreens\u00bb]<\/p>\n<p>[symple_column size=\u00bbone-half\u00bb position=\u00bbfirst\u00bb]<\/p>\n<p>[\/symple_column]<\/p>\n<p>[symple_column size=\u00bbone-half\u00bb position=\u00bblast\u00bb]<\/p>\n<p>[\/symple_column]<\/p>\n<p>[\/symple_tab]<br \/>\n[\/symple_tabgroup]<\/p>\n","protected":false},"excerpt":{"rendered":"<p><a href=\"https:\/\/mojomexico.company\/portal\/producto\/pasarela-santander-3d-security-wordpress\/caja-santander1\/\" rel=\"attachment wp-att-6481\"><img alt=\"\" loading=\"lazy\" decoding=\"async\" class=\"alignleft size-full wp-image-6481\" src=\"https:\/\/mojomexico.company\/portal\/wp-content\/uploads\/2017\/02\/caja-santander1.png\" alt=\"\" width=\"369\" height=\"395\" srcset=\"https:\/\/i0.wp.com\/mojomexico.company\/portal\/wp-content\/uploads\/2017\/02\/caja-santander1.png?w=369&amp;ssl=1 369w, https:\/\/i0.wp.com\/mojomexico.company\/portal\/wp-content\/uploads\/2017\/02\/caja-santander1.png?resize=250%2C268&amp;ssl=1 250w, https:\/\/i0.wp.com\/mojomexico.company\/portal\/wp-content\/uploads\/2017\/02\/caja-santander1.png?resize=120%2C128&amp;ssl=1 120w\" sizes=\"(max-width: 369px) 100vw, 369px\" \/><\/a>Plugin Pasarela Santander 3D<strong> WEBPAY<\/strong> para tienda Prestashop , en el precio ya incluye el servicio de instalaci\u00f3n y sincronizacion por nuestro personal t\u00e9cnico especializado Gratis, aqui mismo en el detalle del producto puede conocer toda la informacion, garantia, preguntas frecuentes.<\/p>\n<p>&nbsp;<\/p>\n","protected":false},"featured_media":6481,"template":"","meta":{"saved_in_kubio":false,"_seopress_robots_primary_cat":"","_seopress_titles_title":"","_seopress_titles_desc":"","_seopress_robots_index":"","spay_email":"","jetpack_publicize_message":""},"class_list":{"0":"post-2744","1":"product","2":"type-product","3":"status-publish","4":"has-post-thumbnail","6":"product_cat-pasarela-ps","7":"product_cat-prestashop","8":"product_tag-prosa-prestashop","9":"product_tag-santander-prestashop","10":"product_tag-webpay-prestashop","11":"product_shipping_class-s-remoto","13":"first","14":"instock","15":"virtual","16":"taxable","17":"purchasable","18":"product-type-simple"},"jetpack_publicize_connections":[],"jetpack_sharing_enabled":true,"jetpack-related-posts":[],"_links":{"self":[{"href":"https:\/\/mojomexico.company\/portal\/wp-json\/wp\/v2\/product\/2744","targetHints":{"allow":["GET"]}}],"collection":[{"href":"https:\/\/mojomexico.company\/portal\/wp-json\/wp\/v2\/product"}],"about":[{"href":"https:\/\/mojomexico.company\/portal\/wp-json\/wp\/v2\/types\/product"}],"wp:featuredmedia":[{"embeddable":true,"href":"https:\/\/mojomexico.company\/portal\/wp-json\/wp\/v2\/media\/6481"}],"wp:attachment":[{"href":"https:\/\/mojomexico.company\/portal\/wp-json\/wp\/v2\/media?parent=2744"}],"curies":[{"name":"wp","href":"https:\/\/api.w.org\/{rel}","templated":true}]}}