{"id":2755,"date":"2014-03-12T14:48:47","date_gmt":"2014-03-12T19:48:47","guid":{"rendered":"http:\/\/mojomexico.com.mx\/web11\/wordpress\/?product=hora-servicio-prestashop-tercer-nivel"},"modified":"2021-10-15T14:01:15","modified_gmt":"2021-10-15T19:01:15","slug":"hora-servicio-prestashop-tercer-nivel","status":"publish","type":"product","link":"https:\/\/mojomexico.company\/portal\/producto\/hora-servicio-prestashop-tercer-nivel\/","title":{"rendered":"Servicio Hora Programador Web tercer nivel"},"content":{"rendered":"<p><a href=\"https:\/\/mojomexico.company\/portal\/producto\/servicio-de-importacion-excel-catalogo-prestashop\/caja-roja-tienda1-2\/\" rel=\"attachment wp-att-3539\"><img alt=\"\" loading=\"lazy\" decoding=\"async\" data-attachment-id=\"3539\" data-permalink=\"https:\/\/mojomexico.company\/portal\/?attachment_id=3539\" data-orig-file=\"https:\/\/i0.wp.com\/mojomexico.company\/portal\/wp-content\/uploads\/2016\/12\/caja-roja-tienda1.jpg?fit=369%2C395&amp;ssl=1\" data-orig-size=\"369,395\" data-comments-opened=\"1\" data-image-meta=\"{&quot;aperture&quot;:&quot;0&quot;,&quot;credit&quot;:&quot;&quot;,&quot;camera&quot;:&quot;&quot;,&quot;caption&quot;:&quot;&quot;,&quot;created_timestamp&quot;:&quot;0&quot;,&quot;copyright&quot;:&quot;&quot;,&quot;focal_length&quot;:&quot;0&quot;,&quot;iso&quot;:&quot;0&quot;,&quot;shutter_speed&quot;:&quot;0&quot;,&quot;title&quot;:&quot;&quot;,&quot;orientation&quot;:&quot;0&quot;}\" data-image-title=\"tienda web mojomexico\" data-image-description=\"\" data-medium-file=\"https:\/\/i0.wp.com\/mojomexico.company\/portal\/wp-content\/uploads\/2016\/12\/caja-roja-tienda1.jpg?fit=280%2C300&amp;ssl=1\" data-large-file=\"https:\/\/i0.wp.com\/mojomexico.company\/portal\/wp-content\/uploads\/2016\/12\/caja-roja-tienda1.jpg?fit=369%2C395&amp;ssl=1\" class=\"size-medium wp-image-3539 alignleft\" src=\"https:\/\/i0.wp.com\/mojomexico.company\/portal\/wp-content\/uploads\/2016\/12\/caja-roja-tienda1.jpg?resize=280%2C300&#038;ssl=1\" alt=\"\" width=\"280\" height=\"300\" srcset=\"https:\/\/i0.wp.com\/mojomexico.company\/portal\/wp-content\/uploads\/2016\/12\/caja-roja-tienda1.jpg?resize=280%2C300&amp;ssl=1 280w, https:\/\/i0.wp.com\/mojomexico.company\/portal\/wp-content\/uploads\/2016\/12\/caja-roja-tienda1.jpg?resize=300%2C320&amp;ssl=1 300w, https:\/\/i0.wp.com\/mojomexico.company\/portal\/wp-content\/uploads\/2016\/12\/caja-roja-tienda1.jpg?resize=220%2C236&amp;ssl=1 220w, https:\/\/i0.wp.com\/mojomexico.company\/portal\/wp-content\/uploads\/2016\/12\/caja-roja-tienda1.jpg?w=369&amp;ssl=1 369w\" sizes=\"(max-width: 280px) 100vw, 280px\" data-recalc-dims=\"1\" \/><\/a>Servicio por hora tercer nivel nivel de programaci\u00f3n a tiendas Prestashop, Woocommerce, Joomla, Drupal y ZenCart.<\/p>\n<p>En \u00e9ste nivel de servicio se atienden servicios para:<\/p>\n<ul>\n<li>Desarrollo de Programas nuevos<\/li>\n<li>Auditoria de extensiones de terceros<\/li>\n<li>Ajustes y creaci\u00f3n de nuevas caracter\u00edsticas a un m\u00f3dulo existente que requiera programaci\u00f3n smarty y PHP core.<\/li>\n<\/ul>\n<p>Usted puede contratar tantas horas como sea su necesidad, y puede aplicarlas en cualquier momento actual \u00f3 futuro, NO tienen tiempo de caducidad.<\/p>\n","protected":false},"excerpt":{"rendered":"<p>Hora de servicio Nivel3 Programador para soluci\u00f3n a Tienda Web Profesional segun lo que se describe.<\/p>\n<p><a href=\"https:\/\/mojomexico.company\/portal\/producto\/pasarela-de-pago-banorte-magento-ee\/sello-mojo2\/\" rel=\"attachment wp-att-3904\"><img alt=\"\" loading=\"lazy\" decoding=\"async\" class=\"size-full wp-image-3904 alignleft\" src=\"https:\/\/mojomexico.company\/portal\/wp-content\/uploads\/2017\/08\/sello-mojo2.jpg\" alt=\"\" width=\"276\" height=\"276\" srcset=\"https:\/\/i0.wp.com\/mojomexico.company\/portal\/wp-content\/uploads\/2017\/08\/sello-mojo2.jpg?w=276&amp;ssl=1 276w, https:\/\/i0.wp.com\/mojomexico.company\/portal\/wp-content\/uploads\/2017\/08\/sello-mojo2.jpg?resize=150%2C150&amp;ssl=1 150w, https:\/\/i0.wp.com\/mojomexico.company\/portal\/wp-content\/uploads\/2017\/08\/sello-mojo2.jpg?resize=250%2C250&amp;ssl=1 250w, https:\/\/i0.wp.com\/mojomexico.company\/portal\/wp-content\/uploads\/2017\/08\/sello-mojo2.jpg?resize=220%2C220&amp;ssl=1 220w\" sizes=\"(max-width: 276px) 100vw, 276px\" \/><\/a><\/p>\n","protected":false},"featured_media":3508,"template":"","meta":{"saved_in_kubio":false,"_seopress_robots_primary_cat":"","_seopress_titles_title":"","_seopress_titles_desc":"","_seopress_robots_index":"","spay_email":"","jetpack_publicize_message":""},"class_list":{"0":"post-2755","1":"product","2":"type-product","3":"status-publish","4":"has-post-thumbnail","6":"product_cat-soporte-tecnico-horas-de-programacion","7":"product_tag-crear-modulos","8":"product_tag-desarrollo-por-codigo","9":"product_tag-programacion","10":"product_tag-soporte","12":"first","13":"instock","14":"taxable","15":"shipping-taxable","16":"purchasable","17":"product-type-simple"},"jetpack_publicize_connections":[],"jetpack_sharing_enabled":true,"jetpack-related-posts":[],"_links":{"self":[{"href":"https:\/\/mojomexico.company\/portal\/wp-json\/wp\/v2\/product\/2755","targetHints":{"allow":["GET"]}}],"collection":[{"href":"https:\/\/mojomexico.company\/portal\/wp-json\/wp\/v2\/product"}],"about":[{"href":"https:\/\/mojomexico.company\/portal\/wp-json\/wp\/v2\/types\/product"}],"wp:featuredmedia":[{"embeddable":true,"href":"https:\/\/mojomexico.company\/portal\/wp-json\/wp\/v2\/media\/3508"}],"wp:attachment":[{"href":"https:\/\/mojomexico.company\/portal\/wp-json\/wp\/v2\/media?parent=2755"}],"curies":[{"name":"wp","href":"https:\/\/api.w.org\/{rel}","templated":true}]}}