{"id":2906,"date":"2014-05-05T13:38:59","date_gmt":"2014-05-05T18:38:59","guid":{"rendered":"http:\/\/mojomexico.com.mx\/web11\/wordpress\/?post_type=product&#038;p=2906"},"modified":"2021-10-15T14:00:57","modified_gmt":"2021-10-15T19:00:57","slug":"soporte-magento-por-hora","status":"publish","type":"product","link":"https:\/\/mojomexico.company\/portal\/producto\/soporte-magento-por-hora\/","title":{"rendered":"Hora Soporte Magento tercer nivel"},"content":{"rendered":"<p><img loading=\"lazy\" decoding=\"async\" data-attachment-id=\"3432\" data-permalink=\"https:\/\/mojomexico.company\/portal\/?attachment_id=3432\" data-orig-file=\"https:\/\/i1.wp.com\/mojomexico.company\/portal\/wp-content\/uploads\/2016\/10\/caja-roja-mg1.jpg?fit=369%2C395&amp;ssl=1\" data-orig-size=\"369,395\" data-comments-opened=\"1\" data-image-meta=\"{&quot;aperture&quot;:&quot;0&quot;,&quot;credit&quot;:&quot;&quot;,&quot;camera&quot;:&quot;&quot;,&quot;caption&quot;:&quot;&quot;,&quot;created_timestamp&quot;:&quot;0&quot;,&quot;copyright&quot;:&quot;&quot;,&quot;focal_length&quot;:&quot;0&quot;,&quot;iso&quot;:&quot;0&quot;,&quot;shutter_speed&quot;:&quot;0&quot;,&quot;title&quot;:&quot;&quot;,&quot;orientation&quot;:&quot;0&quot;}\" data-image-title=\"magento mojomexico\" data-image-description=\"\" data-medium-file=\"https:\/\/i1.wp.com\/mojomexico.company\/portal\/wp-content\/uploads\/2016\/10\/caja-roja-mg1.jpg?fit=280%2C300&amp;ssl=1\" data-large-file=\"https:\/\/i1.wp.com\/mojomexico.company\/portal\/wp-content\/uploads\/2016\/10\/caja-roja-mg1.jpg?fit=369%2C395&amp;ssl=1\" class=\"size-full wp-image-3432 alignleft\" src=\"https:\/\/i1.wp.com\/mojomexico.company\/portal\/wp-content\/uploads\/2016\/10\/caja-roja-mg1.jpg?resize=369%2C395&#038;ssl=1\" alt=\"magento mojomexico\" width=\"369\" height=\"395\" data-wp-pid=\"3432\" srcset=\"https:\/\/i1.wp.com\/mojomexico.company\/portal\/wp-content\/uploads\/2016\/10\/caja-roja-mg1.jpg?w=369&amp;ssl=1 369w, https:\/\/i1.wp.com\/mojomexico.company\/portal\/wp-content\/uploads\/2016\/10\/caja-roja-mg1.jpg?resize=280%2C300&amp;ssl=1 280w, https:\/\/i1.wp.com\/mojomexico.company\/portal\/wp-content\/uploads\/2016\/10\/caja-roja-mg1.jpg?resize=300%2C321&amp;ssl=1 300w, https:\/\/i1.wp.com\/mojomexico.company\/portal\/wp-content\/uploads\/2016\/10\/caja-roja-mg1.jpg?resize=220%2C236&amp;ssl=1 220w\" sizes=\"(max-width: 369px) 100vw, 369px\" data-recalc-dims=\"1\" \/>Servicio de soporte y asistencia remota a Tiendas Magento por hora, incluye: soluci\u00f3n de problemas de frontend y Backadmin, emigraci\u00f3n, reinstalaci\u00f3n y correcci\u00f3n de programas de terceros para su sincronizaci\u00f3n, creaci\u00f3n de nuevas extesiones usando c\u00f3digo zendframework original de Magento. Puede adicionar el n\u00famero de horas de acuerdo a previo presupuesto creado por nuestro sistema de tickets.<\/p>\n","protected":false},"excerpt":{"rendered":"<p>Servicio por Hora Magento 3er.nivel, aplicado a desarrollo y creaci\u00f3n de nuevos plugins por codigo magento, en proyectos mayores a 5 horas tenemos precio especial.<\/p>\n","protected":false},"featured_media":3439,"template":"","meta":{"saved_in_kubio":false,"_seopress_robots_primary_cat":"","_seopress_titles_title":"","_seopress_titles_desc":"","_seopress_robots_index":"","spay_email":"","jetpack_publicize_message":""},"class_list":{"0":"post-2906","1":"product","2":"type-product","3":"status-publish","4":"has-post-thumbnail","6":"product_cat-soporte-tecnico-horas-de-programacion","7":"product_tag-desarrollo-magento","8":"product_tag-servicio-magento","9":"product_tag-soporte-magento","11":"first","12":"instock","13":"taxable","14":"shipping-taxable","15":"purchasable","16":"product-type-simple"},"jetpack_publicize_connections":[],"jetpack_sharing_enabled":true,"jetpack-related-posts":[],"_links":{"self":[{"href":"https:\/\/mojomexico.company\/portal\/wp-json\/wp\/v2\/product\/2906","targetHints":{"allow":["GET"]}}],"collection":[{"href":"https:\/\/mojomexico.company\/portal\/wp-json\/wp\/v2\/product"}],"about":[{"href":"https:\/\/mojomexico.company\/portal\/wp-json\/wp\/v2\/types\/product"}],"wp:featuredmedia":[{"embeddable":true,"href":"https:\/\/mojomexico.company\/portal\/wp-json\/wp\/v2\/media\/3439"}],"wp:attachment":[{"href":"https:\/\/mojomexico.company\/portal\/wp-json\/wp\/v2\/media?parent=2906"}],"curies":[{"name":"wp","href":"https:\/\/api.w.org\/{rel}","templated":true}]}}