{"id":2946,"date":"2020-08-31T21:14:33","date_gmt":"2020-09-01T02:14:33","guid":{"rendered":"http:\/\/mojomexico.com.mx\/web11\/wordpress\/?product=pasarela-de-pago-hsbc-3d-security-prestashop-copiar"},"modified":"2024-03-14T21:24:16","modified_gmt":"2024-03-15T02:24:16","slug":"pasarela-de-pago-hsbc-prestashop","status":"publish","type":"product","link":"https:\/\/mojomexico.company\/portal\/producto\/pasarela-de-pago-hsbc-prestashop\/","title":{"rendered":"Plugin HSBC 3D Prestashop"},"content":{"rendered":"<p>[symple_tabgroup]<br \/>\n[symple_tab title=\u00bbDescripcion del Producto\u00bb]<\/p>\n<p>&nbsp;<\/p>\n<p><a href=\"https:\/\/mojomexico.company\/portal\/producto\/pasarela-de-pago-hsbc-mg2\/caja-hsbc1-2\/\" rel=\"attachment wp-att-6472\"><img alt=\"\" loading=\"lazy\" decoding=\"async\" data-attachment-id=\"6472\" data-permalink=\"https:\/\/mojomexico.company\/portal\/?attachment_id=6472\" data-orig-file=\"https:\/\/i1.wp.com\/mojomexico.company\/portal\/wp-content\/uploads\/2020\/06\/caja-hsbc1.png?fit=369%2C395&amp;ssl=1\" data-orig-size=\"369,395\" data-comments-opened=\"1\" data-image-meta=\"{&quot;aperture&quot;:&quot;0&quot;,&quot;credit&quot;:&quot;&quot;,&quot;camera&quot;:&quot;&quot;,&quot;caption&quot;:&quot;&quot;,&quot;created_timestamp&quot;:&quot;0&quot;,&quot;copyright&quot;:&quot;&quot;,&quot;focal_length&quot;:&quot;0&quot;,&quot;iso&quot;:&quot;0&quot;,&quot;shutter_speed&quot;:&quot;0&quot;,&quot;title&quot;:&quot;&quot;,&quot;orientation&quot;:&quot;0&quot;}\" data-image-title=\"caja-hsbc1\" data-image-description=\"\" data-medium-file=\"https:\/\/i1.wp.com\/mojomexico.company\/portal\/wp-content\/uploads\/2020\/06\/caja-hsbc1.png?fit=250%2C268&amp;ssl=1\" data-large-file=\"https:\/\/i1.wp.com\/mojomexico.company\/portal\/wp-content\/uploads\/2020\/06\/caja-hsbc1.png?fit=369%2C395&amp;ssl=1\" class=\"alignleft size-full wp-image-6472\" src=\"https:\/\/i1.wp.com\/mojomexico.company\/portal\/wp-content\/uploads\/2020\/06\/caja-hsbc1.png?resize=369%2C395&#038;ssl=1\" alt=\"\" width=\"369\" height=\"395\" srcset=\"https:\/\/i1.wp.com\/mojomexico.company\/portal\/wp-content\/uploads\/2020\/06\/caja-hsbc1.png?w=369&amp;ssl=1 369w, https:\/\/i1.wp.com\/mojomexico.company\/portal\/wp-content\/uploads\/2020\/06\/caja-hsbc1.png?resize=250%2C268&amp;ssl=1 250w, https:\/\/i1.wp.com\/mojomexico.company\/portal\/wp-content\/uploads\/2020\/06\/caja-hsbc1.png?resize=120%2C128&amp;ssl=1 120w\" sizes=\"(max-width: 369px) 100vw, 369px\" data-recalc-dims=\"1\" \/><\/a>Extensi\u00f3n\u00a0de pagos para la versi\u00f3n Prestashop version 1.4.7.x hasta la versi\u00f3n 1.7.x \u00f3 mayor totalmente integrada al\u00a0c\u00f3digo\u00a0original de Prestashop en Backoffice y FrontOffice para recibir tarjetas de cr\u00e9dito y d\u00e9bito y procesar el pago directamente a su cuenta bancaria, todo esto de forma integral e Interno en la tienda Prestashop, bajo altas normas de seguridad que marcan las instituciones bancarias.<\/p>\n<p>Al comprar nuestro producto, \u00e9sto le d\u00e1 derecho al Uso exclusivo de nuestro software por licencia para ser instalado por nuestro personal calificado en su \u00a0tienda \u00f3 tiendas Prestashop \/dominio, nosotros nos hacemos cargo de la instalaci\u00f3n y configuraci\u00f3n via remota en la tienda Prestashop, al 100%. La pasarela de pago se integra a la lista estandar que presenta regularmente Prestashop. <strong>Es importante tomar en cuenta que la extensi\u00f3n de pago se inserta en la lista natural de Prestashop, en caso de que su plantilla requiera una vista especial, esto se cotizar\u00e1 como un servicio adicional.<\/strong><\/p>\n<p>La conexion HSBC-PROSA requiere de un ajuste personal de FORMATO JSP que nostros incluimos aqui de forma basica, en caso de requerir algun otro formato especial de mejor apariencia, se debe agregar al costo base el cargo por personalizacion. Aqui mismo se muetra la foto del formato basico incluido.<\/p>\n<p>Importante:<\/p>\n<p>Nuestros productos son HECHOS A LA MEDIDA con las LIMITACIONES\u00a0 propias de cada MOTOR-TIENDA CMS-Ecomercio por lo tanto nuestra garant\u00eda se limita a integrarse \u00e9ste Motor y sus\u00a0 acciones normales, en caso de inconsistencias en su propio codigo de su tienda o conflictos con otros plugin,\u00a0 nuestra garant\u00eda NO cubre en estos precios el soporte t\u00e9cnico ni la soluci\u00f3n de conflictos ni errores de su versi\u00f3n. (solo basta con revisar en los foros todos los errores reportados para ser suficiente soporte de falla). Se le recomienda que lea y se entere de las politicas de servicio y garantia que tenemos aqui mismo publicadas abriendo la siguiente pesta\u00f1a asi como leer\u00a0 nuestro contrato Mojomexico de Servicio\u00a0 Publicado y disponible a todo el publico ubicado en la parte Men\u00fa Superior de \u00e9sta tienda.<\/p>\n<p>[\/symple_tab]<br \/>\n[symple_tab title=\u00bbGarantia y Servicio\u00bb]<\/p>\n<p><b>Que estoy comprando?<\/b><\/p>\n<p>Al comprar nuestro producto, estas adquiriendo el derecho de uso de nuestro producto por dominio-tienda en forma de Una Licencia \u00a0(puede adquirir varias licencias si manejas multitiendas) solo para el dominio \u00f3 dominios que registras en tu compra.<\/p>\n<p>Solo se entregan programas compilados sin opci\u00f3n a modificar m\u00e1s que por el personal calificado de Mojomexico y solo podr\u00e1 ser usado para el dominio-tienda registrado. El descuento en multitiendas es del 35% de la segunda hasta 99 licencias.<\/p>\n<p><strong>Con \u00e9sta pasarela \u00a0puedo aceptar pagos con tarjetas Visa y Mastercard de \u00a0otros Bancos \u00f3 de cualquier Banco del Mundo?<\/strong><\/p>\n<p>SI, con una pasarela puedes aceptar TODAS las tarjetas Visa y Mastercard nacionales e internacionales, de cualquier pa\u00eds. Regularmente todas las compras que se realicen en tu tienda en otras monedas distintas a PESOS, ser\u00e1n convertidas a pesos, a menos que \u00e9ste arreglo lo fijes con tu banco.<\/p>\n<p><strong>Puedo aceptar American Express?<\/strong><\/p>\n<p>No de forma regular, depende del validador del banco, favor de consultar con un asesor Mojomexico para confirmar que pasarelas SI aceptan Amex y cuales no.<\/p>\n<p><strong>Puedo manejar pagos de 3,6,9,12 y 18 meses con y sin intereses en esta pasarela?<\/strong><\/p>\n<p>Ciertos bancos SI manejan \u00e9sta opci\u00f3n de diferir pagos a meses SIN INTERESES de inicio en el convenio, otros tienes que solicitarlo, para cualquier caso, nuestros m\u00f3dulos est\u00e1n preparados para activar \u00e9sta opci\u00f3n.<\/p>\n<p>Para el caso de \u00bb meses CON intereses\u00bb, nuestros m\u00f3dulos en \u00e9sta versi\u00f3n NO incluyen el c\u00e1lculo de los intereses, pero se puede adicionar al programa con un peque\u00f1o cargo extra.<\/p>\n<p><b>Tengo que pagar anualidades \u00f3 comisiones por usar su producto?<\/b><\/p>\n<p>Nuestro producto no requiere anualidades ni comisiones por venta realizada, tu solo compras el producto y lo tienes de por vida para el dominio que destinaste. Todo el convenio de cobro y deposito a tu cuenta de cheques por tarjeta de cr\u00e9dito, es un arreglo de partes entre tu Banco Local y tu.<\/p>\n<p><b>C\u00f3mo es el proceso de instalaci\u00f3n?<\/b><\/p>\n<p>Nosotros te incluimos en el precio, la instalaci\u00f3n y sincronizaci\u00f3n al 100% via Remota (tu tienda tiene que estar en la nube internet), t\u00fa solo te preocupas en hacer la compra y nosotros nos encargamos de la instalaci\u00f3n, en donde se programa y se fija una vez consolidado tu pago, en un periodo m\u00e1ximo de 3 a 7 dias.<\/p>\n<p><b>Que garant\u00eda tengo?<\/b><\/p>\n<p>Nosotros te estamos ofreciendo UN A\u00d1O de garant\u00eda y soporte gr\u00e1tis por cualquier falla propia de nuestro producto, pero si la falla es ajena a nuestro c\u00f3digo, ning\u00fan evento est\u00e1 protegido, a menos que quieras adquirir nuestra p\u00f3liza de soporte y protecci\u00f3n para tu sistema.<\/p>\n<p><b>C\u00f3mo puedo ordenar este producto ahora?<\/b><\/p>\n<p>carga el producto a tu carrito de compra y haz tu cierre de compra, puedes pagar con PayPal, tarjetas de cr\u00e9dito y dep\u00f3sito \u00f3 tranferencia electronica (CLABE) bancaria Mundial en tu moneda local<\/p>\n<p>Los precios est\u00e1n expresados en Pesos Mexicanos y son sin IVA,se entrega siempre tu factura fiscal en tu compra.<\/p>\n<p>QUE SIGUE DESPUES DE EFECTUAR TU PAGO: Nuestro equipo de Contabilidad verifica y genera un TICKET ESPECIAL DE SERVICIO que te va a llegar en autom\u00e1tico al mail que nos indicas en tu orden, ahi se anexan las INSTRUCCIONES completas del proceso antes y despues de nuestra intervenci\u00f3n, es importante esperar \u00e9ste ticket y evitar enviar cualquier llave o clave de acceso antes de recibirlo y siempre deber\u00e1 ser por medio de nuestro sistema de ticket para preservar la seguridad y evitar violaciones de seguridad de su tienda web.<br \/>\n[\/symple_tab]<\/p>\n<p>[symple_tab title=\u00bbVideo demo\u00bb]<\/p>\n<p><code>SIGUE EL BOTON ROJO AQUI ABAJO para ver toda la galeria de videos REALES son tiendas reales de nuestros clientes que ahora disfrutan esta conexion en sus tiendas.<br \/>\n<\/code><\/p>\n<p>[\/symple_tab]<br \/>\n[\/symple_tabgroup]<\/p>\n","protected":false},"excerpt":{"rendered":"<p><a href=\"https:\/\/mojomexico.company\/portal\/producto\/pasarela-de-pago-hsbc-mg2\/caja-hsbc1-2\/\" rel=\"attachment wp-att-6472\"><img alt=\"\" loading=\"lazy\" decoding=\"async\" class=\"alignleft size-full wp-image-6472\" src=\"https:\/\/mojomexico.company\/portal\/wp-content\/uploads\/2020\/06\/caja-hsbc1.png\" alt=\"\" width=\"369\" height=\"395\" srcset=\"https:\/\/i1.wp.com\/mojomexico.company\/portal\/wp-content\/uploads\/2020\/06\/caja-hsbc1.png?w=369&amp;ssl=1 369w, https:\/\/i1.wp.com\/mojomexico.company\/portal\/wp-content\/uploads\/2020\/06\/caja-hsbc1.png?resize=250%2C268&amp;ssl=1 250w, https:\/\/i1.wp.com\/mojomexico.company\/portal\/wp-content\/uploads\/2020\/06\/caja-hsbc1.png?resize=120%2C128&amp;ssl=1 120w\" sizes=\"(max-width: 369px) 100vw, 369px\" \/><\/a>Articulo hecho a la medida. Pasarela de Pago\u00a0 conexion con banco HSBC \u00a0para tiendas Prestashop v.1.4.7 a 1.7x todos los productos Mojomexico Incluyen la instalacion y sincronizacion en tu tienda Gratis por el equipo tecnico de Mojomexico. Al hacer el pago\u00a0 de e\u015bte producto el Cliente acepta sujetarse a todas las condiciones de venta y cancelaci\u00f3n de nuestro contrato Mojomexico (favor de revisar antes de pagar).<\/p>\n<p>&nbsp;<\/p>\n","protected":false},"featured_media":6472,"template":"","meta":{"saved_in_kubio":false,"_seopress_robots_primary_cat":"","_seopress_titles_title":"","_seopress_titles_desc":"","_seopress_robots_index":"","spay_email":"","jetpack_publicize_message":""},"class_list":{"0":"post-2946","1":"product","2":"type-product","3":"status-publish","4":"has-post-thumbnail","6":"product_cat-pasarela-ps","7":"product_cat-prestashop","8":"product_tag-habc-prestashop","9":"product_tag-prosa-prestashop","10":"product_shipping_class-s-remoto","12":"first","13":"instock","14":"virtual","15":"taxable","16":"purchasable","17":"product-type-simple"},"jetpack_publicize_connections":[],"jetpack_sharing_enabled":true,"jetpack-related-posts":[],"_links":{"self":[{"href":"https:\/\/mojomexico.company\/portal\/wp-json\/wp\/v2\/product\/2946","targetHints":{"allow":["GET"]}}],"collection":[{"href":"https:\/\/mojomexico.company\/portal\/wp-json\/wp\/v2\/product"}],"about":[{"href":"https:\/\/mojomexico.company\/portal\/wp-json\/wp\/v2\/types\/product"}],"wp:featuredmedia":[{"embeddable":true,"href":"https:\/\/mojomexico.company\/portal\/wp-json\/wp\/v2\/media\/6472"}],"wp:attachment":[{"href":"https:\/\/mojomexico.company\/portal\/wp-json\/wp\/v2\/media?parent=2946"}],"curies":[{"name":"wp","href":"https:\/\/api.w.org\/{rel}","templated":true}]}}