{"id":3191,"date":"2020-08-31T14:55:17","date_gmt":"2020-08-31T19:55:17","guid":{"rendered":"http:\/\/mojomexico.net\/portal\/producto\/plugin-americanexpress-3d-magento\/"},"modified":"2024-01-22T05:36:11","modified_gmt":"2024-01-22T10:36:11","slug":"plugin-americanexpress-3d-magento1","status":"publish","type":"product","link":"https:\/\/mojomexico.company\/portal\/producto\/plugin-americanexpress-3d-magento1\/","title":{"rendered":"Plugin AmericanExpress 3D MagentoCE1"},"content":{"rendered":"<p>[symple_tabgroup]<br \/>\n[symple_tab title=\u00bbAplicaci\u00f3n\u00bb]<\/p>\n<p><img alt=\"\" loading=\"lazy\" decoding=\"async\" data-attachment-id=\"3631\" data-permalink=\"https:\/\/mojomexico.company\/portal\/?attachment_id=3631\" data-orig-file=\"https:\/\/i2.wp.com\/mojomexico.company\/portal\/wp-content\/uploads\/2015\/09\/caja-amex1-2.jpg?fit=369%2C395&amp;ssl=1\" data-orig-size=\"369,395\" data-comments-opened=\"1\" data-image-meta=\"{&quot;aperture&quot;:&quot;0&quot;,&quot;credit&quot;:&quot;&quot;,&quot;camera&quot;:&quot;&quot;,&quot;caption&quot;:&quot;&quot;,&quot;created_timestamp&quot;:&quot;0&quot;,&quot;copyright&quot;:&quot;&quot;,&quot;focal_length&quot;:&quot;0&quot;,&quot;iso&quot;:&quot;0&quot;,&quot;shutter_speed&quot;:&quot;0&quot;,&quot;title&quot;:&quot;&quot;,&quot;orientation&quot;:&quot;0&quot;}\" data-image-title=\"american express mojomexico\" data-image-description=\"\" data-medium-file=\"https:\/\/i2.wp.com\/mojomexico.company\/portal\/wp-content\/uploads\/2015\/09\/caja-amex1-2.jpg?fit=280%2C300&amp;ssl=1\" data-large-file=\"https:\/\/i2.wp.com\/mojomexico.company\/portal\/wp-content\/uploads\/2015\/09\/caja-amex1-2.jpg?fit=369%2C395&amp;ssl=1\" class=\"alignleft size-medium wp-image-3631\" src=\"https:\/\/i2.wp.com\/mojomexico.company\/portal\/wp-content\/uploads\/2015\/09\/caja-amex1-2.jpg?resize=280%2C300&#038;ssl=1\" alt=\"\" width=\"280\" height=\"300\" data-wp-pid=\"3631\" srcset=\"https:\/\/i2.wp.com\/mojomexico.company\/portal\/wp-content\/uploads\/2015\/09\/caja-amex1-2.jpg?resize=280%2C300&amp;ssl=1 280w, https:\/\/i2.wp.com\/mojomexico.company\/portal\/wp-content\/uploads\/2015\/09\/caja-amex1-2.jpg?resize=220%2C236&amp;ssl=1 220w, https:\/\/i2.wp.com\/mojomexico.company\/portal\/wp-content\/uploads\/2015\/09\/caja-amex1-2.jpg?w=369&amp;ssl=1 369w\" sizes=\"(max-width: 280px) 100vw, 280px\" data-recalc-dims=\"1\" \/>Pasarela de Pago\u00a0 banco American Express Validacion 3D para\u00a0 tiendas MagentoCE desde 1.7.x hasta 1.9.x\u00a0 que se integra como un M\u00f3dulo normal de pago en la tienda.<\/p>\n<p>Al comprar nuestro producto, \u00e9sto le d\u00e1 derecho al USO exclusivo de nuestro software como licencia para ser instalado por nuestro personal calificado en su \u00a0tienda; en caso de que su plantilla utilice la aplicacion Onestep Checkout ser\u00e1 necesario adicionar el costo por el servicio de integraci\u00f3n aqui mismo listado; sino podr\u00e1 optar por ajustar su plantilla a la forma tradicional de magento checkout.<\/p>\n<p><span style=\"font-size: 13px; line-height: 19px;\">Los precios est\u00e1n expresados en Pesos Mexicanos y son sin IVA,\u00a0 En su compra recibir\u00e1 en su mail su Factura Fiscal correspondiente 100% deducible en Mexico.<\/span><\/p>\n<p>[\/symple_tab]<br \/>\n[symple_tab title=\u00bbPreguntas Frecuentes y Garantia\u00bb color=\u00bbgold\u00bb]<\/p>\n<p><b>Que estoy comprando?<\/b><\/p>\n<p><img alt=\"\" loading=\"lazy\" decoding=\"async\" data-attachment-id=\"3516\" data-permalink=\"https:\/\/mojomexico.company\/portal\/?attachment_id=3516\" data-orig-file=\"https:\/\/i1.wp.com\/mojomexico.company\/portal\/wp-content\/uploads\/2016\/11\/sello-12.png?fit=400%2C270&amp;ssl=1\" data-orig-size=\"400,270\" data-comments-opened=\"1\" data-image-meta=\"{&quot;aperture&quot;:&quot;0&quot;,&quot;credit&quot;:&quot;&quot;,&quot;camera&quot;:&quot;&quot;,&quot;caption&quot;:&quot;&quot;,&quot;created_timestamp&quot;:&quot;0&quot;,&quot;copyright&quot;:&quot;&quot;,&quot;focal_length&quot;:&quot;0&quot;,&quot;iso&quot;:&quot;0&quot;,&quot;shutter_speed&quot;:&quot;0&quot;,&quot;title&quot;:&quot;&quot;,&quot;orientation&quot;:&quot;0&quot;}\" data-image-title=\"calidad mojomexico\" data-image-description=\"\" data-medium-file=\"https:\/\/i1.wp.com\/mojomexico.company\/portal\/wp-content\/uploads\/2016\/11\/sello-12.png?fit=300%2C203&amp;ssl=1\" data-large-file=\"https:\/\/i1.wp.com\/mojomexico.company\/portal\/wp-content\/uploads\/2016\/11\/sello-12.png?fit=400%2C270&amp;ssl=1\" class=\"alignleft size-medium wp-image-3516\" src=\"https:\/\/i1.wp.com\/mojomexico.company\/portal\/wp-content\/uploads\/2016\/11\/sello-12.png?resize=300%2C203&#038;ssl=1\" alt=\"\" width=\"300\" height=\"203\" data-wp-pid=\"3516\" srcset=\"https:\/\/i1.wp.com\/mojomexico.company\/portal\/wp-content\/uploads\/2016\/11\/sello-12.png?resize=300%2C203&amp;ssl=1 300w, https:\/\/i1.wp.com\/mojomexico.company\/portal\/wp-content\/uploads\/2016\/11\/sello-12.png?resize=220%2C149&amp;ssl=1 220w, https:\/\/i1.wp.com\/mojomexico.company\/portal\/wp-content\/uploads\/2016\/11\/sello-12.png?w=400&amp;ssl=1 400w\" sizes=\"(max-width: 300px) 100vw, 300px\" data-recalc-dims=\"1\" \/>Al comprar nuestro producto, estas adquiriendo el derecho de uso de nuestro producto por dominio (puedes adquirir varias licencias si manejas multitiendas) solo para el dominio \u00f3 dominios que registras en tu compra. Solo se entregan programas compilados y protegidos listos para funcionar 100% seguros y sin opci\u00f3n a modificaci\u00f3n m\u00e1s que por el personal t\u00e9cnico autorizado y por escrito de Mojomexico.<\/p>\n<p><b>Tengo que pagar anualidades \u00f3 comisiones por usar su producto?<\/b><\/p>\n<p>Nuestro producto no requiere anualidades ni comisiones por venta realizada, tu solo compras el producto y lo tienes de por vida para el dominio que destinaste.<\/p>\n<p><b>C\u00f3mo es el proceso de instalaci\u00f3n?<\/b><\/p>\n<p>Nosotros te incluimos en el precio, la instalaci\u00f3n y sincronizaci\u00f3n al 100% via Remota t\u00fa solo te preocupas en hacer la compra y nosotros nos encargamos de la instalaci\u00f3n, en donde se programa y se fija una vez consolidado tu pago, en un periodo m\u00e1ximo de 3 a 7 dias.<\/p>\n<p><b>Que garant\u00eda tengo?<\/b><\/p>\n<p>Nosotros te estamos ofreciendo UN A\u00d1O de garant\u00eda y soporte gr\u00e1tis por cualquier falla propia de nuestro producto, pero si la falla es ajena a nuestro c\u00f3digo, ning\u00fan evento est\u00e1 protegido, a menos que quieras adquirir nuestra p\u00f3liza de soporte y protecci\u00f3n para tu sistema.<\/p>\n<p><b>C\u00f3mo puedo comprar \u00e9ste producto ahora?<\/b><\/p>\n<p>carga el producto a tu carrito de compra y haz tu cierre de compra, con dep\u00f3sito directo en ventanilla Banco Azteca \u00f3 transferencia electronica (CLABE) bancaria Mundial en tu moneda local.<\/p>\n<p><strong>Me pueden facturar y es deducible ?<\/strong><\/p>\n<p>Nosotros somos una empresa Mexicana 100% regulada por las leyes Mexicanas y en todas tus compras recibes tu Factura Fiscal Electr\u00f3nica con validaci\u00f3n SAT al 100%; este documento te es enviado a tu Email en el mismo momento que \u00a0nuestro depto.contable verifica tu pago efectivo.<br \/>\n[\/symple_tab]<\/p>\n<p>[symple_tab title=\u00bbVideo demo\u00bb]<\/p>\n<p><code><span class=\"embed-youtube\" style=\"text-align:center; display: block;\"><iframe class='youtube-player' width='640' height='360' src='https:\/\/www.youtube.com\/embed\/r6MtLSAZLaM?version=3&#038;rel=0&#038;fs=1&#038;autohide=2&#038;showsearch=0&#038;showinfo=1&#038;iv_load_policy=1&#038;wmode=transparent' allowfullscreen='true' style='border:0;'><\/iframe><\/span><\/code><\/p>\n<p>[\/symple_tab]<br \/>\n[\/symple_tabgroup]<\/p>\n","protected":false},"excerpt":{"rendered":"<blockquote><p>Pasarela de Pago American Express en tu tienda MagentoCE desde 1.7.x hasta 1.9.x , en el precio ya incluye la instalaci\u00f3n y sincronizaci\u00f3n en tu tienda por parte de nuestro personal t\u00e9cnico; conoce mas aqui mismo en el detalle, aplican conceptos especiales para magento.<\/p><\/blockquote>\n<blockquote><p><img alt=\"\" loading=\"lazy\" decoding=\"async\" class=\"alignleft size-medium wp-image-3524\" src=\"https:\/\/mojomexico.company\/portal\/wp-content\/uploads\/2016\/11\/boton-gratis2A-300x178.png\" alt=\"\" width=\"300\" height=\"178\" data-wp-pid=\"3524\" srcset=\"https:\/\/i0.wp.com\/mojomexico.company\/portal\/wp-content\/uploads\/2016\/11\/boton-gratis2A.png?resize=300%2C178&amp;ssl=1 300w, https:\/\/i0.wp.com\/mojomexico.company\/portal\/wp-content\/uploads\/2016\/11\/boton-gratis2A.png?resize=220%2C131&amp;ssl=1 220w, https:\/\/i0.wp.com\/mojomexico.company\/portal\/wp-content\/uploads\/2016\/11\/boton-gratis2A.png?w=320&amp;ssl=1 320w\" sizes=\"(max-width: 300px) 100vw, 300px\" \/><\/p><\/blockquote>\n","protected":false},"featured_media":3448,"template":"","meta":{"saved_in_kubio":false,"_seopress_robots_primary_cat":"","_seopress_titles_title":"","_seopress_titles_desc":"","_seopress_robots_index":"","spay_email":"","jetpack_publicize_message":""},"class_list":{"0":"post-3191","1":"product","2":"type-product","3":"status-publish","4":"has-post-thumbnail","6":"product_cat-magento-ce","7":"product_tag-amex-banamex","8":"product_tag-amex-bancomer","9":"product_tag-amex-banorte","10":"product_tag-amex-ixe","11":"product_tag-amex-joomla","12":"product_tag-amex-magento","13":"product_tag-amex-prestashop","14":"product_tag-amex-santander","15":"product_shipping_class-s-remoto","17":"first","18":"instock","19":"virtual","20":"taxable","21":"purchasable","22":"product-type-simple"},"jetpack_publicize_connections":[],"jetpack_sharing_enabled":true,"jetpack-related-posts":[],"_links":{"self":[{"href":"https:\/\/mojomexico.company\/portal\/wp-json\/wp\/v2\/product\/3191","targetHints":{"allow":["GET"]}}],"collection":[{"href":"https:\/\/mojomexico.company\/portal\/wp-json\/wp\/v2\/product"}],"about":[{"href":"https:\/\/mojomexico.company\/portal\/wp-json\/wp\/v2\/types\/product"}],"wp:featuredmedia":[{"embeddable":true,"href":"https:\/\/mojomexico.company\/portal\/wp-json\/wp\/v2\/media\/3448"}],"wp:attachment":[{"href":"https:\/\/mojomexico.company\/portal\/wp-json\/wp\/v2\/media?parent=3191"}],"curies":[{"name":"wp","href":"https:\/\/api.w.org\/{rel}","templated":true}]}}