{"id":3229,"date":"2015-10-01T11:15:49","date_gmt":"2015-10-01T16:15:49","guid":{"rendered":"http:\/\/mojomexico.net\/portal\/?post_type=product&#038;p=3229"},"modified":"2021-01-12T12:22:08","modified_gmt":"2021-01-12T17:22:08","slug":"plugin-bod-3d-tienda-prestashop","status":"publish","type":"product","link":"https:\/\/mojomexico.company\/portal\/producto\/plugin-bod-3d-tienda-prestashop\/","title":{"rendered":"Plugin BOD 3D tienda Prestashop"},"content":{"rendered":"<p>[symple_tabgroup]<br \/>\n[symple_tab title=\u00bbAplicaci\u00f3n\u00bb]<\/p>\n<p><img alt=\"\" loading=\"lazy\" decoding=\"async\" data-attachment-id=\"3582\" data-permalink=\"https:\/\/mojomexico.company\/portal\/?attachment_id=3582\" data-orig-file=\"https:\/\/i1.wp.com\/mojomexico.company\/portal\/wp-content\/uploads\/2015\/10\/caja-instapago-1.jpg?fit=369%2C395&amp;ssl=1\" data-orig-size=\"369,395\" data-comments-opened=\"1\" data-image-meta=\"{&quot;aperture&quot;:&quot;0&quot;,&quot;credit&quot;:&quot;&quot;,&quot;camera&quot;:&quot;&quot;,&quot;caption&quot;:&quot;&quot;,&quot;created_timestamp&quot;:&quot;0&quot;,&quot;copyright&quot;:&quot;&quot;,&quot;focal_length&quot;:&quot;0&quot;,&quot;iso&quot;:&quot;0&quot;,&quot;shutter_speed&quot;:&quot;0&quot;,&quot;title&quot;:&quot;&quot;,&quot;orientation&quot;:&quot;0&quot;}\" data-image-title=\"instapago conector mojomexico\" data-image-description=\"\" data-medium-file=\"https:\/\/i1.wp.com\/mojomexico.company\/portal\/wp-content\/uploads\/2015\/10\/caja-instapago-1.jpg?fit=280%2C300&amp;ssl=1\" data-large-file=\"https:\/\/i1.wp.com\/mojomexico.company\/portal\/wp-content\/uploads\/2015\/10\/caja-instapago-1.jpg?fit=369%2C395&amp;ssl=1\" class=\"alignleft size-full wp-image-3582\" src=\"https:\/\/i1.wp.com\/mojomexico.company\/portal\/wp-content\/uploads\/2015\/10\/caja-instapago-1.jpg?resize=369%2C395&#038;ssl=1\" alt=\"\" width=\"369\" height=\"395\" srcset=\"https:\/\/i1.wp.com\/mojomexico.company\/portal\/wp-content\/uploads\/2015\/10\/caja-instapago-1.jpg?w=369&amp;ssl=1 369w, https:\/\/i1.wp.com\/mojomexico.company\/portal\/wp-content\/uploads\/2015\/10\/caja-instapago-1.jpg?resize=280%2C300&amp;ssl=1 280w, https:\/\/i1.wp.com\/mojomexico.company\/portal\/wp-content\/uploads\/2015\/10\/caja-instapago-1.jpg?resize=300%2C321&amp;ssl=1 300w, https:\/\/i1.wp.com\/mojomexico.company\/portal\/wp-content\/uploads\/2015\/10\/caja-instapago-1.jpg?resize=220%2C236&amp;ssl=1 220w\" sizes=\"(max-width: 369px) 100vw, 369px\" data-recalc-dims=\"1\" \/>Extensi\u00f3n de pagos para BANCO BOD Venezuela \u00a0para las Tiendas Prestashop desde la version 1.4.7.x hasta la 1.6.0.9\u00a0o mayor totalmente integrada al c\u00f3digo original de Prestashop en Backoffice y FrontOffice para recibir tarjetas de cr\u00e9dito y d\u00e9bito y procesar el pago directamente a su cuenta bancaria, todo esto de forma integral e Interno en la tienda Magento, bajo altas normas de seguridad que el banco se\u00f1ale.<\/p>\n<p><a href=\"https:\/\/i0.wp.com\/mojomexico.net\/portal\/wp-content\/uploads\/2015\/09\/banesco-backadmin-config.png\"><img loading=\"lazy\" decoding=\"async\" data-attachment-id=\"3225\" data-permalink=\"https:\/\/mojomexico.company\/portal\/?attachment_id=3225\" data-orig-file=\"https:\/\/i0.wp.com\/mojomexico.company\/portal\/wp-content\/uploads\/2015\/09\/banesco-backadmin-config.png?fit=855%2C627&amp;ssl=1\" data-orig-size=\"855,627\" data-comments-opened=\"1\" data-image-meta=\"{&quot;aperture&quot;:&quot;0&quot;,&quot;credit&quot;:&quot;&quot;,&quot;camera&quot;:&quot;&quot;,&quot;caption&quot;:&quot;&quot;,&quot;created_timestamp&quot;:&quot;0&quot;,&quot;copyright&quot;:&quot;&quot;,&quot;focal_length&quot;:&quot;0&quot;,&quot;iso&quot;:&quot;0&quot;,&quot;shutter_speed&quot;:&quot;0&quot;,&quot;title&quot;:&quot;&quot;,&quot;orientation&quot;:&quot;0&quot;}\" data-image-title=\"banesco backadmin prestashop\" data-image-description=\"\" data-medium-file=\"https:\/\/i0.wp.com\/mojomexico.company\/portal\/wp-content\/uploads\/2015\/09\/banesco-backadmin-config.png?fit=300%2C220&amp;ssl=1\" data-large-file=\"https:\/\/i0.wp.com\/mojomexico.company\/portal\/wp-content\/uploads\/2015\/09\/banesco-backadmin-config.png?fit=855%2C627&amp;ssl=1\" class=\"size-medium wp-image-3225 alignleft\" src=\"https:\/\/i2.wp.com\/mojomexico.net\/portal\/wp-content\/uploads\/2015\/09\/banesco-backadmin-config-300x220.png?resize=300%2C220\" alt=\"banesco backadmin prestashop\" width=\"300\" height=\"220\" srcset=\"https:\/\/i0.wp.com\/mojomexico.company\/portal\/wp-content\/uploads\/2015\/09\/banesco-backadmin-config.png?resize=300%2C220&amp;ssl=1 300w, https:\/\/i0.wp.com\/mojomexico.company\/portal\/wp-content\/uploads\/2015\/09\/banesco-backadmin-config.png?resize=800%2C587&amp;ssl=1 800w, https:\/\/i0.wp.com\/mojomexico.company\/portal\/wp-content\/uploads\/2015\/09\/banesco-backadmin-config.png?w=855&amp;ssl=1 855w\" sizes=\"(max-width: 300px) 100vw, 300px\" data-recalc-dims=\"1\" \/><\/a>Al comprar nuestro producto, \u00e9sto le d\u00e1 derecho al USO exclusivo de Una Licencia de nuestro software para ser instalado por nuestro personal calificado en su \u00a0tienda \u00f3 tiendas Prestashop\u00a0\/dominio, nosotros nos hacemos cargo de la instalaci\u00f3n y configuraci\u00f3n via remota en la tienda al 100%. La pasarela de pago se integra a la lista estandar que presenta regularmente Prestashop,\u00a0\u00a0en caso de \u00a0que su tienda utilice una plantilla especial para este proceso de pago, la integraci\u00f3n a dicha pasarela tendr\u00e1 un costo extra al precio marcado (estimable en cada caso) por horas de servicio adaptaci\u00f3n.<\/p>\n<p>El proceso de instalaci\u00f3n \u00a0es de regularmente de de 5 a 7 dias habiles.<\/p>\n<p>Incluye garant\u00eda de servicio y soporte por 1 a\u00f1o contra cualquier inconsistencia del producto, esto ser\u00e1 a trav\u00e9s de Ticket-solicitud de soporte.<\/p>\n<p>Los precios est\u00e1n expresados en Pesos Mexicanos y son sin IVA, por lo que si requiere factura fiscal favor de solicitarla previamente y considerar el aumento del valor del iva.<\/p>\n<p>[\/symple_tab]<br \/>\n[symple_tab title=\u00bbGarantia\u00bb]<\/p>\n<p><b><a href=\"https:\/\/i2.wp.com\/mojomexico.org\/wp350\/wp-content\/uploads\/2014\/12\/sello4.jpg\"><img loading=\"lazy\" decoding=\"async\" class=\"alignleft size-thumbnail wp-image-3186\" src=\"https:\/\/i0.wp.com\/mojomexico.org\/wp350\/wp-content\/uploads\/2014\/12\/sello4-150x139.jpg?resize=150%2C139\" alt=\"sello4\" width=\"150\" height=\"139\" data-recalc-dims=\"1\" \/><\/a><a href=\"http:\/\/eprestashop.mx\/mexico\/wp-content\/uploads\/botondorado.jpg\"><br \/>\n<\/a>Que estoy comprando?<\/b><\/p>\n<p>Al comprar nuestro producto, estas adquiriendo UNA LICENCIA y el derecho de uso de nuestro producto por dominio de por vida (puedes adquirir varias licencias si manejas multitiendas) solo para el dominio \u00f3 dominios que registras en tu compra. Todos los programas se entregan COMPILADOS y no hay posibilidad de manipularlos m\u00e1s que por el personal de Mojomexico.<\/p>\n<p><b>Tengo que pagar anualidades \u00f3 comisiones por usar su producto?<\/b><\/p>\n<p>Nuestro producto no requiere anualidades ni comisiones por venta realizada, tu solo compras el producto y lo tienes de por vida para el dominio que destinaste. Todo el convenio de cobro y deposito a tu cuenta de cheques por tarjeta de cr\u00e9dito, es un arreglo de partes entre tu Banco Local y tu.<\/p>\n<p><strong>Puedo aceptar tarjetas de otros bancos como medio de pago con esta pasarela?<\/strong><\/p>\n<p>Si, regularmente todos las pasarelas aceptan tarjetas de todos los bancos del mundo y nacionales con los logos visa y mastercard. Esto lo verifican con su banco directamente.<\/p>\n<p><strong>Puedo aplicar plan de pagos a meses sin y con intereses?<\/strong><\/p>\n<p>solo si adquieres nuestro MODULO ADICIONAL A PAGOS CON\/SIN INTERES en tu compra.<\/p>\n<p><b>C\u00f3mo es el proceso de instalaci\u00f3n?<\/b><\/p>\n<p>Nosotros te incluimos en el precio, la instalaci\u00f3n y sincronizaci\u00f3n al 100% via Remota (tu tienda tiene que estar en la nube internet), t\u00fa solo te preocupas en hacer la compra y nosotros nos encargamos de la instalaci\u00f3n, en donde se programa y se fija una vez consolidado tu pago, en un periodo m\u00e1ximo de 3 a 5 dias.<\/p>\n<p><b>Que garant\u00eda tengo?<\/b><\/p>\n<p>Nosotros te estamos ofreciendo UN A\u00d1O de garant\u00eda y soporte gr\u00e1tis por cualquier falla propia de nuestro producto, pero si la falla es ajena a nuestro c\u00f3digo, ning\u00fan evento est\u00e1 protegido, a menos que quieras adquirir nuestra p\u00f3liza de soporte y protecci\u00f3n para tu sistema.<\/p>\n<p><b>C\u00f3mo puedo ordenar este producto ahora?<\/b><\/p>\n<p>carga el producto a tu carrito de compra y haz tu cierre de compra, puedes pagar con dep\u00f3sito \u00f3 tranferencia electronica (CLABE) bancaria Mundial en tu moneda local<br \/>\n[\/symple_tab]<\/p>\n<p>[symple_tab title=\u00bbVideo demo\u00bb]<\/p>\n<p><code><span class=\"embed-youtube\" style=\"text-align:center; display: block;\"><iframe class='youtube-player' width='640' height='360' src='https:\/\/www.youtube.com\/embed\/jTaum8X6QpU?version=3&#038;rel=0&#038;fs=1&#038;autohide=2&#038;showsearch=0&#038;showinfo=1&#038;iv_load_policy=1&#038;wmode=transparent' allowfullscreen='true' style='border:0;'><\/iframe><\/span><\/code><\/p>\n<p>[\/symple_tab]<br \/>\n[\/symple_tabgroup]<\/p>\n","protected":false},"excerpt":{"rendered":"<blockquote><p>Plugin BOD Venezuela para tiendas Prestashop desde 1.4.x , 1.5.x, 1.6.x y mayor , en el precio ya incluye la instalaci\u00f3n y Sincronizaci\u00f3n en su tienda por nuestro equipo de expertos mojom\u00e9xico; conoce m\u00e1s sobre este plugin aqui mismo en la pesta\u00f1a \u201cgarantia y servicio\u201d del producto.<img alt=\"\" loading=\"lazy\" decoding=\"async\" class=\"alignleft size-full wp-image-3524\" src=\"https:\/\/mojomexico.company\/portal\/wp-content\/uploads\/2016\/11\/boton-gratis2A.png\" alt=\"\" width=\"320\" height=\"190\" srcset=\"https:\/\/i0.wp.com\/mojomexico.company\/portal\/wp-content\/uploads\/2016\/11\/boton-gratis2A.png?w=320&amp;ssl=1 320w, https:\/\/i0.wp.com\/mojomexico.company\/portal\/wp-content\/uploads\/2016\/11\/boton-gratis2A.png?resize=300%2C178&amp;ssl=1 300w, https:\/\/i0.wp.com\/mojomexico.company\/portal\/wp-content\/uploads\/2016\/11\/boton-gratis2A.png?resize=220%2C131&amp;ssl=1 220w\" sizes=\"(max-width: 320px) 100vw, 320px\" \/><\/p><\/blockquote>\n<blockquote><p><img alt=\"\" loading=\"lazy\" decoding=\"async\" class=\"alignleft size-full wp-image-3783\" src=\"https:\/\/mojomexico.company\/portal\/wp-content\/uploads\/2015\/10\/boton-rebajado2.png\" alt=\"\" width=\"320\" height=\"190\" srcset=\"https:\/\/i1.wp.com\/mojomexico.company\/portal\/wp-content\/uploads\/2015\/10\/boton-rebajado2.png?w=320&amp;ssl=1 320w, https:\/\/i1.wp.com\/mojomexico.company\/portal\/wp-content\/uploads\/2015\/10\/boton-rebajado2.png?resize=300%2C178&amp;ssl=1 300w, https:\/\/i1.wp.com\/mojomexico.company\/portal\/wp-content\/uploads\/2015\/10\/boton-rebajado2.png?resize=250%2C148&amp;ssl=1 250w, https:\/\/i1.wp.com\/mojomexico.company\/portal\/wp-content\/uploads\/2015\/10\/boton-rebajado2.png?resize=220%2C131&amp;ssl=1 220w\" sizes=\"(max-width: 320px) 100vw, 320px\" \/><\/p><\/blockquote>\n","protected":false},"featured_media":3582,"template":"","meta":{"saved_in_kubio":false,"_seopress_robots_primary_cat":"","_seopress_titles_title":"","_seopress_titles_desc":"","_seopress_robots_index":"","spay_email":"","jetpack_publicize_message":""},"class_list":{"0":"post-3229","1":"product","2":"type-product","3":"status-publish","4":"has-post-thumbnail","6":"product_cat-prestashop","7":"product_tag-banco-instapago","8":"product_tag-bod-conexion-tienda-web","9":"product_tag-bod-plugin-bancario","10":"product_tag-bod-prestashop","11":"product_tag-instapago-prestashop","13":"first","14":"instock","15":"virtual","16":"taxable","17":"purchasable","18":"product-type-simple"},"jetpack_publicize_connections":[],"jetpack_sharing_enabled":true,"jetpack-related-posts":[],"_links":{"self":[{"href":"https:\/\/mojomexico.company\/portal\/wp-json\/wp\/v2\/product\/3229","targetHints":{"allow":["GET"]}}],"collection":[{"href":"https:\/\/mojomexico.company\/portal\/wp-json\/wp\/v2\/product"}],"about":[{"href":"https:\/\/mojomexico.company\/portal\/wp-json\/wp\/v2\/types\/product"}],"wp:featuredmedia":[{"embeddable":true,"href":"https:\/\/mojomexico.company\/portal\/wp-json\/wp\/v2\/media\/3582"}],"wp:attachment":[{"href":"https:\/\/mojomexico.company\/portal\/wp-json\/wp\/v2\/media?parent=3229"}],"curies":[{"name":"wp","href":"https:\/\/api.w.org\/{rel}","templated":true}]}}