{"id":3277,"date":"2021-05-01T14:18:07","date_gmt":"2021-05-01T19:18:07","guid":{"rendered":"http:\/\/mojomexico.net\/portal\/producto\/plugin-banorte-cyberpay3dpw2-woocommerce\/"},"modified":"2026-02-10T16:02:01","modified_gmt":"2026-02-10T22:02:01","slug":"plugin-banorte-cyberpay3dpw2-woocommerce","status":"publish","type":"product","link":"https:\/\/mojomexico.company\/portal\/producto\/plugin-banorte-cyberpay3dpw2-woocommerce\/","title":{"rendered":"Conector Banorte Cybersource-3DPLUS-PW2 para Woocommerce"},"content":{"rendered":"<p><a href=\"https:\/\/mojomexico.company\/portal\/?attachment_id=7656\" rel=\"attachment wp-att-7656\"><img alt=\"\" loading=\"lazy\" decoding=\"async\" data-attachment-id=\"7656\" data-permalink=\"https:\/\/mojomexico.company\/portal\/?attachment_id=7656\" data-orig-file=\"https:\/\/i2.wp.com\/mojomexico.company\/portal\/wp-content\/uploads\/2021\/05\/caja-banorte23-cyber.png?fit=369%2C395&amp;ssl=1\" data-orig-size=\"369,395\" data-comments-opened=\"1\" data-image-meta=\"{&quot;aperture&quot;:&quot;0&quot;,&quot;credit&quot;:&quot;&quot;,&quot;camera&quot;:&quot;&quot;,&quot;caption&quot;:&quot;&quot;,&quot;created_timestamp&quot;:&quot;0&quot;,&quot;copyright&quot;:&quot;&quot;,&quot;focal_length&quot;:&quot;0&quot;,&quot;iso&quot;:&quot;0&quot;,&quot;shutter_speed&quot;:&quot;0&quot;,&quot;title&quot;:&quot;&quot;,&quot;orientation&quot;:&quot;0&quot;}\" data-image-title=\"caja-banorte23-cyber\" data-image-description=\"\" data-medium-file=\"https:\/\/i2.wp.com\/mojomexico.company\/portal\/wp-content\/uploads\/2021\/05\/caja-banorte23-cyber.png?fit=280%2C300&amp;ssl=1\" data-large-file=\"https:\/\/i2.wp.com\/mojomexico.company\/portal\/wp-content\/uploads\/2021\/05\/caja-banorte23-cyber.png?fit=369%2C395&amp;ssl=1\" class=\"alignleft size-medium wp-image-7656\" src=\"https:\/\/i2.wp.com\/mojomexico.company\/portal\/wp-content\/uploads\/2021\/05\/caja-banorte23-cyber.png?resize=280%2C300&#038;ssl=1\" alt=\"\" width=\"280\" height=\"300\" srcset=\"https:\/\/i2.wp.com\/mojomexico.company\/portal\/wp-content\/uploads\/2021\/05\/caja-banorte23-cyber.png?resize=280%2C300&amp;ssl=1 280w, https:\/\/i2.wp.com\/mojomexico.company\/portal\/wp-content\/uploads\/2021\/05\/caja-banorte23-cyber.png?w=369&amp;ssl=1 369w\" sizes=\"(max-width: 280px) 100vw, 280px\" data-recalc-dims=\"1\" \/><\/a><\/p>\n<p>Nueva Version 2022 Banorte: Ya incluye 3D SECURITY-PLUS y Nuevas reglas de este a\u00f1o: Extensi\u00f3n de pagos BANORTE para integrase a la lista regular de \u00abpasarelas de pago en tienda\u00bb Woocommerce \u00a0desde 2.x \u00f3 mayor totalmente integrada al c\u00f3digo original de Woocommerce \u00a0en Backoffice y FrontOffice para recibir tarjetas de cr\u00e9dito y d\u00e9bito\u00a0 Visa Mastercard y procesar el pago directamente a su cuenta bancaria, todo esto de forma integral bajo altas normas de seguridad que marcan las instituciones bancarias.<\/p>\n<p>Al comprar nuestro producto, \u00e9sto le d\u00e1 derecho al USO exclusivo de nuestro software como licencia para ser instalado por nuestro personal calificado en su \u00a0tienda \u00f3 tiendas Prestashop \/dominio, nosotros nos hacemos cargo de la instalaci\u00f3n y configuraci\u00f3n via remota en la tienda , al 100%. La pasarela de pago se integra a la lista estandar que presenta regularmente, en caso de \u00a0que su tienda utilice una plantilla especial para este proceso de pago, la integraci\u00f3n a dicha pasarela tendr\u00e1 un costo extra al precio marcado (estimable en cada caso) por horas de servicio de \u00a0adaptaci\u00f3n.<\/p>\n<h2><a href=\"https:\/\/open.spotify.com\/episode\/1nN6BHqV6VcQvrALGdaxXI?si=Atdxgc6oT1uFQ1-uRLBIFQ\" target=\"_blank\" rel=\"noopener noreferrer\">PODCAST<img alt=\"\" loading=\"lazy\" decoding=\"async\" data-attachment-id=\"6935\" data-permalink=\"https:\/\/mojomexico.company\/portal\/inicio\/podcast\/\" data-orig-file=\"https:\/\/i0.wp.com\/mojomexico.company\/portal\/wp-content\/uploads\/2021\/05\/podcast.png?fit=275%2C183&amp;ssl=1\" data-orig-size=\"275,183\" data-comments-opened=\"1\" data-image-meta=\"{&quot;aperture&quot;:&quot;0&quot;,&quot;credit&quot;:&quot;&quot;,&quot;camera&quot;:&quot;&quot;,&quot;caption&quot;:&quot;&quot;,&quot;created_timestamp&quot;:&quot;0&quot;,&quot;copyright&quot;:&quot;&quot;,&quot;focal_length&quot;:&quot;0&quot;,&quot;iso&quot;:&quot;0&quot;,&quot;shutter_speed&quot;:&quot;0&quot;,&quot;title&quot;:&quot;&quot;,&quot;orientation&quot;:&quot;0&quot;}\" data-image-title=\"podcast\" data-image-description=\"\" data-medium-file=\"https:\/\/i0.wp.com\/mojomexico.company\/portal\/wp-content\/uploads\/2021\/05\/podcast.png?fit=250%2C166&amp;ssl=1\" data-large-file=\"https:\/\/i0.wp.com\/mojomexico.company\/portal\/wp-content\/uploads\/2021\/05\/podcast.png?fit=275%2C183&amp;ssl=1\" class=\"alignleft wp-image-6935 size-full\" src=\"https:\/\/i0.wp.com\/mojomexico.company\/portal\/wp-content\/uploads\/2021\/05\/podcast.png?resize=275%2C183&#038;ssl=1\" alt=\"\" width=\"275\" height=\"183\" srcset=\"https:\/\/i0.wp.com\/mojomexico.company\/portal\/wp-content\/uploads\/2021\/05\/podcast.png?w=275&amp;ssl=1 275w, https:\/\/i0.wp.com\/mojomexico.company\/portal\/wp-content\/uploads\/2021\/05\/podcast.png?resize=250%2C166&amp;ssl=1 250w, https:\/\/i0.wp.com\/mojomexico.company\/portal\/wp-content\/uploads\/2021\/05\/podcast.png?resize=120%2C80&amp;ssl=1 120w\" sizes=\"(max-width: 275px) 100vw, 275px\" data-recalc-dims=\"1\" \/><\/a><\/h2>\n<blockquote><p><a href=\"https:\/\/open.spotify.com\/episode\/1nN6BHqV6VcQvrALGdaxXI?si=Atdxgc6oT1uFQ1-uRLBIFQ\" target=\"_blank\" rel=\"noopener noreferrer\"><span style=\"color: #ff0000;\">ENTERATE DE COMO FUNCIONA ESTA CONEXION\u00a0 BANORTE<\/span><\/a><span style=\"color: #ff0000;\"> EN TU TIENDA Y LA RAZON POR LA QUE DEBES ADQUIRIR LA MARCA MOJOMEXICO, OTRAS MARCAS NO SABEN O NO INCLUYEN LAS VERSIONES AUTORIZADAS POR BANORTE MEXICO.<\/span><\/p>\n<h2>Quieres PROBARLO ?<\/h2>\n<h3>Por supuesto,<a href=\"https:\/\/banorte.mojomexico.net\" target=\"_blank\" rel=\"noopener noreferrer\"> HAZ CLIC<\/a> y sigue las las instrucciones para registrar tu Tienda y Probar como funciona la conexion Banorte con la VERSION ESPECIAL PARA TU COMERCIO.<\/h3>\n<\/blockquote>\n<p><b><img loading=\"lazy\" decoding=\"async\" data-attachment-id=\"3516\" data-permalink=\"https:\/\/mojomexico.company\/portal\/?attachment_id=3516\" data-orig-file=\"https:\/\/i1.wp.com\/mojomexico.company\/portal\/wp-content\/uploads\/2016\/11\/sello-12.png?fit=400%2C270&amp;ssl=1\" data-orig-size=\"400,270\" data-comments-opened=\"1\" data-image-meta=\"{&quot;aperture&quot;:&quot;0&quot;,&quot;credit&quot;:&quot;&quot;,&quot;camera&quot;:&quot;&quot;,&quot;caption&quot;:&quot;&quot;,&quot;created_timestamp&quot;:&quot;0&quot;,&quot;copyright&quot;:&quot;&quot;,&quot;focal_length&quot;:&quot;0&quot;,&quot;iso&quot;:&quot;0&quot;,&quot;shutter_speed&quot;:&quot;0&quot;,&quot;title&quot;:&quot;&quot;,&quot;orientation&quot;:&quot;0&quot;}\" data-image-title=\"calidad mojomexico\" data-image-description=\"\" data-medium-file=\"https:\/\/i1.wp.com\/mojomexico.company\/portal\/wp-content\/uploads\/2016\/11\/sello-12.png?fit=300%2C203&amp;ssl=1\" data-large-file=\"https:\/\/i1.wp.com\/mojomexico.company\/portal\/wp-content\/uploads\/2016\/11\/sello-12.png?fit=400%2C270&amp;ssl=1\" class=\"alignleft wp-image-3516\" src=\"https:\/\/i1.wp.com\/mojomexico.company\/portal\/wp-content\/uploads\/2016\/11\/sello-12.png?resize=258%2C174&#038;ssl=1\" alt=\"calidad mojomexico\" width=\"258\" height=\"174\" data-wp-pid=\"3516\" srcset=\"https:\/\/i1.wp.com\/mojomexico.company\/portal\/wp-content\/uploads\/2016\/11\/sello-12.png?w=400&amp;ssl=1 400w, https:\/\/i1.wp.com\/mojomexico.company\/portal\/wp-content\/uploads\/2016\/11\/sello-12.png?resize=300%2C203&amp;ssl=1 300w, https:\/\/i1.wp.com\/mojomexico.company\/portal\/wp-content\/uploads\/2016\/11\/sello-12.png?resize=220%2C149&amp;ssl=1 220w\" sizes=\"(max-width: 258px) 100vw, 258px\" data-recalc-dims=\"1\" \/>Que estoy comprando?<\/b><\/p>\n<p>Al comprar nuestro producto, estas adquiriendo el derecho de uso de nuestro producto por dominio (puedes adquirir varias licencias si manejas multi tiendas) solo para el dominio \u00f3 dominios que registras en tu compra.<\/p>\n<p>Solo se entregan programas compilados sin opci\u00f3n a modificar m\u00e1s que por el personal calificado de Mojomexico y solo podr\u00e1 ser usado para el dominio-tienda registrado. El descuento en multi tiendas es del 35% de la segunda hasta 99 licencias.<\/p>\n<p><strong>Con \u00e9sta pasarela \u00a0puedo aceptar pagos con tarjetas Visa y Mastercard de \u00a0otros Bancos \u00f3 de cualquier Banco del Mundo?<\/strong><\/p>\n<p>SI, con una pasarela puedes aceptar TODAS las tarjetas Visa y Mastercard nacionales e internacionales, de cualquier pa\u00eds. Regularmente todas las compras que se realicen en tu tienda en otras monedas distintas a PESOS, ser\u00e1n convertidas a pesos, a menos que \u00e9ste arreglo lo fijes con tu banco.<\/p>\n<p><strong>Puedo aceptar American Express?<\/strong><\/p>\n<p>Debe adicionar el Conector AMEX que tenemos publicado aqui mismo en nuestro catalogo como otro medio de pago extra.<\/p>\n<p><strong>Puedo manejar pagos de 3,6,9,12 y 18 meses con y sin intereses en esta pasarela de pago?<\/strong><\/p>\n<p>Solo si adicionas a tu compra nuestros modulos de PLAN A MESES SIN \/ CON INTERES que tenemos disponible para cada conector bancario aqui en este catalogo.<\/p>\n<p><b>Tengo que pagar anualidades \u00f3 comisiones por usar su producto?<\/b><\/p>\n<p>No, Nuestro producto no requiere anualidades ni comisiones por venta realizada, tu solo compras el producto y lo tienes de por vida para el dominio que destinaste. Todo el convenio de cobro y deposito a tu cuenta de cheques por tarjeta de cr\u00e9dito, es un arreglo de partes entre tu Banco Local y tu.<\/p>\n<p><b>C\u00f3mo es el proceso de instalaci\u00f3n?<\/b><\/p>\n<p>Nosotros te incluimos en el precio, la instalaci\u00f3n y sincronizaci\u00f3n al 100% via Remota (tu tienda tiene que estar en la nube internet), t\u00fa solo te preocupas en hacer la compra y nosotros nos encargamos de la instalaci\u00f3n, en donde se programa y se fija una vez consolidado tu pago, en un periodo\u00a0de 2\u00a0 a 4\u00a0dias.<\/p>\n<p>Posterior a que nos reporte su pago (al generar su pedido se publican las instrucciones a seguir) nuestro sistema le genera en autom\u00e1tico su NUEVO TICKET especial que incluye todas las instrucciones a seguir, ahi le indicamos como debe proporcionarnos sus llaves y claves de seguridad, porfavor NO envie nada antes ni fuera de nuestro sistema de ticket por su propia seguridad, espere que sea generado su TICKET y le ser\u00e1 enviado a su mail de forma automatica.<\/p>\n<p><b>Que garant\u00eda tengo?<\/b><\/p>\n<p>Nosotros te estamos ofreciendo UN A\u00d1O de garant\u00eda y soporte gr\u00e1tis por cualquier falla propia de nuestro producto; no incluye las fallas propias y bugs de error de las versiones de los cms-ecomercio llamese magento o prestashop o woocommerce o el que se se indique aqui como \u00abel motor de tienda web\u00bb asi como tampoco las fallas por errores provocados por otros programas de terceros o fallas en su servicio de hospedaje hosting; en cualquier caso nuestros antes de nuestro primer intento de instalaci\u00f3n, nuestro equipo t\u00e9cnico realiza una verificacion de estabilidad de su tienda y si detecta anomalias se suspede el proceso y se le reporta a usted sin la obligacion de nuestra parte de indicar el error ex\u00e1cto ni la soluci\u00f3n solo como apoyo basico le daremos\u00a0 recomedanciones\u00a0 de soluci\u00f3n y esperaremos hasta su nuevo reporte de soluci\u00f3n para aplicar el proceso de instalacion y sincronizacion bancaria.<\/p>\n<p><b>C\u00f3mo puedo ordenar este producto ahora?<\/b><\/p>\n<p>carga el producto a tu carrito de compra y haz tu cierre de compra con el medio de pago que usted prefiera. Al final recibir\u00e1s la Factura Fiscal deducible al 100% para efectos Fiscales.<\/p>\n<p>&nbsp;<\/p>\n<p><span style=\"font-family: monospace;\"><span style=\"font-size: 15.6px;\">La galeria de videos REALES los tenemos en YOUTUBE; tambien estamos en VIMEO , EN CUALQUIERA BUSCA NUESTRO CANAL como MOJOMEXICO ahi puedes localizar este y todos los demos de nuestros conectores instalados en tiendas reales de nuestros clientes.<\/span><\/span><\/p>\n<p>&nbsp;<\/p>\n","protected":false},"excerpt":{"rendered":"<blockquote><p><span class=\"Apple-style-span\"><a href=\"https:\/\/mojomexico.company\/portal\/?attachment_id=7656\" rel=\"attachment wp-att-7656\"><img alt=\"\" loading=\"lazy\" decoding=\"async\" class=\"alignleft size-medium wp-image-7656\" src=\"https:\/\/mojomexico.company\/portal\/wp-content\/uploads\/2021\/05\/caja-banorte23-cyber-280x300.png\" alt=\"\" width=\"280\" height=\"300\" srcset=\"https:\/\/i2.wp.com\/mojomexico.company\/portal\/wp-content\/uploads\/2021\/05\/caja-banorte23-cyber.png?resize=280%2C300&amp;ssl=1 280w, https:\/\/i2.wp.com\/mojomexico.company\/portal\/wp-content\/uploads\/2021\/05\/caja-banorte23-cyber.png?w=369&amp;ssl=1 369w\" sizes=\"(max-width: 280px) 100vw, 280px\" \/><\/a>Software Pasarela de pago \u00a0Banorte para seguridad Cybersource, , 3D y PW2 NOTA: Nueva Version 2024 Banorte ya incluye NUEVAS reglas que solicita este banco: incluye 3D SECURITY-PLUS (LAS 3 SEGURIDADES) \u00a0 en el precio incluye gr\u00e1tis GUIA DE CONFIGURACION que puedes consultar y descargar en los sitios mojomexico, soporte gratis lilimitado 3meses y garatia de un a\u00f1o. Es importante que tu servicio Hosting cuente con las capacidades tecnologias que requieren este tipo de conexion se te recomienda servicio VPS o Hosting dedicado ya que los hosting compartidos siempre estan limitados en recursos.<\/span><\/p><\/blockquote>\n<h2><a href=\"https:\/\/open.spotify.com\/episode\/1nN6BHqV6VcQvrALGdaxXI?si=Atdxgc6oT1uFQ1-uRLBIFQ\" target=\"_blank\" rel=\"noopener noreferrer\">PODCAST<img alt=\"\" loading=\"lazy\" decoding=\"async\" class=\"alignleft wp-image-6935 size-full\" src=\"https:\/\/mojomexico.company\/portal\/wp-content\/uploads\/2021\/05\/podcast.png\" alt=\"\" width=\"275\" height=\"183\" srcset=\"https:\/\/i0.wp.com\/mojomexico.company\/portal\/wp-content\/uploads\/2021\/05\/podcast.png?w=275&amp;ssl=1 275w, https:\/\/i0.wp.com\/mojomexico.company\/portal\/wp-content\/uploads\/2021\/05\/podcast.png?resize=250%2C166&amp;ssl=1 250w, https:\/\/i0.wp.com\/mojomexico.company\/portal\/wp-content\/uploads\/2021\/05\/podcast.png?resize=120%2C80&amp;ssl=1 120w\" sizes=\"(max-width: 275px) 100vw, 275px\" \/><\/a><\/h2>\n<blockquote><p><a href=\"https:\/\/open.spotify.com\/episode\/1nN6BHqV6VcQvrALGdaxXI?si=Atdxgc6oT1uFQ1-uRLBIFQ\" target=\"_blank\" rel=\"noopener noreferrer\">ENTERATE DE COMO FUNCIONA ESTA CONEXION\u00a0 BANORTE<\/a> EN TU TIENDA Y LA RAZON POR LA QUE DEBES ADQUIRIR LA MARCA MOJOMEXICO, OTRAS MARCAS NO SABEN O NO INCLUYEN LAS VERSIONES AUTORIZADAS POR BANORTE MEXICO.<\/p>\n<h2>Quieres PROBARLO ?<\/h2>\n<h3>Por supuesto,<a href=\"https:\/\/banorte.mojomexico.net\" target=\"_blank\" rel=\"noopener noreferrer\"> HAZ CLIC<\/a> y sigue las las instrucciones para registrar tu Tienda y Probar como funciona la conexion Banorte con la VERSION ESPECIAL PARA TU COMERCIO.<\/h3>\n<\/blockquote>\n<h5><span style=\"color: #ff0000;\">\u00a0<\/span><\/h5>\n","protected":false},"featured_media":7656,"template":"","meta":{"saved_in_kubio":false,"_seopress_robots_primary_cat":"","_seopress_titles_title":"","_seopress_titles_desc":"","_seopress_robots_index":"","spay_email":"","jetpack_publicize_message":""},"class_list":{"0":"post-3277","1":"product","2":"type-product","3":"status-publish","4":"has-post-thumbnail","6":"product_cat-conexion-banorte","7":"product_cat-woocommerce-wordpress","8":"product_tag-cyberpay-banorte","9":"product_tag-cybersource-banorte","10":"product_tag-plugin-banorte-mojomexico","11":"product_tag-woocommece-banorte","12":"product_shipping_class-s-remoto","14":"first","15":"instock","16":"virtual","17":"taxable","18":"purchasable","19":"product-type-simple"},"jetpack_publicize_connections":[],"jetpack_sharing_enabled":true,"jetpack-related-posts":[],"_links":{"self":[{"href":"https:\/\/mojomexico.company\/portal\/wp-json\/wp\/v2\/product\/3277","targetHints":{"allow":["GET"]}}],"collection":[{"href":"https:\/\/mojomexico.company\/portal\/wp-json\/wp\/v2\/product"}],"about":[{"href":"https:\/\/mojomexico.company\/portal\/wp-json\/wp\/v2\/types\/product"}],"wp:featuredmedia":[{"embeddable":true,"href":"https:\/\/mojomexico.company\/portal\/wp-json\/wp\/v2\/media\/7656"}],"wp:attachment":[{"href":"https:\/\/mojomexico.company\/portal\/wp-json\/wp\/v2\/media?parent=3277"}],"curies":[{"name":"wp","href":"https:\/\/api.w.org\/{rel}","templated":true}]}}