{"id":3316,"date":"2020-08-31T08:14:13","date_gmt":"2020-08-31T13:14:13","guid":{"rendered":"http:\/\/mojomexico.net\/portal\/producto\/plugin-prosa-magento\/"},"modified":"2024-03-14T21:28:24","modified_gmt":"2024-03-15T02:28:24","slug":"pasarela-de-pago-magento","status":"publish","type":"product","link":"https:\/\/mojomexico.company\/portal\/producto\/pasarela-de-pago-magento\/","title":{"rendered":"Pasarela de pago Magento2"},"content":{"rendered":"<p>[symple_tabgroup]<br \/>\n[symple_tab title=\u00bbDescripcion del Producto\u00bb]<\/p>\n<p>&nbsp;<\/p>\n<p><a href=\"https:\/\/mojomexico.company\/portal\/producto\/pasarela-de-pago-prosa-para-php-solo\/caja-prosa1-2\/\" rel=\"attachment wp-att-6482\"><img alt=\"\" loading=\"lazy\" decoding=\"async\" data-attachment-id=\"6482\" data-permalink=\"https:\/\/mojomexico.company\/portal\/?attachment_id=6482\" data-orig-file=\"https:\/\/i0.wp.com\/mojomexico.company\/portal\/wp-content\/uploads\/2017\/01\/caja-prosa1.png?fit=369%2C395&amp;ssl=1\" data-orig-size=\"369,395\" data-comments-opened=\"1\" data-image-meta=\"{&quot;aperture&quot;:&quot;0&quot;,&quot;credit&quot;:&quot;&quot;,&quot;camera&quot;:&quot;&quot;,&quot;caption&quot;:&quot;&quot;,&quot;created_timestamp&quot;:&quot;0&quot;,&quot;copyright&quot;:&quot;&quot;,&quot;focal_length&quot;:&quot;0&quot;,&quot;iso&quot;:&quot;0&quot;,&quot;shutter_speed&quot;:&quot;0&quot;,&quot;title&quot;:&quot;&quot;,&quot;orientation&quot;:&quot;0&quot;}\" data-image-title=\"caja-prosa1\" data-image-description=\"\" data-medium-file=\"https:\/\/i0.wp.com\/mojomexico.company\/portal\/wp-content\/uploads\/2017\/01\/caja-prosa1.png?fit=250%2C268&amp;ssl=1\" data-large-file=\"https:\/\/i0.wp.com\/mojomexico.company\/portal\/wp-content\/uploads\/2017\/01\/caja-prosa1.png?fit=369%2C395&amp;ssl=1\" class=\"alignleft size-full wp-image-6482\" src=\"https:\/\/i0.wp.com\/mojomexico.company\/portal\/wp-content\/uploads\/2017\/01\/caja-prosa1.png?resize=369%2C395&#038;ssl=1\" alt=\"\" width=\"369\" height=\"395\" srcset=\"https:\/\/i0.wp.com\/mojomexico.company\/portal\/wp-content\/uploads\/2017\/01\/caja-prosa1.png?w=369&amp;ssl=1 369w, https:\/\/i0.wp.com\/mojomexico.company\/portal\/wp-content\/uploads\/2017\/01\/caja-prosa1.png?resize=250%2C268&amp;ssl=1 250w, https:\/\/i0.wp.com\/mojomexico.company\/portal\/wp-content\/uploads\/2017\/01\/caja-prosa1.png?resize=120%2C128&amp;ssl=1 120w\" sizes=\"(max-width: 369px) 100vw, 369px\" data-recalc-dims=\"1\" \/><\/a>Extensi\u00f3n\u00a0de pagos (plugin) Bancarios PROSA para aceptar tarjetas Visa-Mc como opci\u00f3n de pago Directo (sin intermediarios) en su tiendaweb: \u00e9ste m\u00e9todo en M\u00e9xico lo utiliza HSBC, INVERLAT, WALTMART, SANBORNS, BANCRECER, BANCO DEL BAJIO, Y EL RESTO DE BANCOS MEXICANOS, para la versi\u00f3n Magento CE desde la \u00a01.7.x hasta 1.9\u00a0 totalmente integrada al\u00a0c\u00f3digo\u00a0original de Magento en Backoffice y FrontOffice para recibir tarjetas de cr\u00e9dito y d\u00e9bito y procesar el pago directamente a su cuenta bancaria, todo esto de forma integral e Interno en la tienda Magento, bajo altas normas de seguridad 3D Security que marcan las instituciones bancarias.<\/p>\n<p>ADICIONAL y s\u00f3lo para \u00e9ste conector, debe adicionar a su compra el servicio de\u00a0 PLANTILLAMIENTO DE ARCHIVO JSP NO INCLUIDO EN ESTE PRECIO, preguntar y solicitar la liga del producto a nuestros asesores.<\/p>\n<p>Tambi\u00e9n debe considerar un pago extra adicional SI su tienda presenta EL MANEJADOR CHECKOUT IWD \u00abOnestep Chechout\u00bb o su equivalente que Modifica el estado natural de checkout de Magento (los 5 pasos tradicionales de generar su orden). Usted debe tener revisar su tienda y adicionar el importe por el servicio de integraci\u00f3n al inicio de su compra.<\/p>\n<p>Al comprar nuestro producto, \u00e9sto le d\u00e1 derecho al USO exclusivo de nuestro software como licencia para ser instalado por nuestro personal calificado en su \u00a0tienda \u00f3 tiendas Magento CE \/dominio, nosotros nos hacemos cargo de la instalaci\u00f3n y configuraci\u00f3n via remota en la tienda Magento CE, al 100%.<\/p>\n<p><span style=\"font-size: 13px; line-height: 19px;\">Los precios est\u00e1n expresados en Pesos Mexicanos y son sin IVA, SI emitimos su factura fiscal posterior a recibir y comprobar el pago efect\u00edvo de su orden.<br \/>\n<\/span><\/p>\n<p>[\/symple_tab]<br \/>\n[symple_tab title=\u00bbGarantia y Servicio\u00bb]<\/p>\n<p><b>Que estoy comprando?<\/b><\/p>\n<p><img loading=\"lazy\" decoding=\"async\" data-attachment-id=\"3516\" data-permalink=\"https:\/\/mojomexico.company\/portal\/?attachment_id=3516\" data-orig-file=\"https:\/\/i1.wp.com\/mojomexico.company\/portal\/wp-content\/uploads\/2016\/11\/sello-12.png?fit=400%2C270&amp;ssl=1\" data-orig-size=\"400,270\" data-comments-opened=\"1\" data-image-meta=\"{&quot;aperture&quot;:&quot;0&quot;,&quot;credit&quot;:&quot;&quot;,&quot;camera&quot;:&quot;&quot;,&quot;caption&quot;:&quot;&quot;,&quot;created_timestamp&quot;:&quot;0&quot;,&quot;copyright&quot;:&quot;&quot;,&quot;focal_length&quot;:&quot;0&quot;,&quot;iso&quot;:&quot;0&quot;,&quot;shutter_speed&quot;:&quot;0&quot;,&quot;title&quot;:&quot;&quot;,&quot;orientation&quot;:&quot;0&quot;}\" data-image-title=\"calidad mojomexico\" data-image-description=\"\" data-medium-file=\"https:\/\/i1.wp.com\/mojomexico.company\/portal\/wp-content\/uploads\/2016\/11\/sello-12.png?fit=300%2C203&amp;ssl=1\" data-large-file=\"https:\/\/i1.wp.com\/mojomexico.company\/portal\/wp-content\/uploads\/2016\/11\/sello-12.png?fit=400%2C270&amp;ssl=1\" class=\"size-full wp-image-3516 alignleft\" src=\"https:\/\/i1.wp.com\/mojomexico.company\/portal\/wp-content\/uploads\/2016\/11\/sello-12.png?resize=400%2C270&#038;ssl=1\" alt=\"calidad mojomexico\" width=\"400\" height=\"270\" data-wp-pid=\"3516\" srcset=\"https:\/\/i1.wp.com\/mojomexico.company\/portal\/wp-content\/uploads\/2016\/11\/sello-12.png?w=400&amp;ssl=1 400w, https:\/\/i1.wp.com\/mojomexico.company\/portal\/wp-content\/uploads\/2016\/11\/sello-12.png?resize=300%2C203&amp;ssl=1 300w, https:\/\/i1.wp.com\/mojomexico.company\/portal\/wp-content\/uploads\/2016\/11\/sello-12.png?resize=220%2C149&amp;ssl=1 220w\" sizes=\"(max-width: 400px) 100vw, 400px\" data-recalc-dims=\"1\" \/>Al comprar nuestro producto, estas adquiriendo Una Licencia de uso de nuestro producto por dominio (puedes adquirir varias licencias si manejas multitiendas) desarrollado especificamente para ti.<\/p>\n<p>Solo se entregan programas compilados sin opci\u00f3n a modificar m\u00e1s que por el personal calificado de Mojomexico y solo podr\u00e1 ser usado para el dominio-tienda registrado. El descuento en multitiendas es del 35% de la segunda hasta 99 licencias.<\/p>\n<p><strong>Con \u00e9sta pasarela \u00a0puedo aceptar pagos con tarjetas Visa y Mastercard de \u00a0otros Bancos \u00f3 de cualquier Banco del Mundo?<\/strong><\/p>\n<p>SI, con una pasarela puedes aceptar TODAS las tarjetas Visa y Mastercard nacionales e internacionales, de cualquier pa\u00eds. Regularmente todas las compras que se realicen en tu tienda en otras monedas distintas a PESOS, ser\u00e1n convertidas a pesos, a menos que \u00e9ste arreglo lo fijes con tu banco.<\/p>\n<p><strong>Puedo aceptar American Express?<\/strong><\/p>\n<p>Es encesario adquirir el producto Amex de tu tienda como un producto adicional\u00a0 aqui en nuestro catalogo.<\/p>\n<p><strong>Puedo insertar \u00a0en mi tienda plan para diferir pagos con y sin intereses a 3,6,9,12 y 18 meses?<\/strong><\/p>\n<p>Para activar estas acciones es necesario adquirir las extensiones a Meses Con \/ Sin interes en nuestra tienda disponible aqui mismo\u00a0 para su instalaci\u00f3n y activaci\u00f3n inmediata.<\/p>\n<p>&nbsp;<\/p>\n<p><b>Tengo que pagar anualidades \u00f3 comisiones por usar su producto?<\/b><\/p>\n<p>NO, Nuestro producto no requiere anualidades ni comisiones por venta realizada, tu solo compras el producto y lo tienes de por vida para el dominio que destinaste.<\/p>\n<p><b>C\u00f3mo es el proceso de instalaci\u00f3n?<\/b><\/p>\n<p>Nosotros te incluimos una GUIA de configuracion y soporte 24\/7 por 6 meses gratis para que por tu cuenta hagas la instalacion, o si deseas el servicio porfavor contrar aqui mismo como un extra al precio.<\/p>\n<p><b>Que garant\u00eda tengo?<\/b><\/p>\n<p>Nosotros te estamos ofreciendo 6MESES de garant\u00eda y soporte gr\u00e1tis por cualquier falla propia de nuestro producto, pero si la falla es ajena a nuestro c\u00f3digo, ning\u00fan evento est\u00e1 protegido, a menos que quieras adquirir nuestra p\u00f3liza de soporte y protecci\u00f3n para tu sistema.<\/p>\n<p><b>C\u00f3mo puedo ordenar este producto ahora?<\/b><\/p>\n<p>carga el producto a tu carrito de compra y haz tu cierre de compra, ahi puedes escoger tu pago mediantnte dep\u00f3sito \u00f3 tranferencia electronica (CLABE) bancaria Mundial en tu moneda local. Posterior a la confirmaci\u00f3n de Pago por nuestro depto.contable, se enviar\u00e1 via electr\u00f3nica la factura correspondiente 100% deducible.<br \/>\n[\/symple_tab]<\/p>\n<p>[symple_tab title=\u00bbVideo demo\u00bb]<\/p>\n<p><code>VER VIDEO DE UNA TIENDA REAL EN YOUTUBE buscanos EN NUESTRO CANAL como <a href=\"https:\/\/youtube.com\/mojomexico\" target=\"_blank\" rel=\"noopener noreferrer\">MOJOMEXICO<\/a><\/code><\/p>\n<p>[\/symple_tab]<br \/>\n[\/symple_tabgroup]<\/p>\n","protected":false},"excerpt":{"rendered":"<p><a href=\"https:\/\/mojomexico.company\/portal\/producto\/pasarela-de-pago-prosa-para-php-solo\/caja-prosa1-2\/\" rel=\"attachment wp-att-6482\"><img alt=\"\" loading=\"lazy\" decoding=\"async\" class=\"alignleft size-full wp-image-6482\" src=\"https:\/\/mojomexico.company\/portal\/wp-content\/uploads\/2017\/01\/caja-prosa1.png\" alt=\"\" width=\"369\" height=\"395\" srcset=\"https:\/\/i0.wp.com\/mojomexico.company\/portal\/wp-content\/uploads\/2017\/01\/caja-prosa1.png?w=369&amp;ssl=1 369w, https:\/\/i0.wp.com\/mojomexico.company\/portal\/wp-content\/uploads\/2017\/01\/caja-prosa1.png?resize=250%2C268&amp;ssl=1 250w, https:\/\/i0.wp.com\/mojomexico.company\/portal\/wp-content\/uploads\/2017\/01\/caja-prosa1.png?resize=120%2C128&amp;ssl=1 120w\" sizes=\"(max-width: 369px) 100vw, 369px\" \/><\/a>Conector Bancario Prosa Magento CE1 y CE2 para los bancos: HSBC, Inverlat, Banco del BBajio, Bancrecer, Waltmart, Sanborns, etc,<\/p>\n<p><b>C\u00f3mo es el proceso de instalaci\u00f3n?<\/b><\/p>\n<p>Nosotros te incluimos una GUIA de configuracion y soporte 24\/7 por 6 meses gratis para que por tu cuenta hagas la instalacion, o si deseas el servicio porfavor contrar aqui mismo como un extra al precio.<\/p>\n<p>&nbsp;<\/p>\n","protected":false},"featured_media":6482,"template":"","meta":{"saved_in_kubio":false,"_seopress_robots_primary_cat":"","_seopress_titles_title":"","_seopress_titles_desc":"","_seopress_robots_index":"","spay_email":"","jetpack_publicize_message":""},"class_list":{"0":"post-3316","1":"product","2":"type-product","3":"status-publish","4":"has-post-thumbnail","6":"product_cat-conexion-bancos-mg","7":"product_cat-magento-ce","8":"product_cat-magento2-ce","9":"product_tag-bancobajio","10":"product_tag-hsbc-magento","11":"product_tag-ixe-magento","12":"product_tag-mastercard-magento","13":"product_tag-prosa-magento","14":"product_tag-prosa-mojomexico","15":"product_tag-santander-magento","16":"product_tag-scotiabank-magento","17":"product_tag-visa-magento","18":"product_shipping_class-s-remoto","20":"first","21":"instock","22":"virtual","23":"taxable","24":"purchasable","25":"product-type-simple"},"jetpack_publicize_connections":[],"jetpack_sharing_enabled":true,"jetpack-related-posts":[],"_links":{"self":[{"href":"https:\/\/mojomexico.company\/portal\/wp-json\/wp\/v2\/product\/3316","targetHints":{"allow":["GET"]}}],"collection":[{"href":"https:\/\/mojomexico.company\/portal\/wp-json\/wp\/v2\/product"}],"about":[{"href":"https:\/\/mojomexico.company\/portal\/wp-json\/wp\/v2\/types\/product"}],"wp:featuredmedia":[{"embeddable":true,"href":"https:\/\/mojomexico.company\/portal\/wp-json\/wp\/v2\/media\/6482"}],"wp:attachment":[{"href":"https:\/\/mojomexico.company\/portal\/wp-json\/wp\/v2\/media?parent=3316"}],"curies":[{"name":"wp","href":"https:\/\/api.w.org\/{rel}","templated":true}]}}