{"id":3490,"date":"2016-10-24T14:15:33","date_gmt":"2016-10-24T19:15:33","guid":{"rendered":"http:\/\/mojomexico.company\/portal\/?post_type=product&#038;p=3490"},"modified":"2025-01-16T03:38:08","modified_gmt":"2025-01-16T08:38:08","slug":"actualizacion-plugin-bancario-versiones-anteriores","status":"publish","type":"product","link":"https:\/\/mojomexico.company\/portal\/producto\/actualizacion-plugin-bancario-versiones-anteriores\/","title":{"rendered":"Actualizaci\u00f3n Plugin Bancario versiones anteriores"},"content":{"rendered":"<p>Evento de actualizaci\u00f3n a Pasarelas de Pago \u00a0Bancario para productos comprados con m\u00e1s de una a\u00f1o o sin poliza de servicio; este servicio es por evento y aplica solo para productos previamente comprados.<\/p>\n","protected":false},"excerpt":{"rendered":"<p><a href=\"https:\/\/mojomexico.company\/portal\/producto\/actualizacion-plugin-bancario-versiones-anteriores\/caja-upgrade-1\/\" rel=\"attachment wp-att-3491\"><img alt=\"\" loading=\"lazy\" decoding=\"async\" class=\"alignleft size-medium wp-image-3491\" src=\"https:\/\/mojomexico.company\/portal\/wp-content\/uploads\/2016\/10\/caja-upgrade-1-280x300.jpg\" alt=\"\" width=\"280\" height=\"300\" srcset=\"https:\/\/i1.wp.com\/mojomexico.company\/portal\/wp-content\/uploads\/2016\/10\/caja-upgrade-1.jpg?resize=280%2C300&amp;ssl=1 280w, https:\/\/i1.wp.com\/mojomexico.company\/portal\/wp-content\/uploads\/2016\/10\/caja-upgrade-1.jpg?resize=300%2C321&amp;ssl=1 300w, https:\/\/i1.wp.com\/mojomexico.company\/portal\/wp-content\/uploads\/2016\/10\/caja-upgrade-1.jpg?resize=220%2C236&amp;ssl=1 220w, https:\/\/i1.wp.com\/mojomexico.company\/portal\/wp-content\/uploads\/2016\/10\/caja-upgrade-1.jpg?w=369&amp;ssl=1 369w\" sizes=\"(max-width: 280px) 100vw, 280px\" \/><\/a>Articulo hecho a la medida personalizado, esto es un Servicio de actualizaci\u00f3n de Software Plugin o Pasarela de Pago Bancario para productos comprados con m\u00e1s de una a\u00f1o o sin poliza de mantenimiento, este servicio es por evento y aplica solo nuestros conectores de nuestra marca.<\/p>\n<p><a href=\"https:\/\/mojomexico.company\/portal\/producto\/plugin-prosa-prestashop\/boton-gratis2a\/\" rel=\"attachment wp-att-3524\"><img alt=\"\" loading=\"lazy\" decoding=\"async\" class=\"alignleft size-medium wp-image-3524\" src=\"https:\/\/mojomexico.company\/portal\/wp-content\/uploads\/2016\/11\/boton-gratis2A-300x178.png\" alt=\"\" width=\"300\" height=\"178\" srcset=\"https:\/\/i0.wp.com\/mojomexico.company\/portal\/wp-content\/uploads\/2016\/11\/boton-gratis2A.png?resize=300%2C178&amp;ssl=1 300w, https:\/\/i0.wp.com\/mojomexico.company\/portal\/wp-content\/uploads\/2016\/11\/boton-gratis2A.png?resize=220%2C131&amp;ssl=1 220w, https:\/\/i0.wp.com\/mojomexico.company\/portal\/wp-content\/uploads\/2016\/11\/boton-gratis2A.png?w=320&amp;ssl=1 320w\" sizes=\"(max-width: 300px) 100vw, 300px\" \/><\/a><\/p>\n","protected":false},"featured_media":3491,"template":"","meta":{"saved_in_kubio":false,"_seopress_robots_primary_cat":"","_seopress_titles_title":"","_seopress_titles_desc":"","_seopress_robots_index":"","spay_email":"","jetpack_publicize_message":""},"class_list":{"0":"post-3490","1":"product","2":"type-product","3":"status-publish","4":"has-post-thumbnail","6":"product_cat-nuevo-desarrollo-especial","8":"first","9":"instock","10":"virtual","11":"taxable","12":"purchasable","13":"product-type-simple"},"jetpack_publicize_connections":[],"jetpack_sharing_enabled":true,"jetpack-related-posts":[],"_links":{"self":[{"href":"https:\/\/mojomexico.company\/portal\/wp-json\/wp\/v2\/product\/3490","targetHints":{"allow":["GET"]}}],"collection":[{"href":"https:\/\/mojomexico.company\/portal\/wp-json\/wp\/v2\/product"}],"about":[{"href":"https:\/\/mojomexico.company\/portal\/wp-json\/wp\/v2\/types\/product"}],"wp:featuredmedia":[{"embeddable":true,"href":"https:\/\/mojomexico.company\/portal\/wp-json\/wp\/v2\/media\/3491"}],"wp:attachment":[{"href":"https:\/\/mojomexico.company\/portal\/wp-json\/wp\/v2\/media?parent=3490"}],"curies":[{"name":"wp","href":"https:\/\/api.w.org\/{rel}","templated":true}]}}