{"id":3523,"date":"2020-08-31T22:17:51","date_gmt":"2020-09-01T03:17:51","guid":{"rendered":"http:\/\/mojomexico.company\/portal\/producto\/plugin-prosa-prestashop\/"},"modified":"2026-02-10T16:03:58","modified_gmt":"2026-02-10T22:03:58","slug":"plugin-santander-prestashop","status":"publish","type":"product","link":"https:\/\/mojomexico.company\/portal\/producto\/plugin-santander-prestashop\/","title":{"rendered":"Plugin Santander Prestashop"},"content":{"rendered":"<p>&nbsp;<\/p>\n<p>Extensi\u00f3n de pagos (plugin) Bancarios PROSA: lo utiliza HSBC, SANTANDER,\u00a0 INBURSA,\u00a0 INVERLAT, WALTMART, SANBORNS, BANCRECER, BANCO DEL BAJIO, Y EL RESTO DE BANCOS MEXICANOS, para la versi\u00f3n:<\/p>\n<p>Prestashop todas las versiones,\u00a0 totalmente integrada al\u00a0c\u00f3digo\u00a0original\u00a0 en Backoffice y FrontOffice para recibir tarjetas de cr\u00e9dito y d\u00e9bito y procesar el pago directamente a su cuenta bancaria, todo esto de forma integral e Interno en la tienda , bajo altas normas de seguridad 3D Security que marcan las instituciones bancarias.<\/p>\n<p>NOTA: Para la version 1.7x TODO cambia, es necesario adquirir aqui mismo el AJUSTE ESPECIAL que aparece en el recuadro.<\/p>\n<p>ADICIONAL SE REQUIERE PLANTILLAMIENTO DE ARCHIVO JSP NO INCLUIDO EN ESTE PRECIO, preguntar y solicitar la liga del producto a nuestros asesores.<\/p>\n<p>Al comprar nuestro producto, \u00e9sto le d\u00e1 derecho al USO exclusivo de nuestro software como licencia para ser instalado por nuestro personal calificado en su \u00a0tienda \u00f3 tiendas\u00a0 \/dominio, nosotros nos hacemos cargo de la instalaci\u00f3n y configuraci\u00f3n via remota en la tienda al 100%. La pasarela de pago se integra a la lista estandar que presenta regularmente (pasos de Checkout), en caso de \u00a0que su tienda utilice una plantilla especial para este proceso de pago, la integraci\u00f3n a dicha pasarela tendr\u00e1 un costo extra al precio marcado (estimable en cada caso) por horas de servicio adaptaci\u00f3n.<\/p>\n<p>Importante:<\/p>\n<p>Nuestros productos son HECHOS A LA MEDIDA con las LIMITACIONES propias de cada MOTOR-TIENDA CMS-Ecomercio por lo tanto nuestra garant\u00eda se limita a integrarse \u00e9ste Motor y sus acciones normales, en caso de inconsistencias en su propio codigo de su tienda o conflictos con otros plugin, nuestra garant\u00eda NO cubre en estos precios el soporte t\u00e9nico ni la soluci\u00f3n de conflictos ni errores de su versi\u00f3n. (solo basta con revisar en los foros todos los errores reportados para ser suficiente soporte de falla). Se le recomienda que lea y se entere de las politicas de servicio y garantia que tenemos aqui mismo publicadas abriendo la siguiente pesta\u00f1a asi como leer nuestro contrato Mojomexico de Servicio Publicado y disponible a todo el publico ubicado en la parte Men\u00fa Superior de \u00e9sta tienda.<\/p>\n<p>&nbsp;<\/p>\n<p><b>Que estoy comprando?<\/b><\/p>\n<p>Al comprar nuestro producto, estas adquiriendo Una Licencia de uso de nuestro producto por dominio (puedes adquirir varias licencias si manejas multitiendas) desarrollado especificamente para ti.<\/p>\n<p>Solo se entregan programas compilados sin opci\u00f3n a modificar m\u00e1s que por el personal calificado de Mojomexico y solo podr\u00e1 ser usado para el dominio-tienda registrado. El descuento en multitiendas es del 35% de la segunda hasta 99 licencias.<\/p>\n<p><strong>Con \u00e9sta pasarela \u00a0puedo aceptar pagos con tarjetas Visa y Mastercard de \u00a0otros Bancos \u00f3 de cualquier Banco del Mundo?<\/strong><\/p>\n<p>SI, con una pasarela puedes aceptar TODAS las tarjetas Visa y Mastercard nacionales e internacionales, de cualquier pa\u00eds. Regularmente todas las compras que se realicen en tu tienda en otras monedas distintas a PESOS, ser\u00e1n convertidas a pesos, a menos que \u00e9ste arreglo lo fijes con tu banco.<\/p>\n<p><strong>Puedo aceptar American Express?<\/strong><\/p>\n<p>No , necesitas adquirir el producto Amex aqui en nuestro catalogo.<\/p>\n<p><strong>Puedo insertar \u00a0en mi tienda plan para diferir pagos con y sin intereses a 3,6,9,12 y 18 meses?<\/strong><\/p>\n<p>Debes agregar como Modulos extras (recuadro de extras ) con las extensiones a Meses Con \/ Sin interes en nuestra tienda disponible para su instalaci\u00f3n y activaci\u00f3n inmediata.<\/p>\n<p>Puedo vender EN DOLARES pero Cobrar en PESOS , como funciona?<\/p>\n<p>Para cuentas en Pesos pero con Tiendas en Dolares o cualquier otra moneda, puedes adquirir aqui mismo la CONVERSION DOLARES-PESOS , esto permite generar los PEDIDOS en DLS\u00a0 y PAGAR EN PESOS como una accion interna en nuestro c\u00f3digo;\u00a0 (debes verificar con tu banco para saber si tu cuenta otra moneda diferente a Pesos).<\/p>\n<p><b>Tengo que pagar anualidades \u00f3 comisiones por usar su producto?<\/b><\/p>\n<p>NO, Nuestro producto no requiere anualidades ni comisiones por venta realizada, tu solo compras el producto y lo tienes de por vida para el dominio que destinaste. Todo el convenio de cobro y deposito a tu cuenta de cheques por tarjeta de cr\u00e9dito, es un arreglo de partes entre tu Banco Local y tu.<\/p>\n<p><b>C\u00f3mo es el proceso de instalaci\u00f3n?<\/b><\/p>\n<p>Nosotros te incluimos en el precio, la instalaci\u00f3n y sincronizaci\u00f3n al 100% via Remota (tu tienda tiene que estar en la nube Internet), t\u00fa solo te preocupas en hacer la compra y nosotros nos encargamos de la instalaci\u00f3n, en donde se programa y se fija una vez consolidado tu pago, en un periodo m\u00e1ximo de 3 a 7 d\u00edas.<\/p>\n<p><b>Que garant\u00eda tengo?<\/b><\/p>\n<p>Nosotros te estamos ofreciendo UN A\u00d1O de garant\u00eda y soporte gr\u00e1tis por cualquier falla propia de nuestro producto, pero si la falla es ajena a nuestro c\u00f3digo, ning\u00fan evento est\u00e1 protegido, a menos que quieras adquirir nuestra p\u00f3liza de soporte y protecci\u00f3n para tu sistema.<\/p>\n<p><b>C\u00f3mo puedo ordenar este producto ahora?<\/b><\/p>\n<p>carga el producto a tu carrito de compra y haz tu cierre de compra, ahi puedes escoger tu pago mediatnte dep\u00f3sito \u00f3 tranferencia electronica (CLABE) bancaria Mundial en tu moneda local<\/p>\n<p>USTED (DUE\u00d1O DE LA TIENDA) DEBE gestionar su CONTRATO de TPV-Internet con el Banco de su elecci\u00f3n (puede ser Bancomer, Banamex, Banorte,American Express, Prosa, BOD Venezuela, etc) , DIRECTO CON EL BANCO, Mojomexico NO brinda ningun servicio de gesti\u00f3n ni tiene conocimiento sobre comisiones, cuotas y detalles ya que cada uno de los Bancos establecen las condiciones segun el Cuentahabiente.<\/p>\n<p>Para gestionar su contrato nuestra mejor recomendaci\u00f3n es hacer una llamada directa la l\u00ednea de \u201cAtenci\u00f3n Negocios Comercios de cada Banco \u201d o usar los medios Internet disponibles \u00f3 acudir a su sucursal y con su ejecutivo contratar \u00e9ste servicio TPVI. El Banco le enviar\u00e1 las intrucciones necesarias y le asignar\u00e1 un ID, USER Y PASSWD mismo que nosotros vamos a aplicar a su MODULO para configurar su PASARELA BANCARIA MOJOMEXICO del banco que usted escoja.<\/p>\n<p>ES IMPORTANTE QUE INSTALE UN CERTIFICADO SSL EN SU DOMINIO PARA ESTE TIPO DE DE CONEXION: es necesario que se instale el certificado SSL sobre el dominio-tienda a instalar, es un requisito de los bancos y sirve como un candado de seguridad del comercio. Ustedes pueden contratar esto directo con su proveedor hosting \u00f3 con nosotros.<\/p>\n<p>LAS 10 VENTAJAS MAS IMPORTANTES de Nuestros conectores BANCARIOS sobre \u00ablos otros\u00bb medios de pago en tiendas web Profesionales:<\/p>\n<p>Las ventajas de nuestras Pasarelas Bancarias sobre otros son muchas, aqui te listo las m\u00e1s importantes, \u00e9sto puede que hacer el cambio que est\u00e1s buscando y tengas el control que en otros medios no te ofrecen:<\/p>\n<p><code><\/code><\/p>\n<p><code><\/code><\/p>\n<h4>La Primera .-<\/h4>\n<p><a>Cada vez que tus Clientes pagan con tarjeta de cr\u00e9dito \u00f3 d\u00e9bito, en autom\u00e1tico t\u00fa dinero se deposita directo a tu Cuenta de Cheques Personal, ya no tienes que esperar dias \u00f3 semanas a que un tercero te deposite, T\u00fa dispones de tu dinero en minutos;<\/a><\/p>\n<h4>La segunda:<\/h4>\n<p><a>tu dinero ingresa en tu moneda local por lo que ya no pierdes en el cambio dolar\/peso, en otros medios extranjeros te ap\u013aican \u00abTipo de cambio Dolar-Peso Preferencial\u00bb<\/a><\/p>\n<h4>La tercera:<\/h4>\n<p><a>Los clientes tienen m\u00e1s confianza al pagar en medios Bancarios conocidos en tu Pais por el respaldo que \u00e9stos les brindan qu\u00e9 el cualquier medio extranjero desconocido;<\/a><\/p>\n<h4>La cuarta.-<\/h4>\n<p><a>Cada vez que recibes un Pago, en autom\u00e1tico te notificamos a tu telefono Celular, movil, tablet, dispositivo Internet notificandote \u00abEn este momento haz recibido el Pago de la Orden tal ..Por el Banco..\u00bb<\/a><\/p>\n<h4>La quinta.-<\/h4>\n<p><a>Nuestras extensiones se instalan f\u00e1cilmente en tu tienda de forma Natural, y se AutoConfiguran en la zona Backadmin de tu tienda, t\u00fa tienes el control de tu tienda;<\/a><\/p>\n<h4>La sexta.-<\/h4>\n<p><a>Puedes personalizar libremente el logo, colores y mensajes de correo asi tendr\u00e1s el impacto y tus clientes se motivan a cerrar m\u00e1s ventas;<\/a><\/p>\n<h4>La septima.-<\/h4>\n<p><a>Podemos desarrollar cualquier conector de cualquier Banco de cualquier Pa\u00eds sin costo adicional, s\u00f3lo p\u00eddelo aqui;<\/a><\/p>\n<h4>La octava .-<\/h4>\n<p><a>Nuestros conectores NO cobran Anualidades ni comisiones ocultas, tu lo compras UNA vez y lo tienes de por vida en tu tienda-dominio que registras;<\/a><\/p>\n<h4>La Novena .-<\/h4>\n<p><a>Cuentas con SOPORTE TECNICO TICKET todo un a\u00f1o SIN COSTO, resolvemos cualquier problema de nuestro conector en la tienda (no cubre eventos provocados*);<\/a><\/p>\n<h4>La Decima .-<\/h4>\n<p><a>Compromiso de Calidad: la Instalaci\u00f3n y Sincronizaci\u00f3n Bancaria la hacemos nosotros SIN COSTO en tu tienda y hacemos que siempre LA CERTIFIQUE EL BANCO para tu seguridad y las de tus compradores; y como PLUS que Nadie ofrece: Factura Fiscal en tu compra 100% Deducible<\/a><\/p>\n","protected":false},"excerpt":{"rendered":"<p>Articulo hecho a la medida. Pasarela de Pago Bancario para los bancos: HSBC,\u00a0 Santander, Inbursa, Inverlat, Banco del Bajio, Bancrecer, Waltmart, Sanborns,\u00a0 (a escoger) para tienda Prestashop 1.5 y 1.6, en versiones mayores es necesario adquirir version especial, en el precio incluye la instalaci\u00f2n y sincronizacion bancaria por el equipo tecnico mojomexico team.Al hacer el pago de e\u015bte producto el Cliente acepta sujetarse a todas las condiciones de venta y cancelaci\u00f3n de nuestro contrato Mojomexico (favor de revisar antes de pagar)<\/p>\n<p>&nbsp;<\/p>\n","protected":false},"featured_media":6481,"template":"","meta":{"saved_in_kubio":false,"_seopress_robots_primary_cat":"","_seopress_titles_title":"","_seopress_titles_desc":"","_seopress_robots_index":"","spay_email":"","jetpack_publicize_message":""},"class_list":{"0":"post-3523","1":"product","2":"type-product","3":"status-publish","4":"has-post-thumbnail","6":"product_cat-pasarela-ps","7":"product_cat-prestashop","8":"product_tag-hsbc","9":"product_tag-inbursa","10":"product_tag-inverlat","11":"product_tag-sanborns","12":"product_tag-santander","13":"product_shipping_class-s-remoto","15":"first","16":"instock","17":"virtual","18":"taxable","19":"purchasable","20":"product-type-simple"},"jetpack_publicize_connections":[],"jetpack_sharing_enabled":true,"jetpack-related-posts":[],"_links":{"self":[{"href":"https:\/\/mojomexico.company\/portal\/wp-json\/wp\/v2\/product\/3523","targetHints":{"allow":["GET"]}}],"collection":[{"href":"https:\/\/mojomexico.company\/portal\/wp-json\/wp\/v2\/product"}],"about":[{"href":"https:\/\/mojomexico.company\/portal\/wp-json\/wp\/v2\/types\/product"}],"wp:featuredmedia":[{"embeddable":true,"href":"https:\/\/mojomexico.company\/portal\/wp-json\/wp\/v2\/media\/6481"}],"wp:attachment":[{"href":"https:\/\/mojomexico.company\/portal\/wp-json\/wp\/v2\/media?parent=3523"}],"curies":[{"name":"wp","href":"https:\/\/api.w.org\/{rel}","templated":true}]}}