{"id":3525,"date":"2020-08-31T17:54:43","date_gmt":"2020-08-31T22:54:43","guid":{"rendered":"http:\/\/mojomexico.company\/portal\/producto\/plugin-prosa-woocommerce-wp\/"},"modified":"2024-03-14T21:42:27","modified_gmt":"2024-03-15T02:42:27","slug":"plugin-woocommerce-bancario","status":"publish","type":"product","link":"https:\/\/mojomexico.company\/portal\/producto\/plugin-woocommerce-bancario\/","title":{"rendered":"Plugin Bancario Woocommerce"},"content":{"rendered":"<p>[symple_tabgroup]<br \/>\n[symple_tab title=\u00bbDescripcion del Producto\u00bb]<\/p>\n<p>&nbsp;<\/p>\n<p>Extensi\u00f3n de pagos (plugin) Bancario\u00a0 para HSBC, INVERLAT, SANTANDER, SCOTIBANK, WALTMART, SANBORNS, BANCRECER, BANCO DEL BAJIO, Y EL RESTO DE BANCOS MEXICANOS, para la versi\u00f3n:<\/p>\n<p>Woocommerce 2.x y 3.x para WordPress, totalmente integrada al\u00a0c\u00f3digo\u00a0original\u00a0 en Backoffice y FrontOffice para recibir tarjetas de cr\u00e9dito y d\u00e9bito y procesar el pago directamente a su cuenta bancaria, todo esto de forma integral e Interno en la tienda , bajo altas normas de seguridad 3D Security que marcan las instituciones bancarias.<\/p>\n<p>Al comprar nuestro producto, \u00e9sto le d\u00e1 derecho al USO exclusivo de nuestro software como licencia para ser instalado por nuestro personal calificado en su \u00a0tienda \u00f3 tiendas\u00a0 \/dominio, nosotros nos hacemos cargo de la instalaci\u00f3n y configuraci\u00f3n via remota en la tienda al 100%. La pasarela de pago se integra a la lista estandar que presenta regularmente (pasos de Checkout), en caso de \u00a0que su tienda utilice una plantilla especial para este proceso de pago, la integraci\u00f3n a dicha pasarela tendr\u00e1 un costo extra al precio marcado (estimable en cada caso) por horas de servicio adaptaci\u00f3n.<\/p>\n<p><span style=\"font-size: 13px; line-height: 19px;\">Los precios est\u00e1n expresados en Pesos Mexicanos , simpre recibir\u00e1 facutura fiscal.<br \/>\n<\/span><\/p>\n<p>[\/symple_tab]<br \/>\n[symple_tab title=\u00bbGarantia y Servicio\u00bb]<\/p>\n<p><b>Que estoy comprando?<\/b><\/p>\n<p>Al comprar nuestro producto, estas adquiriendo UNA Licencia de uso de nuestro producto POR DOMINIO-TIENDA (puedes adquirir varias licencias si manejas multitiendas) desarrollado especificamente para ti.<\/p>\n<p>Solo se entregan programas compilados sin opci\u00f3n a modificar m\u00e1s que por el personal calificado de Mojomexico y solo podr\u00e1 ser usado para el dominio-tienda registrado. El descuento en multitiendas es del 35% de la segunda hasta 99 licencias.<\/p>\n<p><strong>Con \u00e9sta pasarela \u00a0puedo aceptar pagos con tarjetas Visa y Mastercard de \u00a0otros Bancos \u00f3 de cualquier Banco del Mundo?<\/strong><\/p>\n<p>SI, con una pasarela puedes aceptar TODAS las tarjetas Visa y Mastercard nacionales e internacionales, de cualquier pa\u00eds. Regularmente todas las compras que se realicen en tu tienda en otras monedas distintas a PESOS, ser\u00e1n convertidas a pesos, a menos que \u00e9ste arreglo lo fijes con tu banco.<\/p>\n<p><strong>Puedo aceptar American Express?<\/strong><\/p>\n<p>Prosa ofrece \u00e9ste extra cuando usted asi lo contrata, debe pactarlo con Prosa Directo para contar con este servicio.<\/p>\n<p><strong>Puedo insertar \u00a0en mi tienda plan para diferir pagos con y sin intereses a 3,6,9,12 y 18 meses?<\/strong><\/p>\n<p>El precio base no lo incluye, pero puedes adquirir las extensiones a Meses Con \/ Sin interes agregando los modulos extras aqui mismo en las casillas.<\/p>\n<p>&nbsp;<\/p>\n<p><b>Tengo que pagar anualidades \u00f3 comisiones por usar su producto?<\/b><\/p>\n<p>NO, Nuestro producto no requiere anualidades ni comisiones por venta realizada, tu solo compras el producto y lo tienes de por vida para el dominio que destinaste. Todo el convenio de cobro y deposito a tu cuenta de cheques por tarjeta de cr\u00e9dito, es un arreglo de partes entre tu Banco Local y tu.<\/p>\n<p><b>C\u00f3mo es el proceso de instalaci\u00f3n?<\/b><\/p>\n<p>Nosotros te incluimos en el precio, la instalaci\u00f3n y sincronizaci\u00f3n al 100% via Remota (tu tienda tiene que estar en la nube Internet), t\u00fa solo te preocupas en hacer la compra y nosotros nos encargamos de la instalaci\u00f3n, en donde se programa y se fija una vez consolidado tu pago, en un periodo m\u00e1ximo de 3 a 7 d\u00edas.<\/p>\n<p><b>Que garant\u00eda tengo?<\/b><\/p>\n<p>Nosotros te estamos ofreciendo UN A\u00d1O de garant\u00eda y soporte gr\u00e1tis por cualquier falla propia de nuestro producto, pero si la falla es ajena a nuestro c\u00f3digo, ning\u00fan evento est\u00e1 protegido, a menos que quieras adquirir nuestra p\u00f3liza de soporte y protecci\u00f3n para tu sistema.<\/p>\n<p><b>C\u00f3mo puedo ordenar este producto ahora?<\/b><\/p>\n<p>carga el producto a tu carrito de compra y haz tu cierre de compra, ahi puedes escoger tu pago mediante dep\u00f3sito \u00f3 tranferencia electronica (CLABE) bancaria Mundial en tu moneda local<\/p>\n<p>Al final al confirmar tu pago, recibir\u00e1s LA FACTURA FISCAL 100% deducible de tu compra directo en tu mail.<br \/>\n[\/symple_tab]<\/p>\n<p>[symple_tab title=\u00bbPantallas, Videos\u00bb]<\/p>\n<p><img alt=\"\" loading=\"lazy\" decoding=\"async\" data-attachment-id=\"3852\" data-permalink=\"https:\/\/mojomexico.company\/portal\/?attachment_id=3852\" data-orig-file=\"https:\/\/i1.wp.com\/mojomexico.company\/portal\/wp-content\/uploads\/2016\/11\/brand-prosa-pantalla1.png?fit=856%2C568&amp;ssl=1\" data-orig-size=\"856,568\" data-comments-opened=\"1\" data-image-meta=\"{&quot;aperture&quot;:&quot;0&quot;,&quot;credit&quot;:&quot;&quot;,&quot;camera&quot;:&quot;&quot;,&quot;caption&quot;:&quot;&quot;,&quot;created_timestamp&quot;:&quot;0&quot;,&quot;copyright&quot;:&quot;&quot;,&quot;focal_length&quot;:&quot;0&quot;,&quot;iso&quot;:&quot;0&quot;,&quot;shutter_speed&quot;:&quot;0&quot;,&quot;title&quot;:&quot;&quot;,&quot;orientation&quot;:&quot;0&quot;}\" data-image-title=\"prosa zona bancaria mojomexico\" data-image-description=\"\" data-medium-file=\"https:\/\/i1.wp.com\/mojomexico.company\/portal\/wp-content\/uploads\/2016\/11\/brand-prosa-pantalla1.png?fit=300%2C199&amp;ssl=1\" data-large-file=\"https:\/\/i1.wp.com\/mojomexico.company\/portal\/wp-content\/uploads\/2016\/11\/brand-prosa-pantalla1.png?fit=856%2C568&amp;ssl=1\" class=\"alignleft wp-image-3852 size-full\" src=\"https:\/\/i1.wp.com\/mojomexico.company\/portal\/wp-content\/uploads\/2016\/11\/brand-prosa-pantalla1.png?resize=856%2C568&#038;ssl=1\" alt=\"\" width=\"856\" height=\"568\" srcset=\"https:\/\/i1.wp.com\/mojomexico.company\/portal\/wp-content\/uploads\/2016\/11\/brand-prosa-pantalla1.png?w=856&amp;ssl=1 856w, https:\/\/i1.wp.com\/mojomexico.company\/portal\/wp-content\/uploads\/2016\/11\/brand-prosa-pantalla1.png?resize=300%2C199&amp;ssl=1 300w, https:\/\/i1.wp.com\/mojomexico.company\/portal\/wp-content\/uploads\/2016\/11\/brand-prosa-pantalla1.png?resize=768%2C510&amp;ssl=1 768w, https:\/\/i1.wp.com\/mojomexico.company\/portal\/wp-content\/uploads\/2016\/11\/brand-prosa-pantalla1.png?resize=700%2C464&amp;ssl=1 700w\" sizes=\"(max-width: 856px) 100vw, 856px\" data-recalc-dims=\"1\" \/><\/p>\n<p><code><span class=\"embed-youtube\" style=\"text-align:center; display: block;\"><iframe class='youtube-player' width='640' height='360' src='https:\/\/www.youtube.com\/embed\/jTaum8X6QpU?version=3&#038;rel=0&#038;fs=1&#038;autohide=2&#038;showsearch=0&#038;showinfo=1&#038;iv_load_policy=1&#038;wmode=transparent' allowfullscreen='true' style='border:0;'><\/iframe><\/span><\/code><\/p>\n<p>[\/symple_tab]<br \/>\n[\/symple_tabgroup]<\/p>\n","protected":false},"excerpt":{"rendered":"<p>Plugin Bancario para los bancos: HSBC, Inverlat, Banco del Bajio, Bancrecer, Waltmart, Sanborns,\u00a0 Santander, Inbursa y los que la Visa y MC incluyan para Mexico versi\u00f3n para tiendas Woocommerce Instaladas en WordPress<\/p>\n<p>&nbsp;<\/p>\n","protected":false},"featured_media":6481,"template":"","meta":{"saved_in_kubio":false,"_seopress_robots_primary_cat":"","_seopress_titles_title":"","_seopress_titles_desc":"","_seopress_robots_index":"","spay_email":"","jetpack_publicize_message":""},"class_list":{"0":"post-3525","1":"product","2":"type-product","3":"status-publish","4":"has-post-thumbnail","6":"product_cat-conexion-hsbc-inbursa","7":"product_cat-woocommerce-wordpress","8":"product_tag-magento","9":"product_tag-mojomexico","10":"product_tag-visa-woocommerce","11":"product_tag-woocommerce","12":"product_shipping_class-s-remoto","14":"first","15":"instock","16":"virtual","17":"taxable","18":"purchasable","19":"product-type-simple"},"jetpack_publicize_connections":[],"jetpack_sharing_enabled":true,"jetpack-related-posts":[],"_links":{"self":[{"href":"https:\/\/mojomexico.company\/portal\/wp-json\/wp\/v2\/product\/3525","targetHints":{"allow":["GET"]}}],"collection":[{"href":"https:\/\/mojomexico.company\/portal\/wp-json\/wp\/v2\/product"}],"about":[{"href":"https:\/\/mojomexico.company\/portal\/wp-json\/wp\/v2\/types\/product"}],"wp:featuredmedia":[{"embeddable":true,"href":"https:\/\/mojomexico.company\/portal\/wp-json\/wp\/v2\/media\/6481"}],"wp:attachment":[{"href":"https:\/\/mojomexico.company\/portal\/wp-json\/wp\/v2\/media?parent=3525"}],"curies":[{"name":"wp","href":"https:\/\/api.w.org\/{rel}","templated":true}]}}