{"id":3535,"date":"2016-12-09T17:01:06","date_gmt":"2016-12-09T22:01:06","guid":{"rendered":"http:\/\/mojomexico.company\/portal\/producto\/conector-dhl-emision-guia-online-woocommerce\/"},"modified":"2022-06-23T00:49:19","modified_gmt":"2022-06-23T05:49:19","slug":"conector-dhl-emision-guia-online-woocommerce","status":"publish","type":"product","link":"https:\/\/mojomexico.company\/portal\/producto\/conector-dhl-emision-guia-online-woocommerce\/","title":{"rendered":"Conector DHL Tarifador Guia Recolector y Tracking Woocommerce"},"content":{"rendered":"<p>[symple_tabgroup]<br \/>\n[symple_tab title=\u00bbDescripcion del Producto\u00bb]<\/p>\n<p>&nbsp;<\/p>\n<p><img loading=\"lazy\" decoding=\"async\" data-attachment-id=\"3536\" data-permalink=\"https:\/\/mojomexico.company\/portal\/?attachment_id=3536\" data-orig-file=\"https:\/\/i1.wp.com\/mojomexico.company\/portal\/wp-content\/uploads\/2016\/12\/caja-dhl-1.jpg?fit=369%2C395&amp;ssl=1\" data-orig-size=\"369,395\" data-comments-opened=\"1\" data-image-meta=\"{&quot;aperture&quot;:&quot;0&quot;,&quot;credit&quot;:&quot;&quot;,&quot;camera&quot;:&quot;&quot;,&quot;caption&quot;:&quot;&quot;,&quot;created_timestamp&quot;:&quot;0&quot;,&quot;copyright&quot;:&quot;&quot;,&quot;focal_length&quot;:&quot;0&quot;,&quot;iso&quot;:&quot;0&quot;,&quot;shutter_speed&quot;:&quot;0&quot;,&quot;title&quot;:&quot;&quot;,&quot;orientation&quot;:&quot;0&quot;}\" data-image-title=\"dhl woocommerce\" data-image-description=\"\" data-medium-file=\"https:\/\/i1.wp.com\/mojomexico.company\/portal\/wp-content\/uploads\/2016\/12\/caja-dhl-1.jpg?fit=280%2C300&amp;ssl=1\" data-large-file=\"https:\/\/i1.wp.com\/mojomexico.company\/portal\/wp-content\/uploads\/2016\/12\/caja-dhl-1.jpg?fit=369%2C395&amp;ssl=1\" class=\"size-full wp-image-3536 alignleft\" src=\"https:\/\/i1.wp.com\/mojomexico.company\/portal\/wp-content\/uploads\/2016\/12\/caja-dhl-1.jpg?resize=369%2C395&#038;ssl=1\" alt=\"dhl woocommerce\" width=\"369\" height=\"395\" data-wp-pid=\"3536\" srcset=\"https:\/\/i1.wp.com\/mojomexico.company\/portal\/wp-content\/uploads\/2016\/12\/caja-dhl-1.jpg?w=369&amp;ssl=1 369w, https:\/\/i1.wp.com\/mojomexico.company\/portal\/wp-content\/uploads\/2016\/12\/caja-dhl-1.jpg?resize=280%2C300&amp;ssl=1 280w, https:\/\/i1.wp.com\/mojomexico.company\/portal\/wp-content\/uploads\/2016\/12\/caja-dhl-1.jpg?resize=300%2C321&amp;ssl=1 300w, https:\/\/i1.wp.com\/mojomexico.company\/portal\/wp-content\/uploads\/2016\/12\/caja-dhl-1.jpg?resize=220%2C236&amp;ssl=1 220w\" sizes=\"(max-width: 369px) 100vw, 369px\" data-recalc-dims=\"1\" \/>M\u00f3dulo de conexi\u00f3n DHL Online Generador de Tarifador en Pedido- Checkout Frontend de la Tienda , la generaci\u00f3n de Gu\u00eda en zona Backadmin y tambien en Frontend (autoGuia); la generaci\u00f3n de Orden de Recolecci\u00f3n en Backend y Frontend, Tracking (donde est\u00e1 mi pedido ? rastrear pedido). Todo directo de\u00a0 DHL con una Tecla,\u00a0 permite reflejar en su tienda\u00a0 los Costos Reales de Peso-Volumen por cada Pedido, adicional Emite La GUIA y LA ETIQUETA por conexion directa a los equipo servidores via Webserver DHL y Agendar la Recolecci\u00f3n autom\u00e1tica sin la intervenci\u00f3n de ningun Operador, para que DHL pase el dia, hora y direccion que tu le indicas con un solo boton desde tu zona del administrador.<\/p>\n<p>\u00c9ste es un producto es un Plugin Creado por Mojomexico y es\u00a0 Instalable de forma natural como PLUGIN WP, para las versiones Woocommerce desde 2.x\u00a0 hasta 4.x y las nuevas versiones de Woocommerce y\u00a0 WordPress , totalmente integrada al c\u00f3digo original\u00a0 en Backoffice y FrontOffice.<\/p>\n<p>Al comprar nuestro producto, \u00e9sto te d\u00e1 derecho al USO exclusivo de nuestro software como licencia para ser instalado siguiendo nuestra GUIA DE CONFIGURACION Y SINCRONIZACION.<\/p>\n<p>[\/symple_tab]<br \/>\n[symple_tab title=\u00bbGarantia y Servicio\u00bb]<\/p>\n<p><b><img loading=\"lazy\" decoding=\"async\" data-attachment-id=\"3516\" data-permalink=\"https:\/\/mojomexico.company\/portal\/?attachment_id=3516\" data-orig-file=\"https:\/\/i1.wp.com\/mojomexico.company\/portal\/wp-content\/uploads\/2016\/11\/sello-12.png?fit=400%2C270&amp;ssl=1\" data-orig-size=\"400,270\" data-comments-opened=\"1\" data-image-meta=\"{&quot;aperture&quot;:&quot;0&quot;,&quot;credit&quot;:&quot;&quot;,&quot;camera&quot;:&quot;&quot;,&quot;caption&quot;:&quot;&quot;,&quot;created_timestamp&quot;:&quot;0&quot;,&quot;copyright&quot;:&quot;&quot;,&quot;focal_length&quot;:&quot;0&quot;,&quot;iso&quot;:&quot;0&quot;,&quot;shutter_speed&quot;:&quot;0&quot;,&quot;title&quot;:&quot;&quot;,&quot;orientation&quot;:&quot;0&quot;}\" data-image-title=\"calidad mojomexico\" data-image-description=\"\" data-medium-file=\"https:\/\/i1.wp.com\/mojomexico.company\/portal\/wp-content\/uploads\/2016\/11\/sello-12.png?fit=300%2C203&amp;ssl=1\" data-large-file=\"https:\/\/i1.wp.com\/mojomexico.company\/portal\/wp-content\/uploads\/2016\/11\/sello-12.png?fit=400%2C270&amp;ssl=1\" class=\"size-full wp-image-3516 alignleft\" src=\"https:\/\/i1.wp.com\/mojomexico.company\/portal\/wp-content\/uploads\/2016\/11\/sello-12.png?resize=400%2C270&#038;ssl=1\" alt=\"calidad mojomexico\" width=\"400\" height=\"270\" data-wp-pid=\"3516\" srcset=\"https:\/\/i1.wp.com\/mojomexico.company\/portal\/wp-content\/uploads\/2016\/11\/sello-12.png?w=400&amp;ssl=1 400w, https:\/\/i1.wp.com\/mojomexico.company\/portal\/wp-content\/uploads\/2016\/11\/sello-12.png?resize=300%2C203&amp;ssl=1 300w, https:\/\/i1.wp.com\/mojomexico.company\/portal\/wp-content\/uploads\/2016\/11\/sello-12.png?resize=220%2C149&amp;ssl=1 220w\" sizes=\"(max-width: 400px) 100vw, 400px\" data-recalc-dims=\"1\" \/>Que estoy comprando?<\/b><\/p>\n<p>Al comprar nuestro producto, estas adquiriendo Una Licencia de uso de nuestro producto por dominio (puedes adquirir varias licencias si manejas multitiendas) desarrollado especificamente para ti.<\/p>\n<p><strong>Solo se entregan programas compilados sin opci\u00f3n a modificar m\u00e1s que por el personal calificado de Mojomexico y solo podr\u00e1 ser usado para el dominio-tienda registrado. El descuento en multitiendas es del 30% de la segunda hasta 99 licencias.<\/strong><\/p>\n<p><strong>Con \u00e9ste conector DHL puedo obtener el Costo Real de Envio por DHL ?<\/strong><\/p>\n<p>SI, nuestro producto se conecta en tiempo Real a DHL Servidores y toma los valores de las tablas directas para obtener el costo real de Envio por Pedido.<\/p>\n<p><strong>Puede emitir la Etiqueta t\u00e9rmica de mis paquetes?<\/strong><\/p>\n<p>SI, nuestro conector envia la etiqueta al Admin posterior a generar la GUIA DE ENVIO en este mismo m\u00f3dulo.<\/p>\n<p><strong>Puede emitir la GUIA-ORDEN DE RECOLECCI\u00d3N DHL?<\/strong><\/p>\n<p>SI, nuestro producto permite SOLICITAR LA RECOLECCION A DHL via la generaci\u00f3n de la GUIA desde la misma tienda Woocommerce por cada Pedido.<\/p>\n<p>&nbsp;<\/p>\n<p><b>Tengo que pagar anualidades \u00f3 comisiones por usar su producto?<\/b><\/p>\n<p>NO, pero si debe CONTRATAR una POLIZA ANUAL de soporte y actualizaciones por los a\u00f1os futuros para garantizar el servicio del conector y estar protegidos.<\/p>\n<p><b>C\u00f3mo es el proceso de instalaci\u00f3n?<\/b><\/p>\n<p>Nosotros te proporcionamos una GUIA DE CONFIGURACION Y SINCRONIZACION facil y sencilla, todos nuestros programas se auto-integran como PLUGIN normales a la tienda web<\/p>\n<p><b>Que garant\u00eda tengo?<\/b><\/p>\n<p>Nosotros te estamos ofreciendo UN A\u00d1O de garant\u00eda y soporte gr\u00e1tis por cualquier falla propia de nuestro producto, pero si la falla es ajena a nuestro c\u00f3digo, ning\u00fan evento est\u00e1 protegido, a menos que quieras adquirir nuestra p\u00f3liza de soporte y protecci\u00f3n para tu sistema.<\/p>\n<p><b>C\u00f3mo puedo ordenar este producto ahora?<\/b><\/p>\n<p>carga el producto a tu carrito de compra y haz tu cierre de compra, ahi puedes escoger tu forma de pago<br \/>\n[\/symple_tab]<\/p>\n<p>[symple_tab title=\u00bbVideo del Conector trabajando\u00bb]<\/p>\n<p>[ct_slideshow images=\u00bbundefined\u00bb effect=\u00bbfade\u00bb speed=\u00bb800&#8243; timeout=\u00bb6000&#8243; pager=\u00bbnone\u00bb navigation=\u00bbnone\u00bb ]<\/p>\n<p><a href=\"https:\/\/mojomexico.company\/portal\/?attachment_id=7040\" rel=\"attachment wp-att-7040\"><img alt=\"\" loading=\"lazy\" decoding=\"async\" data-attachment-id=\"7040\" data-permalink=\"https:\/\/mojomexico.company\/portal\/?attachment_id=7040\" data-orig-file=\"https:\/\/i0.wp.com\/mojomexico.company\/portal\/wp-content\/uploads\/2016\/12\/dhl-recibido.png?fit=970%2C604&amp;ssl=1\" data-orig-size=\"970,604\" data-comments-opened=\"1\" data-image-meta=\"{&quot;aperture&quot;:&quot;0&quot;,&quot;credit&quot;:&quot;&quot;,&quot;camera&quot;:&quot;&quot;,&quot;caption&quot;:&quot;&quot;,&quot;created_timestamp&quot;:&quot;0&quot;,&quot;copyright&quot;:&quot;&quot;,&quot;focal_length&quot;:&quot;0&quot;,&quot;iso&quot;:&quot;0&quot;,&quot;shutter_speed&quot;:&quot;0&quot;,&quot;title&quot;:&quot;&quot;,&quot;orientation&quot;:&quot;0&quot;}\" data-image-title=\"dhl-recibido\" data-image-description=\"\" data-medium-file=\"https:\/\/i0.wp.com\/mojomexico.company\/portal\/wp-content\/uploads\/2016\/12\/dhl-recibido.png?fit=250%2C156&amp;ssl=1\" data-large-file=\"https:\/\/i0.wp.com\/mojomexico.company\/portal\/wp-content\/uploads\/2016\/12\/dhl-recibido.png?fit=700%2C436&amp;ssl=1\" class=\"alignleft size-full wp-image-7040\" src=\"https:\/\/i0.wp.com\/mojomexico.company\/portal\/wp-content\/uploads\/2016\/12\/dhl-recibido.png?resize=970%2C604&#038;ssl=1\" alt=\"\" width=\"970\" height=\"604\" srcset=\"https:\/\/i0.wp.com\/mojomexico.company\/portal\/wp-content\/uploads\/2016\/12\/dhl-recibido.png?w=970&amp;ssl=1 970w, https:\/\/i0.wp.com\/mojomexico.company\/portal\/wp-content\/uploads\/2016\/12\/dhl-recibido.png?resize=250%2C156&amp;ssl=1 250w, https:\/\/i0.wp.com\/mojomexico.company\/portal\/wp-content\/uploads\/2016\/12\/dhl-recibido.png?resize=700%2C436&amp;ssl=1 700w, https:\/\/i0.wp.com\/mojomexico.company\/portal\/wp-content\/uploads\/2016\/12\/dhl-recibido.png?resize=768%2C478&amp;ssl=1 768w, https:\/\/i0.wp.com\/mojomexico.company\/portal\/wp-content\/uploads\/2016\/12\/dhl-recibido.png?resize=600%2C374&amp;ssl=1 600w, https:\/\/i0.wp.com\/mojomexico.company\/portal\/wp-content\/uploads\/2016\/12\/dhl-recibido.png?resize=120%2C75&amp;ssl=1 120w\" sizes=\"(max-width: 970px) 100vw, 970px\" data-recalc-dims=\"1\" \/><\/a><\/p>\n<p>&nbsp;<\/p>\n<p>[\/ct_slideshow]<\/p>\n<p><code>\u00a0VER NUESTRO CANAL: MOJOMEXICO EN YOUTUBE.<\/code><\/p>\n<p>[\/symple_tab]<br \/>\n[\/symple_tabgroup]<\/p>\n","protected":false},"excerpt":{"rendered":"<p><a href=\"https:\/\/mojomexico.company\/portal\/producto\/conector-dhl-emision-guia-online-woocommerce\/caja-dhl-1\/\" rel=\"attachment wp-att-3536\"><img alt=\"\" loading=\"lazy\" decoding=\"async\" class=\"alignleft size-medium wp-image-3536\" src=\"https:\/\/mojomexico.company\/portal\/wp-content\/uploads\/2016\/12\/caja-dhl-1-280x300.jpg\" alt=\"\" width=\"280\" height=\"300\" srcset=\"https:\/\/i1.wp.com\/mojomexico.company\/portal\/wp-content\/uploads\/2016\/12\/caja-dhl-1.jpg?resize=280%2C300&amp;ssl=1 280w, https:\/\/i1.wp.com\/mojomexico.company\/portal\/wp-content\/uploads\/2016\/12\/caja-dhl-1.jpg?resize=300%2C321&amp;ssl=1 300w, https:\/\/i1.wp.com\/mojomexico.company\/portal\/wp-content\/uploads\/2016\/12\/caja-dhl-1.jpg?resize=220%2C236&amp;ssl=1 220w, https:\/\/i1.wp.com\/mojomexico.company\/portal\/wp-content\/uploads\/2016\/12\/caja-dhl-1.jpg?w=369&amp;ssl=1 369w\" sizes=\"(max-width: 280px) 100vw, 280px\" \/><\/a>M\u00f3dulo de conexi\u00f3n DHL Online Generador de Tarifador en Pedido- Checkout Frontend de la Tienda , la generaci\u00f3n de Gu\u00eda en zona Backadmin y tambien en Frontend (autoGuia); la generaci\u00f3n de Orden de Recolecci\u00f3n en Backend y Frontend, Tracking (donde est\u00e1 mi pedido ? rastrear pedido). Todo directo de\u00a0 DHL con una Tecla,\u00a0 permite reflejar en su tienda\u00a0 los Costos Reales de Peso-Volumen por cada Pedido, adicional Emite La GUIA y LA ETIQUETA por conexion directa a los equipo servidores via Webserver DHL y Agendar la Recolecci\u00f3n autom\u00e1tica sin la intervenci\u00f3n de ningun Operador, todo por un clic.<\/p>\n<p>\u00c9ste es un producto es un Plugin Creado por Mojomexico y es\u00a0 Instalable de forma natural como PLUGIN WP, para las versiones Woocommerce desde 2.x\u00a0 hasta 4.x y las nuevas versiones de Woocommerce y\u00a0 WordPress , totalmente integrada al c\u00f3digo original\u00a0 en Backoffice y FrontOffice.<\/p>\n<p>Puedes crecer a tu medida, haz aqui tu configuraci\u00f3n ideal seleccionando en cada casilla a contuacion lo que deseas agregar al carrito.<\/p>\n","protected":false},"featured_media":3536,"template":"","meta":{"saved_in_kubio":false,"_seopress_robots_primary_cat":"","_seopress_titles_title":"","_seopress_titles_desc":"","_seopress_robots_index":"","spay_email":"","jetpack_publicize_message":""},"class_list":{"0":"post-3535","1":"product","2":"type-product","3":"status-publish","4":"has-post-thumbnail","6":"product_cat-conexion-fedex-dhl","7":"product_cat-woocommerce-wordpress","8":"product_tag-dhl-prestashop","9":"product_tag-dhl-webservice","10":"product_tag-dhl-woocommerce","11":"product_tag-guia-etiqueta-dhl","12":"product_tag-guia-fedex","13":"product_tag-recolector-dhl-fedex","14":"product_tag-tarifador-fedex","15":"product_tag-tarifador-dhl","16":"product_tag-tracking-fedex-dhl","17":"product_shipping_class-s-remoto","19":"first","20":"instock","21":"taxable","22":"shipping-taxable","23":"product-type-grouped"},"jetpack_publicize_connections":[],"jetpack_sharing_enabled":true,"jetpack-related-posts":[],"_links":{"self":[{"href":"https:\/\/mojomexico.company\/portal\/wp-json\/wp\/v2\/product\/3535","targetHints":{"allow":["GET"]}}],"collection":[{"href":"https:\/\/mojomexico.company\/portal\/wp-json\/wp\/v2\/product"}],"about":[{"href":"https:\/\/mojomexico.company\/portal\/wp-json\/wp\/v2\/types\/product"}],"wp:featuredmedia":[{"embeddable":true,"href":"https:\/\/mojomexico.company\/portal\/wp-json\/wp\/v2\/media\/3536"}],"wp:attachment":[{"href":"https:\/\/mojomexico.company\/portal\/wp-json\/wp\/v2\/media?parent=3535"}],"curies":[{"name":"wp","href":"https:\/\/api.w.org\/{rel}","templated":true}]}}