{"id":3585,"date":"2020-08-31T21:13:03","date_gmt":"2020-09-01T02:13:03","guid":{"rendered":"http:\/\/mojomexico.company\/portal\/producto\/pasarela-de-pago-bankia-magento\/"},"modified":"2024-01-22T05:32:56","modified_gmt":"2024-01-22T10:32:56","slug":"pasarela-de-pago-bankia-magento","status":"publish","type":"product","link":"https:\/\/mojomexico.company\/portal\/producto\/pasarela-de-pago-bankia-magento\/","title":{"rendered":"Pasarela de pago Bankia MagentoCE"},"content":{"rendered":"<p>[symple_tabgroup]<br \/>\n[symple_tab title=\u00bbDescripcion del Producto\u00bb]<\/p>\n<p>&nbsp;<\/p>\n<p><img loading=\"lazy\" decoding=\"async\" data-attachment-id=\"3586\" data-permalink=\"https:\/\/mojomexico.company\/portal\/?attachment_id=3586\" data-orig-file=\"https:\/\/i1.wp.com\/mojomexico.company\/portal\/wp-content\/uploads\/2017\/01\/caja-bankia-1.jpg?fit=369%2C395&amp;ssl=1\" data-orig-size=\"369,395\" data-comments-opened=\"1\" data-image-meta=\"{&quot;aperture&quot;:&quot;0&quot;,&quot;credit&quot;:&quot;&quot;,&quot;camera&quot;:&quot;&quot;,&quot;caption&quot;:&quot;&quot;,&quot;created_timestamp&quot;:&quot;0&quot;,&quot;copyright&quot;:&quot;&quot;,&quot;focal_length&quot;:&quot;0&quot;,&quot;iso&quot;:&quot;0&quot;,&quot;shutter_speed&quot;:&quot;0&quot;,&quot;title&quot;:&quot;&quot;,&quot;orientation&quot;:&quot;0&quot;}\" data-image-title=\"caja-bankia-1\" data-image-description=\"\" data-medium-file=\"https:\/\/i1.wp.com\/mojomexico.company\/portal\/wp-content\/uploads\/2017\/01\/caja-bankia-1.jpg?fit=280%2C300&amp;ssl=1\" data-large-file=\"https:\/\/i1.wp.com\/mojomexico.company\/portal\/wp-content\/uploads\/2017\/01\/caja-bankia-1.jpg?fit=369%2C395&amp;ssl=1\" class=\"alignleft size-full wp-image-3586\" src=\"https:\/\/i1.wp.com\/mojomexico.company\/portal\/wp-content\/uploads\/2017\/01\/caja-bankia-1.jpg?resize=369%2C395&#038;ssl=1\" alt=\"caja-bankia-1\" width=\"369\" height=\"395\" data-wp-pid=\"3586\" srcset=\"https:\/\/i1.wp.com\/mojomexico.company\/portal\/wp-content\/uploads\/2017\/01\/caja-bankia-1.jpg?w=369&amp;ssl=1 369w, https:\/\/i1.wp.com\/mojomexico.company\/portal\/wp-content\/uploads\/2017\/01\/caja-bankia-1.jpg?resize=280%2C300&amp;ssl=1 280w, https:\/\/i1.wp.com\/mojomexico.company\/portal\/wp-content\/uploads\/2017\/01\/caja-bankia-1.jpg?resize=300%2C321&amp;ssl=1 300w, https:\/\/i1.wp.com\/mojomexico.company\/portal\/wp-content\/uploads\/2017\/01\/caja-bankia-1.jpg?resize=220%2C236&amp;ssl=1 220w\" sizes=\"(max-width: 369px) 100vw, 369px\" data-recalc-dims=\"1\" \/>Extensi\u00f3n\u00a0de pagos para la versi\u00f3n Magento CE 1.7.x hasta 1.9.x totalmente integrada al\u00a0c\u00f3digo\u00a0original de Magento en Backoffice y FrontOffice para recibir tarjetas de cr\u00e9dito y d\u00e9bito y procesar el pago directamente a su cuenta bancaria, todo esto de forma integral e Interno en la tienda Magento, bajo altas normas de seguridad de <strong>Bankia Espa\u00f1a.<\/strong><\/p>\n<p>Al comprar nuestro producto, \u00e9sto le d\u00e1 derecho al USO exclusivo de nuestro software como licencia para ser instalado por nuestro personal calificado en su \u00a0tienda \u00f3 tiendas Magento CE \/dominio, nosotros nos hacemos cargo de la instalaci\u00f3n y configuraci\u00f3n via remota en la tienda Magento CE, al 100%.<\/p>\n<p>La pasarela de pago se integra a la lista estandar que presenta regularmente Magento, en caso de \u00a0que su tienda utilice un Proceso de Checkout especial para este proceso de pago (como por ejemplo IWD Onestepcheckout) , en este caso deber\u00e1 cargar a su producto el servicio extra que se presente en los botones aqui mismo.<\/p>\n<p><span style=\"font-size: 13px; line-height: 19px;\">Los precios est\u00e1n expresados en Pesos Mexicanos y son sin IVA, su factura Fiscal ser\u00e1 enviada via electr\u00f3nica posterior a la confirmaci\u00f3n de su pago efectivo por nuestro depto. contable..<\/span><\/p>\n<p>[\/symple_tab]<br \/>\n[symple_tab title=\u00bbPreguntas Frecuentes y Garantia \u00ab]<\/p>\n<p><b><img loading=\"lazy\" decoding=\"async\" data-attachment-id=\"3404\" data-permalink=\"https:\/\/mojomexico.company\/portal\/?attachment_id=3404\" data-orig-file=\"https:\/\/i2.wp.com\/mojomexico.company\/portal\/wp-content\/uploads\/2016\/09\/sello-servicio6AA.png?fit=315%2C305&amp;ssl=1\" data-orig-size=\"315,305\" data-comments-opened=\"1\" data-image-meta=\"{&quot;aperture&quot;:&quot;0&quot;,&quot;credit&quot;:&quot;&quot;,&quot;camera&quot;:&quot;&quot;,&quot;caption&quot;:&quot;&quot;,&quot;created_timestamp&quot;:&quot;0&quot;,&quot;copyright&quot;:&quot;&quot;,&quot;focal_length&quot;:&quot;0&quot;,&quot;iso&quot;:&quot;0&quot;,&quot;shutter_speed&quot;:&quot;0&quot;,&quot;title&quot;:&quot;&quot;,&quot;orientation&quot;:&quot;0&quot;}\" data-image-title=\"mojomexico app\" data-image-description=\"\" data-medium-file=\"https:\/\/i2.wp.com\/mojomexico.company\/portal\/wp-content\/uploads\/2016\/09\/sello-servicio6AA.png?fit=300%2C290&amp;ssl=1\" data-large-file=\"https:\/\/i2.wp.com\/mojomexico.company\/portal\/wp-content\/uploads\/2016\/09\/sello-servicio6AA.png?fit=315%2C305&amp;ssl=1\" class=\" wp-image-3404 alignleft\" src=\"https:\/\/i2.wp.com\/mojomexico.company\/portal\/wp-content\/uploads\/2016\/09\/sello-servicio6AA.png?resize=270%2C261&#038;ssl=1\" alt=\"mojomexico app\" width=\"270\" height=\"261\" data-wp-pid=\"3404\" srcset=\"https:\/\/i2.wp.com\/mojomexico.company\/portal\/wp-content\/uploads\/2016\/09\/sello-servicio6AA.png?w=315&amp;ssl=1 315w, https:\/\/i2.wp.com\/mojomexico.company\/portal\/wp-content\/uploads\/2016\/09\/sello-servicio6AA.png?resize=300%2C290&amp;ssl=1 300w\" sizes=\"(max-width: 270px) 100vw, 270px\" data-recalc-dims=\"1\" \/>Que estoy comprando?<\/b><\/p>\n<p>Al comprar nuestro producto, estas adquiriendo el derecho de uso de nuestro producto por dominio (puedes adquirir varias licencias si manejas multitiendas) solo para el dominio \u00f3 dominios que registras en tu compra.<\/p>\n<p>Solo se entregan programas compilados sin opci\u00f3n a modificar m\u00e1s que por el personal calificado de Mojomexico y solo podr\u00e1 ser usado para el dominio-tienda registrado. El descuento en multitiendas es del 35% de la segunda hasta 99 licencias.<\/p>\n<p><strong>Con \u00e9sta pasarela puedo aceptar pagos con tarjetas Visa y Mastercard de otros Bancos \u00f3 de cualquier Banco del Mundo?<\/strong><\/p>\n<p>SI, con una pasarela puedes aceptar TODAS las tarjetas Visa y Mastercard nacionales e internacionales, de cualquier pa\u00eds. Regularmente todas las compras que se realicen en tu tienda en otras monedas distintas a PESOS, ser\u00e1n convertidas a pesos, a menos que \u00e9ste arreglo lo fijes con tu banco.<\/p>\n<p><strong>Puedo aceptar American Express?<\/strong><\/p>\n<p>No , pero puedes adquirir el producto Amex en este mismo catalogo para tu version de tienda web.<\/p>\n<p><strong>Puedo manejar pagos de 3,6,9,12 y 18 meses con y sin intereses en esta pasarela de pago?<\/strong><\/p>\n<p>No, para este efecto deberas COMPRAR EL MODULO DE DIFERIR A MESES SIN\/CON INTERES que tenemos publicado en este catalogo.<\/p>\n<p>&nbsp;<\/p>\n<p><b>Tengo que pagar anualidades \u00f3 comisiones por usar su producto?<\/b><\/p>\n<p>No, Nuestro producto no requiere anualidades ni comisiones por venta realizada, tu solo compras el producto y lo tienes de por vida para el dominio que destinaste.<\/p>\n<p><b>C\u00f3mo es el proceso de instalaci\u00f3n?<\/b><\/p>\n<p>Nosotros te incluimos en el precio, la instalaci\u00f3n y sincronizaci\u00f3n al 100% via Remota (tu tienda tiene que estar en la nube internet), t\u00fa solo te preocupas en hacer la compra y nosotros nos encargamos de la instalaci\u00f3n, en donde se programa y se fija una vez consolidado tu pago, en un periodo m\u00e1ximo de 3 a 7 dias.<\/p>\n<p><b>Que garant\u00eda tengo?<\/b><\/p>\n<p>Nosotros te estamos ofreciendo UN A\u00d1O de garant\u00eda y soporte gr\u00e1tis por cualquier falla propia de nuestro producto, pero si la falla es ajena a nuestro c\u00f3digo, ning\u00fan evento est\u00e1 protegido, a menos que quieras adquirir nuestra p\u00f3liza de soporte y protecci\u00f3n para tu sistema.<\/p>\n<p><b>C\u00f3mo puedo ordenar este producto ahora?<\/b><\/p>\n<p>carga el producto a tu carrito de compra y haz tu cierre de compra, puedes pagar con dep\u00f3sito \u00f3 tranferencia electronica (CLABE) bancaria Mundial en tu moneda local.<\/p>\n<p><strong>En mi compra voy a tener Factura Fiscal ?<\/strong><\/p>\n<p>Si, Al final recibir\u00e1s la factura Fiscal 100% deducible directo a tu mail una vez que nuestro depto. contable verifique tu pago.<br \/>\n[\/symple_tab]<\/p>\n<p>[symple_tab title=\u00bbVideo demo\u00bb]<\/p>\n<p><code><span class=\"embed-youtube\" style=\"text-align:center; display: block;\"><iframe class='youtube-player' width='640' height='360' src='https:\/\/www.youtube.com\/embed\/jTaum8X6QpU?version=3&#038;rel=0&#038;fs=1&#038;autohide=2&#038;showsearch=0&#038;showinfo=1&#038;iv_load_policy=1&#038;wmode=transparent' allowfullscreen='true' style='border:0;'><\/iframe><\/span><\/code><\/p>\n<p>[\/symple_tab]<br \/>\n[\/symple_tabgroup]<\/p>\n","protected":false},"excerpt":{"rendered":"<p>Pasarela de Pagos Bankia Espa\u00f1a\u00a0 para tiendas MagentoCE ver. 1.7 a 1.9.x, en el precio ya est\u00e1 incluido el servicio de instalaci\u00f3n y sincronizacion de su tienda con el banco por nuestro equipo t\u00e9cnico mojomexico.<\/p>\n<p><img loading=\"lazy\" decoding=\"async\" class=\"alignleft wp-image-3524 size-medium\" src=\"https:\/\/mojomexico.company\/portal\/wp-content\/uploads\/2016\/11\/boton-gratis2A-300x178.png\" alt=\"boton gratis mojomexico\" width=\"300\" height=\"178\" data-wp-pid=\"3524\" srcset=\"https:\/\/i0.wp.com\/mojomexico.company\/portal\/wp-content\/uploads\/2016\/11\/boton-gratis2A.png?resize=300%2C178&amp;ssl=1 300w, https:\/\/i0.wp.com\/mojomexico.company\/portal\/wp-content\/uploads\/2016\/11\/boton-gratis2A.png?resize=220%2C131&amp;ssl=1 220w, https:\/\/i0.wp.com\/mojomexico.company\/portal\/wp-content\/uploads\/2016\/11\/boton-gratis2A.png?w=320&amp;ssl=1 320w\" sizes=\"(max-width: 300px) 100vw, 300px\" \/><\/p>\n","protected":false},"featured_media":3586,"template":"","meta":{"saved_in_kubio":false,"_seopress_robots_primary_cat":"","_seopress_titles_title":"","_seopress_titles_desc":"","_seopress_robots_index":"","spay_email":"","jetpack_publicize_message":""},"class_list":{"0":"post-3585","1":"product","2":"type-product","3":"status-publish","4":"has-post-thumbnail","6":"product_cat-conexion-bancos-mg","7":"product_cat-magento-ce","8":"product_cat-magento2-ce","9":"product_tag-bankia-magento","10":"product_tag-magento-bankia","11":"product_shipping_class-s-remoto","13":"first","14":"instock","15":"virtual","16":"taxable","17":"purchasable","18":"product-type-simple"},"jetpack_publicize_connections":[],"jetpack_sharing_enabled":true,"jetpack-related-posts":[],"_links":{"self":[{"href":"https:\/\/mojomexico.company\/portal\/wp-json\/wp\/v2\/product\/3585","targetHints":{"allow":["GET"]}}],"collection":[{"href":"https:\/\/mojomexico.company\/portal\/wp-json\/wp\/v2\/product"}],"about":[{"href":"https:\/\/mojomexico.company\/portal\/wp-json\/wp\/v2\/types\/product"}],"wp:featuredmedia":[{"embeddable":true,"href":"https:\/\/mojomexico.company\/portal\/wp-json\/wp\/v2\/media\/3586"}],"wp:attachment":[{"href":"https:\/\/mojomexico.company\/portal\/wp-json\/wp\/v2\/media?parent=3585"}],"curies":[{"name":"wp","href":"https:\/\/api.w.org\/{rel}","templated":true}]}}