{"id":3596,"date":"2017-01-06T04:44:26","date_gmt":"2017-01-06T09:44:26","guid":{"rendered":"http:\/\/mojomexico.company\/portal\/producto\/conector-factura-fiscal-pac-woocommerce-ver-beta\/"},"modified":"2026-03-23T12:49:03","modified_gmt":"2026-03-23T18:49:03","slug":"conector-factura-fiscal-pac-woocommerce-ver-beta","status":"publish","type":"product","link":"https:\/\/mojomexico.company\/portal\/producto\/conector-factura-fiscal-pac-woocommerce-ver-beta\/","title":{"rendered":"Conector Factura FIscal PAC   Woocommerce"},"content":{"rendered":"<p>[symple_tabgroup]<br \/>\n[symple_tab title=\u00bbDescripcion del Producto\u00bb]<\/p>\n<p><a href=\"https:\/\/mojomexico.company\/portal\/producto\/conector-factura-fiscal-pac-magentoce2\/caja-pac1\/\" rel=\"attachment wp-att-6537\"><img alt=\"\" loading=\"lazy\" decoding=\"async\" data-attachment-id=\"6537\" data-permalink=\"https:\/\/mojomexico.company\/portal\/?attachment_id=6537\" data-orig-file=\"https:\/\/i2.wp.com\/mojomexico.company\/portal\/wp-content\/uploads\/2020\/06\/caja-pac1.png?fit=369%2C395&amp;ssl=1\" data-orig-size=\"369,395\" data-comments-opened=\"1\" data-image-meta=\"{&quot;aperture&quot;:&quot;0&quot;,&quot;credit&quot;:&quot;&quot;,&quot;camera&quot;:&quot;&quot;,&quot;caption&quot;:&quot;&quot;,&quot;created_timestamp&quot;:&quot;0&quot;,&quot;copyright&quot;:&quot;&quot;,&quot;focal_length&quot;:&quot;0&quot;,&quot;iso&quot;:&quot;0&quot;,&quot;shutter_speed&quot;:&quot;0&quot;,&quot;title&quot;:&quot;&quot;,&quot;orientation&quot;:&quot;0&quot;}\" data-image-title=\"caja-pac1\" data-image-description=\"\" data-medium-file=\"https:\/\/i2.wp.com\/mojomexico.company\/portal\/wp-content\/uploads\/2020\/06\/caja-pac1.png?fit=250%2C268&amp;ssl=1\" data-large-file=\"https:\/\/i2.wp.com\/mojomexico.company\/portal\/wp-content\/uploads\/2020\/06\/caja-pac1.png?fit=369%2C395&amp;ssl=1\" class=\"alignleft size-full wp-image-6537\" src=\"https:\/\/i2.wp.com\/mojomexico.company\/portal\/wp-content\/uploads\/2020\/06\/caja-pac1.png?resize=369%2C395&#038;ssl=1\" alt=\"\" width=\"369\" height=\"395\" srcset=\"https:\/\/i2.wp.com\/mojomexico.company\/portal\/wp-content\/uploads\/2020\/06\/caja-pac1.png?w=369&amp;ssl=1 369w, https:\/\/i2.wp.com\/mojomexico.company\/portal\/wp-content\/uploads\/2020\/06\/caja-pac1.png?resize=250%2C268&amp;ssl=1 250w, https:\/\/i2.wp.com\/mojomexico.company\/portal\/wp-content\/uploads\/2020\/06\/caja-pac1.png?resize=120%2C128&amp;ssl=1 120w\" sizes=\"(max-width: 369px) 100vw, 369px\" data-recalc-dims=\"1\" \/><\/a>Extensi\u00f3n para Conectar las tiendas\u00a0 Woocommerce en WordPressal servicio <strong>Webservice de Proveedores PAC para la Facturaci\u00f3n Electr\u00f3nica SAT Nacional \u00f3 de cualquier Pa\u00eds<\/strong> con emisi\u00f3n electr\u00f3nica, totalmente integrada al\u00a0c\u00f3digo\u00a0original de Magento en Backoffice <strong>.<\/strong><\/p>\n<p>\u00e9ste producto fue desarrollado para que puedas FACTURAR de Forma Fiscal 100% v\u00e1lida con los candados , timbres y sellos electr\u00f3nicos que marca el SAT, mediante la conexi\u00f3n remota WEBSERVICE (Tu proveedor PAC debe contar con este servicio al 100%) con los proveedores PAC Autorizados en M\u00e9xico.<\/p>\n<p>\u00c9ste producto s\u00f3lo permite que el Administrador de la tienda Genere la Factura de forma Manual enviando solo los datos de la Orden (pagada o por procesar) al PAC y recibir como respuiesta los archivos PDF y XML directo en Linea, asumiendo que el PAC deber\u00e1 generar en su validador todos los procesos de emision fiscal (cadena, sello y firma) \u00a0 para que al recibirlo el admin lo envie via mail la factura a sus Clientes.<\/p>\n<p>Puede agregar el Modulo extra para que tambien se emita dicha generaci\u00f3n\u00a0\u00a0directa del Historico de Pedidos Del Cliente, y este modulo adicional lo puedes agregar aqui mismo en las \u00a0casillas anexas (cuadros amarillos al aldo del precio inicial).<\/p>\n<p>Al comprar nuestro producto, \u00e9sto le d\u00e1 derecho al USO exclusivo de nuestro software como licencia para ser instalado por su cuenta. Incluimos una GUIA de instalacion facil.<\/p>\n<h4><span style=\"font-size: 13px; line-height: 19px;\">Importante:<\/span><\/h4>\n<p>Nuestros productos son HECHOS A LA MEDIDA con las LIMITACIONES\u00a0 propias de cada MOTOR-TIENDA CMS-Ecomercio por lo tanto nuestra garant\u00eda se limita a integrarse \u00e9ste Motor y sus\u00a0 acciones normales, en caso de inconsistencias en su propio codigo de su tienda o conflictos con otros plugin,\u00a0 nuestra garant\u00eda NO cubre en estos precios el soporte t\u00e9cnico ni la soluci\u00f3n de conflictos ni errores de su versi\u00f3n. (solo basta con revisar en los foros todos los errores reportados para ser suficiente soporte de falla). Se le recomienda que lea y se entere de las politicas de servicio y garantia que tenemos aqui mismo publicadas abriendo la siguiente pesta\u00f1a asi como leer\u00a0 nuestro contrato Mojomexico de Servicio\u00a0 Publicado y disponible a todo el publico ubicado en la parte Men\u00fa Superior de \u00e9sta tienda.<\/p>\n<p>[\/symple_tab]<br \/>\n[symple_tab title=\u00bbGarantia y Servicio\u00bb]<\/p>\n<p><b><img loading=\"lazy\" decoding=\"async\" data-attachment-id=\"3404\" data-permalink=\"https:\/\/mojomexico.company\/portal\/?attachment_id=3404\" data-orig-file=\"https:\/\/i2.wp.com\/mojomexico.company\/portal\/wp-content\/uploads\/2016\/09\/sello-servicio6AA.png?fit=315%2C305&amp;ssl=1\" data-orig-size=\"315,305\" data-comments-opened=\"1\" data-image-meta=\"{&quot;aperture&quot;:&quot;0&quot;,&quot;credit&quot;:&quot;&quot;,&quot;camera&quot;:&quot;&quot;,&quot;caption&quot;:&quot;&quot;,&quot;created_timestamp&quot;:&quot;0&quot;,&quot;copyright&quot;:&quot;&quot;,&quot;focal_length&quot;:&quot;0&quot;,&quot;iso&quot;:&quot;0&quot;,&quot;shutter_speed&quot;:&quot;0&quot;,&quot;title&quot;:&quot;&quot;,&quot;orientation&quot;:&quot;0&quot;}\" data-image-title=\"mojomexico app\" data-image-description=\"\" data-medium-file=\"https:\/\/i2.wp.com\/mojomexico.company\/portal\/wp-content\/uploads\/2016\/09\/sello-servicio6AA.png?fit=300%2C290&amp;ssl=1\" data-large-file=\"https:\/\/i2.wp.com\/mojomexico.company\/portal\/wp-content\/uploads\/2016\/09\/sello-servicio6AA.png?fit=315%2C305&amp;ssl=1\" class=\" wp-image-3404 alignleft\" src=\"https:\/\/i2.wp.com\/mojomexico.company\/portal\/wp-content\/uploads\/2016\/09\/sello-servicio6AA.png?resize=270%2C261&#038;ssl=1\" alt=\"mojomexico app\" width=\"270\" height=\"261\" data-wp-pid=\"3404\" srcset=\"https:\/\/i2.wp.com\/mojomexico.company\/portal\/wp-content\/uploads\/2016\/09\/sello-servicio6AA.png?w=315&amp;ssl=1 315w, https:\/\/i2.wp.com\/mojomexico.company\/portal\/wp-content\/uploads\/2016\/09\/sello-servicio6AA.png?resize=300%2C290&amp;ssl=1 300w\" sizes=\"(max-width: 270px) 100vw, 270px\" data-recalc-dims=\"1\" \/>Que estoy comprando?<\/b><\/p>\n<p>Al comprar nuestro producto, estas adquiriendo el derecho de uso de nuestro producto por dominio (puedes adquirir varias licencias si manejas multitiendas) solo para el dominio \u00f3 dominios que registras en tu compra.<\/p>\n<p>Solo se entregan programas compilados sin opci\u00f3n a modificar m\u00e1s que por el personal calificado de Mojomexico y solo podr\u00e1 ser usado para el dominio-tienda registrado. El descuento en multitiendas es del 35% de la segunda hasta 99 licencias.<\/p>\n<p><strong>Con \u00e9ste producto puedo facturar mis Propias Facturas Fiscales?<\/strong><\/p>\n<p>No, seg\u00fan las leyes Mexicanas, para la facturaci\u00f3n Fiscal se requiere utilizar los servicios de un PAC (Proveedor Autorizado Certificado) en M\u00e9xico, por lo tanto nuestro programa CONECTA a tu tienda web\u00a0con el PROVEEDOR PAC AUTORIZADO Y SUS SISTEMAS DE VALIDACI\u00d3N FISCAL siendo \u00e9ste (el PAC) el encargado del 100% del proceso de emision fiscal (esto es generar cadena, sello y firma fiscal, si deseas tambien contamos con el Desarrollo de \u00abEmision de Factura por tus propios Medios..\u00bb pero esto es diferente y se cotiza aparte segun el caso es decir este producto no se refiere al funcionamiento que acabo de mencionar).<\/p>\n<p>El admin podra enviar La factura de forma manual al Cliente, si deseas que sea de forma autoamtica esto representa un costo extra o si deseas que tambien exista una opci\u00f3n de emision en la zona de \u00abHistorico del Cliente\u00bb para que directo el cliente ingrese y descargue sus facturas fiscales entonces debes pagarlo de forma extra, pregunta a nuestros representantes en cada caso.<\/p>\n<p><strong>Con cualquier Proveedor PAC Funciona ?<\/strong><\/p>\n<p>Si siempre y cuando contrates con ellos LA EMISION WEBSERVICE en donde todo el proceso de sellado, candado y firma se genera en los equipos del PAC al recibir todo el pedido y datos de facturacion fiscal por el admin y en respuesta el PAC debe entregar los documentos fiscales ya procesados tanto el PDF como XML.<\/p>\n<p><b>Tengo que pagar anualidades \u00f3 comisiones por usar su producto?<\/b><\/p>\n<p>Nuestro producto NO requiere anualidades por Licencia pero SI te recomendamos COMPRAR LA POLIZA DE SERVICIO ANUAL PARA ESTAR PROTEGIDO por los eventos de cambios fiscales de cada a\u00f1o. Asi no tendr\u00e1s de comprar nuevamente el producto en caso de que se presente algun ajuste por el SAT-PAC.<\/p>\n<p><b>C\u00f3mo es el proceso de instalaci\u00f3n?<\/b><\/p>\n<p>Tu mismo puedes instalarlo por tu cuenta al recibir tu ZIP-Paquete que te enviamos despues de confirmar tu pago y cuentas con soporte ilimitado por un a\u00f1o gratis via ticket para atender cualquier pregunta o duda sobre el funcionamiento.<\/p>\n<p><strong>Qu\u00e9 sigue despues de hacer mi pago?<\/strong><\/p>\n<p>Despu\u00e9s de recibir el pago: Nuestro equipo de Contabilidad verifica y genera un TICKET ESPECIAL DE SERVICIO que te va a llegar en autom\u00e1tico al mail que nos indicas en tu orden, ahi se anexan las INSTRUCCIONES completas del proceso para que personalicemos tu liencia y en menos de 48 horas te estaremos enviando tu ZIP-Paquete totalmente personalizado.<\/p>\n<p><b>Que garant\u00eda tengo?<\/b><\/p>\n<p>Nosotros te estamos ofreciendo UN A\u00d1O de garant\u00eda y soporte gr\u00e1tis via ticket por cualquier falla propia de nuestro producto, La garant\u00eda NO CUBRE fallas propias de la marca de tienda WEB \u00a0ni conflictos en software codigo y conflictos o fallas provocadas por Su Proveedor de Servicio Hosting (tu configuracion web debe sujetarse a los requerimientos tecnicos minimos que aui mencionamos en todas las secciones o lee nuestro contrato para que est\u00e9s bien enterado)o fallas con el Provedor PAC (si tu proveedor PAC no funciona asi te sugermimos que cambien de proveedor).<\/p>\n<p><b>C\u00f3mo puedo ordenar este producto ahora?<\/b><\/p>\n<p>carga el producto a tu carrito de compra y haz tu cierre de compra, puedes pagar las opciones de pago \u00f3 Cotizaci\u00f3n al final de tu pedido. Vas a recibir POR MAIL DIRECTO tu ORDEN FIRMADA con logos y todas las instrucciones precisas para el seguimiento de tu compora.En todas tus compras \u00a0recibir\u00e1s la factura Fiscal 100% deducible directo en tu mail.<br \/>\n[\/symple_tab]<\/p>\n<p>[symple_tab title=\u00bbVideo demo\u00bb]<\/p>\n<p><code><a href=\"https:\/\/mojomexico.company\/portal\/producto\/conector-magentoce-con-sae-modulo1\/quicena-saemage1fr\/\" rel=\"attachment wp-att-6522\"><img alt=\"\" loading=\"lazy\" decoding=\"async\" data-attachment-id=\"6522\" data-permalink=\"https:\/\/mojomexico.company\/portal\/?attachment_id=6522\" data-orig-file=\"https:\/\/i1.wp.com\/mojomexico.company\/portal\/wp-content\/uploads\/2020\/07\/quicena-saemage1FR.jpg?fit=1597%2C382&amp;ssl=1\" data-orig-size=\"1597,382\" data-comments-opened=\"1\" data-image-meta=\"{&quot;aperture&quot;:&quot;0&quot;,&quot;credit&quot;:&quot;&quot;,&quot;camera&quot;:&quot;&quot;,&quot;caption&quot;:&quot;&quot;,&quot;created_timestamp&quot;:&quot;0&quot;,&quot;copyright&quot;:&quot;&quot;,&quot;focal_length&quot;:&quot;0&quot;,&quot;iso&quot;:&quot;0&quot;,&quot;shutter_speed&quot;:&quot;0&quot;,&quot;title&quot;:&quot;&quot;,&quot;orientation&quot;:&quot;0&quot;}\" data-image-title=\"quicena-saemage1FR\" data-image-description=\"\" data-medium-file=\"https:\/\/i1.wp.com\/mojomexico.company\/portal\/wp-content\/uploads\/2020\/07\/quicena-saemage1FR.jpg?fit=250%2C60&amp;ssl=1\" data-large-file=\"https:\/\/i1.wp.com\/mojomexico.company\/portal\/wp-content\/uploads\/2020\/07\/quicena-saemage1FR.jpg?fit=700%2C167&amp;ssl=1\" class=\"alignleft size-large wp-image-6522\" src=\"https:\/\/i1.wp.com\/mojomexico.company\/portal\/wp-content\/uploads\/2020\/07\/quicena-saemage1FR.jpg?resize=700%2C167&#038;ssl=1\" alt=\"\" width=\"700\" height=\"167\" srcset=\"https:\/\/i1.wp.com\/mojomexico.company\/portal\/wp-content\/uploads\/2020\/07\/quicena-saemage1FR.jpg?resize=700%2C167&amp;ssl=1 700w, https:\/\/i1.wp.com\/mojomexico.company\/portal\/wp-content\/uploads\/2020\/07\/quicena-saemage1FR.jpg?resize=250%2C60&amp;ssl=1 250w, https:\/\/i1.wp.com\/mojomexico.company\/portal\/wp-content\/uploads\/2020\/07\/quicena-saemage1FR.jpg?resize=768%2C184&amp;ssl=1 768w, https:\/\/i1.wp.com\/mojomexico.company\/portal\/wp-content\/uploads\/2020\/07\/quicena-saemage1FR.jpg?resize=600%2C144&amp;ssl=1 600w, https:\/\/i1.wp.com\/mojomexico.company\/portal\/wp-content\/uploads\/2020\/07\/quicena-saemage1FR.jpg?resize=120%2C29&amp;ssl=1 120w, https:\/\/i1.wp.com\/mojomexico.company\/portal\/wp-content\/uploads\/2020\/07\/quicena-saemage1FR.jpg?w=1597&amp;ssl=1 1597w\" sizes=\"(max-width: 700px) 100vw, 700px\" data-recalc-dims=\"1\" \/><\/a><\/code><\/p>\n<p>[\/symple_tab]<br \/>\n[\/symple_tabgroup]<\/p>\n","protected":false},"excerpt":{"rendered":"<p><a href=\"https:\/\/mojomexico.company\/portal\/producto\/conector-factura-fiscal-pac-magentoce2\/caja-pac1\/\" rel=\"attachment wp-att-6537\"><img alt=\"\" loading=\"lazy\" decoding=\"async\" class=\"alignleft size-full wp-image-6537\" src=\"https:\/\/mojomexico.company\/portal\/wp-content\/uploads\/2020\/06\/caja-pac1.png\" alt=\"\" width=\"369\" height=\"395\" srcset=\"https:\/\/i2.wp.com\/mojomexico.company\/portal\/wp-content\/uploads\/2020\/06\/caja-pac1.png?w=369&amp;ssl=1 369w, https:\/\/i2.wp.com\/mojomexico.company\/portal\/wp-content\/uploads\/2020\/06\/caja-pac1.png?resize=250%2C268&amp;ssl=1 250w, https:\/\/i2.wp.com\/mojomexico.company\/portal\/wp-content\/uploads\/2020\/06\/caja-pac1.png?resize=120%2C128&amp;ssl=1 120w\" sizes=\"(max-width: 369px) 100vw, 369px\" \/><\/a>Programa Conexion Woocommerce conProveedores PAC \u00a0para la emisi\u00f3n de Facturas Fiscales desde un PAC (Provedor Autorizado por el SAT asumiendo que el PAC deber\u00e1 generar en su validador todos los procesos de emision fiscal cadena, sello y firma para que al recibirlo el admin de la tienda \u00a0envie la factura a sus Clientes via mail). Incluimos guia de facil instalacion y soporte ticket ilimitado por 3 meses; si requieres de servicio especializado tecnico porfavor agregalo a tu compra en esta misma tienda.<\/p>\n<p>&nbsp;<\/p>\n<p>&nbsp;<\/p>\n","protected":false},"featured_media":6537,"template":"","meta":{"saved_in_kubio":false,"_seopress_robots_primary_cat":"","_seopress_titles_title":"","_seopress_titles_desc":"","_seopress_robots_index":"","spay_email":"","jetpack_publicize_message":""},"class_list":{"0":"post-3596","1":"product","2":"type-product","3":"status-publish","4":"has-post-thumbnail","6":"product_cat-conexion-webservice-erp","7":"product_cat-woocommerce-wordpress","8":"product_tag-factura-fiscal-magento","9":"product_tag-factura-fiscal-woocommerce","10":"product_tag-facturacion-prestashop","11":"product_tag-pac-factura-magento","12":"product_tag-pac-woocommerce","13":"product_tag-sat-prestashop","14":"product_shipping_class-s-remoto","16":"first","17":"instock","18":"virtual","19":"taxable","20":"purchasable","21":"product-type-simple"},"jetpack_publicize_connections":[],"jetpack_sharing_enabled":true,"jetpack-related-posts":[],"_links":{"self":[{"href":"https:\/\/mojomexico.company\/portal\/wp-json\/wp\/v2\/product\/3596","targetHints":{"allow":["GET"]}}],"collection":[{"href":"https:\/\/mojomexico.company\/portal\/wp-json\/wp\/v2\/product"}],"about":[{"href":"https:\/\/mojomexico.company\/portal\/wp-json\/wp\/v2\/types\/product"}],"wp:featuredmedia":[{"embeddable":true,"href":"https:\/\/mojomexico.company\/portal\/wp-json\/wp\/v2\/media\/6537"}],"wp:attachment":[{"href":"https:\/\/mojomexico.company\/portal\/wp-json\/wp\/v2\/media?parent=3596"}],"curies":[{"name":"wp","href":"https:\/\/api.w.org\/{rel}","templated":true}]}}