{"id":3604,"date":"2020-08-31T05:14:23","date_gmt":"2020-08-31T10:14:23","guid":{"rendered":"http:\/\/mojomexico.company\/portal\/producto\/pasarela-de-pago-bankia-para-php-solo\/"},"modified":"2020-11-23T13:18:04","modified_gmt":"2020-11-23T18:18:04","slug":"pasarela-de-pago-bankia-para-php-solo","status":"publish","type":"product","link":"https:\/\/mojomexico.company\/portal\/producto\/pasarela-de-pago-bankia-para-php-solo\/","title":{"rendered":"Pasarela de pago Bankia para PHP solo"},"content":{"rendered":"<p>[symple_tabgroup]<br \/>\n[symple_tab title=\u00bbDescripcion del Producto\u00bb]<\/p>\n<p>&nbsp;<\/p>\n<p>Extensi\u00f3n\u00a0de pagos para la versi\u00f3n PHP Sin motor cms, , bajo altas normas de seguridad de <strong>Bankia Espa\u00f1a.<\/strong><\/p>\n<p>Al comprar nuestro producto, \u00e9sto le d\u00e1 derecho al USO exclusivo de nuestro software como licencia para ser instalado\u00a0 en una\u00a0 tienda un dominio, Cuentas con Soporte t\u00e9cnico ilimitado durante el primer a\u00f1o via Ticket. No incluye aplicaci\u00f3n de plantilla especial en \u00e9ste precio, en el supuesto caso,\u00a0 tendr\u00e1 un costo extra al precio marcado (estimable en cada caso) por horas de servicio adaptaci\u00f3n.<\/p>\n<p><span style=\"font-size: 13px; line-height: 19px;\">Los precios est\u00e1n expresados en Pesos Mexicanos y son sin IVA, por lo que si requiere factura fiscal favor de solicitarla previamente y considerar el aumento del valor del iva.Puede pagar en efectivo o con tarjeta de credito o debito.<\/span><\/p>\n<p>[\/symple_tab]<br \/>\n[symple_tab title=\u00bbGarantia y Servicio\u00bb]<\/p>\n<p><b><img loading=\"lazy\" decoding=\"async\" data-attachment-id=\"3404\" data-permalink=\"https:\/\/mojomexico.company\/portal\/?attachment_id=3404\" data-orig-file=\"https:\/\/i2.wp.com\/mojomexico.company\/portal\/wp-content\/uploads\/2016\/09\/sello-servicio6AA.png?fit=315%2C305&amp;ssl=1\" data-orig-size=\"315,305\" data-comments-opened=\"1\" data-image-meta=\"{&quot;aperture&quot;:&quot;0&quot;,&quot;credit&quot;:&quot;&quot;,&quot;camera&quot;:&quot;&quot;,&quot;caption&quot;:&quot;&quot;,&quot;created_timestamp&quot;:&quot;0&quot;,&quot;copyright&quot;:&quot;&quot;,&quot;focal_length&quot;:&quot;0&quot;,&quot;iso&quot;:&quot;0&quot;,&quot;shutter_speed&quot;:&quot;0&quot;,&quot;title&quot;:&quot;&quot;,&quot;orientation&quot;:&quot;0&quot;}\" data-image-title=\"mojomexico app\" data-image-description=\"\" data-medium-file=\"https:\/\/i2.wp.com\/mojomexico.company\/portal\/wp-content\/uploads\/2016\/09\/sello-servicio6AA.png?fit=300%2C290&amp;ssl=1\" data-large-file=\"https:\/\/i2.wp.com\/mojomexico.company\/portal\/wp-content\/uploads\/2016\/09\/sello-servicio6AA.png?fit=315%2C305&amp;ssl=1\" class=\" wp-image-3404 alignleft\" src=\"https:\/\/i2.wp.com\/mojomexico.company\/portal\/wp-content\/uploads\/2016\/09\/sello-servicio6AA.png?resize=270%2C261&#038;ssl=1\" alt=\"mojomexico app\" width=\"270\" height=\"261\" data-wp-pid=\"3404\" srcset=\"https:\/\/i2.wp.com\/mojomexico.company\/portal\/wp-content\/uploads\/2016\/09\/sello-servicio6AA.png?w=315&amp;ssl=1 315w, https:\/\/i2.wp.com\/mojomexico.company\/portal\/wp-content\/uploads\/2016\/09\/sello-servicio6AA.png?resize=300%2C290&amp;ssl=1 300w\" sizes=\"(max-width: 270px) 100vw, 270px\" data-recalc-dims=\"1\" \/>Que estoy comprando?<\/b><\/p>\n<p>Al comprar nuestro producto, estas adquiriendo el derecho de uso de nuestro producto por dominio (puedes adquirir varias licencias si manejas multitiendas) solo para el dominio \u00f3 dominios que registras en tu compra.<\/p>\n<p>Solo se entregan programas compilados sin opci\u00f3n a modificar m\u00e1s que por el personal calificado de Mojomexico y solo podr\u00e1 ser usado para el dominio-tienda registrado. El descuento en multitiendas es del 35% de la segunda hasta 99 licencias.<\/p>\n<p><strong>Con \u00e9sta pasarela puedo aceptar pagos con tarjetas Visa y Mastercard de otros Bancos \u00f3 de cualquier Banco del Mundo?<\/strong><\/p>\n<p>SI, con una pasarela puedes aceptar TODAS las tarjetas Visa y Mastercard nacionales e internacionales, de cualquier pa\u00eds. Regularmente todas las compras que se realicen en tu tienda en otras monedas distintas a PESOS, ser\u00e1n convertidas a pesos, a menos que \u00e9ste arreglo lo fijes con tu banco.<\/p>\n<p><strong>Puedo aceptar American Express?<\/strong><\/p>\n<p>No , pero puedes adquirir el producto Amex en este mismo catalogo para tu version de tienda web.<\/p>\n<p><strong>Puedo manejar pagos de 3,6,9,12 y 18 meses con y sin intereses en esta pasarela de pago?<\/strong><\/p>\n<p>No, para este efecto deberas COMPRAR EL MODULO DE DIFERIR A MESES SIN\/CON INTERES que tenemos publicado en este catalogo.<\/p>\n<p>&nbsp;<\/p>\n<p><b>Tengo que pagar anualidades \u00f3 comisiones por usar su producto?<\/b><\/p>\n<p>Nuestro producto no requiere anualidades ni comisiones por venta realizada, tu solo compras el producto y lo tienes de por vida para el dominio que destinaste.<\/p>\n<p><b>C\u00f3mo es el proceso de instalaci\u00f3n?<\/b><\/p>\n<p>Es 100% por parte del Cliente con soporte ilimitado via ticket sin costo \u00f3 pueden contratar el soporte directo para la instalaci\u00f3n por horas de soporte t\u00e9cnico mojomexico a un costo preferencial.<\/p>\n<p><b>Que garant\u00eda tengo?<\/b><\/p>\n<p>Nosotros te estamos ofreciendo UN A\u00d1O de garant\u00eda y soporte gr\u00e1tis por cualquier falla propia de nuestro producto, pero si la falla es ajena a nuestro c\u00f3digo, ning\u00fan evento est\u00e1 protegido, a menos que quieras adquirir nuestra p\u00f3liza de soporte y protecci\u00f3n para tu sistema.<\/p>\n<p><b>C\u00f3mo puedo ordenar este producto ahora?<\/b><\/p>\n<p>carga el producto a tu carrito de compra y haz tu cierre de compra, puedes pagar con dep\u00f3sito \u00f3 tranferencia electronica (CLABE) bancaria Mundial en tu moneda local. Al final recibir\u00e1s la factura Fiscal 100% deducible en cada compra que se te enviar\u00e1 via electr\u00f3nica.<br \/>\n[\/symple_tab]<\/p>\n<p>[symple_tab title=\u00bbVideo demo\u00bb]<\/p>\n<p><code><span class=\"embed-youtube\" style=\"text-align:center; display: block;\"><iframe class='youtube-player' width='640' height='360' src='https:\/\/www.youtube.com\/embed\/jTaum8X6QpU?version=3&#038;rel=0&#038;fs=1&#038;autohide=2&#038;showsearch=0&#038;showinfo=1&#038;iv_load_policy=1&#038;wmode=transparent' allowfullscreen='true' style='border:0;'><\/iframe><\/span><\/code><\/p>\n<p>[\/symple_tab]<br \/>\n[\/symple_tabgroup]<\/p>\n","protected":false},"excerpt":{"rendered":"<p>Pasarela de Pagos Bankia Espa\u00f1a\u00a0 para integrarse a c\u00f3digo PHP Libre, en el precio se incluye soporte t\u00e9cnico ilimitado via Ticket mojomexico.<\/p>\n<p>&nbsp;<\/p>\n<p><img loading=\"lazy\" decoding=\"async\" class=\"alignleft size-thumbnail wp-image-3605\" src=\"https:\/\/mojomexico.company\/portal\/wp-content\/uploads\/2017\/01\/dedo1-150x150.png\" alt=\"dedo1\" width=\"150\" height=\"150\" data-wp-pid=\"3605\" srcset=\"https:\/\/i1.wp.com\/mojomexico.company\/portal\/wp-content\/uploads\/2017\/01\/dedo1.png?resize=150%2C150&amp;ssl=1 150w, https:\/\/i1.wp.com\/mojomexico.company\/portal\/wp-content\/uploads\/2017\/01\/dedo1.png?zoom=2&amp;resize=150%2C150&amp;ssl=1 300w\" sizes=\"(max-width: 150px) 100vw, 150px\" \/><\/p>\n","protected":false},"featured_media":3586,"template":"","meta":{"saved_in_kubio":false,"_seopress_robots_primary_cat":"","_seopress_titles_title":"","_seopress_titles_desc":"","_seopress_robots_index":"","spay_email":"","jetpack_publicize_message":""},"class_list":{"0":"post-3604","1":"product","2":"type-product","3":"status-publish","4":"has-post-thumbnail","6":"product_cat-php-laravel","7":"product_tag-bankia-php","8":"product_shipping_class-s-remoto","10":"first","11":"instock","12":"virtual","13":"taxable","14":"purchasable","15":"product-type-simple"},"jetpack_publicize_connections":[],"jetpack_sharing_enabled":true,"jetpack-related-posts":[],"_links":{"self":[{"href":"https:\/\/mojomexico.company\/portal\/wp-json\/wp\/v2\/product\/3604","targetHints":{"allow":["GET"]}}],"collection":[{"href":"https:\/\/mojomexico.company\/portal\/wp-json\/wp\/v2\/product"}],"about":[{"href":"https:\/\/mojomexico.company\/portal\/wp-json\/wp\/v2\/types\/product"}],"wp:featuredmedia":[{"embeddable":true,"href":"https:\/\/mojomexico.company\/portal\/wp-json\/wp\/v2\/media\/3586"}],"wp:attachment":[{"href":"https:\/\/mojomexico.company\/portal\/wp-json\/wp\/v2\/media?parent=3604"}],"curies":[{"name":"wp","href":"https:\/\/api.w.org\/{rel}","templated":true}]}}