{"id":3606,"date":"2020-08-31T14:18:39","date_gmt":"2020-08-31T19:18:39","guid":{"rendered":"http:\/\/mojomexico.company\/portal\/producto\/pasarela-de-pago-prosa-para-php-solo\/"},"modified":"2026-02-10T16:09:12","modified_gmt":"2026-02-10T22:09:12","slug":"pasarela-de-pago-php","status":"publish","type":"product","link":"https:\/\/mojomexico.company\/portal\/producto\/pasarela-de-pago-php\/","title":{"rendered":"Pasarela de Pago Php"},"content":{"rendered":"<p>[symple_tabgroup]<br \/>\n[symple_tab title=\u00bbDescripcion del Producto\u00bb]<\/p>\n<p>&nbsp;<\/p>\n<p><a href=\"https:\/\/mojomexico.company\/portal\/producto\/pasarela-de-pago-prosa-para-php-solo\/caja-prosa1-2\/\" rel=\"attachment wp-att-6482\"><img alt=\"\" loading=\"lazy\" decoding=\"async\" data-attachment-id=\"6482\" data-permalink=\"https:\/\/mojomexico.company\/portal\/?attachment_id=6482\" data-orig-file=\"https:\/\/i0.wp.com\/mojomexico.company\/portal\/wp-content\/uploads\/2017\/01\/caja-prosa1.png?fit=369%2C395&amp;ssl=1\" data-orig-size=\"369,395\" data-comments-opened=\"1\" data-image-meta=\"{&quot;aperture&quot;:&quot;0&quot;,&quot;credit&quot;:&quot;&quot;,&quot;camera&quot;:&quot;&quot;,&quot;caption&quot;:&quot;&quot;,&quot;created_timestamp&quot;:&quot;0&quot;,&quot;copyright&quot;:&quot;&quot;,&quot;focal_length&quot;:&quot;0&quot;,&quot;iso&quot;:&quot;0&quot;,&quot;shutter_speed&quot;:&quot;0&quot;,&quot;title&quot;:&quot;&quot;,&quot;orientation&quot;:&quot;0&quot;}\" data-image-title=\"caja-prosa1\" data-image-description=\"\" data-medium-file=\"https:\/\/i0.wp.com\/mojomexico.company\/portal\/wp-content\/uploads\/2017\/01\/caja-prosa1.png?fit=250%2C268&amp;ssl=1\" data-large-file=\"https:\/\/i0.wp.com\/mojomexico.company\/portal\/wp-content\/uploads\/2017\/01\/caja-prosa1.png?fit=369%2C395&amp;ssl=1\" class=\"alignleft size-full wp-image-6482\" src=\"https:\/\/i0.wp.com\/mojomexico.company\/portal\/wp-content\/uploads\/2017\/01\/caja-prosa1.png?resize=369%2C395&#038;ssl=1\" alt=\"\" width=\"369\" height=\"395\" srcset=\"https:\/\/i0.wp.com\/mojomexico.company\/portal\/wp-content\/uploads\/2017\/01\/caja-prosa1.png?w=369&amp;ssl=1 369w, https:\/\/i0.wp.com\/mojomexico.company\/portal\/wp-content\/uploads\/2017\/01\/caja-prosa1.png?resize=250%2C268&amp;ssl=1 250w, https:\/\/i0.wp.com\/mojomexico.company\/portal\/wp-content\/uploads\/2017\/01\/caja-prosa1.png?resize=120%2C128&amp;ssl=1 120w\" sizes=\"(max-width: 369px) 100vw, 369px\" data-recalc-dims=\"1\" \/><\/a>Extensi\u00f3n\u00a0de pagos (plugin \u00f3 pasarela bancaria ) para gestiones de pago VISA Y MASTERCARD por PROSA.<\/p>\n<p>PROSA es el medidador entre Visa International y los bancos en M\u00e9xico como: HSBC, INVERLAT, SANTANDER, SCOTIABANK,\u00a0 WALTMART, SANBORNS, BANCRECER, BANCO DEL BAJIO, Y EL RESTO DE BANCOS MEXICANOS \u00abmedianos\u00bb .<\/p>\n<p>La versi\u00f3n PHP libre NO utiliza ningun cms e-comercio por lo que se integra con un simple \u00abinclude\u00bb \u00f3 index.<\/p>\n<p>NOTA: En este costo, no se est\u00e1 inclyendo el servicio de PLANTILLAMIENTO JSP que se anexa como \u00abpresentacion de pago\u00bb. Aqui en esta tienda podr\u00e1n cargar el costo adicional en caso de requerirlo.<\/p>\n<p>Al comprar nuestro producto, \u00e9sto le d\u00e1 derecho al USO exclusivo de nuestro software como licencia para ser instalado por nuestro personal calificado en Una tienda Un dominio; s\u00f3lo se incluye el soporte ilimitado via Ticket Mojomexico y en caso de requerir asistencia para la integraci\u00f3n a su codigo php, \u00e9sto tendr\u00e1 un costo extra\u00a0 por horas de servicio adaptaci\u00f3n.<\/p>\n<p><span style=\"font-size: 13px; line-height: 19px;\">Los precios est\u00e1n expresados en Pesos Mexicanos y son sin IVA, Al final posterior a su pago le enviaremos su Factura Fiscal 100% deducible.<\/span><\/p>\n<p>[\/symple_tab]<br \/>\n[symple_tab title=\u00bbGarantia y Servicio\u00bb]<\/p>\n<p><b>Que estoy comprando?<\/b><\/p>\n<p>Al comprar nuestro producto, estas adquiriendo Una Licencia de uso de nuestro producto por dominio (puedes adquirir varias licencias si manejas multitiendas) desarrollado especificamente para ti.<\/p>\n<p>Solo se entregan programas compilados sin opci\u00f3n a modificar m\u00e1s que por el personal calificado de Mojomexico y solo podr\u00e1 ser usado para el dominio-tienda registrado. El descuento en multitiendas es del 35% de la segunda hasta 99 licencias.<\/p>\n<p><strong>Con \u00e9sta pasarela \u00a0puedo aceptar pagos con tarjetas Visa y Mastercard de \u00a0otros Bancos \u00f3 de cualquier Banco del Mundo?<\/strong><\/p>\n<p>SI, con una pasarela puedes aceptar TODAS las tarjetas Visa y Mastercard nacionales e internacionales, de cualquier pa\u00eds. Regularmente todas las compras que se realicen en tu tienda en otras monedas distintas a PESOS, ser\u00e1n convertidas a pesos, a menos que \u00e9ste arreglo lo fijes con tu banco.<\/p>\n<p><strong>Puedo aceptar American Express?<\/strong><\/p>\n<p>No , necesitas adquirir el producto Amex de tu tienda aqui en nuestro catalogo.<\/p>\n<p><strong>Puedo insertar \u00a0en mi tienda plan para diferir pagos con y sin intereses a 3,6,9,12 y 18 meses?<\/strong><\/p>\n<p>En esta versi\u00f3n No, pero puedes adquirir las extensiones a Meses Con \/ Sin interes en nuestra tienda disponible para su instalaci\u00f3n y activaci\u00f3n inmediata.<\/p>\n<p>&nbsp;<\/p>\n<p><b>Tengo que pagar anualidades \u00f3 comisiones por usar su producto?<\/b><\/p>\n<p>NO, Nuestro producto no requiere anualidades ni comisiones por venta realizada, tu solo compras el producto y lo tienes de por vida para el dominio que destinaste. Todo el convenio de cobro y deposito a tu cuenta de cheques por tarjeta de cr\u00e9dito, es un arreglo de partes entre tu Banco Local y tu.<\/p>\n<p><b>C\u00f3mo es el proceso de instalaci\u00f3n?<\/b><\/p>\n<p>La integraci\u00f3n a su c\u00f3digo PHP es por su cuenta, nosotros le estamos ofreciendo soporte ilimitado solo VIA TICKET MOJOMEXICO, consulte nuestro Contrato Mojomexico para conocer mas sobre el tema.<\/p>\n<p><b>Que garant\u00eda tengo?<\/b><\/p>\n<p>Nosotros te estamos ofreciendo UN A\u00d1O de garant\u00eda y soporte gr\u00e1tis por cualquier falla propia de nuestro producto, pero si la falla es ajena a nuestro c\u00f3digo, ning\u00fan evento est\u00e1 protegido, a menos que quieras adquirir nuestra p\u00f3liza de soporte y protecci\u00f3n para tu sistema.<\/p>\n<p><b>C\u00f3mo puedo ordenar este producto ahora?<\/b><\/p>\n<p>carga el producto a tu carrito de compra y haz tu cierre de compra, ahi puedes escoger tu pago mediante dep\u00f3sito \u00f3 tranferencia electronica (CLABE) bancaria Mundial en tu moneda local. Posterior a la confirmacion del pago, estaremos enviando via electr\u00f3nica la Factura Fiscal 100% deducible.<br \/>\n[\/symple_tab]<\/p>\n<p>[symple_tab title=\u00bbVideo demo\u00bb]<\/p>\n<p><code>[embedyt] https:\/\/www.youtube.com\/embed?listType=playlist&amp;list=UUAHfP0WXqSQcknfgqS8YWAg&amp;layout=gallery[\/embedyt]<\/code><\/p>\n<p>[\/symple_tab]<br \/>\n[\/symple_tabgroup]<\/p>\n","protected":false},"excerpt":{"rendered":"<p><a href=\"https:\/\/mojomexico.company\/portal\/producto\/pasarela-de-pago-prosa-para-php-solo\/caja-prosa1-2\/\" rel=\"attachment wp-att-6482\"><img alt=\"\" loading=\"lazy\" decoding=\"async\" class=\"alignleft size-full wp-image-6482\" src=\"https:\/\/mojomexico.company\/portal\/wp-content\/uploads\/2017\/01\/caja-prosa1.png\" alt=\"\" width=\"369\" height=\"395\" srcset=\"https:\/\/i0.wp.com\/mojomexico.company\/portal\/wp-content\/uploads\/2017\/01\/caja-prosa1.png?w=369&amp;ssl=1 369w, https:\/\/i0.wp.com\/mojomexico.company\/portal\/wp-content\/uploads\/2017\/01\/caja-prosa1.png?resize=250%2C268&amp;ssl=1 250w, https:\/\/i0.wp.com\/mojomexico.company\/portal\/wp-content\/uploads\/2017\/01\/caja-prosa1.png?resize=120%2C128&amp;ssl=1 120w\" sizes=\"(max-width: 369px) 100vw, 369px\" \/><\/a>Plugin Bancario Prosa versi\u00f3n PHP Libre para los bancos: HSBC, Inverlat, Banco del Bajio, Bancrecer, Waltmart, Sanborns, y bancos que est\u00e1n fuera de los 4 grandes en Mexico (\u00e9stos son banamex, bancomer, amex, banorte) . Es importante leer aqui mismo en el detalle del producto las condiciones de compra y servicio que mojomexico ofrece.<\/p>\n<p>&nbsp;<\/p>\n","protected":false},"featured_media":6482,"template":"","meta":{"saved_in_kubio":false,"_seopress_robots_primary_cat":"","_seopress_titles_title":"","_seopress_titles_desc":"","_seopress_robots_index":"","spay_email":"","jetpack_publicize_message":""},"class_list":{"0":"post-3606","1":"product","2":"type-product","3":"status-publish","4":"has-post-thumbnail","6":"product_cat-joomla-eshop","7":"product_cat-opencart","8":"product_cat-php-laravel","9":"product_cat-zencart-tiendas","10":"product_tag-carnet-woocommerce","11":"product_tag-prosa-mojomexico","12":"product_tag-prosa-php","13":"product_tag-visa-virtuemart","14":"product_shipping_class-s-remoto","16":"first","17":"instock","18":"virtual","19":"taxable","20":"purchasable","21":"product-type-simple"},"jetpack_publicize_connections":[],"jetpack_sharing_enabled":true,"jetpack-related-posts":[],"_links":{"self":[{"href":"https:\/\/mojomexico.company\/portal\/wp-json\/wp\/v2\/product\/3606","targetHints":{"allow":["GET"]}}],"collection":[{"href":"https:\/\/mojomexico.company\/portal\/wp-json\/wp\/v2\/product"}],"about":[{"href":"https:\/\/mojomexico.company\/portal\/wp-json\/wp\/v2\/types\/product"}],"wp:featuredmedia":[{"embeddable":true,"href":"https:\/\/mojomexico.company\/portal\/wp-json\/wp\/v2\/media\/6482"}],"wp:attachment":[{"href":"https:\/\/mojomexico.company\/portal\/wp-json\/wp\/v2\/media?parent=3606"}],"curies":[{"name":"wp","href":"https:\/\/api.w.org\/{rel}","templated":true}]}}