{"id":3607,"date":"2020-08-31T17:44:09","date_gmt":"2020-08-31T22:44:09","guid":{"rendered":"http:\/\/mojomexico.company\/portal\/producto\/pasarela-bancaria-banamex-hpp-version-php-solo\/"},"modified":"2024-01-22T05:33:21","modified_gmt":"2024-01-22T10:33:21","slug":"pasarela-bancaria-banamex-hpp-version-php-solo","status":"publish","type":"product","link":"https:\/\/mojomexico.company\/portal\/producto\/pasarela-bancaria-banamex-hpp-version-php-solo\/","title":{"rendered":"Pasarela Bancaria Banamex HPP version PHP solo"},"content":{"rendered":"<p>[symple_tabgroup]<br \/>\n[symple_tab title=\u00bbDescripcion del Producto\u00bb]<\/p>\n<p>&nbsp;<\/p>\n<p><a href=\"https:\/\/mojomexico.company\/portal\/producto\/plugin-banamex-hpp-opencart\/caja-banamex1-3\/\" rel=\"attachment wp-att-6470\"><img alt=\"\" loading=\"lazy\" decoding=\"async\" data-attachment-id=\"6470\" data-permalink=\"https:\/\/mojomexico.company\/portal\/?attachment_id=6470\" data-orig-file=\"https:\/\/i2.wp.com\/mojomexico.company\/portal\/wp-content\/uploads\/2020\/06\/caja-banamex1.png?fit=369%2C395&amp;ssl=1\" data-orig-size=\"369,395\" data-comments-opened=\"1\" data-image-meta=\"{&quot;aperture&quot;:&quot;0&quot;,&quot;credit&quot;:&quot;&quot;,&quot;camera&quot;:&quot;&quot;,&quot;caption&quot;:&quot;&quot;,&quot;created_timestamp&quot;:&quot;0&quot;,&quot;copyright&quot;:&quot;&quot;,&quot;focal_length&quot;:&quot;0&quot;,&quot;iso&quot;:&quot;0&quot;,&quot;shutter_speed&quot;:&quot;0&quot;,&quot;title&quot;:&quot;&quot;,&quot;orientation&quot;:&quot;0&quot;}\" data-image-title=\"caja-banamex1\" data-image-description=\"\" data-medium-file=\"https:\/\/i2.wp.com\/mojomexico.company\/portal\/wp-content\/uploads\/2020\/06\/caja-banamex1.png?fit=250%2C268&amp;ssl=1\" data-large-file=\"https:\/\/i2.wp.com\/mojomexico.company\/portal\/wp-content\/uploads\/2020\/06\/caja-banamex1.png?fit=369%2C395&amp;ssl=1\" class=\"alignleft size-full wp-image-6470\" src=\"https:\/\/i2.wp.com\/mojomexico.company\/portal\/wp-content\/uploads\/2020\/06\/caja-banamex1.png?resize=369%2C395&#038;ssl=1\" alt=\"\" width=\"369\" height=\"395\" srcset=\"https:\/\/i2.wp.com\/mojomexico.company\/portal\/wp-content\/uploads\/2020\/06\/caja-banamex1.png?w=369&amp;ssl=1 369w, https:\/\/i2.wp.com\/mojomexico.company\/portal\/wp-content\/uploads\/2020\/06\/caja-banamex1.png?resize=250%2C268&amp;ssl=1 250w, https:\/\/i2.wp.com\/mojomexico.company\/portal\/wp-content\/uploads\/2020\/06\/caja-banamex1.png?resize=120%2C128&amp;ssl=1 120w\" sizes=\"(max-width: 369px) 100vw, 369px\" data-recalc-dims=\"1\" \/><\/a>Extensi\u00f3n\u00a0de pagos Banamex HOSTED PAYMENT (HPP) que se integra a c\u00f3digo PHP libre, sin usar ningun motor cms e-comercio.<\/p>\n<p>Al comprar nuestro producto, \u00e9sto le d\u00e1 derecho al USO exclusivo de Una Licencia de nuestro software \u00a0para ser instalado por nuestro personal calificado en su \u00a0tienda \u00f3 tienda \/dominio, nosotros nos hacemos cargo de la instalaci\u00f3n y configuraci\u00f3n via remota en la tienda \u00a0al 100%. La pasarela de pago se integra a la lista estandar que presenta regularmente la tienda, en caso de \u00a0que su tienda utilice una plantilla especial para este proceso de pago, la integraci\u00f3n a dicha pasarela tendr\u00e1 un costo extra al precio marcado (estimable en cada caso) por horas de servicio adaptaci\u00f3n.<\/p>\n<p><span style=\"font-size: 13px; line-height: 19px;\">Los precios est\u00e1n expresados en Pesos Mexicanos y son sin IVA, Al recibir su notificaci\u00f3n de Pago, le estaremos enviando su Factura Fiscal 100% deducible por el SAT.<br \/>\n<\/span><\/p>\n<p>[\/symple_tab]<br \/>\n[symple_tab title=\u00bbGarantia y Preguntas Frecuentes\u00bb]<\/p>\n<p><b>Qu\u00e9 estoy comprando?<\/b><\/p>\n<p>Al comprar nuestro producto, estas adquiriendo el derecho de uso de nuestro producto por dominio (puedes adquirir varias licencias si manejas multitiendas) solo para el dominio \u00f3 dominios que registras en tu compra.<\/p>\n<p><strong>Solo se entregan programas compilados sin opci\u00f3n a modificar m\u00e1s que por el personal calificado de Mojomexico y solo podr\u00e1 ser usado para el dominio-tienda registrado. El descuento en multitiendas es del 35% de la segunda hasta 99 licencias.<\/strong><\/p>\n<p><strong>Con \u00e9sta pasarela \u00a0puedo aceptar pagos con tarjetas Visa y Mastercard de \u00a0otros Bancos \u00f3 de cualquier Banco del Mundo?<\/strong><\/p>\n<p>SI, con una pasarela puedes aceptar TODAS las tarjetas Visa y Mastercard nacionales e internacionales, de cualquier pa\u00eds. Regularmente todas las compras que se realicen en tu tienda en otras monedas distintas a PESOS, ser\u00e1n convertidas a pesos, a menos que \u00e9ste arreglo lo fijes con tu banco.<\/p>\n<p><strong>Puedo aceptar American Express?<\/strong><\/p>\n<p>No,\u00a0 es necesario adquirir el producto Plugin American Express Mojomexico con descuento especial al tener como base uno de nuestros productos Conexiones Bancarias Mojomexico<\/p>\n<p><strong>Puedo manejar pagos de 3,6,9,12 y 18 meses con y sin intereses?<\/strong><\/p>\n<p>No, se requiere adicionar a \u00e9ste plugin la Extensi\u00f3n a meses SIN \/ CON\u00a0 interes aqui mismo en nuestro catalogo.<\/p>\n<p>&nbsp;<\/p>\n<p><b>Tengo que pagar anualidades \u00f3 comisiones por usar su producto?<\/b><\/p>\n<p>NO, nuestro producto no requiere anualidades ni comisiones por venta realizada, tu solo compras el producto y lo tienes de por vida para el dominio que destinaste de por vida de la tienda. Si adiciona una tienda nueva \u00f3 cambia de ubicaci\u00f3n, hosting, dominio \u00f3 motor (por ejemplo emigraci\u00f3n de prestashop a magento), solo deber\u00e1 pagar un minimo cargo adicional segun el caso.<\/p>\n<p><b>C\u00f3mo es el proceso de instalaci\u00f3n?<\/b><\/p>\n<p>Para \u00e9sta version de Conector Bancario, solo le estamos ofreciendo el soporte ilimitado Gratis via Ticket ; en caso de requerir nuestra intervenci\u00f3n directa para pegarlo en su c\u00f3digo PHP, deber\u00e1 considerar el pago extra por servicio por caso.<\/p>\n<p><b>Que garant\u00eda tengo?<\/b><\/p>\n<p>Nosotros te estamos ofreciendo UN A\u00d1O de garant\u00eda y soporte gr\u00e1tis por cualquier falla propia de nuestro producto, pero si la falla es ajena a nuestro c\u00f3digo, ning\u00fan evento est\u00e1 protegido, a menos que quieras adquirir nuestra p\u00f3liza de soporte y protecci\u00f3n para tu sistema.<\/p>\n<p><b>C\u00f3mo puedo ordenar este producto ahora?<\/b><\/p>\n<p>carga el producto a tu carrito de compra y haz tu cierre de compra y termina, los datos bancarios ser\u00e1n enviados al final, Todos nuestros productos cuentan con FACTURA FISCAL para deducir el pago al 100%\u00a0 y se emite solo cuando hemos confirmado el pago efectivo en nuestra cuenta.<br \/>\n[\/symple_tab]<\/p>\n<p>[symple_tab title=\u00bbScreens Back y Front\u00bb]<\/p>\n<p><code>[symple_column size=\"one-half\" position=\"first\"]<\/code><\/p>\n<p>&nbsp;<\/p>\n<p><code>[\/symple_column]<br \/>\n<\/code><\/p>\n<p>[symple_column size=\u00bbone-half\u00bb position=\u00bblast\u00bb]<\/p>\n<p>&nbsp;<\/p>\n<p>[\/symple_column]<\/p>\n<p>[\/symple_tab]<\/p>\n<p>[symple_tab title=\u00bbVideo demo \u00ab]<\/p>\n<p><code><span class=\"embed-youtube\" style=\"text-align:center; display: block;\"><iframe class='youtube-player' width='640' height='360' src='https:\/\/www.youtube.com\/embed\/r6MtLSAZLaM?version=3&#038;rel=0&#038;fs=1&#038;autohide=2&#038;showsearch=0&#038;showinfo=1&#038;iv_load_policy=1&#038;wmode=transparent' allowfullscreen='true' style='border:0;'><\/iframe><\/span><\/code><\/p>\n<p>[\/symple_tab]<br \/>\n[\/symple_tabgroup]<\/p>\n","protected":false},"excerpt":{"rendered":"<p><a href=\"https:\/\/mojomexico.company\/portal\/producto\/plugin-banamex-hpp-opencart\/caja-banamex1-3\/\" rel=\"attachment wp-att-6470\"><img alt=\"\" loading=\"lazy\" decoding=\"async\" class=\"alignleft size-full wp-image-6470\" src=\"https:\/\/mojomexico.company\/portal\/wp-content\/uploads\/2020\/06\/caja-banamex1.png\" alt=\"\" width=\"369\" height=\"395\" srcset=\"https:\/\/i2.wp.com\/mojomexico.company\/portal\/wp-content\/uploads\/2020\/06\/caja-banamex1.png?w=369&amp;ssl=1 369w, https:\/\/i2.wp.com\/mojomexico.company\/portal\/wp-content\/uploads\/2020\/06\/caja-banamex1.png?resize=250%2C268&amp;ssl=1 250w, https:\/\/i2.wp.com\/mojomexico.company\/portal\/wp-content\/uploads\/2020\/06\/caja-banamex1.png?resize=120%2C128&amp;ssl=1 120w\" sizes=\"(max-width: 369px) 100vw, 369px\" \/><\/a>Plugin Banamex Hosted Payment (HPP) \u00a0para aplicarse a c\u00f3digo PHP libre como ClassObjet (OOP) . Toda la informaci\u00f3n, preguntas y garant\u00eda de \u00e9ste producto se encuentran descritas en el detalle aqui mismo.<\/p>\n<p>&nbsp;<\/p>\n","protected":false},"featured_media":6470,"template":"","meta":{"saved_in_kubio":false,"_seopress_robots_primary_cat":"","_seopress_titles_title":"","_seopress_titles_desc":"","_seopress_robots_index":"","spay_email":"","jetpack_publicize_message":""},"class_list":{"0":"post-3607","1":"product","2":"type-product","3":"status-publish","4":"has-post-thumbnail","6":"product_cat-php-laravel","7":"product_tag-banamex-php","8":"product_tag-php-oop-banamex","9":"product_shipping_class-s-remoto","11":"first","12":"instock","13":"sale","14":"virtual","15":"taxable","16":"purchasable","17":"product-type-simple"},"jetpack_publicize_connections":[],"jetpack_sharing_enabled":true,"jetpack-related-posts":[],"_links":{"self":[{"href":"https:\/\/mojomexico.company\/portal\/wp-json\/wp\/v2\/product\/3607","targetHints":{"allow":["GET"]}}],"collection":[{"href":"https:\/\/mojomexico.company\/portal\/wp-json\/wp\/v2\/product"}],"about":[{"href":"https:\/\/mojomexico.company\/portal\/wp-json\/wp\/v2\/types\/product"}],"wp:featuredmedia":[{"embeddable":true,"href":"https:\/\/mojomexico.company\/portal\/wp-json\/wp\/v2\/media\/6470"}],"wp:attachment":[{"href":"https:\/\/mojomexico.company\/portal\/wp-json\/wp\/v2\/media?parent=3607"}],"curies":[{"name":"wp","href":"https:\/\/api.w.org\/{rel}","templated":true}]}}