{"id":3638,"date":"2017-01-19T14:13:44","date_gmt":"2017-01-19T19:13:44","guid":{"rendered":"http:\/\/mojomexico.company\/portal\/?post_type=product&#038;p=3638"},"modified":"2018-07-03T00:41:35","modified_gmt":"2018-07-03T05:41:35","slug":"auditoria-y-diagnostico-tienda-web","status":"publish","type":"product","link":"https:\/\/mojomexico.company\/portal\/producto\/auditoria-y-diagnostico-tienda-web\/","title":{"rendered":"diagn\u00f3stico basico tienda Web"},"content":{"rendered":"<p><img alt=\"\" loading=\"lazy\" decoding=\"async\" data-attachment-id=\"3635\" data-permalink=\"https:\/\/mojomexico.company\/portal\/?attachment_id=3635\" data-orig-file=\"https:\/\/i2.wp.com\/mojomexico.company\/portal\/wp-content\/uploads\/2014\/04\/caja-roja-srv1.jpg?fit=369%2C395&amp;ssl=1\" data-orig-size=\"369,395\" data-comments-opened=\"1\" data-image-meta=\"{&quot;aperture&quot;:&quot;0&quot;,&quot;credit&quot;:&quot;&quot;,&quot;camera&quot;:&quot;&quot;,&quot;caption&quot;:&quot;&quot;,&quot;created_timestamp&quot;:&quot;0&quot;,&quot;copyright&quot;:&quot;&quot;,&quot;focal_length&quot;:&quot;0&quot;,&quot;iso&quot;:&quot;0&quot;,&quot;shutter_speed&quot;:&quot;0&quot;,&quot;title&quot;:&quot;&quot;,&quot;orientation&quot;:&quot;0&quot;}\" data-image-title=\"soporte tiendas web mojomexico\" data-image-description=\"\" data-medium-file=\"https:\/\/i2.wp.com\/mojomexico.company\/portal\/wp-content\/uploads\/2014\/04\/caja-roja-srv1.jpg?fit=280%2C300&amp;ssl=1\" data-large-file=\"https:\/\/i2.wp.com\/mojomexico.company\/portal\/wp-content\/uploads\/2014\/04\/caja-roja-srv1.jpg?fit=369%2C395&amp;ssl=1\" class=\"alignleft size-medium wp-image-3635\" src=\"https:\/\/i2.wp.com\/mojomexico.company\/portal\/wp-content\/uploads\/2014\/04\/caja-roja-srv1.jpg?resize=280%2C300&#038;ssl=1\" alt=\"\" width=\"280\" height=\"300\" data-wp-pid=\"3635\" srcset=\"https:\/\/i2.wp.com\/mojomexico.company\/portal\/wp-content\/uploads\/2014\/04\/caja-roja-srv1.jpg?resize=280%2C300&amp;ssl=1 280w, https:\/\/i2.wp.com\/mojomexico.company\/portal\/wp-content\/uploads\/2014\/04\/caja-roja-srv1.jpg?resize=220%2C236&amp;ssl=1 220w, https:\/\/i2.wp.com\/mojomexico.company\/portal\/wp-content\/uploads\/2014\/04\/caja-roja-srv1.jpg?w=369&amp;ssl=1 369w\" sizes=\"(max-width: 280px) 100vw, 280px\" data-recalc-dims=\"1\" \/>Servicio de Diagnostico\u00a0 Basico de Errores de tienda web prestashop \u00f3 woocommerce \u00f3 opencart \u00f3 magento, en donde aplicaremos proceso de revisi\u00f3n r\u00e1pida para detectar errores comunes\u00a0 una tienda web y sugerir los ajustes , cambios y actualizaciones necesarias para su correcto funcionamiento; \u00e9ste servicio No resuelve problemas ni conflictos en la tienda. Enviaremos via Ticket el resultado y sugerencias de ajustes con los costos por servicio y bonificaremos el 50% de \u00e9ste servicio en su contrataci\u00f3n de la soluci\u00f3n.<\/p>\n","protected":false},"excerpt":{"rendered":"<p>Articulo a la medida: servicio de Diagnostico Basico deteccion de erroers de tienda web prestashop \u00f3 woocommerce \u00f3 opencart \u00f3 magento, en donde aplicaremos proceso de revision interna para detectar errores comunes de una tienda web y sugerir los ajustes , cambios y actualizaciones necesarias para su correcto funcionamiento. No aplicaremos ningun ajuste ni correcci\u00f3n.<\/p>\n","protected":false},"featured_media":3635,"template":"","meta":{"saved_in_kubio":false,"_seopress_robots_primary_cat":"","_seopress_titles_title":"","_seopress_titles_desc":"","_seopress_robots_index":"","spay_email":"","jetpack_publicize_message":""},"class_list":{"0":"post-3638","1":"product","2":"type-product","3":"status-publish","4":"has-post-thumbnail","6":"product_cat-soporte-tecnico-horas-de-programacion","7":"product_tag-auditoria-tienda-web","8":"product_tag-diagnostico-tienda-web","10":"first","11":"instock","12":"virtual","13":"taxable","14":"purchasable","15":"product-type-simple"},"jetpack_publicize_connections":[],"jetpack_sharing_enabled":true,"jetpack-related-posts":[],"_links":{"self":[{"href":"https:\/\/mojomexico.company\/portal\/wp-json\/wp\/v2\/product\/3638","targetHints":{"allow":["GET"]}}],"collection":[{"href":"https:\/\/mojomexico.company\/portal\/wp-json\/wp\/v2\/product"}],"about":[{"href":"https:\/\/mojomexico.company\/portal\/wp-json\/wp\/v2\/types\/product"}],"wp:featuredmedia":[{"embeddable":true,"href":"https:\/\/mojomexico.company\/portal\/wp-json\/wp\/v2\/media\/3635"}],"wp:attachment":[{"href":"https:\/\/mojomexico.company\/portal\/wp-json\/wp\/v2\/media?parent=3638"}],"curies":[{"name":"wp","href":"https:\/\/api.w.org\/{rel}","templated":true}]}}