{"id":3696,"date":"2017-02-15T05:34:06","date_gmt":"2017-02-15T10:34:06","guid":{"rendered":"http:\/\/mojomexico.company\/portal\/?post_type=product&#038;p=3696"},"modified":"2025-03-03T06:25:00","modified_gmt":"2025-03-03T12:25:00","slug":"curso-unix-a-escoger-aix-ux-sco","status":"publish","type":"product","link":"https:\/\/mojomexico.company\/portal\/producto\/curso-unix-a-escoger-aix-ux-sco\/","title":{"rendered":"Curso Unix a escoger AIX, UX , SCO"},"content":{"rendered":"<p><a href=\"https:\/\/mojomexico.company\/portal\/?attachment_id=3697\"><img alt=\"\" loading=\"lazy\" decoding=\"async\" data-attachment-id=\"3697\" data-permalink=\"https:\/\/mojomexico.company\/portal\/?attachment_id=3697\" data-orig-file=\"https:\/\/i2.wp.com\/mojomexico.company\/portal\/wp-content\/uploads\/2017\/02\/sco-logomex.png?fit=232%2C148&amp;ssl=1\" data-orig-size=\"232,148\" data-comments-opened=\"1\" data-image-meta=\"{&quot;aperture&quot;:&quot;0&quot;,&quot;credit&quot;:&quot;&quot;,&quot;camera&quot;:&quot;&quot;,&quot;caption&quot;:&quot;&quot;,&quot;created_timestamp&quot;:&quot;0&quot;,&quot;copyright&quot;:&quot;&quot;,&quot;focal_length&quot;:&quot;0&quot;,&quot;iso&quot;:&quot;0&quot;,&quot;shutter_speed&quot;:&quot;0&quot;,&quot;title&quot;:&quot;&quot;,&quot;orientation&quot;:&quot;0&quot;}\" data-image-title=\"sco unix mojomexico\" data-image-description=\"\" data-medium-file=\"https:\/\/i2.wp.com\/mojomexico.company\/portal\/wp-content\/uploads\/2017\/02\/sco-logomex.png?fit=232%2C148&amp;ssl=1\" data-large-file=\"https:\/\/i2.wp.com\/mojomexico.company\/portal\/wp-content\/uploads\/2017\/02\/sco-logomex.png?fit=232%2C148&amp;ssl=1\" class=\"alignleft wp-image-3697 size-thumbnail\" src=\"https:\/\/i2.wp.com\/mojomexico.company\/portal\/wp-content\/uploads\/2017\/02\/sco-logomex.png?resize=150%2C148&#038;ssl=1\" alt=\"\" width=\"150\" height=\"148\" data-recalc-dims=\"1\" \/><\/a>Evento Presencial de Capacitaci\u00f3n Unix uno a escoger: AIX IBM, UX Solaris \u00f3 SCO Unix. La fecha del curso est\u00e1 publicada en nuestro Calendario de Cursos de la Universidad Mojom\u00e9xico que deber\u00e1 consultar para conocer las condiciones y eventos haciendo clic en el baner<\/p>\n<p><a href=\"https:\/\/mojomexico.mx\/web11\/wordpress\/events\/categories\/curso-presencial\/\" target=\"_blank\" rel=\"attachment noopener wp-att-7794 noreferrer\"><img alt=\"\" loading=\"lazy\" decoding=\"async\" data-attachment-id=\"7794\" data-permalink=\"https:\/\/mojomexico.company\/portal\/?attachment_id=7794\" data-orig-file=\"https:\/\/i0.wp.com\/mojomexico.company\/portal\/wp-content\/uploads\/2023\/07\/umm-contacto.png?fit=515%2C490&amp;ssl=1\" data-orig-size=\"515,490\" data-comments-opened=\"1\" data-image-meta=\"{&quot;aperture&quot;:&quot;0&quot;,&quot;credit&quot;:&quot;&quot;,&quot;camera&quot;:&quot;&quot;,&quot;caption&quot;:&quot;&quot;,&quot;created_timestamp&quot;:&quot;0&quot;,&quot;copyright&quot;:&quot;&quot;,&quot;focal_length&quot;:&quot;0&quot;,&quot;iso&quot;:&quot;0&quot;,&quot;shutter_speed&quot;:&quot;0&quot;,&quot;title&quot;:&quot;&quot;,&quot;orientation&quot;:&quot;0&quot;}\" data-image-title=\"umm-contacto\" data-image-description=\"\" data-medium-file=\"https:\/\/i0.wp.com\/mojomexico.company\/portal\/wp-content\/uploads\/2023\/07\/umm-contacto.png?fit=300%2C285&amp;ssl=1\" data-large-file=\"https:\/\/i0.wp.com\/mojomexico.company\/portal\/wp-content\/uploads\/2023\/07\/umm-contacto.png?fit=515%2C490&amp;ssl=1\" class=\"alignleft size-thumbnail wp-image-7794\" src=\"https:\/\/i0.wp.com\/mojomexico.company\/portal\/wp-content\/uploads\/2023\/07\/umm-contacto.png?resize=150%2C150&#038;ssl=1\" alt=\"\" width=\"150\" height=\"150\" srcset=\"https:\/\/i0.wp.com\/mojomexico.company\/portal\/wp-content\/uploads\/2023\/07\/umm-contacto.png?resize=150%2C150&amp;ssl=1 150w, https:\/\/i0.wp.com\/mojomexico.company\/portal\/wp-content\/uploads\/2023\/07\/umm-contacto.png?resize=100%2C100&amp;ssl=1 100w, https:\/\/i0.wp.com\/mojomexico.company\/portal\/wp-content\/uploads\/2023\/07\/umm-contacto.png?zoom=2&amp;resize=150%2C150&amp;ssl=1 300w, https:\/\/i0.wp.com\/mojomexico.company\/portal\/wp-content\/uploads\/2023\/07\/umm-contacto.png?zoom=3&amp;resize=150%2C150&amp;ssl=1 450w\" sizes=\"(max-width: 150px) 100vw, 150px\" data-recalc-dims=\"1\" \/><\/a><\/p>\n","protected":false},"excerpt":{"rendered":"<p>Evento Virtual de Capacitaci\u00f3n Unix uno a escoger: AIX IBM, UX Solaris \u00f3 SCO Unix y cada uno por NIVEL DE ESPECIALIDAD Y CERTIFICACION, los precios aplicados aqui adicionales son especiales ya contienen el descuento del 40% sobre precio normal.. La fecha del curso est\u00e1 publicada en nuestro Calendario de Cursos de la Universidad Mojom\u00e9xico .<\/p>\n<p>En eventos grupales de una empresa podemos aplicar descuentos especiales.<\/p>\n","protected":false},"featured_media":3716,"template":"","meta":{"saved_in_kubio":false,"_seopress_robots_primary_cat":"","_seopress_titles_title":"","_seopress_titles_desc":"","_seopress_robots_index":"","spay_email":"","jetpack_publicize_message":""},"class_list":{"0":"post-3696","1":"product","2":"type-product","3":"status-publish","4":"has-post-thumbnail","6":"product_cat-sco-unix-linux","7":"product_cat-universidad-mojomexico","8":"product_tag-sco-opensource","9":"product_tag-sco-opensource-8","10":"product_tag-unix-aix-curso","11":"product_tag-unix-opensource-5","12":"product_tag-unix-opensource-6","13":"product_tag-unix-sco-curso","14":"product_tag-unix-ux-solaris-curso","15":"product_tag-unixware-8","17":"first","18":"instock","19":"sale","20":"virtual","21":"taxable","22":"purchasable","23":"product-type-simple"},"jetpack_publicize_connections":[],"jetpack_sharing_enabled":true,"jetpack-related-posts":[],"_links":{"self":[{"href":"https:\/\/mojomexico.company\/portal\/wp-json\/wp\/v2\/product\/3696","targetHints":{"allow":["GET"]}}],"collection":[{"href":"https:\/\/mojomexico.company\/portal\/wp-json\/wp\/v2\/product"}],"about":[{"href":"https:\/\/mojomexico.company\/portal\/wp-json\/wp\/v2\/types\/product"}],"wp:featuredmedia":[{"embeddable":true,"href":"https:\/\/mojomexico.company\/portal\/wp-json\/wp\/v2\/media\/3716"}],"wp:attachment":[{"href":"https:\/\/mojomexico.company\/portal\/wp-json\/wp\/v2\/media?parent=3696"}],"curies":[{"name":"wp","href":"https:\/\/api.w.org\/{rel}","templated":true}]}}