{"id":3719,"date":"2017-02-21T14:59:16","date_gmt":"2017-02-21T19:59:16","guid":{"rendered":"http:\/\/mojomexico.company\/portal\/?post_type=product&#038;p=3719"},"modified":"2017-02-21T14:59:16","modified_gmt":"2017-02-21T19:59:16","slug":"paquete-emigracion-tienda-web-woocomerce","status":"publish","type":"product","link":"https:\/\/mojomexico.company\/portal\/producto\/paquete-emigracion-tienda-web-woocomerce\/","title":{"rendered":"Paquete emigraci\u00f3n tienda Web Woocomerce"},"content":{"rendered":"<p><img alt=\"\" loading=\"lazy\" decoding=\"async\" data-attachment-id=\"3508\" data-permalink=\"https:\/\/mojomexico.company\/portal\/?attachment_id=3508\" data-orig-file=\"https:\/\/i1.wp.com\/mojomexico.company\/portal\/wp-content\/uploads\/2016\/11\/caja-roja-tienda6.jpg?fit=369%2C395&amp;ssl=1\" data-orig-size=\"369,395\" data-comments-opened=\"1\" data-image-meta=\"{&quot;aperture&quot;:&quot;0&quot;,&quot;credit&quot;:&quot;&quot;,&quot;camera&quot;:&quot;&quot;,&quot;caption&quot;:&quot;&quot;,&quot;created_timestamp&quot;:&quot;0&quot;,&quot;copyright&quot;:&quot;&quot;,&quot;focal_length&quot;:&quot;0&quot;,&quot;iso&quot;:&quot;0&quot;,&quot;shutter_speed&quot;:&quot;0&quot;,&quot;title&quot;:&quot;&quot;,&quot;orientation&quot;:&quot;0&quot;}\" data-image-title=\"servicios adicionales tienda web mojomexico\" data-image-description=\"\" data-medium-file=\"https:\/\/i1.wp.com\/mojomexico.company\/portal\/wp-content\/uploads\/2016\/11\/caja-roja-tienda6.jpg?fit=280%2C300&amp;ssl=1\" data-large-file=\"https:\/\/i1.wp.com\/mojomexico.company\/portal\/wp-content\/uploads\/2016\/11\/caja-roja-tienda6.jpg?fit=369%2C395&amp;ssl=1\" class=\"alignleft size-medium wp-image-3508\" src=\"https:\/\/i1.wp.com\/mojomexico.company\/portal\/wp-content\/uploads\/2016\/11\/caja-roja-tienda6.jpg?resize=280%2C300&#038;ssl=1\" alt=\"\" width=\"280\" height=\"300\" srcset=\"https:\/\/i1.wp.com\/mojomexico.company\/portal\/wp-content\/uploads\/2016\/11\/caja-roja-tienda6.jpg?resize=280%2C300&amp;ssl=1 280w, https:\/\/i1.wp.com\/mojomexico.company\/portal\/wp-content\/uploads\/2016\/11\/caja-roja-tienda6.jpg?resize=300%2C321&amp;ssl=1 300w, https:\/\/i1.wp.com\/mojomexico.company\/portal\/wp-content\/uploads\/2016\/11\/caja-roja-tienda6.jpg?resize=220%2C236&amp;ssl=1 220w, https:\/\/i1.wp.com\/mojomexico.company\/portal\/wp-content\/uploads\/2016\/11\/caja-roja-tienda6.jpg?w=369&amp;ssl=1 369w\" sizes=\"(max-width: 280px) 100vw, 280px\" data-recalc-dims=\"1\" \/>Servicio de emigraci\u00f3n de tienda web de versiones anteriores \u00f3 motores anteriores a la ultima versi\u00f3n estable Woocommerce en WordPress, el costo BASICO del servicio incluye:<\/p>\n<ul>\n<li>Instalaci\u00f3n de Woocommerce \/WP en su zona Hosting actual<\/li>\n<li>Personalizaci\u00f3n de la tienda a moneda MX, IVA MX, Idioma Espa\u00f1ol<\/li>\n<li>Alta y sincronizaci\u00f3n de medio de pago Paypal<\/li>\n<li>Instalaci\u00f3n de Plantilla Woocommerce y personalizaci\u00f3n inicial (tal y como es la plantilla original, agregando baners a la portada).<\/li>\n<li>EXTRAS: podr\u00e1 cargar los servicios extras que su tienda actual requiere y se sumar\u00e1n al costo base aqui mismo en el cuadro que aparece abajo del precio, usted puede seleccionar cada producto usando las teclas Ctr+Mouse y el precio total sumado se mostrar\u00e1 de forma autom\u00e1tica.<\/li>\n<\/ul>\n","protected":false},"excerpt":{"rendered":"<p>Servicio de emigraci\u00f3n de tienda web de versiones anteriores \u00f3 motores anteriores a la ultima versi\u00f3n estable Woocommerce en Wordpress,; podr\u00e1 adicionar los servicios extras aqui mismo para integrar su paquete completo de emigraci\u00f3n.<\/p>\n<p><img alt=\"\" loading=\"lazy\" decoding=\"async\" class=\"alignleft size-medium wp-image-3605\" src=\"https:\/\/mojomexico.company\/portal\/wp-content\/uploads\/2017\/01\/dedo1-300x243.png\" alt=\"\" width=\"300\" height=\"243\" srcset=\"https:\/\/i1.wp.com\/mojomexico.company\/portal\/wp-content\/uploads\/2017\/01\/dedo1.png?resize=300%2C243&amp;ssl=1 300w, https:\/\/i1.wp.com\/mojomexico.company\/portal\/wp-content\/uploads\/2017\/01\/dedo1.png?resize=250%2C203&amp;ssl=1 250w, https:\/\/i1.wp.com\/mojomexico.company\/portal\/wp-content\/uploads\/2017\/01\/dedo1.png?resize=220%2C178&amp;ssl=1 220w, https:\/\/i1.wp.com\/mojomexico.company\/portal\/wp-content\/uploads\/2017\/01\/dedo1.png?w=428&amp;ssl=1 428w\" sizes=\"(max-width: 300px) 100vw, 300px\" \/><\/p>\n","protected":false},"featured_media":3539,"template":"","meta":{"saved_in_kubio":false,"_seopress_robots_primary_cat":"","_seopress_titles_title":"","_seopress_titles_desc":"","_seopress_robots_index":"","spay_email":"","jetpack_publicize_message":""},"class_list":{"0":"post-3719","1":"product","2":"type-product","3":"status-publish","4":"has-post-thumbnail","6":"product_cat-soporte-tecnico-horas-de-programacion","7":"product_tag-emigracion-woocommerce","9":"first","10":"instock","11":"virtual","12":"taxable","13":"purchasable","14":"product-type-simple"},"jetpack_publicize_connections":[],"jetpack_sharing_enabled":true,"jetpack-related-posts":[],"_links":{"self":[{"href":"https:\/\/mojomexico.company\/portal\/wp-json\/wp\/v2\/product\/3719","targetHints":{"allow":["GET"]}}],"collection":[{"href":"https:\/\/mojomexico.company\/portal\/wp-json\/wp\/v2\/product"}],"about":[{"href":"https:\/\/mojomexico.company\/portal\/wp-json\/wp\/v2\/types\/product"}],"wp:featuredmedia":[{"embeddable":true,"href":"https:\/\/mojomexico.company\/portal\/wp-json\/wp\/v2\/media\/3539"}],"wp:attachment":[{"href":"https:\/\/mojomexico.company\/portal\/wp-json\/wp\/v2\/media?parent=3719"}],"curies":[{"name":"wp","href":"https:\/\/api.w.org\/{rel}","templated":true}]}}