{"id":3737,"date":"2017-03-23T17:45:35","date_gmt":"2017-03-23T22:45:35","guid":{"rendered":"http:\/\/mojomexico.company\/portal\/?post_type=product&#038;p=3737"},"modified":"2020-06-24T12:37:24","modified_gmt":"2020-06-24T17:37:24","slug":"poliza-sem-servicio-tienda-web","status":"publish","type":"product","link":"https:\/\/mojomexico.company\/portal\/producto\/poliza-sem-servicio-tienda-web\/","title":{"rendered":"Poliza Semestral Soporte Tecnico Tienda Web Nivel1"},"content":{"rendered":"<p>Poliza semestral para atender los procesos regulares de una tienda web por NIVEL DE INCIDENCIA:<\/p>\n<p>NIVEL1 MAXIMO INCIDENCIAS 6 POR\u00a0MES:<\/p>\n<p>actualizaciones de versiones segun la seguridad, mantenimiento normal preventivo para evitar riesgos, revisi\u00f3n de respaldos, etc. Aplica solo para motores ecomercio (cms) prestashop \u00f3 woocommerce \u00f3 opencart \u00f3 zencart solamente, (no aplica para magento.)<\/p>\n","protected":false},"excerpt":{"rendered":"<p><a href=\"https:\/\/mojomexico.company\/portal\/baner-srv1\/\"><img alt=\"\" loading=\"lazy\" decoding=\"async\" class=\"alignleft size-full wp-image-5277\" src=\"https:\/\/mojomexico.company\/portal\/wp-content\/uploads\/2018\/06\/baner-srv1.png\" alt=\"\" width=\"424\" height=\"496\" srcset=\"https:\/\/i0.wp.com\/mojomexico.company\/portal\/wp-content\/uploads\/2018\/06\/baner-srv1.png?w=424&amp;ssl=1 424w, https:\/\/i0.wp.com\/mojomexico.company\/portal\/wp-content\/uploads\/2018\/06\/baner-srv1.png?resize=256%2C300&amp;ssl=1 256w, https:\/\/i0.wp.com\/mojomexico.company\/portal\/wp-content\/uploads\/2018\/06\/baner-srv1.png?resize=231%2C270&amp;ssl=1 231w, https:\/\/i0.wp.com\/mojomexico.company\/portal\/wp-content\/uploads\/2018\/06\/baner-srv1.png?resize=214%2C250&amp;ssl=1 214w\" sizes=\"(max-width: 424px) 100vw, 424px\" \/><\/a>Poliza semestral para atender los procesos regulares de una tienda web por NIVEL DE INCIDENCIA:<\/p>\n<p>NIVEL1MAXIMO INCIDENCIAS 6 POR\u00a0MES::<\/p>\n<p>actualizaciones de versiones segun la seguridad, mantenimiento normal preventivo para evitar riesgos, revisi\u00f3n de respaldos, instalacion de Extensiones y Modulos Nuevos (no incluye nuevos desarrollos). Aplica solo para motores ecomercio (cms) prestashop \u00f3 woocommerce \u00f3 opencart \u00f3 zencart solamente, (no aplica para magento.)<\/p>\n","protected":false},"featured_media":5277,"template":"","meta":{"saved_in_kubio":false,"_seopress_robots_primary_cat":"","_seopress_titles_title":"","_seopress_titles_desc":"","_seopress_robots_index":"","spay_email":"","jetpack_publicize_message":""},"class_list":{"0":"post-3737","1":"product","2":"type-product","3":"status-publish","4":"has-post-thumbnail","6":"product_cat-soporte-tecnico-horas-de-programacion","7":"product_tag-poliza-vigilant-semestral-de-soporte-tienda-web","9":"first","10":"instock","11":"virtual","12":"taxable","13":"purchasable","14":"product-type-simple"},"jetpack_publicize_connections":[],"jetpack_sharing_enabled":true,"jetpack-related-posts":[],"_links":{"self":[{"href":"https:\/\/mojomexico.company\/portal\/wp-json\/wp\/v2\/product\/3737","targetHints":{"allow":["GET"]}}],"collection":[{"href":"https:\/\/mojomexico.company\/portal\/wp-json\/wp\/v2\/product"}],"about":[{"href":"https:\/\/mojomexico.company\/portal\/wp-json\/wp\/v2\/types\/product"}],"wp:featuredmedia":[{"embeddable":true,"href":"https:\/\/mojomexico.company\/portal\/wp-json\/wp\/v2\/media\/5277"}],"wp:attachment":[{"href":"https:\/\/mojomexico.company\/portal\/wp-json\/wp\/v2\/media?parent=3737"}],"curies":[{"name":"wp","href":"https:\/\/api.w.org\/{rel}","templated":true}]}}