{"id":3777,"date":"2020-03-03T17:03:34","date_gmt":"2020-03-03T22:03:34","guid":{"rendered":"http:\/\/mojomexico.company\/portal\/?post_type=product&#038;p=3777"},"modified":"2026-02-10T23:02:56","modified_gmt":"2026-02-11T05:02:56","slug":"conexion-cva-webservice-prestashop","status":"publish","type":"product","link":"https:\/\/mojomexico.company\/portal\/producto\/conexion-cva-webservice-prestashop\/","title":{"rendered":"API CVA Webservice tienda web"},"content":{"rendered":"<p><img alt=\"\" loading=\"lazy\" decoding=\"async\" data-attachment-id=\"7897\" data-permalink=\"https:\/\/mojomexico.company\/portal\/?attachment_id=7897\" data-orig-file=\"https:\/\/i1.wp.com\/mojomexico.company\/portal\/wp-content\/uploads\/2022\/05\/syscom-alta-tc1.png?fit=842%2C546&amp;ssl=1\" data-orig-size=\"842,546\" data-comments-opened=\"1\" data-image-meta=\"{&quot;aperture&quot;:&quot;0&quot;,&quot;credit&quot;:&quot;&quot;,&quot;camera&quot;:&quot;&quot;,&quot;caption&quot;:&quot;&quot;,&quot;created_timestamp&quot;:&quot;0&quot;,&quot;copyright&quot;:&quot;&quot;,&quot;focal_length&quot;:&quot;0&quot;,&quot;iso&quot;:&quot;0&quot;,&quot;shutter_speed&quot;:&quot;0&quot;,&quot;title&quot;:&quot;&quot;,&quot;orientation&quot;:&quot;0&quot;}\" data-image-title=\"syscom-alta-tc1\" data-image-description=\"\" data-medium-file=\"https:\/\/i1.wp.com\/mojomexico.company\/portal\/wp-content\/uploads\/2022\/05\/syscom-alta-tc1.png?fit=300%2C195&amp;ssl=1\" data-large-file=\"https:\/\/i1.wp.com\/mojomexico.company\/portal\/wp-content\/uploads\/2022\/05\/syscom-alta-tc1.png?fit=842%2C546&amp;ssl=1\" class=\"aligncenter wp-image-7897 size-full\" src=\"https:\/\/i2.wp.com\/cva.mojomexico.net\/wp-content\/uploads\/2021\/04\/producto-edit-inventario-control-mayorista.png?resize=995%2C299&#038;ssl=1\" sizes=\"(max-width: 995px) 100vw, 995px\" srcset=\"https:\/\/i2.wp.com\/cva.mojomexico.net\/wp-content\/uploads\/2021\/04\/producto-edit-inventario-control-mayorista.png?resize=995%2C299&#038;ssl=1 995w, https:\/\/cva.mojomexico.net\/wp-content\/uploads\/2021\/04\/producto-edit-inventario-control-mayorista-300x90.png 300w, https:\/\/cva.mojomexico.net\/wp-content\/uploads\/2021\/04\/producto-edit-inventario-control-mayorista-768x231.png 768w, https:\/\/cva.mojomexico.net\/wp-content\/uploads\/2021\/04\/producto-edit-inventario-control-mayorista-400x120.png 400w, https:\/\/cva.mojomexico.net\/wp-content\/uploads\/2021\/04\/producto-edit-inventario-control-mayorista-800x240.png 800w\" alt=\"\" width=\"995\" height=\"299\" data-recalc-dims=\"1\" \/><\/p>\n<p>Observa que \u00e9sto est\u00e1 dentro de PRODUCTOS\u2013 EDICION \u2014 INVENTARIOS por cada articulo vinculado con nuestra API.<\/p>\n<p>Y en la ADMINISTRACION DE PRODUCTOS, vas a tener\u00a0 de forma resaltada esa informaci\u00f3n de inter\u00e9s por cada Provedor Mayorista, CODIGOS DE PROMOCION (LOS QUE EL MAYORISTA TE INDICA o Podemos Agregar AUTO-CUPONES de acuerdo a lo que tu nos indiques, s\u00f3lo agrega la opci\u00f3n \u201cAUTO-CUPON PARA API MAYORISTA\u201d y quedar\u00e1 agregado \u00e9sto para que tengas mas poder en tu informacion.<\/p>\n<p><img alt=\"\" loading=\"lazy\" decoding=\"async\" data-attachment-id=\"7898\" data-permalink=\"https:\/\/mojomexico.company\/portal\/?attachment_id=7898\" data-orig-file=\"https:\/\/i2.wp.com\/mojomexico.company\/portal\/wp-content\/uploads\/2020\/09\/exln-panel-tarifas.png?fit=901%2C530&amp;ssl=1\" data-orig-size=\"901,530\" data-comments-opened=\"1\" data-image-meta=\"{&quot;aperture&quot;:&quot;0&quot;,&quot;credit&quot;:&quot;&quot;,&quot;camera&quot;:&quot;&quot;,&quot;caption&quot;:&quot;&quot;,&quot;created_timestamp&quot;:&quot;0&quot;,&quot;copyright&quot;:&quot;&quot;,&quot;focal_length&quot;:&quot;0&quot;,&quot;iso&quot;:&quot;0&quot;,&quot;shutter_speed&quot;:&quot;0&quot;,&quot;title&quot;:&quot;&quot;,&quot;orientation&quot;:&quot;0&quot;}\" data-image-title=\"exln-panel-tarifas\" data-image-description=\"\" data-medium-file=\"https:\/\/i2.wp.com\/mojomexico.company\/portal\/wp-content\/uploads\/2020\/09\/exln-panel-tarifas.png?fit=300%2C176&amp;ssl=1\" data-large-file=\"https:\/\/i2.wp.com\/mojomexico.company\/portal\/wp-content\/uploads\/2020\/09\/exln-panel-tarifas.png?fit=901%2C530&amp;ssl=1\" class=\"aligncenter wp-image-7898 size-full\" src=\"https:\/\/i0.wp.com\/cva.mojomexico.net\/wp-content\/uploads\/2021\/04\/cva-producto-admin-nuevas-col.png?resize=995%2C569&#038;ssl=1\" sizes=\"(max-width: 995px) 100vw, 995px\" srcset=\"https:\/\/i0.wp.com\/cva.mojomexico.net\/wp-content\/uploads\/2021\/04\/cva-producto-admin-nuevas-col.png?resize=995%2C569&#038;ssl=1 995w, https:\/\/cva.mojomexico.net\/wp-content\/uploads\/2021\/04\/cva-producto-admin-nuevas-col-300x172.png 300w, https:\/\/cva.mojomexico.net\/wp-content\/uploads\/2021\/04\/cva-producto-admin-nuevas-col-768x439.png 768w, https:\/\/cva.mojomexico.net\/wp-content\/uploads\/2021\/04\/cva-producto-admin-nuevas-col-400x229.png 400w, https:\/\/cva.mojomexico.net\/wp-content\/uploads\/2021\/04\/cva-producto-admin-nuevas-col-800x457.png 800w\" alt=\"\" width=\"995\" height=\"569\" data-recalc-dims=\"1\" \/><\/p>\n<h3><img alt=\"\" loading=\"lazy\" decoding=\"async\" data-attachment-id=\"7899\" data-permalink=\"https:\/\/mojomexico.company\/portal\/?attachment_id=7899\" data-orig-file=\"https:\/\/i2.wp.com\/mojomexico.company\/portal\/wp-content\/uploads\/2020\/09\/exln-panel-actualiza4.png?fit=1024%2C688&amp;ssl=1\" data-orig-size=\"1024,688\" data-comments-opened=\"1\" data-image-meta=\"{&quot;aperture&quot;:&quot;0&quot;,&quot;credit&quot;:&quot;&quot;,&quot;camera&quot;:&quot;&quot;,&quot;caption&quot;:&quot;&quot;,&quot;created_timestamp&quot;:&quot;0&quot;,&quot;copyright&quot;:&quot;&quot;,&quot;focal_length&quot;:&quot;0&quot;,&quot;iso&quot;:&quot;0&quot;,&quot;shutter_speed&quot;:&quot;0&quot;,&quot;title&quot;:&quot;&quot;,&quot;orientation&quot;:&quot;0&quot;}\" data-image-title=\"exln-panel-actualiza4\" data-image-description=\"\" data-medium-file=\"https:\/\/i2.wp.com\/mojomexico.company\/portal\/wp-content\/uploads\/2020\/09\/exln-panel-actualiza4.png?fit=300%2C202&amp;ssl=1\" data-large-file=\"https:\/\/i2.wp.com\/mojomexico.company\/portal\/wp-content\/uploads\/2020\/09\/exln-panel-actualiza4.png?fit=1024%2C688&amp;ssl=1\" class=\"aligncenter wp-image-7899 size-full\" src=\"https:\/\/i0.wp.com\/cva.mojomexico.net\/wp-content\/uploads\/2021\/04\/cva-producto-admin-nuevas-col2.png?resize=993%2C576&#038;ssl=1\" sizes=\"(max-width: 993px) 100vw, 993px\" srcset=\"https:\/\/i0.wp.com\/cva.mojomexico.net\/wp-content\/uploads\/2021\/04\/cva-producto-admin-nuevas-col2.png?resize=993%2C576&#038;ssl=1 993w, https:\/\/cva.mojomexico.net\/wp-content\/uploads\/2021\/04\/cva-producto-admin-nuevas-col2-300x174.png 300w, https:\/\/cva.mojomexico.net\/wp-content\/uploads\/2021\/04\/cva-producto-admin-nuevas-col2-768x445.png 768w, https:\/\/cva.mojomexico.net\/wp-content\/uploads\/2021\/04\/cva-producto-admin-nuevas-col2-400x232.png 400w, https:\/\/cva.mojomexico.net\/wp-content\/uploads\/2021\/04\/cva-producto-admin-nuevas-col2-800x464.png 800w\" alt=\"\" width=\"993\" height=\"576\" data-recalc-dims=\"1\" \/><\/h3>\n<h3><\/h3>\n<h3>ADICIONA LA EXTENSION MARKETPLACE\u00a0 PARA API-MAYORISTA<\/h3>\n<p>(revisa los Extras de compra para agregar).<\/p>\n<p>Esta es una EXTENSION al poder de tu API Mayorista que puedes AGREGAR A TU COMPRA, y te va a permitir la GENERACION DE ARCHIVOS o conexi\u00f3n directa con El MarketPlace que escojas (cada marca es un modulo) como: amazon, clarovideo, waltmar (nota: solo para los Marketplace que permiten la CARGA EXTERNA de archivos TXT, CVS o XML; para que lo tomes en cuenta).<\/p>\n<h2><\/h2>\n<h2><img alt=\"\" loading=\"lazy\" decoding=\"async\" class=\"aligncenter wp-image-7858 size-full\" src=\"https:\/\/i2.wp.com\/cva.mojomexico.net\/wp-content\/uploads\/2021\/04\/cva-sync-marketplace.png?resize=749%2C364&#038;ssl=1\" sizes=\"(max-width: 749px) 100vw, 749px\" srcset=\"https:\/\/i2.wp.com\/cva.mojomexico.net\/wp-content\/uploads\/2021\/04\/cva-sync-marketplace.png?resize=749%2C364&#038;ssl=1 749w, https:\/\/cva.mojomexico.net\/wp-content\/uploads\/2021\/04\/cva-sync-marketplace-300x146.png 300w, https:\/\/cva.mojomexico.net\/wp-content\/uploads\/2021\/04\/cva-sync-marketplace-400x194.png 400w\" alt=\"\" width=\"749\" height=\"364\" data-recalc-dims=\"1\" \/><\/h2>\n<p>&nbsp;<\/p>\n<p>Adicional Extra CRON-AUTOMATICO :<\/p>\n<p>Puedes tambien agregar a tu Confiuraci\u00f3n el M\u00f3dulo \u00e9xtra CRON-AUTOMATICO que te va a permitir AUTO-PROGRAMAR lo procesos de Actualizaci\u00f3n de Inventarios y Precios , Promociones o cualquier evento que te quita tiempo aplicar de forma Manual. Con \u00e9ste avance PLUS exclusivo de nuestro desarrollo para API-Mayorista podr\u00e1s dejar programado la actualizacion de tu Catalogo por ej.en la Noche para que tu tienda amanezca con los inventariosw, precios y promociones actualizados sobre todo e los articulos que m\u00e1s te interesan, por marca y grupo. Agregalo a tu compra con los botones de SERVICIOS EXTRAS que te ofrecemos aqui tambi\u00e9n.<\/p>\n<p>Adiciona Extra AUTO-CUPON DE PROMOCIONES API-MAYORISTA:<\/p>\n<p>Como un extra puedes agregar mas poder a tu tienda con \u00e9sta facilidad que te ofrecemos de GENERAR DE FORMA AUTOMATICA CUPONES por cada Producto en Promoci\u00f3n (recuerda que nuestra versi\u00f3n CVA-Profesional 2023 te ofrece ya integrar las Promociones a cada Articulo, si cuentas con versiones anteriores, es buen momento de actualizar tu version ahora porque vamos a continuar creando m\u00e1s opciones para hacer m\u00e1s poderosa \u00e9sta API y todas las otras marcas que hemos desarrollado).<\/p>\n<p>EL AUTO-CUPON funciona de \u00e9sta manejra: Cada evento de revisi\u00f3n de Promoci\u00f3n, el Grupo-Marca de Arriculos que SI \u00e9ste en promoci\u00f3n tomar\u00e1 EL CODIGO CVA-PROMOCION de cada Articulo participante y lo dejar\u00e1 guardado en cada Articulo. Posterior tu podr\u00e1s indicar de forma especial\u00a0 individual o por grupo, la GENERACION DE CUPONES sobre \u00e9se CODIGO DE PROMOCION ,y asi tu Cliente al mencionar su codigo,tu podr\u00e1s f\u00e1cilmente identificar y aplicar el mismo codigo para la compra con tu Mayorista. Tambi\u00e9n estamos abiertos a mejoras y sugerencias que a t\u00ed te funcionen mejor, por lo que SIN cargo extra, podemos adaptarlo a tus necesidades o darle m\u00e1s potencia, nosotros de apoyamos.<\/p>\n<p>&nbsp;<\/p>\n<p><strong><a href=\"https:\/\/mojomexico.company\/portal\/?attachment_id=7665\" rel=\"attachment wp-att-6897\"><img alt=\"\" loading=\"lazy\" decoding=\"async\" data-attachment-id=\"7665\" data-permalink=\"https:\/\/mojomexico.company\/portal\/?attachment_id=7665\" data-orig-file=\"https:\/\/i0.wp.com\/mojomexico.company\/portal\/wp-content\/uploads\/2020\/03\/img-610-490-31B.png?fit=610%2C490&amp;ssl=1\" data-orig-size=\"610,490\" data-comments-opened=\"1\" data-image-meta=\"{&quot;aperture&quot;:&quot;0&quot;,&quot;credit&quot;:&quot;&quot;,&quot;camera&quot;:&quot;&quot;,&quot;caption&quot;:&quot;&quot;,&quot;created_timestamp&quot;:&quot;0&quot;,&quot;copyright&quot;:&quot;&quot;,&quot;focal_length&quot;:&quot;0&quot;,&quot;iso&quot;:&quot;0&quot;,&quot;shutter_speed&quot;:&quot;0&quot;,&quot;title&quot;:&quot;&quot;,&quot;orientation&quot;:&quot;0&quot;}\" data-image-title=\"img-610-490-31B\" data-image-description=\"\" data-medium-file=\"https:\/\/i0.wp.com\/mojomexico.company\/portal\/wp-content\/uploads\/2020\/03\/img-610-490-31B.png?fit=300%2C241&amp;ssl=1\" data-large-file=\"https:\/\/i0.wp.com\/mojomexico.company\/portal\/wp-content\/uploads\/2020\/03\/img-610-490-31B.png?fit=610%2C490&amp;ssl=1\" class=\"alignleft wp-image-7665 size-medium\" src=\"https:\/\/i0.wp.com\/mojomexico.company\/portal\/wp-content\/uploads\/2020\/03\/img-610-490-31B.png?resize=300%2C241&#038;ssl=1\" alt=\"\" width=\"300\" height=\"241\" srcset=\"https:\/\/i0.wp.com\/mojomexico.company\/portal\/wp-content\/uploads\/2020\/03\/img-610-490-31B.png?resize=300%2C241&amp;ssl=1 300w, https:\/\/i0.wp.com\/mojomexico.company\/portal\/wp-content\/uploads\/2020\/03\/img-610-490-31B.png?resize=600%2C482&amp;ssl=1 600w, https:\/\/i0.wp.com\/mojomexico.company\/portal\/wp-content\/uploads\/2020\/03\/img-610-490-31B.png?resize=500%2C402&amp;ssl=1 500w, https:\/\/i0.wp.com\/mojomexico.company\/portal\/wp-content\/uploads\/2020\/03\/img-610-490-31B.png?w=610&amp;ssl=1 610w\" sizes=\"(max-width: 300px) 100vw, 300px\" data-recalc-dims=\"1\" \/><\/a>Que estoy comprando?<\/strong><\/p>\n<p>Al comprar nuestro producto, estas adquiriendo el derecho de uso de nuestro producto por dominio-tienda en forma de Una Licencia (puede adquirir varias licencias si manejas multitiendas) solo para el dominio \u00f3 dominios que registras en tu compra. Solo se entregan programas compilados sin opci\u00f3n a modificar m\u00e1s que por el personal calificado de Mojomexico y solo podr\u00e1 ser usado para el dominio-tienda registrado. El descuento en multitiendas es del 35% de la segunda hasta 99 licencias.<\/p>\n<p><strong>Qu\u00e9 pasa si la tienda \u00f3 CVA cambian de versi\u00f3n ?<\/strong><\/p>\n<p>Nuestro conector est\u00e1 fabricado bajo los est\u00e1ndares de Calidad para ser compatible con todas las versiones de los motores cms pero siempre existe una posibilidad de que se presente una imcompatiblidad futural. En todo caso, Mojomexico brindar\u00e1 la actualizaci\u00f3n inmediata si e\u015bte efecto se presenta dentro de los primeros 30 d\u00edas posterior a su compra SIN COSTO ADICIONAL<\/p>\n<p>En ciertas versiones sobre todo de Presashop existens BUGS de errores sobre todo se notan cuando se aplican acciones Mayores de Conectividad o tambi\u00e9n por Falta de Capacidad de Su Servicio Hosting (los paquetes compartidos de servicio Hosting NO son recomendables para \u00e9stas acciones especiales de servicio, deben ser VPS minimo o Server Dedicado, revisa nuestros planes VPS muy competitivos y potentes).<\/p>\n<p><strong>C\u00f3mo es el proceso de instalaci\u00f3n?<\/strong><\/p>\n<p>Te creamos un espacio CPanel especial solo para ti y podras usar y actualizar ILIMITADAMENTE los articulos en tu tienda las 24horas durante el periodo de tu membresia.<\/p>\n<p><strong>Que garant\u00eda tengo?<\/strong><\/p>\n<p><strong>99.9% de funcionamiento siempre.<\/strong><\/p>\n<p><strong> C\u00f3mo puedo ordenar este producto ahora?<\/strong><\/p>\n<p>carga en carrito y sigue las instrucciones que ahi se muestran, Siempre Expedimos FACTURA FISCAL 100% deducible en tu compra.<\/p>\n<p>&nbsp;<\/p>\n","protected":false},"excerpt":{"rendered":"<p>&nbsp;<\/p>\n<p><a href=\"https:\/\/mojomexico.company\/portal\/?attachment_id=8264\" rel=\"attachment wp-att-8264\"><img alt=\"\" loading=\"lazy\" decoding=\"async\" class=\"wp-image-8264 alignleft\" src=\"https:\/\/mojomexico.company\/portal\/wp-content\/uploads\/2020\/03\/cva-app-640-5R.jpg\" alt=\"\" width=\"303\" height=\"303\" srcset=\"https:\/\/i0.wp.com\/mojomexico.company\/portal\/wp-content\/uploads\/2020\/03\/cva-app-640-5R.jpg?w=542&amp;ssl=1 542w, https:\/\/i0.wp.com\/mojomexico.company\/portal\/wp-content\/uploads\/2020\/03\/cva-app-640-5R.jpg?resize=300%2C300&amp;ssl=1 300w, https:\/\/i0.wp.com\/mojomexico.company\/portal\/wp-content\/uploads\/2020\/03\/cva-app-640-5R.jpg?resize=150%2C150&amp;ssl=1 150w, https:\/\/i0.wp.com\/mojomexico.company\/portal\/wp-content\/uploads\/2020\/03\/cva-app-640-5R.jpg?resize=500%2C500&amp;ssl=1 500w, https:\/\/i0.wp.com\/mojomexico.company\/portal\/wp-content\/uploads\/2020\/03\/cva-app-640-5R.jpg?resize=100%2C100&amp;ssl=1 100w\" sizes=\"(max-width: 303px) 100vw, 303px\" \/><\/a><a href=\"https:\/\/cva.mojomexico.net\/wp-content\/uploads\/2023\/02\/precio8990.png\"><img alt=\"\" loading=\"lazy\" decoding=\"async\" class=\"aligncenter size-full wp-image-8060\" src=\"https:\/\/cva.mojomexico.net\/wp-content\/uploads\/2023\/02\/precio8990.png\" alt=\"\" width=\"180\" height=\"64\" \/><\/a><\/p>\n<h3>ahora<\/h3>\n<p><a href=\"https:\/\/mojomexico.company\/portal\/?attachment_id=8531\" rel=\"attachment wp-att-8531\"><img alt=\"\" loading=\"lazy\" decoding=\"async\" class=\"aligncenter wp-image-8531\" src=\"https:\/\/mojomexico.company\/portal\/wp-content\/uploads\/2025\/04\/baner-50desc-1R.jpg\" alt=\"\" width=\"640\" height=\"355\" srcset=\"https:\/\/i2.wp.com\/mojomexico.company\/portal\/wp-content\/uploads\/2025\/04\/baner-50desc-1R.jpg?w=934&amp;ssl=1 934w, https:\/\/i2.wp.com\/mojomexico.company\/portal\/wp-content\/uploads\/2025\/04\/baner-50desc-1R.jpg?resize=300%2C166&amp;ssl=1 300w, https:\/\/i2.wp.com\/mojomexico.company\/portal\/wp-content\/uploads\/2025\/04\/baner-50desc-1R.jpg?resize=768%2C426&amp;ssl=1 768w, https:\/\/i2.wp.com\/mojomexico.company\/portal\/wp-content\/uploads\/2025\/04\/baner-50desc-1R.jpg?resize=600%2C333&amp;ssl=1 600w, https:\/\/i2.wp.com\/mojomexico.company\/portal\/wp-content\/uploads\/2025\/04\/baner-50desc-1R.jpg?resize=500%2C277&amp;ssl=1 500w\" sizes=\"(max-width: 640px) 100vw, 640px\" \/><\/a><\/p>\n<p>Plugin para la Conexion API-JSON del catalogo directo del Proveedor MAYORISTA . Se vende por Licencia-Tienda.<\/p>\n<p>&nbsp;<\/p>\n<p>&nbsp;<\/p>\n<p>&nbsp;<\/p>\n","protected":false},"featured_media":8264,"template":"","meta":{"saved_in_kubio":false,"_seopress_robots_primary_cat":"none","_seopress_titles_title":"","_seopress_titles_desc":"","_seopress_robots_index":"","spay_email":"","jetpack_publicize_message":""},"class_list":{"0":"post-3777","1":"product","2":"type-product","3":"status-publish","4":"has-post-thumbnail","6":"product_cat-conexion-webservice-erp","7":"product_cat-conexion-webservice-erp-ps","8":"product_cat-promocionexpress","9":"product_cat-shopify","10":"product_cat-woocommerce-wordpress","11":"product_cat-prestashop","12":"product_cat-joomla-eshop","13":"product_cat-php-laravel","14":"product_tag-cva-drupal","15":"product_tag-cva-joomla","16":"product_tag-cva-opencart","17":"product_tag-cva-prestashop","18":"product_tag-cva-woocommerce","19":"product_tag-syscom-woocommerce","20":"product_tag-webservice-prestashop","22":"first","23":"instock","24":"virtual","25":"taxable","26":"purchasable","27":"product-type-simple"},"jetpack_publicize_connections":[],"jetpack_sharing_enabled":true,"jetpack-related-posts":[],"_links":{"self":[{"href":"https:\/\/mojomexico.company\/portal\/wp-json\/wp\/v2\/product\/3777","targetHints":{"allow":["GET"]}}],"collection":[{"href":"https:\/\/mojomexico.company\/portal\/wp-json\/wp\/v2\/product"}],"about":[{"href":"https:\/\/mojomexico.company\/portal\/wp-json\/wp\/v2\/types\/product"}],"wp:featuredmedia":[{"embeddable":true,"href":"https:\/\/mojomexico.company\/portal\/wp-json\/wp\/v2\/media\/8264"}],"wp:attachment":[{"href":"https:\/\/mojomexico.company\/portal\/wp-json\/wp\/v2\/media?parent=3777"}],"curies":[{"name":"wp","href":"https:\/\/api.w.org\/{rel}","templated":true}]}}