{"id":3902,"date":"2021-05-01T12:21:21","date_gmt":"2021-05-01T17:21:21","guid":{"rendered":""},"modified":"2024-02-22T18:17:23","modified_gmt":"2024-02-22T23:17:23","slug":"banorte-magento-ee2-cloud","status":"publish","type":"product","link":"https:\/\/mojomexico.company\/portal\/producto\/banorte-magento-ee2-cloud\/","title":{"rendered":"Banorte 3DPLUS CYBER-PW2 Magento-Cloud EE2"},"content":{"rendered":"<blockquote><p><a href=\"https:\/\/open.spotify.com\/episode\/1nN6BHqV6VcQvrALGdaxXI?si=Atdxgc6oT1uFQ1-uRLBIFQ\" target=\"_blank\" rel=\"noopener noreferrer\"><span style=\"color: #ff0000;\">ENTERATE DE COMO FUNCIONA ESTA CONEXION\u00a0 BANORTE<\/span><\/a><span style=\"color: #ff0000;\"> EN TU TIENDA Y LA RAZON POR LA QUE DEBES ADQUIRIR LA MARCA MOJOMEXICO, OTRAS MARCAS NO SABEN O NO INCLUYEN LAS VERSIONES AUTORIZADAS POR BANORTE MEXICO.<\/span><\/p><\/blockquote>\n<p>&nbsp;<\/p>\n<p><a href=\"https:\/\/mojomexico.company\/portal\/producto\/pasarela-de-pago-banorte-magento-ee\/caja-banorte20\/\" rel=\"attachment wp-att-6363\"><img alt=\"\" loading=\"lazy\" decoding=\"async\" data-attachment-id=\"6363\" data-permalink=\"https:\/\/mojomexico.company\/portal\/?attachment_id=6363\" data-orig-file=\"https:\/\/i0.wp.com\/mojomexico.company\/portal\/wp-content\/uploads\/2017\/08\/caja-banorte20.png?fit=369%2C395&amp;ssl=1\" data-orig-size=\"369,395\" data-comments-opened=\"1\" data-image-meta=\"{&quot;aperture&quot;:&quot;0&quot;,&quot;credit&quot;:&quot;&quot;,&quot;camera&quot;:&quot;&quot;,&quot;caption&quot;:&quot;&quot;,&quot;created_timestamp&quot;:&quot;0&quot;,&quot;copyright&quot;:&quot;&quot;,&quot;focal_length&quot;:&quot;0&quot;,&quot;iso&quot;:&quot;0&quot;,&quot;shutter_speed&quot;:&quot;0&quot;,&quot;title&quot;:&quot;&quot;,&quot;orientation&quot;:&quot;0&quot;}\" data-image-title=\"caja-banorte20\" data-image-description=\"\" data-medium-file=\"https:\/\/i0.wp.com\/mojomexico.company\/portal\/wp-content\/uploads\/2017\/08\/caja-banorte20.png?fit=250%2C268&amp;ssl=1\" data-large-file=\"https:\/\/i0.wp.com\/mojomexico.company\/portal\/wp-content\/uploads\/2017\/08\/caja-banorte20.png?fit=369%2C395&amp;ssl=1\" class=\"alignleft size-medium wp-image-6363\" src=\"https:\/\/i0.wp.com\/mojomexico.company\/portal\/wp-content\/uploads\/2017\/08\/caja-banorte20.png?resize=250%2C268&#038;ssl=1\" alt=\"\" width=\"250\" height=\"268\" srcset=\"https:\/\/i0.wp.com\/mojomexico.company\/portal\/wp-content\/uploads\/2017\/08\/caja-banorte20.png?resize=250%2C268&amp;ssl=1 250w, https:\/\/i0.wp.com\/mojomexico.company\/portal\/wp-content\/uploads\/2017\/08\/caja-banorte20.png?resize=120%2C128&amp;ssl=1 120w, https:\/\/i0.wp.com\/mojomexico.company\/portal\/wp-content\/uploads\/2017\/08\/caja-banorte20.png?w=369&amp;ssl=1 369w\" sizes=\"(max-width: 250px) 100vw, 250px\" data-recalc-dims=\"1\" \/><\/a>Extensi\u00f3n\u00a0de pagos para la versi\u00f3n Magento Professional Edition (EE), totalmente integrada al\u00a0c\u00f3digo\u00a0original de Magento en Backoffice y FrontOffice para recibir tarjetas de cr\u00e9dito y d\u00e9bito y procesar el pago directamente a su cuenta bancaria, todo esto de forma integral e Interno en la tienda MagentoEE, bajo altas normas de seguridad de <strong>Banorte.<\/strong><\/p>\n<p>Al comprar nuestro producto, \u00e9sto le d\u00e1 derecho al USO exclusivo de nuestro software como licencia para ser instalado por nuestro personal calificado en su \u00a0tienda \u00f3 tiendas Magento EE \/dominio, . La pasarela de pago se integra a la lista estandar que presenta regularmente Magento, en caso de \u00a0que su tienda utilice una plantilla especial para este proceso de pago, la integraci\u00f3n a dicha pasarela tendr\u00e1 un costo extra al precio marcado (estimable en cada caso) por horas de servicio adaptaci\u00f3n.<\/p>\n<p><strong>Importante:<\/strong> Si tu tienda usa IWD OnePage Checkout como motor final de compra , deber\u00e1s considerar cargar aqui mismo el extra de 1400 pesos por el servicio de\u00a0 integraci\u00f3n a su plantilla especial onestep checkout. Adicional la versi\u00f3n Magento2 requiere de acci\u00f3nes personales de instalaci\u00f3n que requieren la asistencia t\u00e9cnica especializada de Mojomexico por lo que se requiere adquirir el paquete de asistencia t\u00e9cnica que se describe aqui mismo.<\/p>\n<p><span style=\"font-size: 13px; line-height: 19px;\">Los precios est\u00e1n expresados en Pesos Mexicanos y son sin IVA, por lo que si requiere factura fiscal favor de solicitarla previamente y considerar el aumento del valor del iva.Puede pagar en efectivo o con tarjeta de credito o debito.<\/span><\/p>\n<p>&nbsp;<\/p>\n<p><b>Que estoy comprando?<\/b><\/p>\n<p>Al comprar nuestro producto, estas adquiriendo el derecho de uso de nuestro producto por dominio (puedes adquirir varias licencias si manejas multitiendas) solo para el dominio \u00f3 dominios que registras en tu compra.<\/p>\n<p>Solo se entregan programas compilados sin opci\u00f3n a modificar m\u00e1s que por el personal calificado de Mojomexico y solo podr\u00e1 ser usado para el dominio-tienda registrado. El descuento en multitiendas es del 35% de la segunda hasta 99 licencias.<\/p>\n<p><strong>Con \u00e9sta pasarela puedo aceptar pagos con tarjetas Visa y Mastercard de otros Bancos \u00f3 de cualquier Banco del Mundo?<\/strong><\/p>\n<p>SI, con una pasarela puedes aceptar TODAS las tarjetas Visa y Mastercard nacionales e internacionales, de cualquier pa\u00eds. Regularmente todas las compras que se realicen en tu tienda en otras monedas distintas a PESOS, ser\u00e1n convertidas a pesos, a menos que \u00e9ste arreglo lo fijes con tu banco.<\/p>\n<p><strong>Puedo aceptar American Express?<\/strong><\/p>\n<p>Puedes adicionar \u00e9sta acci\u00f3n cargando aqui mismo a tu compra el Modulo American express para Magento2 que tenemos desarrollado y a la venta aqui mismo.<\/p>\n<p><strong>Puedo manejar pagos de 3,6,9,12 y 18 meses con y sin intereses en esta pasarela de pago?<\/strong><\/p>\n<p>Para abrir la funci\u00f3n de planes a diferir es necesario agregar a la compra de este producto EL MODULO DE MESES CON \/ SIN INTERES que tenemos disponible.<\/p>\n<p><b>Tengo que pagar anualidades \u00f3 comisiones por usar su producto?<\/b><\/p>\n<p>No, Nuestro producto no requiere anualidades ni comisiones por venta realizada, tu solo compras el producto y lo tienes de por vida para el dominio que destinaste. Todo el convenio de cobro y deposito a tu cuenta de cheques por tarjeta de cr\u00e9dito, es un arreglo de partes entre tu Banco Local y tu.<\/p>\n<p><b>C\u00f3mo es el proceso de instalaci\u00f3n?<\/b><\/p>\n<p>Nosotros te incluimos en el precio, la instalaci\u00f3n y sincronizaci\u00f3n al 100% via Remota (tu tienda tiene que estar en la nube internet), t\u00fa solo te preocupas en hacer la compra y nosotros nos encargamos de la instalaci\u00f3n, en donde se programa y se fija una vez consolidado tu pago, en un periodo m\u00e1ximo de 3 a 7 dias.<\/p>\n<p><b>Que garant\u00eda tengo?<\/b><\/p>\n<p>Nosotros te estamos ofreciendo UN A\u00d1O de garant\u00eda y soporte gr\u00e1tis por cualquier falla propia de nuestro producto, pero si la falla es ajena a nuestro c\u00f3digo, ning\u00fan evento est\u00e1 protegido, a menos que quieras adquirir nuestra p\u00f3liza de soporte y protecci\u00f3n para tu sistema.<\/p>\n<p><b>C\u00f3mo puedo ordenar este producto ahora?<\/b><\/p>\n<p>carga el producto a tu carrito de compra y haz tu cierre de compra, puedes pagar con dep\u00f3sito \u00f3 tranferencia electronica (CLABE) bancaria Mundial en tu moneda local. Al recibir tu pago, nosotros enviaremos la Factura Fiscal 100% deducible por el SAT Mexico.<\/p>\n<p>revisa en YOUTUBE CANAL MOJOMEXICO nuestros VIDEOS REALES de esta conexion.<\/p>\n","protected":false},"excerpt":{"rendered":"<p><a href=\"https:\/\/mojomexico.company\/portal\/producto\/pasarela-de-pago-banorte-magento-ee\/caja-banorte20\/\" rel=\"attachment wp-att-6363\"><img alt=\"\" loading=\"lazy\" decoding=\"async\" class=\"alignleft size-medium wp-image-6363\" src=\"https:\/\/mojomexico.company\/portal\/wp-content\/uploads\/2017\/08\/caja-banorte20-250x268.png\" alt=\"\" width=\"250\" height=\"268\" srcset=\"https:\/\/i0.wp.com\/mojomexico.company\/portal\/wp-content\/uploads\/2017\/08\/caja-banorte20.png?resize=250%2C268&amp;ssl=1 250w, https:\/\/i0.wp.com\/mojomexico.company\/portal\/wp-content\/uploads\/2017\/08\/caja-banorte20.png?resize=120%2C128&amp;ssl=1 120w, https:\/\/i0.wp.com\/mojomexico.company\/portal\/wp-content\/uploads\/2017\/08\/caja-banorte20.png?w=369&amp;ssl=1 369w\" sizes=\"(max-width: 250px) 100vw, 250px\" \/><\/a>Pasarela de Pago Banorte para tiendas Magento PROFESSIONAL EDITION VERSION 2.X, \u00e9ste producto requiere procesos de adaptaci\u00f3n en ciertos casos, que se detalla en la descripcion. para la version MAGENTO-CLOUD lo puedes instalar por GIT. En caso de requerir apoyo deberas contratar el servicio extra de ayuda Magento-Cloud.<\/p>\n<h5><a href=\"https:\/\/open.spotify.com\/episode\/1nN6BHqV6VcQvrALGdaxXI?si=Atdxgc6oT1uFQ1-uRLBIFQ\" target=\"_blank\" rel=\"noopener noreferrer\"><span style=\"color: #ff0000;\">ENTERATE DE COMO FUNCIONA ESTA CONEXION\u00a0 BANORTE<\/span><\/a><span style=\"color: #ff0000;\"> EN TU TIENDA Y LA RAZON POR LA QUE DEBES ADQUIRIR LA MARCA MOJOMEXICO, OTRAS MARCAS NO SABEN O NO INCLUYEN LAS VERSIONES AUTORIZADAS POR BANORTE MEXICO.<\/span><\/h5>\n<p>&nbsp;<\/p>\n","protected":false},"featured_media":6363,"template":"","meta":{"saved_in_kubio":false,"_seopress_robots_primary_cat":"","_seopress_titles_title":"","_seopress_titles_desc":"","_seopress_robots_index":"","spay_email":"","jetpack_publicize_message":""},"class_list":{"0":"post-3902","1":"product","2":"type-product","3":"status-publish","4":"has-post-thumbnail","6":"product_cat-banorte-magento","7":"product_cat-conexion-bancos-mg","8":"product_cat-magento-ee","9":"product_tag-banorte-conexion-tpvi","10":"product_tag-banorte-magento2","11":"product_tag-pasarela-pago-banorte","12":"product_shipping_class-s-remoto","14":"first","15":"instock","16":"virtual","17":"taxable","18":"purchasable","19":"product-type-simple"},"jetpack_publicize_connections":[],"jetpack_sharing_enabled":true,"jetpack-related-posts":[],"_links":{"self":[{"href":"https:\/\/mojomexico.company\/portal\/wp-json\/wp\/v2\/product\/3902","targetHints":{"allow":["GET"]}}],"collection":[{"href":"https:\/\/mojomexico.company\/portal\/wp-json\/wp\/v2\/product"}],"about":[{"href":"https:\/\/mojomexico.company\/portal\/wp-json\/wp\/v2\/types\/product"}],"wp:featuredmedia":[{"embeddable":true,"href":"https:\/\/mojomexico.company\/portal\/wp-json\/wp\/v2\/media\/6363"}],"wp:attachment":[{"href":"https:\/\/mojomexico.company\/portal\/wp-json\/wp\/v2\/media?parent=3902"}],"curies":[{"name":"wp","href":"https:\/\/api.w.org\/{rel}","templated":true}]}}