{"id":3915,"date":"2017-09-06T12:51:36","date_gmt":"2017-09-06T17:51:36","guid":{"rendered":"http:\/\/mojomexico.company\/portal\/?post_type=product&#038;p=3915"},"modified":"2021-10-15T13:58:39","modified_gmt":"2021-10-15T18:58:39","slug":"servicio-reconexion-modulos-bancarios-en-tienda-web","status":"publish","type":"product","link":"https:\/\/mojomexico.company\/portal\/producto\/servicio-reconexion-modulos-bancarios-en-tienda-web\/","title":{"rendered":"Servicio Reconexion Modulos Bancarios en tienda web"},"content":{"rendered":"<p>Servicio de reinstalacion y reconexion de Conector bancario en tienda web profesional, \u00e9ste servicio ser\u00e1 sobre los mismos terminos de versi\u00f3n y aplicacion (aplicacion es: prestashop o magento o woocommerce&#8230;etc). Servicio por Evento- Conector Bancario<\/p>\n","protected":false},"excerpt":{"rendered":"<p>Servicio de reinstalacion y reconexion de Conector bancario en tienda web profesional, \u00e9ste servicio ser\u00e1 sobre los mismos terminos de versi\u00f3n y aplicacion (aplicacion es: prestashop o magento o woocommerce&#8230;etc). Servicio por Evento- Conector Bancario<\/p>\n","protected":false},"featured_media":3451,"template":"","meta":{"saved_in_kubio":false,"_seopress_robots_primary_cat":"","_seopress_titles_title":"","_seopress_titles_desc":"","_seopress_robots_index":"","spay_email":"","jetpack_publicize_message":""},"class_list":{"0":"post-3915","1":"product","2":"type-product","3":"status-publish","4":"has-post-thumbnail","6":"product_cat-soporte-tecnico-horas-de-programacion","7":"product_tag-servicio-bancario","9":"first","10":"instock","11":"virtual","12":"taxable","13":"purchasable","14":"product-type-simple"},"jetpack_publicize_connections":[],"jetpack_sharing_enabled":true,"jetpack-related-posts":[],"_links":{"self":[{"href":"https:\/\/mojomexico.company\/portal\/wp-json\/wp\/v2\/product\/3915","targetHints":{"allow":["GET"]}}],"collection":[{"href":"https:\/\/mojomexico.company\/portal\/wp-json\/wp\/v2\/product"}],"about":[{"href":"https:\/\/mojomexico.company\/portal\/wp-json\/wp\/v2\/types\/product"}],"wp:featuredmedia":[{"embeddable":true,"href":"https:\/\/mojomexico.company\/portal\/wp-json\/wp\/v2\/media\/3451"}],"wp:attachment":[{"href":"https:\/\/mojomexico.company\/portal\/wp-json\/wp\/v2\/media?parent=3915"}],"curies":[{"name":"wp","href":"https:\/\/api.w.org\/{rel}","templated":true}]}}