{"id":3929,"date":"2017-09-13T23:10:20","date_gmt":"2017-09-14T04:10:20","guid":{"rendered":"http:\/\/mojomexico.company\/portal\/?post_type=product&#038;p=3929"},"modified":"2026-02-10T22:41:39","modified_gmt":"2026-02-11T04:41:39","slug":"cotizador-online-woocommerce","status":"publish","type":"product","link":"https:\/\/mojomexico.company\/portal\/producto\/cotizador-online-woocommerce\/","title":{"rendered":"Cotizador Online Woocommerce autoemail"},"content":{"rendered":"<p>&nbsp;<\/p>\n<p><a href=\"https:\/\/mojomexico.company\/portal\/producto\/cotizador-online-woocommerce\/caja-cotizador2\/\" rel=\"attachment wp-att-3930\"><img alt=\"\" loading=\"lazy\" decoding=\"async\" data-attachment-id=\"3930\" data-permalink=\"https:\/\/mojomexico.company\/portal\/?attachment_id=3930\" data-orig-file=\"https:\/\/i2.wp.com\/mojomexico.company\/portal\/wp-content\/uploads\/2017\/09\/caja-cotizador2.jpg?fit=369%2C395&amp;ssl=1\" data-orig-size=\"369,395\" data-comments-opened=\"1\" data-image-meta=\"{&quot;aperture&quot;:&quot;0&quot;,&quot;credit&quot;:&quot;&quot;,&quot;camera&quot;:&quot;&quot;,&quot;caption&quot;:&quot;&quot;,&quot;created_timestamp&quot;:&quot;0&quot;,&quot;copyright&quot;:&quot;&quot;,&quot;focal_length&quot;:&quot;0&quot;,&quot;iso&quot;:&quot;0&quot;,&quot;shutter_speed&quot;:&quot;0&quot;,&quot;title&quot;:&quot;&quot;,&quot;orientation&quot;:&quot;0&quot;}\" data-image-title=\"cotizador woocommerce online\" data-image-description=\"\" data-medium-file=\"https:\/\/i2.wp.com\/mojomexico.company\/portal\/wp-content\/uploads\/2017\/09\/caja-cotizador2.jpg?fit=280%2C300&amp;ssl=1\" data-large-file=\"https:\/\/i2.wp.com\/mojomexico.company\/portal\/wp-content\/uploads\/2017\/09\/caja-cotizador2.jpg?fit=369%2C395&amp;ssl=1\" class=\"size-medium wp-image-3930 alignleft\" src=\"https:\/\/i2.wp.com\/mojomexico.company\/portal\/wp-content\/uploads\/2017\/09\/caja-cotizador2.jpg?resize=280%2C300&#038;ssl=1\" alt=\"\" width=\"280\" height=\"300\" srcset=\"https:\/\/i2.wp.com\/mojomexico.company\/portal\/wp-content\/uploads\/2017\/09\/caja-cotizador2.jpg?resize=280%2C300&amp;ssl=1 280w, https:\/\/i2.wp.com\/mojomexico.company\/portal\/wp-content\/uploads\/2017\/09\/caja-cotizador2.jpg?resize=220%2C236&amp;ssl=1 220w, https:\/\/i2.wp.com\/mojomexico.company\/portal\/wp-content\/uploads\/2017\/09\/caja-cotizador2.jpg?w=369&amp;ssl=1 369w\" sizes=\"(max-width: 280px) 100vw, 280px\" data-recalc-dims=\"1\" \/><\/a>Plugin Cotizador para TiendasWeb Woocommerce, se integra 100% a las OPCIONES DE PAGO DE WOOCOMMERCE, para que el cliente puede Cotizar-Pedir el producto, envia el Mail de Cotizaxion y Agenda la Cotizaci\u00f3n en el Historial del Cliente con notificacion de vencimiento para crear urgencia de formalizar el pedido. Se instala una version Licencia por cada Dominio-Tienda.<\/p>\n<p>Te apoyamos con una GUIA DE CONFIGURACION especial para personalizar tu\u00a0 FORMATO DE COTIZACION POR MAIL que reciben tus Clientes despues de CERRAR SU PEDIDO-COTIZACION<\/p>\n<p><strong>Que estoy comprando?<\/strong><\/p>\n<p>Al comprar nuestro producto, estas adquiriendo Una Licencia de uso de nuestro producto por dominio (puedes adquirir varias licencias si manejas multitiendas) desarrollado especificamente para ti.<\/p>\n<p>Solo se entregan programas compilados sin opci\u00f3n a modificar m\u00e1s que por el personal calificado de Mojomexico y solo podr\u00e1 ser usado para el dominio-tienda registrado. El descuento en multitiendas es del 35% de la segunda hasta 99 licencias.<\/p>\n<p><strong>Puedo ver una DEMO antes de comprar ?<\/strong><\/p>\n<p>Si, aqui \u00e9sta misma tienda est\u00e1 en funcionamiento el cotizador Woocommerce Mojomexico funcionando.<\/p>\n<p>Tengo que pagar anualidades \u00f3 comisiones por usar su producto?<\/p>\n<p>NO, Nuestro producto no requiere anualidades ni comisiones por venta realizada, tu solo compras el producto y lo tienes de por vida para el dominio que destinaste.<\/p>\n<p><strong>C\u00f3mo es el proceso de instalaci\u00f3n?<\/strong><\/p>\n<p>Nosotros te apoyamos con una GUIA especial y apoyo remoto via ticket las 24 horas todo el a\u00f1o.<\/p>\n<p><strong>Que garant\u00eda tengo?<\/strong><\/p>\n<p>Nosotros te estamos ofreciendo SEIS MESES de garant\u00eda y soporte gr\u00e1tis por cualquier falla propia de nuestro producto, pero si la falla es ajena a nuestro c\u00f3digo, ning\u00fan evento est\u00e1 protegido, a menos que quieras adquirir nuestra p\u00f3liza de soporte y protecci\u00f3n para tu sistema.<\/p>\n<p>C\u00f3mo puedo ordenar este producto ahora?<\/p>\n<p>carga el producto a tu carrito de compra y haz tu cierre de compra, ahi puedes escoger tu pago por dep\u00f3sito \u00f3 transferencia electr\u00f3nica (CLABE) bancaria Mundial en tu moneda local. Al recibir tu pago, nuestro depto, de contabilidad enviar\u00e1 la factura Fiscal 100% deducible.<br \/>\n<a href=\"https:\/\/mojomexico.company\/portal\/producto\/cotizador-online-woocommerce\/cotizador-woocommerce-demo1\/\" rel=\"attachment wp-att-4084\"><img alt=\"\" loading=\"lazy\" decoding=\"async\" data-attachment-id=\"4084\" data-permalink=\"https:\/\/mojomexico.company\/portal\/?attachment_id=4084\" data-orig-file=\"https:\/\/i1.wp.com\/mojomexico.company\/portal\/wp-content\/uploads\/2017\/09\/cotizador-woocommerce-demo1.png?fit=1418%2C1764&amp;ssl=1\" data-orig-size=\"1418,1764\" data-comments-opened=\"1\" data-image-meta=\"{&quot;aperture&quot;:&quot;0&quot;,&quot;credit&quot;:&quot;&quot;,&quot;camera&quot;:&quot;&quot;,&quot;caption&quot;:&quot;&quot;,&quot;created_timestamp&quot;:&quot;0&quot;,&quot;copyright&quot;:&quot;&quot;,&quot;focal_length&quot;:&quot;0&quot;,&quot;iso&quot;:&quot;0&quot;,&quot;shutter_speed&quot;:&quot;0&quot;,&quot;title&quot;:&quot;&quot;,&quot;orientation&quot;:&quot;0&quot;}\" data-image-title=\"cotizador-woocommerce-demo1\" data-image-description=\"\" data-medium-file=\"https:\/\/i1.wp.com\/mojomexico.company\/portal\/wp-content\/uploads\/2017\/09\/cotizador-woocommerce-demo1.png?fit=241%2C300&amp;ssl=1\" data-large-file=\"https:\/\/i1.wp.com\/mojomexico.company\/portal\/wp-content\/uploads\/2017\/09\/cotizador-woocommerce-demo1.png?fit=823%2C1024&amp;ssl=1\" class=\"alignleft size-medium wp-image-4084\" src=\"https:\/\/i1.wp.com\/mojomexico.company\/portal\/wp-content\/uploads\/2017\/09\/cotizador-woocommerce-demo1.png?resize=241%2C300&#038;ssl=1\" alt=\"\" width=\"241\" height=\"300\" srcset=\"https:\/\/i1.wp.com\/mojomexico.company\/portal\/wp-content\/uploads\/2017\/09\/cotizador-woocommerce-demo1.png?resize=241%2C300&amp;ssl=1 241w, https:\/\/i1.wp.com\/mojomexico.company\/portal\/wp-content\/uploads\/2017\/09\/cotizador-woocommerce-demo1.png?resize=768%2C955&amp;ssl=1 768w, https:\/\/i1.wp.com\/mojomexico.company\/portal\/wp-content\/uploads\/2017\/09\/cotizador-woocommerce-demo1.png?resize=823%2C1024&amp;ssl=1 823w, https:\/\/i1.wp.com\/mojomexico.company\/portal\/wp-content\/uploads\/2017\/09\/cotizador-woocommerce-demo1.png?resize=209%2C260&amp;ssl=1 209w, https:\/\/i1.wp.com\/mojomexico.company\/portal\/wp-content\/uploads\/2017\/09\/cotizador-woocommerce-demo1.png?resize=595%2C740&amp;ssl=1 595w, https:\/\/i1.wp.com\/mojomexico.company\/portal\/wp-content\/uploads\/2017\/09\/cotizador-woocommerce-demo1.png?w=1418&amp;ssl=1 1418w\" sizes=\"(max-width: 241px) 100vw, 241px\" data-recalc-dims=\"1\" \/><\/a> <a href=\"https:\/\/mojomexico.company\/portal\/producto\/cotizador-online-woocommerce\/cotizacion-wc-mojomex-bk\/\" rel=\"attachment wp-att-4085\"><img alt=\"\" loading=\"lazy\" decoding=\"async\" data-attachment-id=\"4085\" data-permalink=\"https:\/\/mojomexico.company\/portal\/?attachment_id=4085\" data-orig-file=\"https:\/\/i0.wp.com\/mojomexico.company\/portal\/wp-content\/uploads\/2017\/09\/cotizacion-wc-mojomex-bk.png?fit=613%2C484&amp;ssl=1\" data-orig-size=\"613,484\" data-comments-opened=\"1\" data-image-meta=\"{&quot;aperture&quot;:&quot;0&quot;,&quot;credit&quot;:&quot;&quot;,&quot;camera&quot;:&quot;&quot;,&quot;caption&quot;:&quot;&quot;,&quot;created_timestamp&quot;:&quot;0&quot;,&quot;copyright&quot;:&quot;&quot;,&quot;focal_length&quot;:&quot;0&quot;,&quot;iso&quot;:&quot;0&quot;,&quot;shutter_speed&quot;:&quot;0&quot;,&quot;title&quot;:&quot;&quot;,&quot;orientation&quot;:&quot;0&quot;}\" data-image-title=\"cotizacion-wc-mojomex-bk\" data-image-description=\"\" data-medium-file=\"https:\/\/i0.wp.com\/mojomexico.company\/portal\/wp-content\/uploads\/2017\/09\/cotizacion-wc-mojomex-bk.png?fit=300%2C237&amp;ssl=1\" data-large-file=\"https:\/\/i0.wp.com\/mojomexico.company\/portal\/wp-content\/uploads\/2017\/09\/cotizacion-wc-mojomex-bk.png?fit=613%2C484&amp;ssl=1\" class=\"alignleft size-medium wp-image-4085\" src=\"https:\/\/i0.wp.com\/mojomexico.company\/portal\/wp-content\/uploads\/2017\/09\/cotizacion-wc-mojomex-bk.png?resize=300%2C237&#038;ssl=1\" alt=\"\" width=\"300\" height=\"237\" srcset=\"https:\/\/i0.wp.com\/mojomexico.company\/portal\/wp-content\/uploads\/2017\/09\/cotizacion-wc-mojomex-bk.png?resize=300%2C237&amp;ssl=1 300w, https:\/\/i0.wp.com\/mojomexico.company\/portal\/wp-content\/uploads\/2017\/09\/cotizacion-wc-mojomex-bk.png?resize=220%2C174&amp;ssl=1 220w, https:\/\/i0.wp.com\/mojomexico.company\/portal\/wp-content\/uploads\/2017\/09\/cotizacion-wc-mojomex-bk.png?w=613&amp;ssl=1 613w\" sizes=\"(max-width: 300px) 100vw, 300px\" data-recalc-dims=\"1\" \/><\/a><\/p>\n<p>&nbsp;<\/p>\n","protected":false},"excerpt":{"rendered":"<p>Plugin Cotizador para TiendasWeb Woocommerce, se integra 100% a las acciones regulares de WC como una opcion Adicional de MEDIO DE PAGO , para que el cliente puede Cotizar-Pedir el producto, envia el Mail de Cotizaxion y Agenda la Cotizaci\u00f3n en el Historial del Cliente con notificacion de vencimiento para crear urgencia de formalizar el pedido. Se instala una version Licencia por cada Dominio-Tienda.<\/p>\n<p>Llevatelo GRATIS en la compra de los CONECTORES participantes como son: cva mayorista , pch, exel del norte, syscom, conexion saeweb y conexiones ERP.<\/p>\n<p>&nbsp;<\/p>\n","protected":false},"featured_media":3930,"template":"","meta":{"saved_in_kubio":false,"_seopress_robots_primary_cat":"none","_seopress_titles_title":"","_seopress_titles_desc":"","_seopress_robots_index":"","spay_email":"","jetpack_publicize_message":""},"class_list":{"0":"post-3929","1":"product","2":"type-product","3":"status-publish","4":"has-post-thumbnail","6":"product_cat-conexion-banorte","7":"product_cat-woocommerce-wordpress","8":"product_tag-cotizador-woocomerce","9":"product_tag-plugin-cotizador-woo","11":"first","12":"instock","13":"virtual","14":"taxable","15":"purchasable","16":"product-type-simple"},"jetpack_publicize_connections":[],"jetpack_sharing_enabled":true,"jetpack-related-posts":[],"_links":{"self":[{"href":"https:\/\/mojomexico.company\/portal\/wp-json\/wp\/v2\/product\/3929","targetHints":{"allow":["GET"]}}],"collection":[{"href":"https:\/\/mojomexico.company\/portal\/wp-json\/wp\/v2\/product"}],"about":[{"href":"https:\/\/mojomexico.company\/portal\/wp-json\/wp\/v2\/types\/product"}],"wp:featuredmedia":[{"embeddable":true,"href":"https:\/\/mojomexico.company\/portal\/wp-json\/wp\/v2\/media\/3930"}],"wp:attachment":[{"href":"https:\/\/mojomexico.company\/portal\/wp-json\/wp\/v2\/media?parent=3929"}],"curies":[{"name":"wp","href":"https:\/\/api.w.org\/{rel}","templated":true}]}}