{"id":3982,"date":"2017-11-14T17:38:10","date_gmt":"2017-11-14T22:38:10","guid":{"rendered":"http:\/\/mojomexico.company\/portal\/?post_type=product&#038;p=3982"},"modified":"2023-02-20T02:42:52","modified_gmt":"2023-02-20T07:42:52","slug":"plugin-efecto-de-plan-de-pago-en-zona-de-catalogo-prestashop","status":"publish","type":"product","link":"https:\/\/mojomexico.company\/portal\/producto\/plugin-efecto-de-plan-de-pago-en-zona-de-catalogo-prestashop\/","title":{"rendered":"Plugin Efecto de Plan de Pago en Zona de Catalogo Prestashop"},"content":{"rendered":"<p><a href=\"https:\/\/mojomexico.company\/portal\/producto\/plugin-efecto-de-plan-de-pago-en-zona-de-catalogo-prestashop\/caja-ps17-cero\/\" rel=\"attachment wp-att-3983\"><img alt=\"\" loading=\"lazy\" decoding=\"async\" data-attachment-id=\"3983\" data-permalink=\"https:\/\/mojomexico.company\/portal\/?attachment_id=3983\" data-orig-file=\"https:\/\/i1.wp.com\/mojomexico.company\/portal\/wp-content\/uploads\/2017\/11\/caja-ps17-cero.jpg?fit=369%2C395&amp;ssl=1\" data-orig-size=\"369,395\" data-comments-opened=\"1\" data-image-meta=\"{&quot;aperture&quot;:&quot;0&quot;,&quot;credit&quot;:&quot;&quot;,&quot;camera&quot;:&quot;&quot;,&quot;caption&quot;:&quot;&quot;,&quot;created_timestamp&quot;:&quot;0&quot;,&quot;copyright&quot;:&quot;&quot;,&quot;focal_length&quot;:&quot;0&quot;,&quot;iso&quot;:&quot;0&quot;,&quot;shutter_speed&quot;:&quot;0&quot;,&quot;title&quot;:&quot;&quot;,&quot;orientation&quot;:&quot;0&quot;}\" data-image-title=\"caja-ps17-cero\" data-image-description=\"\" data-medium-file=\"https:\/\/i1.wp.com\/mojomexico.company\/portal\/wp-content\/uploads\/2017\/11\/caja-ps17-cero.jpg?fit=280%2C300&amp;ssl=1\" data-large-file=\"https:\/\/i1.wp.com\/mojomexico.company\/portal\/wp-content\/uploads\/2017\/11\/caja-ps17-cero.jpg?fit=369%2C395&amp;ssl=1\" class=\"size-medium wp-image-3983 alignleft\" src=\"https:\/\/i1.wp.com\/mojomexico.company\/portal\/wp-content\/uploads\/2017\/11\/caja-ps17-cero.jpg?resize=280%2C300&#038;ssl=1\" alt=\"\" width=\"280\" height=\"300\" srcset=\"https:\/\/i1.wp.com\/mojomexico.company\/portal\/wp-content\/uploads\/2017\/11\/caja-ps17-cero.jpg?resize=280%2C300&amp;ssl=1 280w, https:\/\/i1.wp.com\/mojomexico.company\/portal\/wp-content\/uploads\/2017\/11\/caja-ps17-cero.jpg?resize=220%2C236&amp;ssl=1 220w, https:\/\/i1.wp.com\/mojomexico.company\/portal\/wp-content\/uploads\/2017\/11\/caja-ps17-cero.jpg?w=369&amp;ssl=1 369w\" sizes=\"(max-width: 280px) 100vw, 280px\" data-recalc-dims=\"1\" \/><\/a><\/p>\n<p>[symple_tabgroup]<br \/>\n[symple_tab title=\u00bbDescripcion del Producto\u00bb]<\/p>\n<p>Modulo para Prestashop para presentar EL PLAN DE PAGO A MESES CON\/SIN INTERES en la zona DEL PRODUCTO CATALOGO (zona interna del DETALLE del producto) , asi los clientes pueden ver el MONTO DIFERIDO SI aplican un Plan de Pago a Meses.<\/p>\n<p>El conector puede Crecer en soluci\u00f3n porque tambi\u00e9n \u00e9sta aplicaci\u00f3n de Diferir el Pago puede ser conectado a LOS MEDIOS DE PAGO como DineroMail, Payu, (siempre que sean opensource).<\/p>\n<p>El efecto se adapta\u00a0 las condiciones visuales BOOTSTRAP de las versiones Prestashop 1.6.x y 1.7.x o mayores, pero puede ser aplicado desde versiones antiguas como Ps1.4.7x y 1.5.x<\/p>\n<p>Por configuraci\u00f3n \u00e9ste efecto\u00a0 puede ser aplicado a TODO el catalogo actual \u00f3 s\u00f3lo a ciertas CATEGORIAS ; esto lo define el Admin y es Auto-Administrable en la zona de Backadmin.<\/p>\n<p>Aqui mismo abajo del precio puede seleccioanr las adiciones que su conector tendr\u00e1 y podr\u00e1 seleccionar con la tecla Ctr+Mouse varios a la vez.<\/p>\n<p>[\/symple_tab]<br \/>\n[symple_tab title=\u00bbGarantia y Servicio\u00bb]<\/p>\n<p><strong>Que estoy comprando?<\/strong><\/p>\n<p>Al comprar nuestro producto, estas adquiriendo el derecho de uso de nuestro producto por dominio-tienda en forma de Una Licencia \u00a0(puede adquirir varias licencias si manejas multitiendas) solo para el dominio \u00f3 dominios que registras en tu compra.<\/p>\n<p>Solo se entregan programas compilados sin opci\u00f3n a modificar m\u00e1s que por el personal calificado de Mojomexico y solo podr\u00e1 ser usado para el dominio-tienda registrado. El descuento en multitiendas es del 35% de la segunda hasta 99 licencias.<\/p>\n<p><strong>Puedo PLAN pagos de 3,6,9,12 y 18 meses con y sin intereses en esta pasarela?<\/strong><\/p>\n<p>Si, se definen en la zona Backadmin y es autoadministrable.<\/p>\n<p><strong>Tengo que pagar anualidades \u00f3 comisiones por usar su producto?<\/strong><\/p>\n<p>NO,\u00a0 tu solo compras el producto y lo tienes de por vida para el dominio que destinaste.<\/p>\n<p><strong>C\u00f3mo es el proceso de instalaci\u00f3n?<\/strong><\/p>\n<p>Nosotros te incluimos en el precio, la instalaci\u00f3n y sincronizaci\u00f3n al 100% via Remota (tu tienda tiene que estar en la nube internet), t\u00fa solo te preocupas en hacer la compra y nosotros nos encargamos de la instalaci\u00f3n, en donde se programa y se fija una vez consolidado tu pago, en un periodo m\u00e1ximo de 3 a 7 dias.<\/p>\n<p><strong>Que garant\u00eda tengo?<\/strong><\/p>\n<p>Nosotros te estamos ofreciendo UN A\u00d1O de garant\u00eda y soporte gr\u00e1tis por cualquier falla propia de nuestro producto, pero si la falla es ajena a nuestro c\u00f3digo, ning\u00fan evento est\u00e1 protegido, a menos que quieras adquirir nuestra p\u00f3liza de soporte y protecci\u00f3n para tu sistema.<\/p>\n<p><strong>C\u00f3mo puedo ordenar este producto ahora?<\/strong><\/p>\n<p>carga el producto a tu carrito de compra y haz tu cierre de compra, el pago puede ser por tranferencia electronica (CLABE) bancaria Mundial en tu moneda local<\/p>\n<p>Los precios est\u00e1n expresados en Pesos Mexicanos y son sin IVA, por lo que si requiere factura fiscal favor de solicitarla previamente y considerar el aumento del valor del iva.<br \/>\n[\/symple_tab]<\/p>\n<p>[symple_tab title=\u00bbVideo y Demo\u00bb]<\/p>\n<div id=\"attachment_3984\" style=\"width: 607px\" class=\"wp-caption aligncenter\"><a href=\"http:\/\/prestashop-mx.com\/ps1472\/product.php?id_product=10\" target=\"_blank\" rel=\"attachment wp-att-3984 noopener noreferrer\"><img loading=\"lazy\" decoding=\"async\" aria-describedby=\"caption-attachment-3984\" data-attachment-id=\"3984\" data-permalink=\"https:\/\/mojomexico.company\/portal\/?attachment_id=3984\" data-orig-file=\"https:\/\/i2.wp.com\/mojomexico.company\/portal\/wp-content\/uploads\/2017\/11\/ps-meses-cat1R.jpg?fit=597%2C590&amp;ssl=1\" data-orig-size=\"597,590\" data-comments-opened=\"1\" data-image-meta=\"{&quot;aperture&quot;:&quot;0&quot;,&quot;credit&quot;:&quot;&quot;,&quot;camera&quot;:&quot;&quot;,&quot;caption&quot;:&quot;&quot;,&quot;created_timestamp&quot;:&quot;0&quot;,&quot;copyright&quot;:&quot;&quot;,&quot;focal_length&quot;:&quot;0&quot;,&quot;iso&quot;:&quot;0&quot;,&quot;shutter_speed&quot;:&quot;0&quot;,&quot;title&quot;:&quot;&quot;,&quot;orientation&quot;:&quot;0&quot;}\" data-image-title=\"prestashop modulo mojomexico\" data-image-description=\"\" data-medium-file=\"https:\/\/i2.wp.com\/mojomexico.company\/portal\/wp-content\/uploads\/2017\/11\/ps-meses-cat1R.jpg?fit=300%2C296&amp;ssl=1\" data-large-file=\"https:\/\/i2.wp.com\/mojomexico.company\/portal\/wp-content\/uploads\/2017\/11\/ps-meses-cat1R.jpg?fit=597%2C590&amp;ssl=1\" class=\"wp-image-3984 size-full\" src=\"https:\/\/i2.wp.com\/mojomexico.company\/portal\/wp-content\/uploads\/2017\/11\/ps-meses-cat1R.jpg?resize=597%2C590&#038;ssl=1\" alt=\"Efecto de Meses sin Interes en zona de Productos Prestashop\" width=\"597\" height=\"590\" srcset=\"https:\/\/i2.wp.com\/mojomexico.company\/portal\/wp-content\/uploads\/2017\/11\/ps-meses-cat1R.jpg?w=597&amp;ssl=1 597w, https:\/\/i2.wp.com\/mojomexico.company\/portal\/wp-content\/uploads\/2017\/11\/ps-meses-cat1R.jpg?resize=300%2C296&amp;ssl=1 300w, https:\/\/i2.wp.com\/mojomexico.company\/portal\/wp-content\/uploads\/2017\/11\/ps-meses-cat1R.jpg?resize=250%2C247&amp;ssl=1 250w\" sizes=\"(max-width: 597px) 100vw, 597px\" data-recalc-dims=\"1\" \/><\/a><p id=\"caption-attachment-3984\" class=\"wp-caption-text\">Esta demo se presenta en PRESTASHOP 1.4.x por lo que se muestra tal y como la Plantilla de esta versi\u00f3n lo permite; para las versiones m\u00e1s actuales de Prestashop Bootstrap el efecto se Integra 100% al formato MOBIL BOOSTRAP. CLIC EN IMAGEN PARA IR A LA DEMO PRESTASHOP 1.4.7<\/p><\/div>\n<p>[\/symple_tab]<br \/>\n[\/symple_tabgroup]<\/p>\n","protected":false},"excerpt":{"rendered":"<p>Modulo para Prestashop para presentar EL PLAN DE PAGO A MESES CON\/SIN INTERES en la zona DEL PRODUCTO CATALOGO (zona interna del DETALLE del producto) , asi los clientes pueden ver el MONTO DIFERIDO SI aplican un Plan de Pago a Meses. Ver en el detalle las distintas acciones que puede agregar.<\/p>\n<p><a href=\"https:\/\/mojomexico.company\/portal\/producto\/pasarela-de-pago-banorte-magento-ee\/sello-mojo2\/\" rel=\"attachment wp-att-3904\"><img alt=\"\" loading=\"lazy\" decoding=\"async\" class=\"size-full wp-image-3904 alignleft\" src=\"https:\/\/mojomexico.company\/portal\/wp-content\/uploads\/2017\/08\/sello-mojo2.jpg\" alt=\"\" width=\"276\" height=\"276\" srcset=\"https:\/\/i0.wp.com\/mojomexico.company\/portal\/wp-content\/uploads\/2017\/08\/sello-mojo2.jpg?w=276&amp;ssl=1 276w, https:\/\/i0.wp.com\/mojomexico.company\/portal\/wp-content\/uploads\/2017\/08\/sello-mojo2.jpg?resize=150%2C150&amp;ssl=1 150w, https:\/\/i0.wp.com\/mojomexico.company\/portal\/wp-content\/uploads\/2017\/08\/sello-mojo2.jpg?resize=250%2C250&amp;ssl=1 250w, https:\/\/i0.wp.com\/mojomexico.company\/portal\/wp-content\/uploads\/2017\/08\/sello-mojo2.jpg?resize=220%2C220&amp;ssl=1 220w\" sizes=\"(max-width: 276px) 100vw, 276px\" \/><\/a><\/p>\n","protected":false},"featured_media":3984,"template":"","meta":{"saved_in_kubio":false,"_seopress_robots_primary_cat":"","_seopress_titles_title":"","_seopress_titles_desc":"","_seopress_robots_index":"","spay_email":"","jetpack_publicize_message":""},"class_list":{"0":"post-3982","1":"product","2":"type-product","3":"status-publish","4":"has-post-thumbnail","6":"product_cat-prestashop","7":"product_tag-catalogo-prestashop","9":"first","10":"instock","11":"sale","12":"virtual","13":"taxable","14":"purchasable","15":"product-type-simple"},"jetpack_publicize_connections":[],"jetpack_sharing_enabled":true,"jetpack-related-posts":[],"_links":{"self":[{"href":"https:\/\/mojomexico.company\/portal\/wp-json\/wp\/v2\/product\/3982","targetHints":{"allow":["GET"]}}],"collection":[{"href":"https:\/\/mojomexico.company\/portal\/wp-json\/wp\/v2\/product"}],"about":[{"href":"https:\/\/mojomexico.company\/portal\/wp-json\/wp\/v2\/types\/product"}],"wp:featuredmedia":[{"embeddable":true,"href":"https:\/\/mojomexico.company\/portal\/wp-json\/wp\/v2\/media\/3984"}],"wp:attachment":[{"href":"https:\/\/mojomexico.company\/portal\/wp-json\/wp\/v2\/media?parent=3982"}],"curies":[{"name":"wp","href":"https:\/\/api.w.org\/{rel}","templated":true}]}}