{"id":4014,"date":"2017-12-14T23:30:24","date_gmt":"2017-12-15T04:30:24","guid":{"rendered":""},"modified":"2025-02-11T22:30:59","modified_gmt":"2025-02-12T03:30:59","slug":"conector-woocommerce-y-compac-i","status":"publish","type":"product","link":"https:\/\/mojomexico.company\/portal\/producto\/conector-woocommerce-y-compac-i\/","title":{"rendered":"Conector Woocommerce y  Compac-i"},"content":{"rendered":"<p>[symple_tabgroup]<br \/>\n[symple_tab title=\u00bbDescripcion del Producto\u00bb]<\/p>\n<p><span class=\"Apple-style-span\" style=\"color: #555555;\"><a href=\"https:\/\/mojomexico.company\/portal\/producto\/conector-woocommerce-y-compac-i\/caja-compaci\/\" rel=\"attachment wp-att-4015\"><img alt=\"\" loading=\"lazy\" decoding=\"async\" data-attachment-id=\"4015\" data-permalink=\"https:\/\/mojomexico.company\/portal\/?attachment_id=4015\" data-orig-file=\"https:\/\/i1.wp.com\/mojomexico.company\/portal\/wp-content\/uploads\/2017\/12\/caja-compaci.jpg?fit=369%2C395&amp;ssl=1\" data-orig-size=\"369,395\" data-comments-opened=\"1\" data-image-meta=\"{&quot;aperture&quot;:&quot;0&quot;,&quot;credit&quot;:&quot;&quot;,&quot;camera&quot;:&quot;&quot;,&quot;caption&quot;:&quot;&quot;,&quot;created_timestamp&quot;:&quot;0&quot;,&quot;copyright&quot;:&quot;&quot;,&quot;focal_length&quot;:&quot;0&quot;,&quot;iso&quot;:&quot;0&quot;,&quot;shutter_speed&quot;:&quot;0&quot;,&quot;title&quot;:&quot;&quot;,&quot;orientation&quot;:&quot;0&quot;}\" data-image-title=\"compac conexion woocommerce\" data-image-description=\"\" data-medium-file=\"https:\/\/i1.wp.com\/mojomexico.company\/portal\/wp-content\/uploads\/2017\/12\/caja-compaci.jpg?fit=280%2C300&amp;ssl=1\" data-large-file=\"https:\/\/i1.wp.com\/mojomexico.company\/portal\/wp-content\/uploads\/2017\/12\/caja-compaci.jpg?fit=369%2C395&amp;ssl=1\" class=\"alignleft size-full wp-image-4015\" src=\"https:\/\/i1.wp.com\/mojomexico.company\/portal\/wp-content\/uploads\/2017\/12\/caja-compaci.jpg?resize=369%2C395&#038;ssl=1\" alt=\"\" width=\"369\" height=\"395\" srcset=\"https:\/\/i1.wp.com\/mojomexico.company\/portal\/wp-content\/uploads\/2017\/12\/caja-compaci.jpg?w=369&amp;ssl=1 369w, https:\/\/i1.wp.com\/mojomexico.company\/portal\/wp-content\/uploads\/2017\/12\/caja-compaci.jpg?resize=280%2C300&amp;ssl=1 280w, https:\/\/i1.wp.com\/mojomexico.company\/portal\/wp-content\/uploads\/2017\/12\/caja-compaci.jpg?resize=220%2C236&amp;ssl=1 220w, https:\/\/i1.wp.com\/mojomexico.company\/portal\/wp-content\/uploads\/2017\/12\/caja-compaci.jpg?resize=250%2C268&amp;ssl=1 250w\" sizes=\"(max-width: 369px) 100vw, 369px\" data-recalc-dims=\"1\" \/><\/a>Conexion Facturacion Electronica Compac-i- M\u00f3dulo que permite la EMISION de Facturas Fiscales por el sistema Compac-i en conexion directa con una tienda Woocommerce Pedidos. Este proceso ser\u00e1 ejecutado desde la zona de trabajo del sistema local Compac-i por referencia de numero de pedido.<br \/>\n<\/span><\/p>\n<p>requiere pago POLIZA MANTENIMIENTO ANUAL por renovaci\u00f3n de Licencia, soporte y asistencia web todo el a\u00f1o. Puedes ahorrar pagando paquete de Licencias por a\u00f1os futuros.<\/p>\n<p>Tiempo de Implementaci\u00f3n regular: 20 d\u00edas.<\/p>\n<p>[\/symple_tab]<br \/>\n[symple_tab title=\u00bbGarantia, Preguntas Frecuentes\u00bb]<\/p>\n<p><img loading=\"lazy\" decoding=\"async\" data-attachment-id=\"3516\" data-permalink=\"https:\/\/mojomexico.company\/portal\/?attachment_id=3516\" data-orig-file=\"https:\/\/i1.wp.com\/mojomexico.company\/portal\/wp-content\/uploads\/2016\/11\/sello-12.png?fit=400%2C270&amp;ssl=1\" data-orig-size=\"400,270\" data-comments-opened=\"1\" data-image-meta=\"{&quot;aperture&quot;:&quot;0&quot;,&quot;credit&quot;:&quot;&quot;,&quot;camera&quot;:&quot;&quot;,&quot;caption&quot;:&quot;&quot;,&quot;created_timestamp&quot;:&quot;0&quot;,&quot;copyright&quot;:&quot;&quot;,&quot;focal_length&quot;:&quot;0&quot;,&quot;iso&quot;:&quot;0&quot;,&quot;shutter_speed&quot;:&quot;0&quot;,&quot;title&quot;:&quot;&quot;,&quot;orientation&quot;:&quot;0&quot;}\" data-image-title=\"calidad mojomexico\" data-image-description=\"\" data-medium-file=\"https:\/\/i1.wp.com\/mojomexico.company\/portal\/wp-content\/uploads\/2016\/11\/sello-12.png?fit=300%2C203&amp;ssl=1\" data-large-file=\"https:\/\/i1.wp.com\/mojomexico.company\/portal\/wp-content\/uploads\/2016\/11\/sello-12.png?fit=400%2C270&amp;ssl=1\" class=\"alignleft wp-image-3516\" src=\"https:\/\/i1.wp.com\/mojomexico.company\/portal\/wp-content\/uploads\/2016\/11\/sello-12.png?resize=316%2C213&#038;ssl=1\" alt=\"calidad mojomexico\" width=\"316\" height=\"213\" data-wp-pid=\"3516\" srcset=\"https:\/\/i1.wp.com\/mojomexico.company\/portal\/wp-content\/uploads\/2016\/11\/sello-12.png?w=400&amp;ssl=1 400w, https:\/\/i1.wp.com\/mojomexico.company\/portal\/wp-content\/uploads\/2016\/11\/sello-12.png?resize=300%2C203&amp;ssl=1 300w, https:\/\/i1.wp.com\/mojomexico.company\/portal\/wp-content\/uploads\/2016\/11\/sello-12.png?resize=220%2C149&amp;ssl=1 220w\" sizes=\"(max-width: 316px) 100vw, 316px\" data-recalc-dims=\"1\" \/><strong>Que estoy comprando?<\/strong><\/p>\n<p>Al comprar nuestro producto, estas adquiriendo el derecho de uso de nuestro producto por dominio-tienda en forma de Una Licencia\u00a0 (puede adquirir varias licencias si manejas multitiendas) solo para el dominio \u00f3 dominios que registras en tu compra.<\/p>\n<p>Solo se entregan programas compilados sin opci\u00f3n a modificar m\u00e1s que por el personal calificado de Mojomexico y solo podr\u00e1 ser usado para el dominio-tienda registrado. El descuento en multitiendas es del 35% de la segunda hasta 99 licencias.<\/p>\n<p><strong>Qu\u00e9 pasa si Woocommerce \u00f3 Compac-i cambian de versi\u00f3n ?<\/strong><\/p>\n<p>Nuestro conector est\u00e1 fabricado bajo los est\u00e1ndares de Calidad de Woocommerce para ser compatible con las versiones desde la 2.x , pero siempre existe una posibilidad de que se presente una incompatibilidad futura.<\/p>\n<p>La Poliza anual cubre las actualizaciones basicas de Compac-i siempre y cuando no afecten la estructura de Base de Datos.<\/p>\n<p><strong>Tengo que pagar anualidades \u00f3 comisiones por usar su producto?<\/strong><\/p>\n<p>No pero si debe adquirir LA POLIZA DE MANTENIMIENTO para recibir actualizaci\u00f3n y soporte todo el a\u00f1o. Al pagar a\u00f1os futuros ahorras.<\/p>\n<p><strong>C\u00f3mo es el proceso de instalaci\u00f3n?<\/strong><\/p>\n<p>Nosotros te incluimos en el precio, la instalaci\u00f3n y sincronizaci\u00f3n al 100% via Remota (tu tienda tiene que estar en la nube internet), t\u00fa solo te preocupas en hacer la compra y nosotros nos encargamos de la instalaci\u00f3n, en donde se programa y se fija una vez consolidado tu pago, en un periodo regular de 12 a 15 dias, pero \u00e9ste tiempo puede variar seg\u00fan variantes propias de conexion y estado de su sistema aspel remoto.<\/p>\n<p><strong>Que garant\u00eda tengo?<\/strong><\/p>\n<p>Nosotros te estamos ofreciendo UN A\u00d1O de garant\u00eda y soporte gr\u00e1tis por cualquier falla propia de nuestro producto, pero si la falla es ajena a nuestro c\u00f3digo, ning\u00fan evento est\u00e1 protegido, a menos que quieras adquirir nuestra p\u00f3liza de soporte y protecci\u00f3n para tu sistema.<\/p>\n<p><strong>C\u00f3mo puedo ordenar este producto ahora?<\/strong><\/p>\n<p>carga el producto a tu carrito de compra y haz tu cierre de compra, puedes pagar por dep\u00f3sito \u00f3 transferencia electronica (CLABE) bancaria Mundial en tu moneda local.<\/p>\n<p>Los precios est\u00e1n expresados en Pesos Mexicanos y son sin IVA y se expide Factura Fiscal SAT 100% deducible de impuestos Mexicanos y Extranjeros.<br \/>\n[\/symple_tab]<\/p>\n<p>[symple_tab title=\u00bbVideo demo\u00bb]<\/p>\n<span class=\"embed-youtube\" style=\"text-align:center; display: block;\"><iframe class='youtube-player' width='640' height='360' src='https:\/\/www.youtube.com\/embed\/r6MtLSAZLaM?version=3&#038;rel=0&#038;fs=1&#038;autohide=2&#038;showsearch=0&#038;showinfo=1&#038;iv_load_policy=1&#038;wmode=transparent' allowfullscreen='true' style='border:0;'><\/iframe><\/span>\n<p>[\/symple_tab]<br \/>\n[\/symple_tabgroup]<\/p>\n<p>&nbsp;<\/p>\n","protected":false},"excerpt":{"rendered":"<p><span class=\"Apple-style-span\" style=\"color: #555555;\">Conexion Facturacion Electronica Compac-i- M\u00f3dulo que permite la EMISION de Facturas Fiscales por el sistema Compac-i en conexion directa con una tienda Woocommerce Pedidos. Este proceso ser\u00e1 ejecutado desde la zona de trabajo del sistema local Compac-i por referencia de numero de pedido.<\/span>.<\/p>\n<p><img loading=\"lazy\" decoding=\"async\" class=\"alignleft size-full wp-image-3524\" src=\"https:\/\/mojomexico.company\/portal\/wp-content\/uploads\/2016\/11\/boton-gratis2A.png\" alt=\"boton gratis mojomexico\" width=\"320\" height=\"190\" data-wp-pid=\"3524\" srcset=\"https:\/\/i0.wp.com\/mojomexico.company\/portal\/wp-content\/uploads\/2016\/11\/boton-gratis2A.png?w=320&amp;ssl=1 320w, https:\/\/i0.wp.com\/mojomexico.company\/portal\/wp-content\/uploads\/2016\/11\/boton-gratis2A.png?resize=300%2C178&amp;ssl=1 300w, https:\/\/i0.wp.com\/mojomexico.company\/portal\/wp-content\/uploads\/2016\/11\/boton-gratis2A.png?resize=220%2C131&amp;ssl=1 220w\" sizes=\"(max-width: 320px) 100vw, 320px\" \/><\/p>\n","protected":false},"featured_media":4016,"template":"","meta":{"saved_in_kubio":false,"_seopress_robots_primary_cat":"","_seopress_titles_title":"","_seopress_titles_desc":"","_seopress_robots_index":"","spay_email":"","jetpack_publicize_message":""},"class_list":{"0":"post-4014","1":"product","2":"type-product","3":"status-publish","4":"has-post-thumbnail","6":"product_cat-conexion-webservice-erp","7":"product_cat-woocommerce-wordpress","8":"product_tag-compac-woocommerce","9":"product_tag-factura-compac-i","11":"first","12":"instock","13":"sale","14":"virtual","15":"taxable","16":"purchasable","17":"product-type-simple"},"jetpack_publicize_connections":[],"jetpack_sharing_enabled":true,"jetpack-related-posts":[],"_links":{"self":[{"href":"https:\/\/mojomexico.company\/portal\/wp-json\/wp\/v2\/product\/4014","targetHints":{"allow":["GET"]}}],"collection":[{"href":"https:\/\/mojomexico.company\/portal\/wp-json\/wp\/v2\/product"}],"about":[{"href":"https:\/\/mojomexico.company\/portal\/wp-json\/wp\/v2\/types\/product"}],"wp:featuredmedia":[{"embeddable":true,"href":"https:\/\/mojomexico.company\/portal\/wp-json\/wp\/v2\/media\/4016"}],"wp:attachment":[{"href":"https:\/\/mojomexico.company\/portal\/wp-json\/wp\/v2\/media?parent=4014"}],"curies":[{"name":"wp","href":"https:\/\/api.w.org\/{rel}","templated":true}]}}