{"id":4044,"date":"2020-08-31T10:25:53","date_gmt":"2020-08-31T15:25:53","guid":{"rendered":"https:\/\/mojomexico.company\/portal\/producto\/conector-banesco-instapago-virtuemart\/"},"modified":"2026-02-10T16:11:55","modified_gmt":"2026-02-10T22:11:55","slug":"conector-banesco-instapago-virtuemart","status":"publish","type":"product","link":"https:\/\/mojomexico.company\/portal\/producto\/conector-banesco-instapago-virtuemart\/","title":{"rendered":"Conector Banesco Instapago Opencart"},"content":{"rendered":"<p>[symple_tabgroup]<br \/>\n[symple_tab title=\u00bbDescripcion del Producto\u00bb]<\/p>\n<p><a href=\"https:\/\/mojomexico.company\/portal\/producto\/plugin-bnaesco-3d-tiendas-prestashop\/banesco-frontend1\/\" rel=\"attachment wp-att-3226\"><img alt=\"\" loading=\"lazy\" decoding=\"async\" class=\"alignleft size-medium wp-image-3226\" src=\"https:\/\/i0.wp.com\/mojomexico.company\/portal\/wp-content\/uploads\/2015\/09\/banesco-frontend1.png?resize=300%2C225&#038;ssl=1\" alt=\"\" width=\"300\" height=\"225\" srcset=\"https:\/\/i0.wp.com\/mojomexico.company\/portal\/wp-content\/uploads\/2015\/09\/banesco-frontend1.png?resize=300%2C225&amp;ssl=1 300w, https:\/\/i0.wp.com\/mojomexico.company\/portal\/wp-content\/uploads\/2015\/09\/banesco-frontend1.png?resize=800%2C599&amp;ssl=1 800w, https:\/\/i0.wp.com\/mojomexico.company\/portal\/wp-content\/uploads\/2015\/09\/banesco-frontend1.png?w=813&amp;ssl=1 813w\" sizes=\"(max-width: 300px) 100vw, 300px\" data-recalc-dims=\"1\" \/><\/a>Plugin extensi\u00f3n para conectar el API BANCARIO INSTAPAGO y BANESCO para Bancos de Sudamerica<\/p>\n<p>Nuestras extensiones son desarrolladas siguiendo las bases de c\u00f3digo seguro y son totalmente integradas Backoffice\u00a0 como Plugin \u00a0por lo que se administra, activa y desactiva de forma natural,\u00a0 y en FrontOffice pueden ser cambiados libremente: los t\u00edtulos, logos, colores y mensajes finales.<\/p>\n<p>Nuestra extensi\u00f3n permite recibir tarjetas de cr\u00e9dito y d\u00e9bito Nacionales e Internacionales de cualquier moneda y procesar el pago directamente a su cuenta bancaria, todo esto de forma integral e Interno en la tienda, bajo altas normas de seguridad que marcan las instituciones bancarias.<\/p>\n<p>Al comprar nuestro producto, \u00e9sto le d\u00e1 derecho al USO exclusivo de nuestro software por licencia para ser instalado por nuestro personal calificado en su \u00a0tienda \u00f3 tiendas &#8211; dominio, nosotros nos hacemos cargo de la instalaci\u00f3n y configuraci\u00f3n via remota en la tienda Prestashop, al 100%. La pasarela de pago se integra a la lista estandar que presenta regularmente\u00a0la tienda, en caso de \u00a0que su tienda utilice una plantilla especial para este proceso de pago \u00f3 usted requiera una vista diferente a la estandar, nosotros podremos hacerle el cambio y plantillamiento con un costo extra al precio marcado (estimable en cada caso) por horas de servicio de \u00a0adaptaci\u00f3n.<\/p>\n<p><span style=\"font-size: 13px; line-height: 19px;\">Los precios est\u00e1n expresados en Pesos Mexicanos y son sin IVA, por lo que si requiere factura fiscal favor de solicitarla previamente y considerar el aumento del valor del iva.<\/span><\/p>\n<p>[\/symple_tab]<br \/>\n[symple_tab title=\u00bbGarantia y Servicio\u00bb]<\/p>\n<p><b><img loading=\"lazy\" decoding=\"async\" data-attachment-id=\"3516\" data-permalink=\"https:\/\/mojomexico.company\/portal\/?attachment_id=3516\" data-orig-file=\"https:\/\/i1.wp.com\/mojomexico.company\/portal\/wp-content\/uploads\/2016\/11\/sello-12.png?fit=400%2C270&amp;ssl=1\" data-orig-size=\"400,270\" data-comments-opened=\"1\" data-image-meta=\"{&quot;aperture&quot;:&quot;0&quot;,&quot;credit&quot;:&quot;&quot;,&quot;camera&quot;:&quot;&quot;,&quot;caption&quot;:&quot;&quot;,&quot;created_timestamp&quot;:&quot;0&quot;,&quot;copyright&quot;:&quot;&quot;,&quot;focal_length&quot;:&quot;0&quot;,&quot;iso&quot;:&quot;0&quot;,&quot;shutter_speed&quot;:&quot;0&quot;,&quot;title&quot;:&quot;&quot;,&quot;orientation&quot;:&quot;0&quot;}\" data-image-title=\"calidad mojomexico\" data-image-description=\"\" data-medium-file=\"https:\/\/i1.wp.com\/mojomexico.company\/portal\/wp-content\/uploads\/2016\/11\/sello-12.png?fit=300%2C203&amp;ssl=1\" data-large-file=\"https:\/\/i1.wp.com\/mojomexico.company\/portal\/wp-content\/uploads\/2016\/11\/sello-12.png?fit=400%2C270&amp;ssl=1\" class=\"alignleft wp-image-3516\" src=\"https:\/\/i1.wp.com\/mojomexico.company\/portal\/wp-content\/uploads\/2016\/11\/sello-12.png?resize=298%2C201&#038;ssl=1\" alt=\"calidad mojomexico\" width=\"298\" height=\"201\" data-wp-pid=\"3516\" srcset=\"https:\/\/i1.wp.com\/mojomexico.company\/portal\/wp-content\/uploads\/2016\/11\/sello-12.png?w=400&amp;ssl=1 400w, https:\/\/i1.wp.com\/mojomexico.company\/portal\/wp-content\/uploads\/2016\/11\/sello-12.png?resize=300%2C203&amp;ssl=1 300w, https:\/\/i1.wp.com\/mojomexico.company\/portal\/wp-content\/uploads\/2016\/11\/sello-12.png?resize=220%2C149&amp;ssl=1 220w\" sizes=\"(max-width: 298px) 100vw, 298px\" data-recalc-dims=\"1\" \/>Que estoy comprando?<\/b><\/p>\n<p>Al comprar nuestro producto, estas adquiriendo el derecho de uso de nuestro producto por dominio (puedes adquirir varias licencias si manejas multitiendas) solo para el dominio \u00f3 dominios que registras en tu compra.<\/p>\n<p>Todos nuestros programas est\u00e1n protegidos por derechos de autor y \u00a0se instalan programas compilados sin opci\u00f3n a modificar m\u00e1s que por el personal calificado de Mojomexico y solo podr\u00e1 ser usado para el dominio-tienda registrado. El descuento en multitiendas es del 25% de la segunda hasta 99 licencias.<\/p>\n<p><strong>Con \u00e9sta pasarela \u00a0puedo aceptar pagos con tarjetas Visa y Mastercard de \u00a0otros Bancos \u00f3 de cualquier Banco del Mundo?<\/strong><\/p>\n<p>SI, con una pasarela puedes aceptar TODAS las tarjetas Visa y Mastercard nacionales e internacionales, de cualquier pa\u00eds.<\/p>\n<p><strong>Puedo aceptar American Express?<\/strong><\/p>\n<p>No ,\u00a0 pero contamos con el producto como un conector adicional publicado en esta misma tienda para su version de motor cms.<\/p>\n<p><strong>Puedo manejar pagos de 3,6,9,12 y 18 meses con y sin intereses en esta pasarela de pago?<\/strong><\/p>\n<p>NO, para abrir \u00e9sta acci\u00f3n es necesario adquirir EL MODULO MESES SIN \/ CON INTERES que tenemos publicado en esta misma tienda.<\/p>\n<p>&nbsp;<\/p>\n<p><b>Tengo que pagar anualidades \u00f3 comisiones por usar su producto?<\/b><\/p>\n<p>No, Nuestro producto no requiere anualidades ni comisiones por venta realizada, tu solo compras el producto y lo tienes de por vida para el dominio que destinaste. Todo el convenio de cobro y deposito a tu cuenta de cheques por tarjeta de cr\u00e9dito, es un arreglo de partes entre tu Banco Local y tu.<\/p>\n<p><b>C\u00f3mo es el proceso de instalaci\u00f3n?<\/b><\/p>\n<p>Nosotros YA incluimos en el precio, la instalaci\u00f3n y sincronizaci\u00f3n al 100% de nuestro m\u00f3dulo\u00a0 via Remota (tu tienda tiene que estar en la nube internet),asi como hacer las pruebas de Pre-validaci\u00f3n para que el banco las autorice y CERTIFIQUE la pasarela. T\u00fa solo te preocupas en hacer la compra y nosotros nos encargamos de la instalaci\u00f3n, en donde se programa y se fija una vez consolidado tu pago, en un periodo m\u00e1ximo de \u00a07 dias.<\/p>\n<p><b>Que garant\u00eda tengo?<\/b><\/p>\n<p>Nosotros te estamos ofreciendo UN A\u00d1O de garant\u00eda y soporte gr\u00e1tis por cualquier falla propia de nuestro producto, pero si la falla es ajena a nuestro c\u00f3digo \u00f3 el Banco dispone cambios \u00f3 modificaciones que afecten al c\u00f3digo, en \u00e9ste caso se deber\u00e1 pagar un cargo m\u00ednimo por el ajuste al precio vigente es ese momento, \u00f3 pueden adquirir nuestra p\u00f3liza de soporte y protecci\u00f3n para tu sistema de por vida.<\/p>\n<p><b>C\u00f3mo puedo ordenar este producto ahora?<\/b><\/p>\n<p>carga el producto a tu carrito de compra y haz tu cierre de compra, puedes pagar con dep\u00f3sito \u00f3 tranferencia electronica (CLABE) bancaria Mundial en tu moneda local. Posterior usted va a recibir su Factura Fiscal 100% deducible de impuestos Mexicanos.<br \/>\n[\/symple_tab]<\/p>\n<p>[symple_tab title=\u00bbTr\u00e1mite Bancario TPVI saber mas\u00bb]<\/p>\n<p><strong>Cual es el proceso para aceptar tarjetas de cr\u00e9dito a trav\u00e9s de mi banco en mi tienda Web \u00a0?<\/strong><br \/>\nSi usted a\u00fan no cuenta con el CONTRATO de TPV-Internet\u00a0 con el Banco de su elecci\u00f3n (Bancomer, Banamex, Banorte,BOD Venezuela, etc) , puede llamar a la l\u00ednea de \u00abAtenci\u00f3n Negocios \u00bb\u00a0 \u00f3 acudir a su sucursal y con su ejecutivo contratar \u00e9ste servicio TPVI, ya que el convenio de aceptar tarjetas de.credito-debito con deposito directo a su CUENTA BANCARIA (sin intermediarios) es entre usted y su banco, al contratar su banco le asignar\u00e1 un ID, USER Y PASSWD. que se utilizar\u00e1 para configurar su PASARELA BANCARIA MOJOMEXICO del banco que usted escoja.<\/p>\n<p>Para ciertos bancos como Banorte \u00f3\u00a0 Banamex, es importante que se tenga instalado tambi\u00e9n un certificado SSL sobre el dominio-tienda, para reforzar la seguridad en las transacciones bancarias. Ustedes pueden contratar esto directo con su proveedor hosting \u00a0\u00f3 con nosotros.<\/p>\n<p>[\/symple_tab]<\/p>\n<p>[symple_tab title=\u00bbVideo y Pantallas demo\u00bb]<\/p>\n<p><code><a href=\"https:\/\/mojomexico.company\/portal\/producto\/plugin-bnaesco-3d-tiendas-prestashop\/banesco-frontend1\/\" rel=\"attachment wp-att-3226\"><img alt=\"\" loading=\"lazy\" decoding=\"async\" data-attachment-id=\"3226\" data-permalink=\"https:\/\/mojomexico.company\/portal\/?attachment_id=3226\" data-orig-file=\"https:\/\/i0.wp.com\/mojomexico.company\/portal\/wp-content\/uploads\/2015\/09\/banesco-frontend1.png?fit=813%2C609&amp;ssl=1\" data-orig-size=\"813,609\" data-comments-opened=\"1\" data-image-meta=\"{&quot;aperture&quot;:&quot;0&quot;,&quot;credit&quot;:&quot;&quot;,&quot;camera&quot;:&quot;&quot;,&quot;caption&quot;:&quot;&quot;,&quot;created_timestamp&quot;:&quot;0&quot;,&quot;copyright&quot;:&quot;&quot;,&quot;focal_length&quot;:&quot;0&quot;,&quot;iso&quot;:&quot;0&quot;,&quot;shutter_speed&quot;:&quot;0&quot;,&quot;title&quot;:&quot;&quot;,&quot;orientation&quot;:&quot;0&quot;}\" data-image-title=\"banesco frontend prestashop mojomexico\" data-image-description=\"\" data-medium-file=\"https:\/\/i0.wp.com\/mojomexico.company\/portal\/wp-content\/uploads\/2015\/09\/banesco-frontend1.png?fit=300%2C225&amp;ssl=1\" data-large-file=\"https:\/\/i0.wp.com\/mojomexico.company\/portal\/wp-content\/uploads\/2015\/09\/banesco-frontend1.png?fit=813%2C609&amp;ssl=1\" class=\"alignleft size-full wp-image-3226\" src=\"https:\/\/i0.wp.com\/mojomexico.company\/portal\/wp-content\/uploads\/2015\/09\/banesco-frontend1.png?resize=813%2C609&#038;ssl=1\" alt=\"\" width=\"813\" height=\"609\" srcset=\"https:\/\/i0.wp.com\/mojomexico.company\/portal\/wp-content\/uploads\/2015\/09\/banesco-frontend1.png?w=813&amp;ssl=1 813w, https:\/\/i0.wp.com\/mojomexico.company\/portal\/wp-content\/uploads\/2015\/09\/banesco-frontend1.png?resize=300%2C225&amp;ssl=1 300w, https:\/\/i0.wp.com\/mojomexico.company\/portal\/wp-content\/uploads\/2015\/09\/banesco-frontend1.png?resize=800%2C599&amp;ssl=1 800w\" sizes=\"(max-width: 813px) 100vw, 813px\" data-recalc-dims=\"1\" \/><\/a> <a href=\"https:\/\/mojomexico.company\/portal\/producto\/plugin-bnaesco-3d-tiendas-prestashop\/banesco-backadmin-config\/\" rel=\"attachment wp-att-3225\"><img alt=\"\" loading=\"lazy\" decoding=\"async\" data-attachment-id=\"3225\" data-permalink=\"https:\/\/mojomexico.company\/portal\/?attachment_id=3225\" data-orig-file=\"https:\/\/i0.wp.com\/mojomexico.company\/portal\/wp-content\/uploads\/2015\/09\/banesco-backadmin-config.png?fit=855%2C627&amp;ssl=1\" data-orig-size=\"855,627\" data-comments-opened=\"1\" data-image-meta=\"{&quot;aperture&quot;:&quot;0&quot;,&quot;credit&quot;:&quot;&quot;,&quot;camera&quot;:&quot;&quot;,&quot;caption&quot;:&quot;&quot;,&quot;created_timestamp&quot;:&quot;0&quot;,&quot;copyright&quot;:&quot;&quot;,&quot;focal_length&quot;:&quot;0&quot;,&quot;iso&quot;:&quot;0&quot;,&quot;shutter_speed&quot;:&quot;0&quot;,&quot;title&quot;:&quot;&quot;,&quot;orientation&quot;:&quot;0&quot;}\" data-image-title=\"banesco backadmin prestashop\" data-image-description=\"\" data-medium-file=\"https:\/\/i0.wp.com\/mojomexico.company\/portal\/wp-content\/uploads\/2015\/09\/banesco-backadmin-config.png?fit=300%2C220&amp;ssl=1\" data-large-file=\"https:\/\/i0.wp.com\/mojomexico.company\/portal\/wp-content\/uploads\/2015\/09\/banesco-backadmin-config.png?fit=855%2C627&amp;ssl=1\" class=\"alignleft size-full wp-image-3225\" src=\"https:\/\/i0.wp.com\/mojomexico.company\/portal\/wp-content\/uploads\/2015\/09\/banesco-backadmin-config.png?resize=855%2C627&#038;ssl=1\" alt=\"\" width=\"855\" height=\"627\" srcset=\"https:\/\/i0.wp.com\/mojomexico.company\/portal\/wp-content\/uploads\/2015\/09\/banesco-backadmin-config.png?w=855&amp;ssl=1 855w, https:\/\/i0.wp.com\/mojomexico.company\/portal\/wp-content\/uploads\/2015\/09\/banesco-backadmin-config.png?resize=300%2C220&amp;ssl=1 300w, https:\/\/i0.wp.com\/mojomexico.company\/portal\/wp-content\/uploads\/2015\/09\/banesco-backadmin-config.png?resize=800%2C587&amp;ssl=1 800w\" sizes=\"(max-width: 855px) 100vw, 855px\" data-recalc-dims=\"1\" \/><\/a> <a href=\"https:\/\/mojomexico.company\/portal\/producto\/plugin-bnaesco-3d-tiendas-prestashop\/banesco-ps-modules-list\/\" rel=\"attachment wp-att-3224\"><img alt=\"\" loading=\"lazy\" decoding=\"async\" data-attachment-id=\"3224\" data-permalink=\"https:\/\/mojomexico.company\/portal\/?attachment_id=3224\" data-orig-file=\"https:\/\/i2.wp.com\/mojomexico.company\/portal\/wp-content\/uploads\/2015\/09\/banesco-ps-modules-list.png?fit=844%2C629&amp;ssl=1\" data-orig-size=\"844,629\" data-comments-opened=\"1\" data-image-meta=\"{&quot;aperture&quot;:&quot;0&quot;,&quot;credit&quot;:&quot;&quot;,&quot;camera&quot;:&quot;&quot;,&quot;caption&quot;:&quot;&quot;,&quot;created_timestamp&quot;:&quot;0&quot;,&quot;copyright&quot;:&quot;&quot;,&quot;focal_length&quot;:&quot;0&quot;,&quot;iso&quot;:&quot;0&quot;,&quot;shutter_speed&quot;:&quot;0&quot;,&quot;title&quot;:&quot;&quot;,&quot;orientation&quot;:&quot;0&quot;}\" data-image-title=\"banesco prestashop de mojomexico\" data-image-description=\"\" data-medium-file=\"https:\/\/i2.wp.com\/mojomexico.company\/portal\/wp-content\/uploads\/2015\/09\/banesco-ps-modules-list.png?fit=300%2C224&amp;ssl=1\" data-large-file=\"https:\/\/i2.wp.com\/mojomexico.company\/portal\/wp-content\/uploads\/2015\/09\/banesco-ps-modules-list.png?fit=844%2C629&amp;ssl=1\" class=\"alignleft size-full wp-image-3224\" src=\"https:\/\/i2.wp.com\/mojomexico.company\/portal\/wp-content\/uploads\/2015\/09\/banesco-ps-modules-list.png?resize=844%2C629&#038;ssl=1\" alt=\"\" width=\"844\" height=\"629\" srcset=\"https:\/\/i2.wp.com\/mojomexico.company\/portal\/wp-content\/uploads\/2015\/09\/banesco-ps-modules-list.png?w=844&amp;ssl=1 844w, https:\/\/i2.wp.com\/mojomexico.company\/portal\/wp-content\/uploads\/2015\/09\/banesco-ps-modules-list.png?resize=300%2C224&amp;ssl=1 300w\" sizes=\"(max-width: 844px) 100vw, 844px\" data-recalc-dims=\"1\" \/><\/a><\/code><\/p>\n<p>[\/symple_tab]<br \/>\n[\/symple_tabgroup]<\/p>\n","protected":false},"excerpt":{"rendered":"<blockquote><p>Plugins bancario Banesco Instapago para tienda Opencart 3.x o mayor, en el precio ya incluye el servicio de instalaci\u00f3n y sincronizaci\u00f3n por nuestro equipo Mojomexico GRATIS. Usted puede pagar por Transferencia Bancaria Internacional.<\/p><\/blockquote>\n<blockquote><p><img loading=\"lazy\" decoding=\"async\" class=\"alignleft size-full wp-image-3524\" src=\"https:\/\/mojomexico.company\/portal\/wp-content\/uploads\/2016\/11\/boton-gratis2A.png\" alt=\"boton gratis mojomexico\" width=\"320\" height=\"190\" data-wp-pid=\"3524\" srcset=\"https:\/\/i0.wp.com\/mojomexico.company\/portal\/wp-content\/uploads\/2016\/11\/boton-gratis2A.png?w=320&amp;ssl=1 320w, https:\/\/i0.wp.com\/mojomexico.company\/portal\/wp-content\/uploads\/2016\/11\/boton-gratis2A.png?resize=300%2C178&amp;ssl=1 300w, https:\/\/i0.wp.com\/mojomexico.company\/portal\/wp-content\/uploads\/2016\/11\/boton-gratis2A.png?resize=220%2C131&amp;ssl=1 220w\" sizes=\"(max-width: 320px) 100vw, 320px\" \/><\/p><\/blockquote>\n","protected":false},"featured_media":3582,"template":"","meta":{"saved_in_kubio":false,"_seopress_robots_primary_cat":"","_seopress_titles_title":"","_seopress_titles_desc":"","_seopress_robots_index":"","spay_email":"","jetpack_publicize_message":""},"class_list":{"0":"post-4044","1":"product","2":"type-product","3":"status-publish","4":"has-post-thumbnail","6":"product_cat-opencart","7":"product_tag-banesco-opencart","8":"product_tag-plugin-banesco","10":"first","11":"instock","12":"virtual","13":"taxable","14":"purchasable","15":"product-type-simple"},"jetpack_publicize_connections":[],"jetpack_sharing_enabled":true,"jetpack-related-posts":[],"_links":{"self":[{"href":"https:\/\/mojomexico.company\/portal\/wp-json\/wp\/v2\/product\/4044","targetHints":{"allow":["GET"]}}],"collection":[{"href":"https:\/\/mojomexico.company\/portal\/wp-json\/wp\/v2\/product"}],"about":[{"href":"https:\/\/mojomexico.company\/portal\/wp-json\/wp\/v2\/types\/product"}],"wp:featuredmedia":[{"embeddable":true,"href":"https:\/\/mojomexico.company\/portal\/wp-json\/wp\/v2\/media\/3582"}],"wp:attachment":[{"href":"https:\/\/mojomexico.company\/portal\/wp-json\/wp\/v2\/media?parent=4044"}],"curies":[{"name":"wp","href":"https:\/\/api.w.org\/{rel}","templated":true}]}}