{"id":4050,"date":"2018-01-11T13:04:19","date_gmt":"2018-01-11T18:04:19","guid":{"rendered":"https:\/\/mojomexico.company\/portal\/producto\/pasarela-de-pago-visa-mastercard-por-prosa\/"},"modified":"2024-01-22T05:44:08","modified_gmt":"2024-01-22T10:44:08","slug":"pasarela-de-pago-visa-mastercard-por-prosa","status":"publish","type":"product","link":"https:\/\/mojomexico.company\/portal\/producto\/pasarela-de-pago-visa-mastercard-por-prosa\/","title":{"rendered":"Pasarela de pago Visa Mastercard Magento2"},"content":{"rendered":"<p>[symple_tabgroup]<br \/>\n[symple_tab title=\u00bbDescripcion del Producto\u00bb]<\/p>\n<p>&nbsp;<\/p>\n<p><a href=\"https:\/\/mojomexico.company\/portal\/producto\/pasarela-scotiabank-3d-security-wordpress\/caja-prosa1\/\" rel=\"attachment wp-att-3445\"><img alt=\"\" loading=\"lazy\" decoding=\"async\" data-attachment-id=\"3445\" data-permalink=\"https:\/\/mojomexico.company\/portal\/?attachment_id=3445\" data-orig-file=\"https:\/\/i2.wp.com\/mojomexico.company\/portal\/wp-content\/uploads\/2015\/11\/caja-prosa1.jpg?fit=369%2C395&amp;ssl=1\" data-orig-size=\"369,395\" data-comments-opened=\"1\" data-image-meta=\"{&quot;aperture&quot;:&quot;0&quot;,&quot;credit&quot;:&quot;&quot;,&quot;camera&quot;:&quot;&quot;,&quot;caption&quot;:&quot;&quot;,&quot;created_timestamp&quot;:&quot;0&quot;,&quot;copyright&quot;:&quot;&quot;,&quot;focal_length&quot;:&quot;0&quot;,&quot;iso&quot;:&quot;0&quot;,&quot;shutter_speed&quot;:&quot;0&quot;,&quot;title&quot;:&quot;&quot;,&quot;orientation&quot;:&quot;0&quot;}\" data-image-title=\"banregio conector bancario\" data-image-description=\"\" data-medium-file=\"https:\/\/i2.wp.com\/mojomexico.company\/portal\/wp-content\/uploads\/2015\/11\/caja-prosa1.jpg?fit=280%2C300&amp;ssl=1\" data-large-file=\"https:\/\/i2.wp.com\/mojomexico.company\/portal\/wp-content\/uploads\/2015\/11\/caja-prosa1.jpg?fit=369%2C395&amp;ssl=1\" class=\"alignleft size-medium wp-image-3445\" src=\"https:\/\/i2.wp.com\/mojomexico.company\/portal\/wp-content\/uploads\/2015\/11\/caja-prosa1.jpg?resize=280%2C300&#038;ssl=1\" alt=\"\" width=\"280\" height=\"300\" srcset=\"https:\/\/i2.wp.com\/mojomexico.company\/portal\/wp-content\/uploads\/2015\/11\/caja-prosa1.jpg?resize=280%2C300&amp;ssl=1 280w, https:\/\/i2.wp.com\/mojomexico.company\/portal\/wp-content\/uploads\/2015\/11\/caja-prosa1.jpg?resize=300%2C321&amp;ssl=1 300w, https:\/\/i2.wp.com\/mojomexico.company\/portal\/wp-content\/uploads\/2015\/11\/caja-prosa1.jpg?resize=220%2C236&amp;ssl=1 220w, https:\/\/i2.wp.com\/mojomexico.company\/portal\/wp-content\/uploads\/2015\/11\/caja-prosa1.jpg?w=369&amp;ssl=1 369w\" sizes=\"(max-width: 280px) 100vw, 280px\" data-recalc-dims=\"1\" \/><\/a>Extensi\u00f3n\u00a0de pagos PROSA (lo usan los bancos: Santander, Hsbc, Scotiabank, Banco del Bajio, Sanborns, Coopel,etc) para la versi\u00f3n Magento CE V-2-X, totalmente integrada al\u00a0c\u00f3digo\u00a0original de Magento en Backoffice y FrontOffice para recibir tarjetas de cr\u00e9dito y d\u00e9bito y procesar el pago directamente a su cuenta bancaria, todo esto de forma integral e Interno en la tienda Magento, bajo altas normas de seguridad de <strong>Banamex.<\/strong><\/p>\n<p>Al comprar nuestro producto, \u00e9sto le d\u00e1 derecho al USO exclusivo de nuestro software como licencia para ser instalado por nuestro personal calificado en su \u00a0tienda \u00f3 tiendas Magento CE \/dominio, . La pasarela de pago se integra a la lista estandar que presenta regularmente Magento, en caso de \u00a0que su tienda utilice una plantilla especial para este proceso de pago, la integraci\u00f3n a dicha pasarela tendr\u00e1 un costo extra al precio marcado (estimable en cada caso) por horas de servicio adaptaci\u00f3n.<\/p>\n<p><strong>Importante:<\/strong> Si tu tienda usa IWD OnePage Checkout como motor final de compra , deber\u00e1s considerar cargar aqui mismo el extra de 1400 pesos por el servicio de\u00a0 integraci\u00f3n a su plantilla especial onestep checkout. Adicional la versi\u00f3n Magento2 requiere de acci\u00f3nes personales de instalaci\u00f3n que requieren la asistencia t\u00e9cnica especializada de Mojomexico por lo que se requiere adquirir el paquete de asistencia t\u00e9cnica que se describe aqui mismo.<\/p>\n<p><span style=\"font-size: 13px; line-height: 19px;\">Los precios est\u00e1n expresados en Pesos Mexicanos y son sin IVA, por lo que si requiere factura fiscal favor de solicitarla previamente y considerar el aumento del valor del iva.Puede pagar en efectivo o con tarjeta de credito o debito.<\/span><\/p>\n<p>[\/symple_tab]<br \/>\n[symple_tab title=\u00bbGarantia y Servicio\u00bb]<\/p>\n<p><b><img loading=\"lazy\" decoding=\"async\" data-attachment-id=\"3404\" data-permalink=\"https:\/\/mojomexico.company\/portal\/?attachment_id=3404\" data-orig-file=\"https:\/\/i2.wp.com\/mojomexico.company\/portal\/wp-content\/uploads\/2016\/09\/sello-servicio6AA.png?fit=315%2C305&amp;ssl=1\" data-orig-size=\"315,305\" data-comments-opened=\"1\" data-image-meta=\"{&quot;aperture&quot;:&quot;0&quot;,&quot;credit&quot;:&quot;&quot;,&quot;camera&quot;:&quot;&quot;,&quot;caption&quot;:&quot;&quot;,&quot;created_timestamp&quot;:&quot;0&quot;,&quot;copyright&quot;:&quot;&quot;,&quot;focal_length&quot;:&quot;0&quot;,&quot;iso&quot;:&quot;0&quot;,&quot;shutter_speed&quot;:&quot;0&quot;,&quot;title&quot;:&quot;&quot;,&quot;orientation&quot;:&quot;0&quot;}\" data-image-title=\"mojomexico app\" data-image-description=\"\" data-medium-file=\"https:\/\/i2.wp.com\/mojomexico.company\/portal\/wp-content\/uploads\/2016\/09\/sello-servicio6AA.png?fit=300%2C290&amp;ssl=1\" data-large-file=\"https:\/\/i2.wp.com\/mojomexico.company\/portal\/wp-content\/uploads\/2016\/09\/sello-servicio6AA.png?fit=315%2C305&amp;ssl=1\" class=\"size-full wp-image-3404 alignleft\" src=\"https:\/\/i2.wp.com\/mojomexico.company\/portal\/wp-content\/uploads\/2016\/09\/sello-servicio6AA.png?resize=315%2C305&#038;ssl=1\" alt=\"mojomexico app\" width=\"315\" height=\"305\" data-wp-pid=\"3404\" srcset=\"https:\/\/i2.wp.com\/mojomexico.company\/portal\/wp-content\/uploads\/2016\/09\/sello-servicio6AA.png?w=315&amp;ssl=1 315w, https:\/\/i2.wp.com\/mojomexico.company\/portal\/wp-content\/uploads\/2016\/09\/sello-servicio6AA.png?resize=300%2C290&amp;ssl=1 300w\" sizes=\"(max-width: 315px) 100vw, 315px\" data-recalc-dims=\"1\" \/>Que estoy comprando?<\/b><\/p>\n<p>Al comprar nuestro producto, estas adquiriendo el derecho de uso de nuestro producto por dominio (puedes adquirir varias licencias si manejas multitiendas) solo para el dominio \u00f3 dominios que registras en tu compra.<\/p>\n<p>Solo se entregan programas compilados sin opci\u00f3n a modificar m\u00e1s que por el personal calificado de Mojomexico y solo podr\u00e1 ser usado para el dominio-tienda registrado. El descuento en multitiendas es del 35% de la segunda hasta 99 licencias.<\/p>\n<p><strong>Con \u00e9sta pasarela puedo aceptar pagos con tarjetas Visa y Mastercard de otros Bancos \u00f3 de cualquier Banco del Mundo?<\/strong><\/p>\n<p>SI, con una pasarela puedes aceptar TODAS las tarjetas Visa y Mastercard nacionales e internacionales, de cualquier pa\u00eds. Regularmente todas las compras que se realicen en tu tienda en otras monedas distintas a PESOS, ser\u00e1n convertidas a pesos, a menos que \u00e9ste arreglo lo fijes con tu banco.<\/p>\n<p><strong>Puedo aceptar American Express?<\/strong><\/p>\n<p>Contamos con la version AMEX para Magento CE2 aqui mismo en este catalogo y tambien lo puede ordenar.<\/p>\n<p><strong>Puedo manejar pagos de 3,6,9,12 y 18 meses con y sin intereses en esta pasarela de pago?<\/strong><\/p>\n<p>Para activar esta accion en su Pasarela de Pago debe adicionar al precio base los MODULOS DE MESES CON \/ SIN INTERES o ambos segun sea el caso.<\/p>\n<p><b>Tengo que pagar anualidades \u00f3 comisiones por usar su producto?<\/b><\/p>\n<p>No, Nuestro producto no requiere anualidades ni comisiones por venta realizada, tu solo compras el producto y lo tienes de por vida para el dominio que destinaste. Todo el convenio de cobro y deposito a tu cuenta de cheques por tarjeta de cr\u00e9dito, es un arreglo de partes entre tu Banco Local y tu.<\/p>\n<p><b>C\u00f3mo es el proceso de instalaci\u00f3n?<\/b><\/p>\n<p>Nosotros te incluimos en el precio, la instalaci\u00f3n y sincronizaci\u00f3n al 100% via Remota (tu tienda tiene que estar en la nube internet), t\u00fa solo te preocupas en hacer la compra y nosotros nos encargamos de la instalaci\u00f3n, en donde se programa y se fija una vez consolidado tu pago, en un periodo m\u00e1ximo de 3 a 7 dias.<\/p>\n<p><b>Que garant\u00eda tengo?<\/b><\/p>\n<p>Nosotros te estamos ofreciendo UN A\u00d1O de garant\u00eda y soporte gr\u00e1tis por cualquier falla propia de nuestro producto, pero si la falla es ajena a nuestro c\u00f3digo, ning\u00fan evento est\u00e1 protegido, a menos que quieras adquirir nuestra p\u00f3liza de soporte y protecci\u00f3n para tu sistema.<\/p>\n<p><b>C\u00f3mo puedo ordenar este producto ahora?<\/b><\/p>\n<p>carga el producto a tu carrito de compra y haz tu cierre de compra, puedes pagar con dep\u00f3sito \u00f3 tranferencia electronica (CLABE) bancaria Mundial en tu moneda local. Al recibir tu pago, nosotros enviaremos la Factura Fiscal 100% deducible por el SAT Mexico.<br \/>\n[\/symple_tab]<\/p>\n<p>[symple_tab title=\u00bbVideo demo\u00bb]<\/p>\n<p><code><span class=\"embed-youtube\" style=\"text-align:center; display: block;\"><iframe class='youtube-player' width='640' height='360' src='https:\/\/www.youtube.com\/embed\/jTaum8X6QpU?version=3&#038;rel=0&#038;fs=1&#038;autohide=2&#038;showsearch=0&#038;showinfo=1&#038;iv_load_policy=1&#038;wmode=transparent' allowfullscreen='true' style='border:0;'><\/iframe><\/span><\/code><\/p>\n<p>[\/symple_tab]<br \/>\n[\/symple_tabgroup]<\/p>\n","protected":false},"excerpt":{"rendered":"<p>Pasarela de Pago Bancaria PROSA (para los Bancos Santander, Hsbc, Scotiabank, Coppel, Banco del Bajio,etc) para tiendas MagentoCE VERSION 2.X, \u00e9ste producto requiere procesos de adaptaci\u00f3n en su tienda asi como la personalizacion de su Plantilla JSP-Bancaria que el mismo banco exige, la instalaci\u00f3n y sincronizaci\u00f3n a su tienda web tiene un cargo extra por unica ocasion. <img alt=\"\" loading=\"lazy\" decoding=\"async\" class=\"size-medium wp-image-3725 alignleft\" src=\"https:\/\/mojomexico.company\/portal\/wp-content\/uploads\/2017\/02\/mage2-aviso-300x210.jpg\" alt=\"\" width=\"300\" height=\"210\" srcset=\"https:\/\/i2.wp.com\/mojomexico.company\/portal\/wp-content\/uploads\/2017\/02\/mage2-aviso.jpg?resize=300%2C210&amp;ssl=1 300w, https:\/\/i2.wp.com\/mojomexico.company\/portal\/wp-content\/uploads\/2017\/02\/mage2-aviso.jpg?resize=250%2C175&amp;ssl=1 250w, https:\/\/i2.wp.com\/mojomexico.company\/portal\/wp-content\/uploads\/2017\/02\/mage2-aviso.jpg?resize=220%2C154&amp;ssl=1 220w, https:\/\/i2.wp.com\/mojomexico.company\/portal\/wp-content\/uploads\/2017\/02\/mage2-aviso.jpg?w=449&amp;ssl=1 449w\" sizes=\"(max-width: 300px) 100vw, 300px\" \/><\/p>\n<p>&nbsp;<\/p>\n<p>&nbsp;<\/p>\n","protected":false},"featured_media":3445,"template":"","meta":{"saved_in_kubio":false,"_seopress_robots_primary_cat":"","_seopress_titles_title":"","_seopress_titles_desc":"","_seopress_robots_index":"","spay_email":"","jetpack_publicize_message":""},"class_list":{"0":"post-4050","1":"product","2":"type-product","3":"status-publish","4":"has-post-thumbnail","6":"product_cat-magento-ce","7":"product_cat-magento2-ce","8":"product_tag-magento-prosa","9":"product_tag-prosa-magento","10":"product_shipping_class-s-remoto","12":"first","13":"instock","14":"virtual","15":"taxable","16":"purchasable","17":"product-type-simple"},"jetpack_publicize_connections":[],"jetpack_sharing_enabled":true,"jetpack-related-posts":[],"_links":{"self":[{"href":"https:\/\/mojomexico.company\/portal\/wp-json\/wp\/v2\/product\/4050","targetHints":{"allow":["GET"]}}],"collection":[{"href":"https:\/\/mojomexico.company\/portal\/wp-json\/wp\/v2\/product"}],"about":[{"href":"https:\/\/mojomexico.company\/portal\/wp-json\/wp\/v2\/types\/product"}],"wp:featuredmedia":[{"embeddable":true,"href":"https:\/\/mojomexico.company\/portal\/wp-json\/wp\/v2\/media\/3445"}],"wp:attachment":[{"href":"https:\/\/mojomexico.company\/portal\/wp-json\/wp\/v2\/media?parent=4050"}],"curies":[{"name":"wp","href":"https:\/\/api.w.org\/{rel}","templated":true}]}}