{"id":4145,"date":"2020-08-30T17:14:18","date_gmt":"2020-08-30T22:14:18","guid":{"rendered":"https:\/\/mojomexico.company\/portal\/producto\/pasarela-bancaria-banregio-prestashop\/"},"modified":"2026-02-10T16:11:26","modified_gmt":"2026-02-10T22:11:26","slug":"pasarela-bancaria-banregio-prestashop","status":"publish","type":"product","link":"https:\/\/mojomexico.company\/portal\/producto\/pasarela-bancaria-banregio-prestashop\/","title":{"rendered":"Pasarela Banregio Prestashop"},"content":{"rendered":"<p>[symple_tabgroup]<br \/>\n[symple_tab title=\u00bbDescripcion del Producto\u00bb]<\/p>\n<p>&nbsp;<\/p>\n<p><a href=\"https:\/\/mojomexico.company\/portal\/producto\/pasarela-de-pago-banregio-restapi-mg2\/caja-banregio1-2\/\" rel=\"attachment wp-att-6473\"><img alt=\"\" loading=\"lazy\" decoding=\"async\" data-attachment-id=\"6473\" data-permalink=\"https:\/\/mojomexico.company\/portal\/?attachment_id=6473\" data-orig-file=\"https:\/\/i1.wp.com\/mojomexico.company\/portal\/wp-content\/uploads\/2020\/06\/caja-banregio1.png?fit=369%2C395&amp;ssl=1\" data-orig-size=\"369,395\" data-comments-opened=\"1\" data-image-meta=\"{&quot;aperture&quot;:&quot;0&quot;,&quot;credit&quot;:&quot;&quot;,&quot;camera&quot;:&quot;&quot;,&quot;caption&quot;:&quot;&quot;,&quot;created_timestamp&quot;:&quot;0&quot;,&quot;copyright&quot;:&quot;&quot;,&quot;focal_length&quot;:&quot;0&quot;,&quot;iso&quot;:&quot;0&quot;,&quot;shutter_speed&quot;:&quot;0&quot;,&quot;title&quot;:&quot;&quot;,&quot;orientation&quot;:&quot;0&quot;}\" data-image-title=\"caja-banregio1\" data-image-description=\"\" data-medium-file=\"https:\/\/i1.wp.com\/mojomexico.company\/portal\/wp-content\/uploads\/2020\/06\/caja-banregio1.png?fit=250%2C268&amp;ssl=1\" data-large-file=\"https:\/\/i1.wp.com\/mojomexico.company\/portal\/wp-content\/uploads\/2020\/06\/caja-banregio1.png?fit=369%2C395&amp;ssl=1\" class=\"alignleft size-full wp-image-6473\" src=\"https:\/\/i1.wp.com\/mojomexico.company\/portal\/wp-content\/uploads\/2020\/06\/caja-banregio1.png?resize=369%2C395&#038;ssl=1\" alt=\"\" width=\"369\" height=\"395\" srcset=\"https:\/\/i1.wp.com\/mojomexico.company\/portal\/wp-content\/uploads\/2020\/06\/caja-banregio1.png?w=369&amp;ssl=1 369w, https:\/\/i1.wp.com\/mojomexico.company\/portal\/wp-content\/uploads\/2020\/06\/caja-banregio1.png?resize=250%2C268&amp;ssl=1 250w, https:\/\/i1.wp.com\/mojomexico.company\/portal\/wp-content\/uploads\/2020\/06\/caja-banregio1.png?resize=120%2C128&amp;ssl=1 120w\" sizes=\"(max-width: 369px) 100vw, 369px\" data-recalc-dims=\"1\" \/><\/a>Extensi\u00f3n\u00a0de pagos (plugin) Bancarios BANREGIO COLECTO para la versi\u00f3n:<\/p>\n<p>PRESTAHOP 1.5, 1.6.x y 1.7 totalmente integrada al\u00a0c\u00f3digo\u00a0original\u00a0 en Backoffice y FrontOffice para recibir tarjetas de cr\u00e9dito y d\u00e9bito y procesar el pago directamente a su cuenta bancaria, todo esto de forma integral e Interno en la tienda , bajo altas normas de seguridad 3D Security que marcan las instituciones bancarias.<\/p>\n<p>Al comprar nuestro producto, \u00e9sto le d\u00e1 derecho al USO exclusivo de nuestro software como licencia para ser instalado por nuestro personal calificado en su \u00a0tienda \u00f3 tiendas\u00a0 \/dominio, nosotros nos hacemos cargo de la instalaci\u00f3n y configuraci\u00f3n via remota en la tienda al 100%. La pasarela de pago se integra a la lista estandar que presenta regularmente (pasos de Checkout), en caso de \u00a0que su tienda utilice una plantilla especial para este proceso de pago, la integraci\u00f3n a dicha pasarela tendr\u00e1 un costo extra al precio marcado (estimable en cada caso) por horas de servicio adaptaci\u00f3n.<\/p>\n<p><span style=\"font-size: 13px; line-height: 19px;\">Importante:<br \/>\n<\/span><\/p>\n<p>Nuestros productos son HECHOS A LA MEDIDA con las LIMITACIONES propias de cada MOTOR-TIENDA CMS-Ecomercio por lo tanto nuestra garant\u00eda se limita a integrarse \u00e9ste Motor y sus acciones normales, en caso de inconsistencias en su propio codigo de su tienda o conflictos con otros plugin, nuestra garant\u00eda NO cubre en estos precios el soporte t\u00e9cnico ni la soluci\u00f3n de conflictos ni errores de su versi\u00f3n. (solo basta con revisar en los foros todos los errores reportados para ser suficiente soporte de falla). Se le recomienda que lea y se entere de las politicas de servicio y garantia que tenemos aqui mismo publicadas abriendo la siguiente pesta\u00f1a asi como leer nuestro contrato Mojomexico de Servicio Publicado y disponible a todo el publico ubicado en la parte Men\u00fa Superior de \u00e9sta tienda.<\/p>\n<p>[\/symple_tab]<br \/>\n[symple_tab title=\u00bbGarantia y Servicio\u00bb]<\/p>\n<p><b><img loading=\"lazy\" decoding=\"async\" data-attachment-id=\"3516\" data-permalink=\"https:\/\/mojomexico.company\/portal\/?attachment_id=3516\" data-orig-file=\"https:\/\/i1.wp.com\/mojomexico.company\/portal\/wp-content\/uploads\/2016\/11\/sello-12.png?fit=400%2C270&amp;ssl=1\" data-orig-size=\"400,270\" data-comments-opened=\"1\" data-image-meta=\"{&quot;aperture&quot;:&quot;0&quot;,&quot;credit&quot;:&quot;&quot;,&quot;camera&quot;:&quot;&quot;,&quot;caption&quot;:&quot;&quot;,&quot;created_timestamp&quot;:&quot;0&quot;,&quot;copyright&quot;:&quot;&quot;,&quot;focal_length&quot;:&quot;0&quot;,&quot;iso&quot;:&quot;0&quot;,&quot;shutter_speed&quot;:&quot;0&quot;,&quot;title&quot;:&quot;&quot;,&quot;orientation&quot;:&quot;0&quot;}\" data-image-title=\"calidad mojomexico\" data-image-description=\"\" data-medium-file=\"https:\/\/i1.wp.com\/mojomexico.company\/portal\/wp-content\/uploads\/2016\/11\/sello-12.png?fit=300%2C203&amp;ssl=1\" data-large-file=\"https:\/\/i1.wp.com\/mojomexico.company\/portal\/wp-content\/uploads\/2016\/11\/sello-12.png?fit=400%2C270&amp;ssl=1\" class=\"size-full wp-image-3516 alignleft\" src=\"https:\/\/i1.wp.com\/mojomexico.company\/portal\/wp-content\/uploads\/2016\/11\/sello-12.png?resize=400%2C270&#038;ssl=1\" alt=\"calidad mojomexico\" width=\"400\" height=\"270\" data-wp-pid=\"3516\" srcset=\"https:\/\/i1.wp.com\/mojomexico.company\/portal\/wp-content\/uploads\/2016\/11\/sello-12.png?w=400&amp;ssl=1 400w, https:\/\/i1.wp.com\/mojomexico.company\/portal\/wp-content\/uploads\/2016\/11\/sello-12.png?resize=300%2C203&amp;ssl=1 300w, https:\/\/i1.wp.com\/mojomexico.company\/portal\/wp-content\/uploads\/2016\/11\/sello-12.png?resize=220%2C149&amp;ssl=1 220w\" sizes=\"(max-width: 400px) 100vw, 400px\" data-recalc-dims=\"1\" \/>Que estoy comprando?<\/b><\/p>\n<p>Al comprar nuestro producto, estas adquiriendo Una Licencia de uso de nuestro producto por dominio (puedes adquirir varias licencias si manejas multitiendas) desarrollado especificamente para ti.<\/p>\n<p>Solo se entregan programas compilados sin opci\u00f3n a modificar m\u00e1s que por el personal calificado de Mojomexico y solo podr\u00e1 ser usado para el dominio-tienda registrado. El descuento en multitiendas es del 35% de la segunda hasta 99 licencias.<\/p>\n<p><strong>Con \u00e9sta pasarela \u00a0puedo aceptar pagos con tarjetas Visa y Mastercard de \u00a0otros Bancos \u00f3 de cualquier Banco del Mundo?<\/strong><\/p>\n<p>SI, con una pasarela puedes aceptar TODAS las tarjetas Visa y Mastercard nacionales e internacionales, de cualquier pa\u00eds. Regularmente todas las compras que se realicen en tu tienda en otras monedas distintas a PESOS, ser\u00e1n convertidas a pesos, a menos que \u00e9ste arreglo lo fijes con tu banco.<\/p>\n<p><strong>Puedo aceptar American Express?<\/strong><\/p>\n<p>Es necesario adquirir este modulo Amex que tenemos disponible\u00a0 aqui en nuestro catalogo.<\/p>\n<p><strong>Puedo insertar \u00a0en mi tienda plan para diferir pagos con y sin intereses a 3,6,9,12 y 18 meses?<\/strong><\/p>\n<p>Para \u00e9ste efecto puedes adquirir las extensiones a Meses Con \/ Sin interes aqui mismo\u00a0 disponible para su instalaci\u00f3n y activaci\u00f3n inmediata.<\/p>\n<p><strong>Puedo Vender EN DOLARES (o moneda extranjera) y con mi Banco recibir Pesos ?<\/strong><\/p>\n<p>Por las disposiciones bancarias en Mexico, las reglas sobre aceptar Dolares en cuentas bancarias est\u00e1 restringido debes consultarlo con tu banco; pero puedes adicionar a tu compra el producto CONVERSION DLS A PESOS que te permite vender en moneda extranejera pero el proceso interno con tu tienda y banco es en pesos, finalmente tu cliente extranjero NO percibe \u00e9sta cambio.<\/p>\n<p><b>Tengo que pagar anualidades \u00f3 comisiones por usar su producto?<\/b><\/p>\n<p>NO, Nuestro producto no requiere anualidades ni comisiones por venta realizada, tu solo compras el producto y lo tienes de por vida para el dominio que destinaste. Todo el convenio de cobro y deposito a tu cuenta de cheques por tarjeta de cr\u00e9dito, es un arreglo de partes entre tu Banco Local y tu.<\/p>\n<p><b>C\u00f3mo es el proceso de instalaci\u00f3n?<\/b><\/p>\n<p>Nosotros te incluimos en el precio, la instalaci\u00f3n y sincronizaci\u00f3n al 100% via Remota (tu tienda tiene que estar en la nube Internet), t\u00fa solo te preocupas en hacer la compra y nosotros nos encargamos de la instalaci\u00f3n, en donde se programa y se fija una vez consolidado tu pago, en un periodo m\u00e1ximo de 3 a 7 d\u00edas.<\/p>\n<p><b>Que garant\u00eda tengo?<\/b><\/p>\n<p>Nosotros te estamos ofreciendo UN A\u00d1O de garant\u00eda y soporte gr\u00e1tis por cualquier falla propia de nuestro producto, La garant\u00eda NO CUBRE fallas propias del MOTOR WEB (ya sea magento o prestashop o woocommerce o cualquier otro) propias del software codigo y conflictos que se presenten entre programas; asi tampoco las fallas provocadas por Su Proveedor de Servicio Hosting ya que nosotros hemos detectado que muchos de los conflictos que se pueden presentar son fallas de limitaci\u00f3n de servicios y recursos que su proveedor hosting no le ofrece o desconoce para el servicio de tiendas web profesionales.En \u00e9stos casos nuestro servicio de garant\u00eda se limitar\u00e1 a indicar de forma basica las posibles causas de las fallas y posibles soluciones sin obligaci\u00f3n de nuestra parte dar soluci\u00f3n para el correcto funcionamiento de nuestro producto en su tienda.<\/p>\n<p><b>C\u00f3mo puedo ordenar este producto ahora?<\/b><\/p>\n<p>carga el producto a tu carrito de compra y haz tu cierre de compra, ahi puedes escoger tu pago<\/p>\n<p>Al final al confirmar tu pago, recibir\u00e1s LA FACTURA FISCAL 100% deducible de tu compra directo en tu mail.<\/p>\n<p>Despu\u00e9s de recibir el pago: Nuestro equipo de Contabilidad verifica y genera un TICKET ESPECIAL DE SERVICIO que te va a llegar en autom\u00e1tico al mail que nos indicas en tu orden, ahi se anexan las INSTRUCCIONES completas del proceso antes y despues de nuestra intervenci\u00f3n, es importante esperar \u00e9ste ticket y evitar enviar cualquier llave o clave de acceso antes de recibirlo y siempre deber\u00e1 ser por medio de nuestro sistema de ticket para preservar la seguridad y evitar violaciones de seguridad de su tienda web.<br \/>\n[\/symple_tab]<\/p>\n<p>[symple_tab title=\u00bbPANTALLAS Y VIDEOS \u00ab]<\/p>\n<p>&nbsp;<\/p>\n<p><code>Los videos de TIENDAS REALES que tenemos para este conector\u00a0 funcionando al 100% los puedes ver directo en el boton VER VIDEO (rojo) en la zona de abajo de nuestra tienda.<br \/>\n<\/code><\/p>\n<p>[\/symple_tab]<\/p>\n<p>[symple_tab title=\u00bbTRAMITAR ESTA CONEXION\u00a0 EN TU BANCO \u00ab]<\/p>\n<p>USTED (DUE\u00d1O DE LA TIENDA) DEBE gestionar su CONTRATO de TPV-Internet con el Banco de su elecci\u00f3n (puede ser Bancomer, Banamex, Banorte,American Express, Prosa, BOD Venezuela, etc) , DIRECTO CON EL BANCO, Mojomexico NO brinda ningun servicio de gesti\u00f3n ni tiene conocimiento sobre comisiones, cuotas y detalles ya que cada uno de los Bancos establecen las condiciones segun el Cuentahabiente.<\/p>\n<p>Para gestionar su contrato nuestra mejor recomendaci\u00f3n es hacer una llamada directa la l\u00ednea de \u201cAtenci\u00f3n Negocios Comercios de cada Banco \u201d o usar los medios Internet disponibles \u00f3 acudir a su sucursal y con su ejecutivo contratar \u00e9ste servicio TPVI. El Banco le enviar\u00e1 las intrucciones necesarias y le asignar\u00e1 un ID, USER Y PASSWD mismo que nosotros vamos a aplicar a su MODULO para configurar su PASARELA BANCARIA MOJOMEXICO del banco que usted escoja.<\/p>\n<p>ES IMPORTANTE QUE INSTALE UN CERTIFICADO SSL EN SU DOMINIO PARA ESTE TIPO DE DE CONEXION: es necesario que se instale el certificado SSL sobre el dominio-tienda a instalar, es un requisito de los bancos y sirve como un candado de seguridad del comercio. Ustedes pueden contratar esto directo con su proveedor hosting \u00f3 con nosotros.<br \/>\nLAS 10 VENTAJAS MAS IMPORTANTES de Nuestros conectores BANCARIOS sobre \u00ablos otros\u00bb medios de pago en tiendas web Profesionales:<\/p>\n<p>Las ventajas de nuestras Pasarelas Bancarias sobre otros son muchas, aqui te listo las m\u00e1s importantes, \u00e9sto puede que hacer el cambio que est\u00e1s buscando y tengas el control que en otros medios no te ofrecen:<br \/>\nLa Primera .-<\/p>\n<p>Cada vez que tus Clientes pagan con tarjeta de cr\u00e9dito \u00f3 d\u00e9bito, en autom\u00e1tico t\u00fa dinero se deposita directo a tu Cuenta de Cheques Personal, ya no tienes que esperar dias \u00f3 semanas a que un tercero te deposite, T\u00fa dispones de tu dinero en minutos;<br \/>\nLa segunda:<\/p>\n<p>tu dinero ingresa en tu moneda local por lo que ya no pierdes en el cambio dolar\/peso, en otros medios extranjeros te ap\u013aican \u00abTipo de cambio Dolar-Peso Preferencial\u00bb<br \/>\nLa tercera:<\/p>\n<p>Los clientes tienen m\u00e1s confianza al pagar en medios Bancarios conocidos en tu Pais por el respaldo que \u00e9stos les brindan qu\u00e9 el cualquier medio extranjero desconocido;<br \/>\nLa cuarta.-<\/p>\n<p>Cada vez que recibes un Pago, en autom\u00e1tico te notificamos a tu telefono Celular, movil, tablet, dispositivo Internet notificandote \u00abEn este momento haz recibido el Pago de la Orden tal ..Por el Banco..\u00bb<br \/>\nLa quinta.-<\/p>\n<p>Nuestras extensiones se instalan f\u00e1cilmente en tu tienda de forma Natural, y se AutoConfiguran en la zona Backadmin de tu tienda, t\u00fa tienes el control de tu tienda;<br \/>\nLa sexta.-<\/p>\n<p>Puedes personalizar libremente el logo, colores y mensajes de correo asi tendr\u00e1s el impacto y tus clientes se motivan a cerrar m\u00e1s ventas;<br \/>\nLa septima.-<\/p>\n<p>Podemos desarrollar cualquier conector de cualquier Banco de cualquier Pa\u00eds sin costo adicional, s\u00f3lo p\u00eddelo aqui;<br \/>\nLa octava .-<\/p>\n<p>Nuestros conectores NO cobran Anualidades ni comisiones ocultas, tu lo compras UNA vez y lo tienes de por vida en tu tienda-dominio que registras;<br \/>\nLa Novena .-<\/p>\n<p>Cuentas con SOPORTE TECNICO TICKET todo un a\u00f1o SIN COSTO, resolvemos cualquier problema de nuestro conector en la tienda (no cubre eventos provocados*);<br \/>\nLa Decima .-<\/p>\n<p>Compromiso de Calidad: la Instalaci\u00f3n y Sincronizaci\u00f3n Bancaria la hacemos nosotros SIN COSTO en tu tienda y hacemos que siempre LA CERTIFIQUE EL BANCO para tu seguridad y las de tus compradores; y como PLUS que Nadie ofrece: Factura Fiscal en tu compra 100% Deducible en tu pa\u00eds.<\/p>\n<p>[\/symple_tab]<br \/>\n[\/symple_tabgroup]<\/p>\n","protected":false},"excerpt":{"rendered":"<p><a href=\"https:\/\/mojomexico.company\/portal\/producto\/pasarela-de-pago-banregio-restapi-mg2\/caja-banregio1-2\/\" rel=\"attachment wp-att-6473\"><img alt=\"\" loading=\"lazy\" decoding=\"async\" class=\"alignleft size-full wp-image-6473\" src=\"https:\/\/mojomexico.company\/portal\/wp-content\/uploads\/2020\/06\/caja-banregio1.png\" alt=\"\" width=\"369\" height=\"395\" srcset=\"https:\/\/i1.wp.com\/mojomexico.company\/portal\/wp-content\/uploads\/2020\/06\/caja-banregio1.png?w=369&amp;ssl=1 369w, https:\/\/i1.wp.com\/mojomexico.company\/portal\/wp-content\/uploads\/2020\/06\/caja-banregio1.png?resize=250%2C268&amp;ssl=1 250w, https:\/\/i1.wp.com\/mojomexico.company\/portal\/wp-content\/uploads\/2020\/06\/caja-banregio1.png?resize=120%2C128&amp;ssl=1 120w\" sizes=\"(max-width: 369px) 100vw, 369px\" \/><\/a>Articulo hecho a la medida:Plugin Bancario BANREGIO COLECTO para tiendas PRESTASHOP v. 1.5-x\u00a0 a\u00a0 1.6.x, en el precio incluye la instalaci\u00f2n y sncronizacion bancaria, y 6Meses gratis de Soporte Ilimitado via ticket, revise en el detalle del producto y pregunte aqui mismo.Al hacer el pago de e\u015bte producto el Cliente acepta sujetarse a todas las condiciones de venta y cancelaci\u00f3n de nuestro contrato Mojomexico (favor de revisar antes de pagar).<\/p>\n<p>&nbsp;<\/p>\n","protected":false},"featured_media":6473,"template":"","meta":{"saved_in_kubio":false,"_seopress_robots_primary_cat":"","_seopress_titles_title":"","_seopress_titles_desc":"","_seopress_robots_index":"","spay_email":"","jetpack_publicize_message":""},"class_list":{"0":"post-4145","1":"product","2":"type-product","3":"status-publish","4":"has-post-thumbnail","6":"product_cat-prestashop","7":"product_tag-banregio-prestashop","8":"product_tag-colecto-banregio","9":"product_tag-colecto-prestashop","10":"product_shipping_class-s-remoto","12":"first","13":"instock","14":"virtual","15":"taxable","16":"purchasable","17":"product-type-simple"},"jetpack_publicize_connections":[],"jetpack_sharing_enabled":true,"jetpack-related-posts":[],"_links":{"self":[{"href":"https:\/\/mojomexico.company\/portal\/wp-json\/wp\/v2\/product\/4145","targetHints":{"allow":["GET"]}}],"collection":[{"href":"https:\/\/mojomexico.company\/portal\/wp-json\/wp\/v2\/product"}],"about":[{"href":"https:\/\/mojomexico.company\/portal\/wp-json\/wp\/v2\/types\/product"}],"wp:featuredmedia":[{"embeddable":true,"href":"https:\/\/mojomexico.company\/portal\/wp-json\/wp\/v2\/media\/6473"}],"wp:attachment":[{"href":"https:\/\/mojomexico.company\/portal\/wp-json\/wp\/v2\/media?parent=4145"}],"curies":[{"name":"wp","href":"https:\/\/api.w.org\/{rel}","templated":true}]}}