{"id":4217,"date":"2020-08-31T16:14:17","date_gmt":"2020-08-31T21:14:17","guid":{"rendered":""},"modified":"2024-01-22T05:35:22","modified_gmt":"2024-01-22T10:35:22","slug":"pasarela-de-pago-visacheckout-virtuemart","status":"publish","type":"product","link":"https:\/\/mojomexico.company\/portal\/producto\/pasarela-de-pago-visacheckout-virtuemart\/","title":{"rendered":"Pasarela de Pago VisaCheckout Tienda Web"},"content":{"rendered":"<p>[symple_tabgroup]<br \/>\n[symple_tab title=\u00bbDescripcion del Producto\u00bb]<\/p>\n<p>&nbsp;<\/p>\n<p><a href=\"https:\/\/mojomexico.company\/portal\/producto\/pasarela-de-pago-visacheckout-virtuemart\/caja-visa-chk-2\/\" rel=\"attachment wp-att-4218\"><img alt=\"\" loading=\"lazy\" decoding=\"async\" data-attachment-id=\"4218\" data-permalink=\"https:\/\/mojomexico.company\/portal\/?attachment_id=4218\" data-orig-file=\"https:\/\/i2.wp.com\/mojomexico.company\/portal\/wp-content\/uploads\/2018\/03\/caja-visa-chk.jpg?fit=369%2C395&amp;ssl=1\" data-orig-size=\"369,395\" data-comments-opened=\"1\" data-image-meta=\"{&quot;aperture&quot;:&quot;0&quot;,&quot;credit&quot;:&quot;&quot;,&quot;camera&quot;:&quot;&quot;,&quot;caption&quot;:&quot;&quot;,&quot;created_timestamp&quot;:&quot;0&quot;,&quot;copyright&quot;:&quot;&quot;,&quot;focal_length&quot;:&quot;0&quot;,&quot;iso&quot;:&quot;0&quot;,&quot;shutter_speed&quot;:&quot;0&quot;,&quot;title&quot;:&quot;&quot;,&quot;orientation&quot;:&quot;0&quot;}\" data-image-title=\"caja-visa-chk\" data-image-description=\"\" data-medium-file=\"https:\/\/i2.wp.com\/mojomexico.company\/portal\/wp-content\/uploads\/2018\/03\/caja-visa-chk.jpg?fit=280%2C300&amp;ssl=1\" data-large-file=\"https:\/\/i2.wp.com\/mojomexico.company\/portal\/wp-content\/uploads\/2018\/03\/caja-visa-chk.jpg?fit=369%2C395&amp;ssl=1\" class=\"size-full wp-image-4218 alignleft\" src=\"https:\/\/i2.wp.com\/mojomexico.company\/portal\/wp-content\/uploads\/2018\/03\/caja-visa-chk.jpg?resize=369%2C395&#038;ssl=1\" alt=\"\" width=\"369\" height=\"395\" srcset=\"https:\/\/i2.wp.com\/mojomexico.company\/portal\/wp-content\/uploads\/2018\/03\/caja-visa-chk.jpg?w=369&amp;ssl=1 369w, https:\/\/i2.wp.com\/mojomexico.company\/portal\/wp-content\/uploads\/2018\/03\/caja-visa-chk.jpg?resize=280%2C300&amp;ssl=1 280w, https:\/\/i2.wp.com\/mojomexico.company\/portal\/wp-content\/uploads\/2018\/03\/caja-visa-chk.jpg?resize=220%2C236&amp;ssl=1 220w, https:\/\/i2.wp.com\/mojomexico.company\/portal\/wp-content\/uploads\/2018\/03\/caja-visa-chk.jpg?resize=103%2C110&amp;ssl=1 103w\" sizes=\"(max-width: 369px) 100vw, 369px\" data-recalc-dims=\"1\" \/><\/a>Extensi\u00f3n\u00a0de pagos (plugin) Bancarios VISA CHECKOUT\u00a0 para la versi\u00f3nde tiendas web: Prestashop todas las versiones, o Magento todas las versiones o WC2.x y 3x, \u00f3 Opnecart 3.x o Joomal VM3.x o PHP totalmente integrada al\u00a0c\u00f3digo\u00a0original\u00a0\u00a0 para recibir tarjetas de cr\u00e9dito y d\u00e9bito y procesar el pago directamente a su cuenta bancaria, todo esto de forma integral e Interno en la tienda , bajo altas normas de seguridad 3D Security que marcan las instituciones bancarias.<\/p>\n<p>Al comprar nuestro producto, \u00e9sto le d\u00e1 derecho al USO exclusivo de nuestro software como licencia para ser instalado por nuestro personal calificado en su \u00a0tienda \u00f3 tiendas\u00a0 \/dominio, nosotros nos hacemos cargo de la instalaci\u00f3n y configuraci\u00f3n via remota en la tienda al 100%. La pasarela de pago se integra a la lista estandar que presenta regularmente (pasos de Checkout), en caso de \u00a0que su tienda utilice una plantilla especial para este proceso de pago, la integraci\u00f3n a dicha pasarela tendr\u00e1 un costo extra al precio marcado (estimable en cada caso) por horas de servicio adaptaci\u00f3n.<\/p>\n<p>Importante:<\/p>\n<p>Nuestros productos son HECHOS A LA MEDIDA con las LIMITACIONES propias de cada MOTOR-TIENDA CMS-Ecomercio por lo tanto nuestra garant\u00eda se limita a integrarse \u00e9ste Motor y sus acciones normales, en caso de inconsistencias en su propio codigo de su tienda o conflictos con otros plugin, nuestra garant\u00eda NO cubre en estos precios el soporte t\u00e9nico ni la soluci\u00f3n de conflictos ni errores de su versi\u00f3n. (solo basta con revisar en los foros todos los errores reportados para ser suficiente soporte de falla). Se le recomienda que lea y se entere de las politicas de servicio y garantia que tenemos aqui mismo publicadas abriendo la siguiente pesta\u00f1a asi como leer nuestro contrato Mojomexico de Servicio Publicado y disponible a todo el publico ubicado en la parte Men\u00fa Superior de \u00e9sta tienda.<\/p>\n<p><span style=\"font-size: 13px; line-height: 19px;\">\u00a0<\/span><\/p>\n<p>[\/symple_tab]<br \/>\n[symple_tab title=\u00bbGarantia y Servicio\u00bb]<\/p>\n<p><b><img loading=\"lazy\" decoding=\"async\" data-attachment-id=\"3516\" data-permalink=\"https:\/\/mojomexico.company\/portal\/?attachment_id=3516\" data-orig-file=\"https:\/\/i1.wp.com\/mojomexico.company\/portal\/wp-content\/uploads\/2016\/11\/sello-12.png?fit=400%2C270&amp;ssl=1\" data-orig-size=\"400,270\" data-comments-opened=\"1\" data-image-meta=\"{&quot;aperture&quot;:&quot;0&quot;,&quot;credit&quot;:&quot;&quot;,&quot;camera&quot;:&quot;&quot;,&quot;caption&quot;:&quot;&quot;,&quot;created_timestamp&quot;:&quot;0&quot;,&quot;copyright&quot;:&quot;&quot;,&quot;focal_length&quot;:&quot;0&quot;,&quot;iso&quot;:&quot;0&quot;,&quot;shutter_speed&quot;:&quot;0&quot;,&quot;title&quot;:&quot;&quot;,&quot;orientation&quot;:&quot;0&quot;}\" data-image-title=\"calidad mojomexico\" data-image-description=\"\" data-medium-file=\"https:\/\/i1.wp.com\/mojomexico.company\/portal\/wp-content\/uploads\/2016\/11\/sello-12.png?fit=300%2C203&amp;ssl=1\" data-large-file=\"https:\/\/i1.wp.com\/mojomexico.company\/portal\/wp-content\/uploads\/2016\/11\/sello-12.png?fit=400%2C270&amp;ssl=1\" class=\"size-full wp-image-3516 alignleft\" src=\"https:\/\/i1.wp.com\/mojomexico.company\/portal\/wp-content\/uploads\/2016\/11\/sello-12.png?resize=400%2C270&#038;ssl=1\" alt=\"calidad mojomexico\" width=\"400\" height=\"270\" data-wp-pid=\"3516\" srcset=\"https:\/\/i1.wp.com\/mojomexico.company\/portal\/wp-content\/uploads\/2016\/11\/sello-12.png?w=400&amp;ssl=1 400w, https:\/\/i1.wp.com\/mojomexico.company\/portal\/wp-content\/uploads\/2016\/11\/sello-12.png?resize=300%2C203&amp;ssl=1 300w, https:\/\/i1.wp.com\/mojomexico.company\/portal\/wp-content\/uploads\/2016\/11\/sello-12.png?resize=220%2C149&amp;ssl=1 220w\" sizes=\"(max-width: 400px) 100vw, 400px\" data-recalc-dims=\"1\" \/>Que estoy comprando?<\/b><\/p>\n<p>Al comprar nuestro producto, estas adquiriendo Una Licencia de uso de nuestro producto por dominio (puedes adquirir varias licencias si manejas multitiendas) desarrollado especificamente para ti.<\/p>\n<p>Solo se entregan programas compilados sin opci\u00f3n a modificar m\u00e1s que por el personal calificado de Mojomexico y solo podr\u00e1 ser usado para el dominio-tienda registrado. El descuento en multitiendas es del 35% de la segunda hasta 99 licencias.<\/p>\n<p><strong>Con \u00e9sta pasarela \u00a0puedo aceptar pagos con tarjetas Visa y Mastercard de \u00a0otros Bancos \u00f3 de cualquier Banco del Mundo?<\/strong><\/p>\n<p>SI, con una pasarela puedes aceptar TODAS las tarjetas Visa y Mastercard nacionales e internacionales, de cualquier pa\u00eds. Regularmente todas las compras que se realicen en tu tienda en otras monedas distintas a PESOS, ser\u00e1n convertidas a pesos, a menos que \u00e9ste arreglo lo fijes con tu banco.<\/p>\n<p><strong>Puedo aceptar American Express?<\/strong><\/p>\n<p>Es necesario adquirir el producto Amex aqui en nuestro catalogo.<\/p>\n<p><strong>Puedo insertar \u00a0en mi tienda plan para diferir pagos con y sin intereses a 3,6,9,12 y 18 meses?<\/strong><\/p>\n<p>puedes adquirir las extensiones a Meses Con \/ Sin interes aqui mismo\u00a0 disponible para su instalaci\u00f3n y activaci\u00f3n inmediata.<\/p>\n<p>Puedo Vender EN DOLARES (o moneda extranjera) y con mi Banco recibir Pesos ?<\/p>\n<p>Por las disposiciones bancarias en Mexico, las reglas sobre aceptar Dolares en cuentas bancarias est\u00e1 restringido debes consultarlo con tu banco; pero puedes adicionar a tu compra el producto CONVERSION DLS A PESOS que te permite vender en moneda extranejera pero el proceso interno con tu tienda y banco es en pesos, finalmente tu cliente extranjero NO percibe \u00e9sta cambio.<\/p>\n<p><b>Tengo que pagar anualidades \u00f3 comisiones por usar su producto?<\/b><\/p>\n<p>NO, Nuestro producto no requiere anualidades ni comisiones por venta realizada, tu solo compras el producto y lo tienes de por vida para el dominio que destinaste. Todo el convenio de cobro y deposito a tu cuenta de cheques por tarjeta de cr\u00e9dito, es un arreglo de partes entre tu Banco Local y tu.<\/p>\n<p><b>C\u00f3mo es el proceso de instalaci\u00f3n?<\/b><\/p>\n<p>Nosotros te incluimos en el precio, la instalaci\u00f3n y sincronizaci\u00f3n al 100% via Remota (tu tienda tiene que estar en la nube Internet), t\u00fa solo te preocupas en hacer la compra y nosotros nos encargamos de la instalaci\u00f3n, en donde se programa y se fija una vez consolidado tu pago, en un periodo m\u00e1ximo de 3 a 7 d\u00edas.<\/p>\n<p><b>Que garant\u00eda tengo?<\/b><\/p>\n<p>Nosotros te estamos ofreciendo UN A\u00d1O de garant\u00eda y soporte gratis por cualquier falla propia de nuestro producto, La garant\u00eda NO INCLUYE fallas propias del MOTOR WEB (ya sea magento o prestashop o woocommerce o cualquier otro) propias del software codigo y conflictos que se presenten entre programas; asi tampoco las fallas provocadas por Su Proveedor de Servicio Hosting ya que nosotros hemos detectado que muchos de los conflictos que se pueden presentar son fallas de limitaci\u00f3n de servicios y recursos que su proveedor hosting no le ofrece o desconoce para el servicio de tiendas web profesionales.En \u00e9stos casos nuestro servicio de garant\u00eda se limitar\u00e1 a indicar de forma basica las posibles causas de las fallas y posibles soluciones sin obligaci\u00f3n de nuestra parte dar soluci\u00f3n para el correcto funcionamiento de nuestro producto en su tienda.<\/p>\n<p><b>C\u00f3mo puedo ordenar este producto ahora?<\/b><\/p>\n<p>carga el producto a tu carrito de compra y haz tu cierre de compra, ahi puedes escoger tu forma de pago.<\/p>\n<p>Al final al confirmar tu pago, recibir\u00e1s LA FACTURA FISCAL 100% deducible de tu compra directo en tu mail.<\/p>\n<p>Despu\u00e9s de recibir tu\u00a0 pago: Nuestro equipo de Contabilidad verifica y genera un TICKET ESPECIAL DE SERVICIO que te va a llegar en autom\u00e1tico al mail que nos indicas en tu orden, ahi se anexan las INSTRUCCIONES completas del proceso antes y despues de nuestra intervenci\u00f3n, es importante esperar \u00e9ste ticket y evitar enviar cualquier llave o clave de acceso antes de recibirlo y siempre deber\u00e1 ser por medio de nuestro sistema de ticket para preservar la seguridad y evitar violaciones de seguridad de su tienda web.<br \/>\n[\/symple_tab]<\/p>\n<p>[symple_tab title=\u00bbPantallas, Videos\u00bb]<\/p>\n<p><img alt=\"\" loading=\"lazy\" decoding=\"async\" data-attachment-id=\"3852\" data-permalink=\"https:\/\/mojomexico.company\/portal\/?attachment_id=3852\" data-orig-file=\"https:\/\/i1.wp.com\/mojomexico.company\/portal\/wp-content\/uploads\/2016\/11\/brand-prosa-pantalla1.png?fit=856%2C568&amp;ssl=1\" data-orig-size=\"856,568\" data-comments-opened=\"1\" data-image-meta=\"{&quot;aperture&quot;:&quot;0&quot;,&quot;credit&quot;:&quot;&quot;,&quot;camera&quot;:&quot;&quot;,&quot;caption&quot;:&quot;&quot;,&quot;created_timestamp&quot;:&quot;0&quot;,&quot;copyright&quot;:&quot;&quot;,&quot;focal_length&quot;:&quot;0&quot;,&quot;iso&quot;:&quot;0&quot;,&quot;shutter_speed&quot;:&quot;0&quot;,&quot;title&quot;:&quot;&quot;,&quot;orientation&quot;:&quot;0&quot;}\" data-image-title=\"prosa zona bancaria mojomexico\" data-image-description=\"\" data-medium-file=\"https:\/\/i1.wp.com\/mojomexico.company\/portal\/wp-content\/uploads\/2016\/11\/brand-prosa-pantalla1.png?fit=300%2C199&amp;ssl=1\" data-large-file=\"https:\/\/i1.wp.com\/mojomexico.company\/portal\/wp-content\/uploads\/2016\/11\/brand-prosa-pantalla1.png?fit=856%2C568&amp;ssl=1\" class=\"alignleft wp-image-3852 size-medium\" src=\"https:\/\/i1.wp.com\/mojomexico.company\/portal\/wp-content\/uploads\/2016\/11\/brand-prosa-pantalla1.png?resize=300%2C199&#038;ssl=1\" alt=\"\" width=\"300\" height=\"199\" srcset=\"https:\/\/i1.wp.com\/mojomexico.company\/portal\/wp-content\/uploads\/2016\/11\/brand-prosa-pantalla1.png?resize=300%2C199&amp;ssl=1 300w, https:\/\/i1.wp.com\/mojomexico.company\/portal\/wp-content\/uploads\/2016\/11\/brand-prosa-pantalla1.png?resize=768%2C510&amp;ssl=1 768w, https:\/\/i1.wp.com\/mojomexico.company\/portal\/wp-content\/uploads\/2016\/11\/brand-prosa-pantalla1.png?resize=700%2C464&amp;ssl=1 700w, https:\/\/i1.wp.com\/mojomexico.company\/portal\/wp-content\/uploads\/2016\/11\/brand-prosa-pantalla1.png?w=856&amp;ssl=1 856w\" sizes=\"(max-width: 300px) 100vw, 300px\" data-recalc-dims=\"1\" \/><\/p>\n<p><code><span class=\"embed-youtube\" style=\"text-align:center; display: block;\"><iframe class='youtube-player' width='640' height='360' src='https:\/\/www.youtube.com\/embed\/jTaum8X6QpU?version=3&#038;rel=0&#038;fs=1&#038;autohide=2&#038;showsearch=0&#038;showinfo=1&#038;iv_load_policy=1&#038;wmode=transparent' allowfullscreen='true' style='border:0;'><\/iframe><\/span><\/code><\/p>\n<p>[\/symple_tab]<br \/>\n[\/symple_tabgroup]<\/p>\n","protected":false},"excerpt":{"rendered":"<p><a href=\"https:\/\/mojomexico.company\/portal\/producto\/pasarela-de-pago-visacheckout-virtuemart\/caja-visa-chk-2\/\" rel=\"attachment wp-att-4218\"><img alt=\"\" loading=\"lazy\" decoding=\"async\" class=\"alignleft wp-image-4218 size-thumbnail\" src=\"https:\/\/mojomexico.company\/portal\/wp-content\/uploads\/2018\/03\/caja-visa-chk-150x150.jpg\" alt=\"\" width=\"150\" height=\"150\" srcset=\"https:\/\/i2.wp.com\/mojomexico.company\/portal\/wp-content\/uploads\/2018\/03\/caja-visa-chk.jpg?resize=150%2C150&amp;ssl=1 150w, https:\/\/i2.wp.com\/mojomexico.company\/portal\/wp-content\/uploads\/2018\/03\/caja-visa-chk.jpg?resize=250%2C250&amp;ssl=1 250w, https:\/\/i2.wp.com\/mojomexico.company\/portal\/wp-content\/uploads\/2018\/03\/caja-visa-chk.jpg?resize=125%2C125&amp;ssl=1 125w, https:\/\/i2.wp.com\/mojomexico.company\/portal\/wp-content\/uploads\/2018\/03\/caja-visa-chk.jpg?resize=100%2C100&amp;ssl=1 100w, https:\/\/i2.wp.com\/mojomexico.company\/portal\/wp-content\/uploads\/2018\/03\/caja-visa-chk.jpg?resize=110%2C110&amp;ssl=1 110w, https:\/\/i2.wp.com\/mojomexico.company\/portal\/wp-content\/uploads\/2018\/03\/caja-visa-chk.jpg?zoom=2&amp;resize=150%2C150&amp;ssl=1 300w\" sizes=\"(max-width: 150px) 100vw, 150px\" \/><\/a>Articulo hecho a la medida. Programa de Software Bancario VISACHECKOUT Colecto para tiendas Web\u00a0 en el precio incluye la instalaci\u00f2n y sincronizacion bancaria que se detalla aqui. Al hacer el pago de e\u015bte producto el Cliente acepta sujetarse a todas las condiciones de venta y cancelaci\u00f3n de nuestro contrato Mojomexico (favor de revisar antes de pagar).<\/p>\n<p><img loading=\"lazy\" decoding=\"async\" class=\"alignnone size-full wp-image-3524\" src=\"https:\/\/mojomexico.company\/portal\/wp-content\/uploads\/2016\/11\/boton-gratis2A.png\" alt=\"boton gratis mojomexico\" width=\"320\" height=\"190\" data-wp-pid=\"3524\" srcset=\"https:\/\/i0.wp.com\/mojomexico.company\/portal\/wp-content\/uploads\/2016\/11\/boton-gratis2A.png?w=320&amp;ssl=1 320w, https:\/\/i0.wp.com\/mojomexico.company\/portal\/wp-content\/uploads\/2016\/11\/boton-gratis2A.png?resize=300%2C178&amp;ssl=1 300w, https:\/\/i0.wp.com\/mojomexico.company\/portal\/wp-content\/uploads\/2016\/11\/boton-gratis2A.png?resize=220%2C131&amp;ssl=1 220w\" sizes=\"(max-width: 320px) 100vw, 320px\" \/><\/p>\n","protected":false},"featured_media":4218,"template":"","meta":{"saved_in_kubio":false,"_seopress_robots_primary_cat":"","_seopress_titles_title":"","_seopress_titles_desc":"","_seopress_robots_index":"","spay_email":"","jetpack_publicize_message":""},"class_list":{"0":"post-4217","1":"product","2":"type-product","3":"status-publish","4":"has-post-thumbnail","6":"product_cat-woocommerce-wordpress","7":"product_cat-prestashop","8":"product_cat-php-laravel","9":"product_tag-visa-chekout-joomla","10":"product_tag-visa-magento","11":"product_tag-visa-php","12":"product_tag-visa-prestashop","13":"product_tag-visa-virtuemart","14":"product_tag-visa-woocommerce-visa-opencart","15":"product_shipping_class-s-remoto","17":"first","18":"instock","19":"virtual","20":"taxable","21":"purchasable","22":"product-type-simple"},"jetpack_publicize_connections":[],"jetpack_sharing_enabled":true,"jetpack-related-posts":[],"_links":{"self":[{"href":"https:\/\/mojomexico.company\/portal\/wp-json\/wp\/v2\/product\/4217","targetHints":{"allow":["GET"]}}],"collection":[{"href":"https:\/\/mojomexico.company\/portal\/wp-json\/wp\/v2\/product"}],"about":[{"href":"https:\/\/mojomexico.company\/portal\/wp-json\/wp\/v2\/types\/product"}],"wp:featuredmedia":[{"embeddable":true,"href":"https:\/\/mojomexico.company\/portal\/wp-json\/wp\/v2\/media\/4218"}],"wp:attachment":[{"href":"https:\/\/mojomexico.company\/portal\/wp-json\/wp\/v2\/media?parent=4217"}],"curies":[{"name":"wp","href":"https:\/\/api.w.org\/{rel}","templated":true}]}}