{"id":4234,"date":"2018-03-16T16:42:46","date_gmt":"2018-03-16T21:42:46","guid":{"rendered":"https:\/\/mojomexico.company\/portal\/producto\/curso-taller-wordpress-woocommerce-presencial\/"},"modified":"2025-03-16T17:11:20","modified_gmt":"2025-03-16T23:11:20","slug":"curso-taller-wordpress-woocommerce-presencial","status":"publish","type":"product","link":"https:\/\/mojomexico.company\/portal\/producto\/curso-taller-wordpress-woocommerce-presencial\/","title":{"rendered":"Curso Taller WordPress Woocommerce Virtual"},"content":{"rendered":"<p>Taller WordPress Woocommerce<\/p>\n<p>aprender\u00e1 la instalaci\u00f3n, configuraci\u00f3n y mantenimiento de WordPress con Woocomemrce ,a trav\u00e9s del panel de administraci\u00f3n de la aplicaci\u00f3n.. El curso se imparte de FORMA Virtual .\u00a0 en sesiones los s\u00e1bados o entre semana. No se aceptan matriculaciones en sitio, debes pagar con anticipaci\u00f3n (con 15 d\u00edas previos al curso) para Asegurar Tu Lugar (NRDA). Al Final Obtienes UN DIPLOMA que te CERTIFICA para Futuros Puestos de Trabajo. Los Temarios los puedes ver en nuestro sitio web de Capacitacion Mojomexico en www.mojomexico.mx<\/p>\n<p>[ct_focus background=\u00bb#73c7d4&#8243; gradient=\u00bb#c9c9c9&#8243; color=\u00bblight\u00bb style=\u00bbshadow\u00bb animation=\u00bbno\u00bb]<\/p>\n<p>&nbsp;<\/p>\n<p>[wp-rss-aggregator]<\/p>\n<p><span id=\"crayon-5ab221f170555977257776\" class=\"crayon-syntax crayon-syntax-inline crayon-theme-classic crayon-theme-classic-inline crayon-font-monaco\"><span class=\"crayon-pre crayon-code\"><span class=\"crayon-sy\">\u00a0<\/span><\/span><\/span><\/p>\n<p>[\/ct_focus]<\/p>\n<p>\u00f3 tambi\u00e9n visitar directo nuestro sitio web\u00a0 <a href=\"http:\/\/mojomexico.mx\" target=\"_blank\" rel=\"noopener noreferrer\">www.mojomexico.mx<\/a><\/p>\n<p>RECUERDA:\u00a0 entre m\u00e1s participantes agregues a tu Curso dentro de tu empresa o referidos por TI\u00a0 puedes GANAR tu Lugar Gratis.<\/p>\n<p>&nbsp;<\/p>\n","protected":false},"excerpt":{"rendered":"<blockquote><p><a href=\"https:\/\/mojomexico.company\/portal\/?attachment_id=8211\" rel=\"attachment wp-att-8211\"><img alt=\"\" loading=\"lazy\" decoding=\"async\" class=\" wp-image-8211 alignleft\" src=\"https:\/\/mojomexico.company\/portal\/wp-content\/uploads\/2018\/03\/umm-woo2R.jpg\" alt=\"\" width=\"313\" height=\"255\" srcset=\"https:\/\/i0.wp.com\/mojomexico.company\/portal\/wp-content\/uploads\/2018\/03\/umm-woo2R.jpg?w=640&amp;ssl=1 640w, https:\/\/i0.wp.com\/mojomexico.company\/portal\/wp-content\/uploads\/2018\/03\/umm-woo2R.jpg?resize=300%2C244&amp;ssl=1 300w, https:\/\/i0.wp.com\/mojomexico.company\/portal\/wp-content\/uploads\/2018\/03\/umm-woo2R.jpg?resize=600%2C488&amp;ssl=1 600w, https:\/\/i0.wp.com\/mojomexico.company\/portal\/wp-content\/uploads\/2018\/03\/umm-woo2R.jpg?resize=500%2C406&amp;ssl=1 500w\" sizes=\"(max-width: 313px) 100vw, 313px\" \/><\/a>Curso de capacitacion\u00a0 WordPress Woocommerce Nivel Admin\u00a0 experto\u00a0 para\u00a0 conocer\u00a0 y dominar\u00a0 aspectos\u00a0 avanzados\u00a0 de\u00a0 integracion\u00a0 de\u00a0 plugins,\u00a0 correccion\u00a0 \u00a0de\u00a0 errores\u00a0 , integracion\u00a0 webservice\u00a0 y mas.<a href=\"https:\/\/universidad.mojomexico.mx\/\" rel=\"attachment wp-att-8208\"><img alt=\"\" loading=\"lazy\" decoding=\"async\" class=\"aligncenter size-full wp-image-8208\" src=\"https:\/\/mojomexico.company\/portal\/wp-content\/uploads\/2025\/03\/baner-puzzle500L1.jpg\" alt=\"\" width=\"1100\" height=\"460\" srcset=\"https:\/\/i0.wp.com\/mojomexico.company\/portal\/wp-content\/uploads\/2025\/03\/baner-puzzle500L1.jpg?w=1100&amp;ssl=1 1100w, https:\/\/i0.wp.com\/mojomexico.company\/portal\/wp-content\/uploads\/2025\/03\/baner-puzzle500L1.jpg?resize=300%2C125&amp;ssl=1 300w, https:\/\/i0.wp.com\/mojomexico.company\/portal\/wp-content\/uploads\/2025\/03\/baner-puzzle500L1.jpg?resize=1024%2C428&amp;ssl=1 1024w, https:\/\/i0.wp.com\/mojomexico.company\/portal\/wp-content\/uploads\/2025\/03\/baner-puzzle500L1.jpg?resize=768%2C321&amp;ssl=1 768w, https:\/\/i0.wp.com\/mojomexico.company\/portal\/wp-content\/uploads\/2025\/03\/baner-puzzle500L1.jpg?resize=600%2C251&amp;ssl=1 600w, https:\/\/i0.wp.com\/mojomexico.company\/portal\/wp-content\/uploads\/2025\/03\/baner-puzzle500L1.jpg?resize=500%2C209&amp;ssl=1 500w\" sizes=\"(max-width: 1100px) 100vw, 1100px\" \/><\/a><\/p><\/blockquote>\n","protected":false},"featured_media":8211,"template":"","meta":{"saved_in_kubio":false,"_seopress_robots_primary_cat":"none","_seopress_titles_title":"","_seopress_titles_desc":"","_seopress_robots_index":"","spay_email":"","jetpack_publicize_message":""},"class_list":{"0":"post-4234","1":"product","2":"type-product","3":"status-publish","4":"has-post-thumbnail","6":"product_cat-universidad-mojomexico","7":"product_cat-woocommerce-wordpress","8":"product_tag-capacitacion-prestashop","9":"product_tag-clases-virtuales","10":"product_tag-curso-prestashop","11":"product_tag-especialista-en-woocommerce","12":"product_tag-taller-superadmin-prestashop","13":"product_tag-wordpress","14":"product_tag-wordpress-trucos-y-config","16":"first","17":"instock","18":"taxable","19":"shipping-taxable","20":"purchasable","21":"product-type-variable"},"jetpack_publicize_connections":[],"jetpack_sharing_enabled":true,"jetpack-related-posts":[],"_links":{"self":[{"href":"https:\/\/mojomexico.company\/portal\/wp-json\/wp\/v2\/product\/4234","targetHints":{"allow":["GET"]}}],"collection":[{"href":"https:\/\/mojomexico.company\/portal\/wp-json\/wp\/v2\/product"}],"about":[{"href":"https:\/\/mojomexico.company\/portal\/wp-json\/wp\/v2\/types\/product"}],"wp:featuredmedia":[{"embeddable":true,"href":"https:\/\/mojomexico.company\/portal\/wp-json\/wp\/v2\/media\/8211"}],"wp:attachment":[{"href":"https:\/\/mojomexico.company\/portal\/wp-json\/wp\/v2\/media?parent=4234"}],"curies":[{"name":"wp","href":"https:\/\/api.w.org\/{rel}","templated":true}]}}