{"id":4783,"date":"2018-05-20T13:40:24","date_gmt":"2018-05-20T18:40:24","guid":{"rendered":"https:\/\/mojomexico.company\/portal\/producto\/curso-taller-moodle-virtual\/"},"modified":"2025-03-03T06:21:57","modified_gmt":"2025-03-03T12:21:57","slug":"curso-taller-moodle-virtual","status":"publish","type":"product","link":"https:\/\/mojomexico.company\/portal\/producto\/curso-taller-moodle-virtual\/","title":{"rendered":"Curso Moodle Virtual"},"content":{"rendered":"<p><a href=\"https:\/\/mojomexico.company\/portal\/producto\/curso-taller-moodle-presencial\/moodl2\/\" rel=\"attachment wp-att-4371\"><img alt=\"\" loading=\"lazy\" decoding=\"async\" data-attachment-id=\"4371\" data-permalink=\"https:\/\/mojomexico.company\/portal\/?attachment_id=4371\" data-orig-file=\"https:\/\/i2.wp.com\/mojomexico.company\/portal\/wp-content\/uploads\/2018\/03\/moodl2.png?fit=992%2C467&amp;ssl=1\" data-orig-size=\"992,467\" data-comments-opened=\"1\" data-image-meta=\"{&quot;aperture&quot;:&quot;0&quot;,&quot;credit&quot;:&quot;&quot;,&quot;camera&quot;:&quot;&quot;,&quot;caption&quot;:&quot;&quot;,&quot;created_timestamp&quot;:&quot;0&quot;,&quot;copyright&quot;:&quot;&quot;,&quot;focal_length&quot;:&quot;0&quot;,&quot;iso&quot;:&quot;0&quot;,&quot;shutter_speed&quot;:&quot;0&quot;,&quot;title&quot;:&quot;&quot;,&quot;orientation&quot;:&quot;0&quot;}\" data-image-title=\"moodl2\" data-image-description=\"\" data-medium-file=\"https:\/\/i2.wp.com\/mojomexico.company\/portal\/wp-content\/uploads\/2018\/03\/moodl2.png?fit=300%2C141&amp;ssl=1\" data-large-file=\"https:\/\/i2.wp.com\/mojomexico.company\/portal\/wp-content\/uploads\/2018\/03\/moodl2.png?fit=992%2C467&amp;ssl=1\" class=\"alignleft size-medium wp-image-4371\" src=\"https:\/\/i2.wp.com\/mojomexico.company\/portal\/wp-content\/uploads\/2018\/03\/moodl2.png?resize=300%2C141&#038;ssl=1\" alt=\"\" width=\"300\" height=\"141\" srcset=\"https:\/\/i2.wp.com\/mojomexico.company\/portal\/wp-content\/uploads\/2018\/03\/moodl2.png?resize=300%2C141&amp;ssl=1 300w, https:\/\/i2.wp.com\/mojomexico.company\/portal\/wp-content\/uploads\/2018\/03\/moodl2.png?resize=768%2C362&amp;ssl=1 768w, https:\/\/i2.wp.com\/mojomexico.company\/portal\/wp-content\/uploads\/2018\/03\/moodl2.png?resize=250%2C118&amp;ssl=1 250w, https:\/\/i2.wp.com\/mojomexico.company\/portal\/wp-content\/uploads\/2018\/03\/moodl2.png?resize=500%2C235&amp;ssl=1 500w, https:\/\/i2.wp.com\/mojomexico.company\/portal\/wp-content\/uploads\/2018\/03\/moodl2.png?resize=110%2C52&amp;ssl=1 110w, https:\/\/i2.wp.com\/mojomexico.company\/portal\/wp-content\/uploads\/2018\/03\/moodl2.png?resize=420%2C198&amp;ssl=1 420w, https:\/\/i2.wp.com\/mojomexico.company\/portal\/wp-content\/uploads\/2018\/03\/moodl2.png?resize=770%2C362&amp;ssl=1 770w, https:\/\/i2.wp.com\/mojomexico.company\/portal\/wp-content\/uploads\/2018\/03\/moodl2.png?w=992&amp;ssl=1 992w\" sizes=\"(max-width: 300px) 100vw, 300px\" data-recalc-dims=\"1\" \/><\/a>TallerMoodle AulaVirtual<\/p>\n<p>Este primer Taller BASICO\u00a0\u00a0 Moodle UNO<\/p>\n<p>[ct_focus background=\u00bb#666666&#8243; gradient=\u00bb#f9f9f9&#8243; color=\u00bblight\u00bb style=\u00bbshadow\u00bb ] se imparte en 4 SESIONES LOS S\u00c1BADOS \u00f3 2 SESIONES ENTRE SEMANA s\u00f3lo centro UMM-CDMX[\/ct_focus]<\/p>\n<p>aprender\u00e1 la Administraci\u00f3n y Perfecta Sincronizaci\u00f3n del CMS Moodle para Crear sus Propia Aula Virtual, con\u00a0 ayuda de las ultimas herramientas y versiones estables del producto; recibir\u00e1 los conceptos precisos para corregir y hacer ajustes basicos y avanzados en cualquier situacion que se presente, aprender a usar la herramienta de Adminsitraci\u00f3n,<\/p>\n<p>Pero tambi\u00e9n por\u00e1s agendar tu CURSO2 MOODLE para Administrador aqui mismo en donde apreneras la Gesti\u00f3n de administrar Cursos, Librerias, Bibliotecas Externas\u00a0 y todo Moodle ; contamos con otros cursos Avanzados externas en Moodle que puedes contratar aqui.<\/p>\n<p>Toda la Informaci\u00f3n de los Pr\u00f3ximos Cursos, fechas y Temarios los puedes ABRIR HACIENDO CLIC AQUI:<\/p>\n<p>[ct_focus background=\u00bb#73c7d4&#8243; gradient=\u00bb#c9c9c9&#8243; color=\u00bblight\u00bb\u00a0 animation=\u00bbno\u00bb]<\/p>\n<p>&nbsp;<\/p>\n<p>[wp-rss-aggregator]<\/p>\n<p><span id=\"crayon-5ab221f170555977257776\" class=\"crayon-syntax crayon-syntax-inline crayon-theme-classic crayon-theme-classic-inline crayon-font-monaco\"><span class=\"crayon-pre crayon-code\"><span class=\"crayon-sy\">\u00a0<\/span><\/span><\/span><\/p>\n<p>[\/ct_focus]<\/p>\n<p>\u00f3 visitar directo nuestro sitio web\u00a0 <a href=\"http:\/\/mojomexico.mx\" target=\"_blank\" rel=\"noopener noreferrer\">www.mojomexico.mx<\/a><\/p>\n<p>RECUERDA:\u00a0 DEBES MATRICULARTE CON ANTICIPACION 10 DIAS ANTES DEL CURSO para apartar tu Lugar.<\/p>\n<p><a href=\"https:\/\/mojomexico.company\/portal\/producto\/curso-taller-moodle-presencial\/moodle1\/\" rel=\"attachment wp-att-4372\"><img alt=\"\" loading=\"lazy\" decoding=\"async\" data-attachment-id=\"4372\" data-permalink=\"https:\/\/mojomexico.company\/portal\/?attachment_id=4372\" data-orig-file=\"https:\/\/i0.wp.com\/mojomexico.company\/portal\/wp-content\/uploads\/2018\/03\/moodle1.png?fit=640%2C308&amp;ssl=1\" data-orig-size=\"640,308\" data-comments-opened=\"1\" data-image-meta=\"{&quot;aperture&quot;:&quot;0&quot;,&quot;credit&quot;:&quot;&quot;,&quot;camera&quot;:&quot;&quot;,&quot;caption&quot;:&quot;&quot;,&quot;created_timestamp&quot;:&quot;0&quot;,&quot;copyright&quot;:&quot;&quot;,&quot;focal_length&quot;:&quot;0&quot;,&quot;iso&quot;:&quot;0&quot;,&quot;shutter_speed&quot;:&quot;0&quot;,&quot;title&quot;:&quot;&quot;,&quot;orientation&quot;:&quot;0&quot;}\" data-image-title=\"moodle1\" data-image-description=\"\" data-medium-file=\"https:\/\/i0.wp.com\/mojomexico.company\/portal\/wp-content\/uploads\/2018\/03\/moodle1.png?fit=300%2C144&amp;ssl=1\" data-large-file=\"https:\/\/i0.wp.com\/mojomexico.company\/portal\/wp-content\/uploads\/2018\/03\/moodle1.png?fit=640%2C308&amp;ssl=1\" class=\"size-medium wp-image-4372 alignleft\" src=\"https:\/\/i0.wp.com\/mojomexico.company\/portal\/wp-content\/uploads\/2018\/03\/moodle1.png?resize=300%2C144&#038;ssl=1\" alt=\"\" width=\"300\" height=\"144\" srcset=\"https:\/\/i0.wp.com\/mojomexico.company\/portal\/wp-content\/uploads\/2018\/03\/moodle1.png?resize=300%2C144&amp;ssl=1 300w, https:\/\/i0.wp.com\/mojomexico.company\/portal\/wp-content\/uploads\/2018\/03\/moodle1.png?resize=250%2C120&amp;ssl=1 250w, https:\/\/i0.wp.com\/mojomexico.company\/portal\/wp-content\/uploads\/2018\/03\/moodle1.png?resize=500%2C241&amp;ssl=1 500w, https:\/\/i0.wp.com\/mojomexico.company\/portal\/wp-content\/uploads\/2018\/03\/moodle1.png?resize=110%2C53&amp;ssl=1 110w, https:\/\/i0.wp.com\/mojomexico.company\/portal\/wp-content\/uploads\/2018\/03\/moodle1.png?resize=420%2C202&amp;ssl=1 420w, https:\/\/i0.wp.com\/mojomexico.company\/portal\/wp-content\/uploads\/2018\/03\/moodle1.png?w=640&amp;ssl=1 640w\" sizes=\"(max-width: 300px) 100vw, 300px\" data-recalc-dims=\"1\" \/><\/a><\/p>\n","protected":false},"excerpt":{"rendered":"<p><a href=\"https:\/\/mojomexico.company\/portal\/producto\/curso-taller-moodle-presencial\/logo-moodle\/\" rel=\"attachment wp-att-4370\"><img alt=\"\" loading=\"lazy\" decoding=\"async\" class=\"alignleft size-thumbnail wp-image-4370\" src=\"https:\/\/mojomexico.company\/portal\/wp-content\/uploads\/2018\/03\/logo-moodle-150x150.png\" alt=\"\" width=\"150\" height=\"150\" srcset=\"https:\/\/i2.wp.com\/mojomexico.company\/portal\/wp-content\/uploads\/2018\/03\/logo-moodle.png?resize=150%2C150&amp;ssl=1 150w, https:\/\/i2.wp.com\/mojomexico.company\/portal\/wp-content\/uploads\/2018\/03\/logo-moodle.png?resize=125%2C125&amp;ssl=1 125w, https:\/\/i2.wp.com\/mojomexico.company\/portal\/wp-content\/uploads\/2018\/03\/logo-moodle.png?resize=100%2C100&amp;ssl=1 100w, https:\/\/i2.wp.com\/mojomexico.company\/portal\/wp-content\/uploads\/2018\/03\/logo-moodle.png?resize=110%2C110&amp;ssl=1 110w\" sizes=\"(max-width: 150px) 100vw, 150px\" \/><\/a>Curso Taller Admin B\u00e1sico Moodle. El curso se imparte de FORMA\u00a0 Virtual para version Moodle 3.0 o mayor.\u00a0 en 4 sesiones los s\u00e1bados o 2 sesiones entre semana. No se aceptan matriculaciones en sitio, debes pagar con anticipacion (con 10 d\u00edas previos al curso) para Asegurar Tu Lugar (NRDA). Al Final Obtienes UN DIPLOMA que te CERTIFICA para Futuros Puestos de Trabajo. Los Temarios los puedes ver en nuestro sitio web de Capacitacion Mojomexico en www.mojomexico.mx<\/p>\n<p>[ct_focus background=\u00bb#830B7E\u00bb gradient=\u00bb#ffffff\u00bb color=\u00bblight\u00bb ]<\/p>\n<p>\u00f3 por feed universidad mojomexico: [wp-rss-aggregator]<\/p>\n<p>[\/ct_focus]<\/p>\n<p>[ct_progress value=\u00bb75&#8243; title=\u00bbAGREGA OTROS CURSOS EN ESTE PEDIDO Y AHORRA CON EL PRECIO EPECIALi\u00bb icon=\u00bbalign-left\u00bb background=\u00bb#ffffff\u00bb gradient=\u00bb#784512&#8243; size=\u00bbnormal\u00bb id=\u00bb\u00bb class=\u00bb\u00bb animation=\u00bb\u00bb][\/ct_progress]<\/p>\n","protected":false},"featured_media":4372,"template":"","meta":{"saved_in_kubio":false,"_seopress_robots_primary_cat":"","_seopress_titles_title":"","_seopress_titles_desc":"","_seopress_robots_index":"","spay_email":"","jetpack_publicize_message":""},"class_list":{"0":"post-4783","1":"product","2":"type-product","3":"status-publish","4":"has-post-thumbnail","6":"product_cat-universidad-mojomexico","7":"product_tag-administra-moodle","8":"product_tag-aula-virtual","9":"product_tag-crea-cursos-virtuales","10":"product_tag-curso-moodle-virtual","11":"product_tag-escuela-virtua","12":"product_tag-moodle-experto","13":"product_tag-moodle-presencial","15":"first","16":"instock","17":"sale","18":"virtual","19":"taxable","20":"purchasable","21":"product-type-simple"},"jetpack_publicize_connections":[],"jetpack_sharing_enabled":true,"jetpack-related-posts":[],"_links":{"self":[{"href":"https:\/\/mojomexico.company\/portal\/wp-json\/wp\/v2\/product\/4783","targetHints":{"allow":["GET"]}}],"collection":[{"href":"https:\/\/mojomexico.company\/portal\/wp-json\/wp\/v2\/product"}],"about":[{"href":"https:\/\/mojomexico.company\/portal\/wp-json\/wp\/v2\/types\/product"}],"wp:featuredmedia":[{"embeddable":true,"href":"https:\/\/mojomexico.company\/portal\/wp-json\/wp\/v2\/media\/4372"}],"wp:attachment":[{"href":"https:\/\/mojomexico.company\/portal\/wp-json\/wp\/v2\/media?parent=4783"}],"curies":[{"name":"wp","href":"https:\/\/api.w.org\/{rel}","templated":true}]}}