{"id":4793,"date":"2020-08-31T14:18:49","date_gmt":"2020-08-31T19:18:49","guid":{"rendered":""},"modified":"2026-02-10T16:08:54","modified_gmt":"2026-02-10T22:08:54","slug":"conector-banamex-hpp-moodle","status":"publish","type":"product","link":"https:\/\/mojomexico.company\/portal\/producto\/conector-banamex-hpp-moodle\/","title":{"rendered":"Conector Banamex HPP Moodle"},"content":{"rendered":"<p>[symple_tabgroup]<br \/>\n[symple_tab title=\u00bbDescripcion del Producto\u00bb]<\/p>\n<p>&nbsp;<\/p>\n<p><a href=\"https:\/\/mojomexico.company\/portal\/producto\/plugin-banamex-hpp-opencart\/caja-banamex1-3\/\" rel=\"attachment wp-att-6470\"><img alt=\"\" loading=\"lazy\" decoding=\"async\" data-attachment-id=\"6470\" data-permalink=\"https:\/\/mojomexico.company\/portal\/?attachment_id=6470\" data-orig-file=\"https:\/\/i2.wp.com\/mojomexico.company\/portal\/wp-content\/uploads\/2020\/06\/caja-banamex1.png?fit=369%2C395&amp;ssl=1\" data-orig-size=\"369,395\" data-comments-opened=\"1\" data-image-meta=\"{&quot;aperture&quot;:&quot;0&quot;,&quot;credit&quot;:&quot;&quot;,&quot;camera&quot;:&quot;&quot;,&quot;caption&quot;:&quot;&quot;,&quot;created_timestamp&quot;:&quot;0&quot;,&quot;copyright&quot;:&quot;&quot;,&quot;focal_length&quot;:&quot;0&quot;,&quot;iso&quot;:&quot;0&quot;,&quot;shutter_speed&quot;:&quot;0&quot;,&quot;title&quot;:&quot;&quot;,&quot;orientation&quot;:&quot;0&quot;}\" data-image-title=\"caja-banamex1\" data-image-description=\"\" data-medium-file=\"https:\/\/i2.wp.com\/mojomexico.company\/portal\/wp-content\/uploads\/2020\/06\/caja-banamex1.png?fit=250%2C268&amp;ssl=1\" data-large-file=\"https:\/\/i2.wp.com\/mojomexico.company\/portal\/wp-content\/uploads\/2020\/06\/caja-banamex1.png?fit=369%2C395&amp;ssl=1\" class=\"alignleft size-full wp-image-6470\" src=\"https:\/\/i2.wp.com\/mojomexico.company\/portal\/wp-content\/uploads\/2020\/06\/caja-banamex1.png?resize=369%2C395&#038;ssl=1\" alt=\"\" width=\"369\" height=\"395\" srcset=\"https:\/\/i2.wp.com\/mojomexico.company\/portal\/wp-content\/uploads\/2020\/06\/caja-banamex1.png?w=369&amp;ssl=1 369w, https:\/\/i2.wp.com\/mojomexico.company\/portal\/wp-content\/uploads\/2020\/06\/caja-banamex1.png?resize=250%2C268&amp;ssl=1 250w, https:\/\/i2.wp.com\/mojomexico.company\/portal\/wp-content\/uploads\/2020\/06\/caja-banamex1.png?resize=120%2C128&amp;ssl=1 120w\" sizes=\"(max-width: 369px) 100vw, 369px\" data-recalc-dims=\"1\" \/><\/a>Extensi\u00f3n\u00a0de pagos Banamex HOSTED PAYMENT (HPP) para la versi\u00f3n Moodle 3.x \u00f3 mayores \u00a0totalmente integrada al\u00a0c\u00f3digo\u00a0original en Backoffice y FrontOffice para recibir tarjetas de cr\u00e9dito y d\u00e9bito y procesar el pago directamente a su cuenta bancaria, todo esto de forma integral e Interno en la tienda \u00a0bajo altas normas de seguridad que marcan las instituciones bancarias.<\/p>\n<p>Al comprar nuestro producto, \u00e9sto le d\u00e1 derecho al USO exclusivo de Una Licencia de nuestro software \u00a0para ser instalado por nuestro personal calificado en su \u00a0tienda \u00f3 tienda \/dominio, nosotros nos hacemos cargo de la instalaci\u00f3n y configuraci\u00f3n via remota en la tienda \u00a0al 100%. La pasarela de pago se integra a la lista estandar que presenta regularmente Moodle, en caso de \u00a0que su tienda utilice una plantilla especial para este proceso de pago, la integraci\u00f3n a dicha pasarela tendr\u00e1 un costo extra al precio marcado (estimable en cada caso) por horas de servicio adaptaci\u00f3n.<\/p>\n<p><span style=\"font-size: 13px; line-height: 19px;\">Los precios est\u00e1n expresados en Pesos Mexicanos y son sin IVA, por lo que si requiere factura fiscal favor de solicitarla previamente y considerar el aumento del valor del iva.<\/span><\/p>\n<p>[\/symple_tab]<br \/>\n[symple_tab title=\u00bbGarantia y Servicio\u00bb]<\/p>\n<p><b>Que estoy comprando?<\/b><\/p>\n<p><a href=\"https:\/\/mojomexico.company\/portal\/producto\/pasarela-de-pago-banorte-magento-ee\/sello-mojo2\/\" rel=\"attachment wp-att-3904\"><img alt=\"\" loading=\"lazy\" decoding=\"async\" data-attachment-id=\"3904\" data-permalink=\"https:\/\/mojomexico.company\/portal\/?attachment_id=3904\" data-orig-file=\"https:\/\/i0.wp.com\/mojomexico.company\/portal\/wp-content\/uploads\/2017\/08\/sello-mojo2.jpg?fit=276%2C276&amp;ssl=1\" data-orig-size=\"276,276\" data-comments-opened=\"1\" data-image-meta=\"{&quot;aperture&quot;:&quot;0&quot;,&quot;credit&quot;:&quot;&quot;,&quot;camera&quot;:&quot;&quot;,&quot;caption&quot;:&quot;&quot;,&quot;created_timestamp&quot;:&quot;0&quot;,&quot;copyright&quot;:&quot;&quot;,&quot;focal_length&quot;:&quot;0&quot;,&quot;iso&quot;:&quot;0&quot;,&quot;shutter_speed&quot;:&quot;0&quot;,&quot;title&quot;:&quot;&quot;,&quot;orientation&quot;:&quot;0&quot;}\" data-image-title=\"sello calidad mojomexico\" data-image-description=\"\" data-medium-file=\"https:\/\/i0.wp.com\/mojomexico.company\/portal\/wp-content\/uploads\/2017\/08\/sello-mojo2.jpg?fit=276%2C276&amp;ssl=1\" data-large-file=\"https:\/\/i0.wp.com\/mojomexico.company\/portal\/wp-content\/uploads\/2017\/08\/sello-mojo2.jpg?fit=276%2C276&amp;ssl=1\" class=\"alignleft size-full wp-image-3904\" src=\"https:\/\/i0.wp.com\/mojomexico.company\/portal\/wp-content\/uploads\/2017\/08\/sello-mojo2.jpg?resize=276%2C276&#038;ssl=1\" alt=\"\" width=\"276\" height=\"276\" srcset=\"https:\/\/i0.wp.com\/mojomexico.company\/portal\/wp-content\/uploads\/2017\/08\/sello-mojo2.jpg?w=276&amp;ssl=1 276w, https:\/\/i0.wp.com\/mojomexico.company\/portal\/wp-content\/uploads\/2017\/08\/sello-mojo2.jpg?resize=150%2C150&amp;ssl=1 150w, https:\/\/i0.wp.com\/mojomexico.company\/portal\/wp-content\/uploads\/2017\/08\/sello-mojo2.jpg?resize=250%2C250&amp;ssl=1 250w, https:\/\/i0.wp.com\/mojomexico.company\/portal\/wp-content\/uploads\/2017\/08\/sello-mojo2.jpg?resize=220%2C220&amp;ssl=1 220w\" sizes=\"(max-width: 276px) 100vw, 276px\" data-recalc-dims=\"1\" \/><\/a>Al comprar nuestro producto, estas adquiriendo el derecho de uso de nuestro producto por dominio (puedes adquirir varias licencias si manejas multitiendas) solo para el dominio \u00f3 dominios que registras en tu compra.<\/p>\n<p>Solo se entregan programas compilados sin opci\u00f3n a modificar m\u00e1s que por el personal calificado de Mojomexico y solo podr\u00e1 ser usado para el dominio-tienda registrado. El descuento en multitiendas es del 35% de la segunda hasta 99 licencias.<\/p>\n<p><strong>Con \u00e9sta pasarela \u00a0puedo aceptar pagos con tarjetas Visa y Mastercard de \u00a0otros Bancos \u00f3 de cualquier Banco del Mundo?<\/strong><\/p>\n<p>SI, con una pasarela puedes aceptar TODAS las tarjetas Visa y Mastercard nacionales e internacionales, de cualquier pa\u00eds. Regularmente todas las compras que se realicen en tu tienda en otras monedas distintas a PESOS, ser\u00e1n convertidas a pesos, a menos que \u00e9ste arreglo lo fijes con tu banco.<\/p>\n<p><strong>Puedo aceptar tarjetas\u00a0 American Express?<\/strong><\/p>\n<p>Es necesario ADICIONAR el conector American Express que tenemos publicado tambi\u00e9n\u00a0 en nuestro catalogo.<\/p>\n<p><strong>Puedo manejar pagos de 3,6,9,12 y 18 meses con y sin intereses?<\/strong><\/p>\n<p>Se necesita adicionar a este producto los m\u00f3dulos de PLAN BANCARIO SIN \/ CON INTERES publicados en este mismo catalogo.<\/p>\n<p>&nbsp;<\/p>\n<p><b>Tengo que pagar anualidades \u00f3 comisiones por usar su producto?<\/b><\/p>\n<p>no, Nuestro producto no requiere anualidades ni comisiones por venta realizada, tu solo compras el producto y lo tienes de por vida para el dominio que destinaste.<\/p>\n<p><b>C\u00f3mo es el proceso de instalaci\u00f3n?<\/b><\/p>\n<p>Nosotros te incluimos en el precio, la instalaci\u00f3n y sincronizaci\u00f3n al 100% via Remota (tu tienda tiene que estar en la nube internet), t\u00fa solo te preocupas en hacer la compra y nosotros nos encargamos de la instalaci\u00f3n, en donde se programa y se fija una vez consolidado tu pago, en un periodo m\u00e1ximo de 3 a 7 dias.<\/p>\n<p><b>Que garant\u00eda tengo?<\/b><\/p>\n<p>Nosotros te estamos ofreciendo UN A\u00d1O de garant\u00eda y soporte gr\u00e1tis por cualquier falla propia de nuestro producto, pero si la falla es ajena a nuestro c\u00f3digo, ning\u00fan evento est\u00e1 protegido, a menos que quieras adquirir nuestra p\u00f3liza de soporte y protecci\u00f3n para tu sistema.<\/p>\n<p><b>C\u00f3mo puedo ordenar este producto ahora?<\/b><\/p>\n<p>carga el producto a tu carrito de compra y haz tu cierre de compra, puedes pagar con dep\u00f3sito \u00f3 tranferencia electronica (CLABE) bancaria Mundial en tu moneda local<br \/>\n[\/symple_tab]<\/p>\n<p>[symple_tab title=\u00bbPantallas Muestra zona de Pago Banamex\u00bb]<\/p>\n<p><code>[symple_column size=\"one-half\" position=\"first\"]<\/code><\/p>\n<p><a href=\"https:\/\/mojomexico.company\/portal\/producto\/conector-banamex-hpp-moodle\/k2-backzone-config\/\" rel=\"attachment wp-att-4794\"><img alt=\"\" loading=\"lazy\" decoding=\"async\" data-attachment-id=\"4794\" data-permalink=\"https:\/\/mojomexico.company\/portal\/?attachment_id=4794\" data-orig-file=\"https:\/\/i2.wp.com\/mojomexico.company\/portal\/wp-content\/uploads\/2018\/05\/k2-backzone-config.png?fit=924%2C595&amp;ssl=1\" data-orig-size=\"924,595\" data-comments-opened=\"1\" data-image-meta=\"{&quot;aperture&quot;:&quot;0&quot;,&quot;credit&quot;:&quot;&quot;,&quot;camera&quot;:&quot;&quot;,&quot;caption&quot;:&quot;&quot;,&quot;created_timestamp&quot;:&quot;0&quot;,&quot;copyright&quot;:&quot;&quot;,&quot;focal_length&quot;:&quot;0&quot;,&quot;iso&quot;:&quot;0&quot;,&quot;shutter_speed&quot;:&quot;0&quot;,&quot;title&quot;:&quot;&quot;,&quot;orientation&quot;:&quot;0&quot;}\" data-image-title=\"k2-backzone-config\" data-image-description=\"\" data-medium-file=\"https:\/\/i2.wp.com\/mojomexico.company\/portal\/wp-content\/uploads\/2018\/05\/k2-backzone-config.png?fit=300%2C193&amp;ssl=1\" data-large-file=\"https:\/\/i2.wp.com\/mojomexico.company\/portal\/wp-content\/uploads\/2018\/05\/k2-backzone-config.png?fit=924%2C595&amp;ssl=1\" class=\"size-medium wp-image-4794 alignright\" src=\"https:\/\/i2.wp.com\/mojomexico.company\/portal\/wp-content\/uploads\/2018\/05\/k2-backzone-config.png?resize=300%2C193&#038;ssl=1\" alt=\"\" width=\"300\" height=\"193\" srcset=\"https:\/\/i2.wp.com\/mojomexico.company\/portal\/wp-content\/uploads\/2018\/05\/k2-backzone-config.png?resize=300%2C193&amp;ssl=1 300w, https:\/\/i2.wp.com\/mojomexico.company\/portal\/wp-content\/uploads\/2018\/05\/k2-backzone-config.png?resize=768%2C495&amp;ssl=1 768w, https:\/\/i2.wp.com\/mojomexico.company\/portal\/wp-content\/uploads\/2018\/05\/k2-backzone-config.png?resize=250%2C161&amp;ssl=1 250w, https:\/\/i2.wp.com\/mojomexico.company\/portal\/wp-content\/uploads\/2018\/05\/k2-backzone-config.png?resize=500%2C322&amp;ssl=1 500w, https:\/\/i2.wp.com\/mojomexico.company\/portal\/wp-content\/uploads\/2018\/05\/k2-backzone-config.png?resize=110%2C71&amp;ssl=1 110w, https:\/\/i2.wp.com\/mojomexico.company\/portal\/wp-content\/uploads\/2018\/05\/k2-backzone-config.png?resize=420%2C270&amp;ssl=1 420w, https:\/\/i2.wp.com\/mojomexico.company\/portal\/wp-content\/uploads\/2018\/05\/k2-backzone-config.png?resize=668%2C430&amp;ssl=1 668w, https:\/\/i2.wp.com\/mojomexico.company\/portal\/wp-content\/uploads\/2018\/05\/k2-backzone-config.png?w=924&amp;ssl=1 924w\" sizes=\"(max-width: 300px) 100vw, 300px\" data-recalc-dims=\"1\" \/><\/a><\/p>\n<p><code>[\/symple_column]<br \/>\n<\/code><\/p>\n<p>[symple_column size=\u00bbone-half\u00bb position=\u00bblast\u00bb]<\/p>\n<p>&nbsp;<\/p>\n<p>[\/symple_column]<\/p>\n<p>[\/symple_tab]<\/p>\n<p>[\/symple_tabgroup]<\/p>\n","protected":false},"excerpt":{"rendered":"<p><a href=\"https:\/\/mojomexico.company\/portal\/producto\/plugin-banamex-hpp-opencart\/caja-banamex1-3\/\" rel=\"attachment wp-att-6470\"><img alt=\"\" loading=\"lazy\" decoding=\"async\" class=\"alignleft size-full wp-image-6470\" src=\"https:\/\/mojomexico.company\/portal\/wp-content\/uploads\/2020\/06\/caja-banamex1.png\" alt=\"\" width=\"369\" height=\"395\" srcset=\"https:\/\/i2.wp.com\/mojomexico.company\/portal\/wp-content\/uploads\/2020\/06\/caja-banamex1.png?w=369&amp;ssl=1 369w, https:\/\/i2.wp.com\/mojomexico.company\/portal\/wp-content\/uploads\/2020\/06\/caja-banamex1.png?resize=250%2C268&amp;ssl=1 250w, https:\/\/i2.wp.com\/mojomexico.company\/portal\/wp-content\/uploads\/2020\/06\/caja-banamex1.png?resize=120%2C128&amp;ssl=1 120w\" sizes=\"(max-width: 369px) 100vw, 369px\" \/><\/a>Plugin Banamex Hosted Payment (HPP) \u00a0para Moodle 3.x como Opcion de Pago por Tarjetas Bancarias Mexicanas, puede escoger si es para este banco o uno a escoger: Banorte, bancomer, amex, santander, prosa, hsbc, scotiabank, inbursa, inverlat, banregio, visaCheckout , en el precio incluye la instalaci\u00f3n y sincronizaci\u00f3n por nuestra cuenta; ver en el detalle del producto m\u00e1s info.<\/p>\n<p>&nbsp;<\/p>\n","protected":false},"featured_media":6470,"template":"","meta":{"saved_in_kubio":false,"_seopress_robots_primary_cat":"","_seopress_titles_title":"","_seopress_titles_desc":"","_seopress_robots_index":"","spay_email":"","jetpack_publicize_message":""},"class_list":{"0":"post-4793","1":"product","2":"type-product","3":"status-publish","4":"has-post-thumbnail","6":"product_cat-moodle","7":"product_tag-amex-moodle","8":"product_tag-banamex-hostpaiment-magento","9":"product_tag-banamex-hpp","10":"product_tag-banamex-woocommerce","11":"product_tag-banorte-noodle","12":"product_tag-hsbc-moodle","13":"product_tag-santander-moodle","14":"product_shipping_class-s-remoto","16":"first","17":"instock","18":"taxable","19":"shipping-taxable","20":"purchasable","21":"product-type-simple"},"jetpack_publicize_connections":[],"jetpack_sharing_enabled":true,"jetpack-related-posts":[],"_links":{"self":[{"href":"https:\/\/mojomexico.company\/portal\/wp-json\/wp\/v2\/product\/4793","targetHints":{"allow":["GET"]}}],"collection":[{"href":"https:\/\/mojomexico.company\/portal\/wp-json\/wp\/v2\/product"}],"about":[{"href":"https:\/\/mojomexico.company\/portal\/wp-json\/wp\/v2\/types\/product"}],"wp:featuredmedia":[{"embeddable":true,"href":"https:\/\/mojomexico.company\/portal\/wp-json\/wp\/v2\/media\/6470"}],"wp:attachment":[{"href":"https:\/\/mojomexico.company\/portal\/wp-json\/wp\/v2\/media?parent=4793"}],"curies":[{"name":"wp","href":"https:\/\/api.w.org\/{rel}","templated":true}]}}