{"id":5410,"date":"2020-08-31T10:35:19","date_gmt":"2020-08-31T15:35:19","guid":{"rendered":"https:\/\/mojomexico.company\/portal\/producto\/pasarela-de-pago-banorte-moodle\/"},"modified":"2026-02-10T16:10:03","modified_gmt":"2026-02-10T22:10:03","slug":"pasarela-de-pago-banorte-moodle","status":"publish","type":"product","link":"https:\/\/mojomexico.company\/portal\/producto\/pasarela-de-pago-banorte-moodle\/","title":{"rendered":"Pasarela de pago Banorte Moodle"},"content":{"rendered":"<p>[symple_tabgroup]<br \/>\n[symple_tab title=\u00bbDescripcion del Producto\u00bb]<\/p>\n<p>&nbsp;<\/p>\n<p><a href=\"https:\/\/mojomexico.company\/portal\/?attachment_id=7658\" rel=\"attachment wp-att-7658\"><img alt=\"\" loading=\"lazy\" decoding=\"async\" data-attachment-id=\"7658\" data-permalink=\"https:\/\/mojomexico.company\/portal\/?attachment_id=7658\" data-orig-file=\"https:\/\/i1.wp.com\/mojomexico.company\/portal\/wp-content\/uploads\/2020\/08\/caja-banorte23-3d.png?fit=369%2C395&amp;ssl=1\" data-orig-size=\"369,395\" data-comments-opened=\"1\" data-image-meta=\"{&quot;aperture&quot;:&quot;0&quot;,&quot;credit&quot;:&quot;&quot;,&quot;camera&quot;:&quot;&quot;,&quot;caption&quot;:&quot;&quot;,&quot;created_timestamp&quot;:&quot;0&quot;,&quot;copyright&quot;:&quot;&quot;,&quot;focal_length&quot;:&quot;0&quot;,&quot;iso&quot;:&quot;0&quot;,&quot;shutter_speed&quot;:&quot;0&quot;,&quot;title&quot;:&quot;&quot;,&quot;orientation&quot;:&quot;0&quot;}\" data-image-title=\"caja-banorte23-3d\" data-image-description=\"\" data-medium-file=\"https:\/\/i1.wp.com\/mojomexico.company\/portal\/wp-content\/uploads\/2020\/08\/caja-banorte23-3d.png?fit=280%2C300&amp;ssl=1\" data-large-file=\"https:\/\/i1.wp.com\/mojomexico.company\/portal\/wp-content\/uploads\/2020\/08\/caja-banorte23-3d.png?fit=369%2C395&amp;ssl=1\" class=\"alignleft size-medium wp-image-7658\" src=\"https:\/\/i1.wp.com\/mojomexico.company\/portal\/wp-content\/uploads\/2020\/08\/caja-banorte23-3d.png?resize=280%2C300&#038;ssl=1\" alt=\"\" width=\"280\" height=\"300\" srcset=\"https:\/\/i1.wp.com\/mojomexico.company\/portal\/wp-content\/uploads\/2020\/08\/caja-banorte23-3d.png?resize=280%2C300&amp;ssl=1 280w, https:\/\/i1.wp.com\/mojomexico.company\/portal\/wp-content\/uploads\/2020\/08\/caja-banorte23-3d.png?w=369&amp;ssl=1 369w\" sizes=\"(max-width: 280px) 100vw, 280px\" data-recalc-dims=\"1\" \/><\/a>Extensi\u00f3n\u00a0de pagos para la versi\u00f3n Moodle 3.x o mayor , totalmente integrada al\u00a0c\u00f3digo\u00a0original en Backoffice y FrontOffice para recibir tarjetas de cr\u00e9dito y d\u00e9bito y procesar el pago directamente a su cuenta bancaria, todo esto de forma integral e Interno en la tienda bajo altas normas de seguridad de <strong>Banorte.<\/strong><\/p>\n<p>Al comprar nuestro producto, \u00e9sto le d\u00e1 derecho al USO exclusivo de nuestro software como licencia para ser instalado por nuestro personal calificado en su \u00a0tienda . La pasarela de pago se integra a la lista estandar que presenta regularmente Moodle en caso de \u00a0que su tienda utilice una plantilla especial para este proceso de pago, la integraci\u00f3n a dicha pasarela tendr\u00e1 un costo extra al precio marcado (estimable en cada caso) por horas de servicio adaptaci\u00f3n.<\/p>\n<p><strong>Importante:<\/strong><\/p>\n<p>Nuestros productos son HECHOS A LA MEDIDA con las LIMITACIONES\u00a0 propias de cada MOTOR CMS-Ecomercio por lo tanto nuestra garant\u00eda se limita a integrarse al Motor y sus s acciones normales, en caso de que la versi\u00f3n presente inconsistencias en su propio codigo o conflictos con otros plugin,\u00a0 nuestra garant\u00eda NO cubre en estos precios el soporte t\u00e9nico ni la soluci\u00f3n de conflictos ni errores de su version. (solo basta con revisar en los foros todos los errores reportados para ser suficiente soporte de falla).<\/p>\n<p>[\/symple_tab]<br \/>\n[symple_tab title=\u00bbGarantia y Servicio\u00bb]<\/p>\n<p><b><img alt=\"\" loading=\"lazy\" decoding=\"async\" data-attachment-id=\"3516\" data-permalink=\"https:\/\/mojomexico.company\/portal\/?attachment_id=3516\" data-orig-file=\"https:\/\/i1.wp.com\/mojomexico.company\/portal\/wp-content\/uploads\/2016\/11\/sello-12.png?fit=400%2C270&amp;ssl=1\" data-orig-size=\"400,270\" data-comments-opened=\"1\" data-image-meta=\"{&quot;aperture&quot;:&quot;0&quot;,&quot;credit&quot;:&quot;&quot;,&quot;camera&quot;:&quot;&quot;,&quot;caption&quot;:&quot;&quot;,&quot;created_timestamp&quot;:&quot;0&quot;,&quot;copyright&quot;:&quot;&quot;,&quot;focal_length&quot;:&quot;0&quot;,&quot;iso&quot;:&quot;0&quot;,&quot;shutter_speed&quot;:&quot;0&quot;,&quot;title&quot;:&quot;&quot;,&quot;orientation&quot;:&quot;0&quot;}\" data-image-title=\"calidad mojomexico\" data-image-description=\"\" data-medium-file=\"https:\/\/i1.wp.com\/mojomexico.company\/portal\/wp-content\/uploads\/2016\/11\/sello-12.png?fit=300%2C203&amp;ssl=1\" data-large-file=\"https:\/\/i1.wp.com\/mojomexico.company\/portal\/wp-content\/uploads\/2016\/11\/sello-12.png?fit=400%2C270&amp;ssl=1\" class=\"alignleft size-medium wp-image-3516\" src=\"https:\/\/i1.wp.com\/mojomexico.company\/portal\/wp-content\/uploads\/2016\/11\/sello-12.png?resize=300%2C203&#038;ssl=1\" alt=\"\" width=\"300\" height=\"203\" srcset=\"https:\/\/i1.wp.com\/mojomexico.company\/portal\/wp-content\/uploads\/2016\/11\/sello-12.png?resize=300%2C203&amp;ssl=1 300w, https:\/\/i1.wp.com\/mojomexico.company\/portal\/wp-content\/uploads\/2016\/11\/sello-12.png?resize=220%2C149&amp;ssl=1 220w, https:\/\/i1.wp.com\/mojomexico.company\/portal\/wp-content\/uploads\/2016\/11\/sello-12.png?w=400&amp;ssl=1 400w\" sizes=\"(max-width: 300px) 100vw, 300px\" data-recalc-dims=\"1\" \/>Que estoy comprando?<\/b><\/p>\n<p>Al comprar nuestro producto, estas adquiriendo el derecho de uso de nuestro producto por dominio (puedes adquirir varias licencias si manejas multitiendas) solo para el dominio \u00f3 dominios que registras en tu compra.<\/p>\n<p>Solo se entregan programas compilados sin opci\u00f3n a modificar m\u00e1s que por el personal calificado de Mojomexico y solo podr\u00e1 ser usado para el dominio-tienda registrado. El descuento en multitiendas es del 35% de la segunda hasta 99 licencias.<\/p>\n<p><strong>Con \u00e9sta pasarela puedo aceptar pagos con tarjetas Visa y Mastercard de otros Bancos \u00f3 de cualquier Banco del Mundo?<\/strong><\/p>\n<p>SI, con una pasarela puedes aceptar TODAS las tarjetas Visa y Mastercard nacionales e internacionales, de cualquier pa\u00eds. Regularmente todas las compras que se realicen en tu tienda en otras monedas distintas a PESOS, ser\u00e1n convertidas a pesos, a menos que \u00e9ste arreglo lo fijes con tu banco.<\/p>\n<p><strong>Puedo aceptar American Express?<\/strong><\/p>\n<p>Puedes adicionar \u00e9sta acci\u00f3n cargando aqui mismo a tu compra el Modulo American express para Magento2 que tenemos desarrollado y a la venta aqui mismo.<\/p>\n<p><strong>Puedo manejar pagos de 3,6,9,12 y 18 meses con y sin intereses en esta pasarela de pago?<\/strong><\/p>\n<p>Para abrir la funci\u00f3n de planes a diferir es necesario agregar a la compra de este producto EL MODULO DE MESES CON \/ SIN INTERES que tenemos disponible.<\/p>\n<p><b>Tengo que pagar anualidades \u00f3 comisiones por usar su producto?<\/b><\/p>\n<p>No, Nuestro producto no requiere anualidades ni comisiones por venta realizada, tu solo compras el producto y lo tienes de por vida para el dominio que destinaste. Todo el convenio de cobro y deposito a tu cuenta de cheques por tarjeta de cr\u00e9dito, es un arreglo de partes entre tu Banco Local y tu.<\/p>\n<p><b>C\u00f3mo es el proceso de instalaci\u00f3n?<\/b><\/p>\n<p>Nosotros te incluimos en el precio, la instalaci\u00f3n y sincronizaci\u00f3n al 100% via Remota (tu tienda tiene que estar en la nube internet), t\u00fa solo te preocupas en hacer la compra y nosotros nos encargamos de la instalaci\u00f3n, en donde se programa y se fija una vez consolidado tu pago, en un periodo m\u00e1ximo de 3 a 7 dias.<\/p>\n<p><b>Que garant\u00eda tengo?<\/b><\/p>\n<p>Nosotros te estamos ofreciendo UN A\u00d1O de garant\u00eda y soporte gr\u00e1tis por cualquier falla propia de nuestro producto, La garant\u00eda NO INCLUYE fallas propias del MOTOR WEB (ya sea magento o prestashop o woocommerce o cualquier otro) propias del software codigo y conflictos que se presenten entre programas; asi tampoco las fallas provocadas por Su Proveedor de Servicio hosting ya que nosotros hemos detectado que muchos de los conflictos que se pueden presentar son fallas de limitaci\u00f3n de servicios y recursos que su proveedor hosting no le ofrece o desconoce para el servicio de tiendas web potentes. Nosotros contamos con SERVICIOS HOSTING especiales para TIENDAS WEB POTENTES. Y siempre tenemos promociones para que usted las pueda aprovechar.<\/p>\n<p><b>C\u00f3mo puedo ordenar este producto ahora?<\/b><\/p>\n<p>carga el producto a tu carrito de compra y haz tu cierre de compra, puedes pagar con dep\u00f3sito \u00f3 tranferencia electronica (CLABE) bancaria Mundial en tu moneda local. Al recibir tu pago, nosotros enviaremos la Factura Fiscal 100% deducible por el SAT Mexico.<\/p>\n<p><strong>Que sigue despu\u00e9s de hacer mi pago ?<\/strong><\/p>\n<p>Si su pago es por CLABE o deposito directo, es necesario que envie su notificacion de pago a contabilidad@mojomexico.com.mx; en el caso de pago por tarjeta no es necesario. Cuando se detecte su pago, nuestro equipo t\u00e9cnico le va a ENVIAR UN TICKET DE SERVICIO especial directo a su mail con las instrucciones precisas para iniciar la programaci\u00f3n y seguimiento de la instalacion por nuestro equipo mojomexico team.<br \/>\n[\/symple_tab]<\/p>\n<p>[symple_tab title=\u00bbVideo demo\u00bb]<\/p>\n<p><code><span class=\"embed-youtube\" style=\"text-align:center; display: block;\"><iframe class='youtube-player' width='640' height='360' src='https:\/\/www.youtube.com\/embed\/jTaum8X6QpU?version=3&#038;rel=0&#038;fs=1&#038;autohide=2&#038;showsearch=0&#038;showinfo=1&#038;iv_load_policy=1&#038;wmode=transparent' allowfullscreen='true' style='border:0;'><\/iframe><\/span><\/code><\/p>\n<p>[\/symple_tab]<br \/>\n[\/symple_tabgroup]<\/p>\n","protected":false},"excerpt":{"rendered":"<p><a href=\"https:\/\/mojomexico.company\/portal\/?attachment_id=7658\" rel=\"attachment wp-att-7658\"><img alt=\"\" loading=\"lazy\" decoding=\"async\" class=\"alignleft size-medium wp-image-7658\" src=\"https:\/\/mojomexico.company\/portal\/wp-content\/uploads\/2020\/08\/caja-banorte23-3d-280x300.png\" alt=\"\" width=\"280\" height=\"300\" srcset=\"https:\/\/i1.wp.com\/mojomexico.company\/portal\/wp-content\/uploads\/2020\/08\/caja-banorte23-3d.png?resize=280%2C300&amp;ssl=1 280w, https:\/\/i1.wp.com\/mojomexico.company\/portal\/wp-content\/uploads\/2020\/08\/caja-banorte23-3d.png?w=369&amp;ssl=1 369w\" sizes=\"(max-width: 280px) 100vw, 280px\" \/><\/a>Produto a la Medida: Pasarela de Pago Banorte (todas las versiones de seguridad) para tiendas Moodle 3.x o mayor, \u00e9ste producto se vende con instalaci\u00f3n gr\u00e1tis por parte del equipo t\u00e9cnico de Mojomexico, y se recomienda adquirir el servicio extra de Asistencia telef\u00f3nica Banorte para su Certificacion y los modulos a diferir pagos con precio especial en esta compra.<\/p>\n<p>&nbsp;<\/p>\n","protected":false},"featured_media":7658,"template":"","meta":{"saved_in_kubio":false,"_seopress_robots_primary_cat":"","_seopress_titles_title":"","_seopress_titles_desc":"","_seopress_robots_index":"","spay_email":"","jetpack_publicize_message":""},"class_list":{"0":"post-5410","1":"product","2":"type-product","3":"status-publish","4":"has-post-thumbnail","6":"product_cat-moodle","7":"product_tag-banorte-conexion-tpvi","8":"product_tag-banorte-moodle","9":"product_tag-pasarela-pago-banorte","10":"product_shipping_class-s-remoto","12":"first","13":"instock","14":"virtual","15":"taxable","16":"purchasable","17":"product-type-simple"},"jetpack_publicize_connections":[],"jetpack_sharing_enabled":true,"jetpack-related-posts":[],"_links":{"self":[{"href":"https:\/\/mojomexico.company\/portal\/wp-json\/wp\/v2\/product\/5410","targetHints":{"allow":["GET"]}}],"collection":[{"href":"https:\/\/mojomexico.company\/portal\/wp-json\/wp\/v2\/product"}],"about":[{"href":"https:\/\/mojomexico.company\/portal\/wp-json\/wp\/v2\/types\/product"}],"wp:featuredmedia":[{"embeddable":true,"href":"https:\/\/mojomexico.company\/portal\/wp-json\/wp\/v2\/media\/7658"}],"wp:attachment":[{"href":"https:\/\/mojomexico.company\/portal\/wp-json\/wp\/v2\/media?parent=5410"}],"curies":[{"name":"wp","href":"https:\/\/api.w.org\/{rel}","templated":true}]}}