{"id":5425,"date":"2018-07-03T00:32:16","date_gmt":"2018-07-03T05:32:16","guid":{"rendered":"https:\/\/mojomexico.company\/portal\/producto\/auditoria-profesional-tiendaweb\/"},"modified":"2021-10-15T13:57:56","modified_gmt":"2021-10-15T18:57:56","slug":"auditoria-profesional-tiendaweb","status":"publish","type":"product","link":"https:\/\/mojomexico.company\/portal\/producto\/auditoria-profesional-tiendaweb\/","title":{"rendered":"Auditoria Profesional tiendaWeb"},"content":{"rendered":"<p><img alt=\"\" loading=\"lazy\" decoding=\"async\" data-attachment-id=\"3635\" data-permalink=\"https:\/\/mojomexico.company\/portal\/?attachment_id=3635\" data-orig-file=\"https:\/\/i2.wp.com\/mojomexico.company\/portal\/wp-content\/uploads\/2014\/04\/caja-roja-srv1.jpg?fit=369%2C395&amp;ssl=1\" data-orig-size=\"369,395\" data-comments-opened=\"1\" data-image-meta=\"{&quot;aperture&quot;:&quot;0&quot;,&quot;credit&quot;:&quot;&quot;,&quot;camera&quot;:&quot;&quot;,&quot;caption&quot;:&quot;&quot;,&quot;created_timestamp&quot;:&quot;0&quot;,&quot;copyright&quot;:&quot;&quot;,&quot;focal_length&quot;:&quot;0&quot;,&quot;iso&quot;:&quot;0&quot;,&quot;shutter_speed&quot;:&quot;0&quot;,&quot;title&quot;:&quot;&quot;,&quot;orientation&quot;:&quot;0&quot;}\" data-image-title=\"soporte tiendas web mojomexico\" data-image-description=\"\" data-medium-file=\"https:\/\/i2.wp.com\/mojomexico.company\/portal\/wp-content\/uploads\/2014\/04\/caja-roja-srv1.jpg?fit=280%2C300&amp;ssl=1\" data-large-file=\"https:\/\/i2.wp.com\/mojomexico.company\/portal\/wp-content\/uploads\/2014\/04\/caja-roja-srv1.jpg?fit=369%2C395&amp;ssl=1\" class=\"alignleft size-medium wp-image-3635\" src=\"https:\/\/i2.wp.com\/mojomexico.company\/portal\/wp-content\/uploads\/2014\/04\/caja-roja-srv1.jpg?resize=280%2C300&#038;ssl=1\" alt=\"\" width=\"280\" height=\"300\" data-wp-pid=\"3635\" srcset=\"https:\/\/i2.wp.com\/mojomexico.company\/portal\/wp-content\/uploads\/2014\/04\/caja-roja-srv1.jpg?resize=280%2C300&amp;ssl=1 280w, https:\/\/i2.wp.com\/mojomexico.company\/portal\/wp-content\/uploads\/2014\/04\/caja-roja-srv1.jpg?resize=220%2C236&amp;ssl=1 220w, https:\/\/i2.wp.com\/mojomexico.company\/portal\/wp-content\/uploads\/2014\/04\/caja-roja-srv1.jpg?w=369&amp;ssl=1 369w\" sizes=\"(max-width: 280px) 100vw, 280px\" data-recalc-dims=\"1\" \/>Servicio de Auditoria y Diagnostico de tienda web prestashop \u00f3 woocommerce \u00f3 opencart \u00f3 magento, en donde aplicaremos proceso de auditoria para ver el rendimiento, operabilidad y estabilidad de una tienda web y sugerir los ajustes , cambios y actualizaciones necesarias para su correcto funcionamiento; \u00e9ste servicio No resuelve problemas ni conflictos en la tienda. Enviaremos via Ticket el resultado y sugerencias de ajustes con los costos por servicio y bonificaremos el 50% de \u00e9ste servicio en su contrataci\u00f3n de la soluci\u00f3n.<\/p>\n","protected":false},"excerpt":{"rendered":"<p>Articulo a la medida, servicio de Auditoria, Diagnostico y evaluaci\u00f3n de tienda web prestashop \u00f3 woocommerce \u00f3 opencart \u00f3 magento, en donde aplicaremos proceso de auditoria para ver el rendimiento, operabilidad y estabilidad de una tienda web y sugerir los ajustes , cambios y actualizaciones necesarias para su correcto funcionamiento.<\/p>\n","protected":false},"featured_media":3635,"template":"","meta":{"saved_in_kubio":false,"_seopress_robots_primary_cat":"","_seopress_titles_title":"","_seopress_titles_desc":"","_seopress_robots_index":"","spay_email":"","jetpack_publicize_message":""},"class_list":{"0":"post-5425","1":"product","2":"type-product","3":"status-publish","4":"has-post-thumbnail","6":"product_cat-soporte-tecnico-horas-de-programacion","7":"product_tag-auditoria-tienda-web","8":"product_tag-diagnostico-tienda-web","10":"first","11":"instock","12":"virtual","13":"taxable","14":"purchasable","15":"product-type-simple"},"jetpack_publicize_connections":[],"jetpack_sharing_enabled":true,"jetpack-related-posts":[],"_links":{"self":[{"href":"https:\/\/mojomexico.company\/portal\/wp-json\/wp\/v2\/product\/5425","targetHints":{"allow":["GET"]}}],"collection":[{"href":"https:\/\/mojomexico.company\/portal\/wp-json\/wp\/v2\/product"}],"about":[{"href":"https:\/\/mojomexico.company\/portal\/wp-json\/wp\/v2\/types\/product"}],"wp:featuredmedia":[{"embeddable":true,"href":"https:\/\/mojomexico.company\/portal\/wp-json\/wp\/v2\/media\/3635"}],"wp:attachment":[{"href":"https:\/\/mojomexico.company\/portal\/wp-json\/wp\/v2\/media?parent=5425"}],"curies":[{"name":"wp","href":"https:\/\/api.w.org\/{rel}","templated":true}]}}