{"id":5503,"date":"2018-07-25T09:33:29","date_gmt":"2018-07-25T14:33:29","guid":{"rendered":""},"modified":"2025-01-16T04:01:34","modified_gmt":"2025-01-16T09:01:34","slug":"conector-fedex-guia-extension","status":"publish","type":"product","link":"https:\/\/mojomexico.company\/portal\/producto\/conector-fedex-guia-extension\/","title":{"rendered":"Conector Fedex Guia extension"},"content":{"rendered":"<p>[symple_tabgroup]<br \/>\n[symple_tab title=\u00bbDescripcion del Producto\u00bb]<\/p>\n<p>&nbsp;<\/p>\n<p><a href=\"https:\/\/mojomexico.company\/portal\/producto\/conector-fedex-guia-extension\/caja-fedex-guia1\/\" rel=\"attachment wp-att-5504\"><img alt=\"\" loading=\"lazy\" decoding=\"async\" data-attachment-id=\"5504\" data-permalink=\"https:\/\/mojomexico.company\/portal\/?attachment_id=5504\" data-orig-file=\"https:\/\/i1.wp.com\/mojomexico.company\/portal\/wp-content\/uploads\/2018\/07\/caja-fedex-guia1.png?fit=369%2C395&amp;ssl=1\" data-orig-size=\"369,395\" data-comments-opened=\"1\" data-image-meta=\"{&quot;aperture&quot;:&quot;0&quot;,&quot;credit&quot;:&quot;&quot;,&quot;camera&quot;:&quot;&quot;,&quot;caption&quot;:&quot;&quot;,&quot;created_timestamp&quot;:&quot;0&quot;,&quot;copyright&quot;:&quot;&quot;,&quot;focal_length&quot;:&quot;0&quot;,&quot;iso&quot;:&quot;0&quot;,&quot;shutter_speed&quot;:&quot;0&quot;,&quot;title&quot;:&quot;&quot;,&quot;orientation&quot;:&quot;0&quot;}\" data-image-title=\"caja-fedex-guia1\" data-image-description=\"\" data-medium-file=\"https:\/\/i1.wp.com\/mojomexico.company\/portal\/wp-content\/uploads\/2018\/07\/caja-fedex-guia1.png?fit=280%2C300&amp;ssl=1\" data-large-file=\"https:\/\/i1.wp.com\/mojomexico.company\/portal\/wp-content\/uploads\/2018\/07\/caja-fedex-guia1.png?fit=369%2C395&amp;ssl=1\" class=\"alignleft size-medium wp-image-5504\" src=\"https:\/\/i1.wp.com\/mojomexico.company\/portal\/wp-content\/uploads\/2018\/07\/caja-fedex-guia1.png?resize=280%2C300&#038;ssl=1\" alt=\"\" width=\"280\" height=\"300\" srcset=\"https:\/\/i1.wp.com\/mojomexico.company\/portal\/wp-content\/uploads\/2018\/07\/caja-fedex-guia1.png?resize=280%2C300&amp;ssl=1 280w, https:\/\/i1.wp.com\/mojomexico.company\/portal\/wp-content\/uploads\/2018\/07\/caja-fedex-guia1.png?w=369&amp;ssl=1 369w\" sizes=\"(max-width: 280px) 100vw, 280px\" data-recalc-dims=\"1\" \/><\/a>Extensi\u00f3n M\u00f3dulo de Fedex para la conexion\u00a0 via Webserver para obtener la\u00a0 GUIA y\u00a0 ETIQUETA de envio**.<\/p>\n<p>\u00c9ste es un M\u00f3dulo Instalable para las versiones Prestashop desde 1.4.7 hasta .a 1.6..x (excepto 1.7)\u00a0 \u00f3 Woocommere 2.2.x y 3.x y MagentoCE 1.9,x , totalmente integrada al\u00a0c\u00f3digo\u00a0original\u00a0 en Backoffice y FrontOffice.<\/p>\n<ul>\n<li>Se requiere previamente contar con el M\u00f3dulo BASE FEDEX ONLINE para el funcionamiento correcto de \u00e9ste m\u00f3dulo.<\/li>\n<\/ul>\n<p>Al comprar nuestro producto, \u00e9sto le d\u00e1 derecho al USO exclusivo de nuestro software como licencia para ser instalado por nuestro personal calificado en su \u00a0tienda \u00f3 tiendas\u00a0 \/dominio, nosotros nos hacemos cargo de la instalaci\u00f3n y configuraci\u00f3n via remota en la tienda al 100%.<\/p>\n<p>[\/symple_tab]<br \/>\n[symple_tab title=\u00bbGarantia y Servicio\u00bb]<\/p>\n<p><b><img loading=\"lazy\" decoding=\"async\" data-attachment-id=\"3516\" data-permalink=\"https:\/\/mojomexico.company\/portal\/?attachment_id=3516\" data-orig-file=\"https:\/\/i1.wp.com\/mojomexico.company\/portal\/wp-content\/uploads\/2016\/11\/sello-12.png?fit=400%2C270&amp;ssl=1\" data-orig-size=\"400,270\" data-comments-opened=\"1\" data-image-meta=\"{&quot;aperture&quot;:&quot;0&quot;,&quot;credit&quot;:&quot;&quot;,&quot;camera&quot;:&quot;&quot;,&quot;caption&quot;:&quot;&quot;,&quot;created_timestamp&quot;:&quot;0&quot;,&quot;copyright&quot;:&quot;&quot;,&quot;focal_length&quot;:&quot;0&quot;,&quot;iso&quot;:&quot;0&quot;,&quot;shutter_speed&quot;:&quot;0&quot;,&quot;title&quot;:&quot;&quot;,&quot;orientation&quot;:&quot;0&quot;}\" data-image-title=\"calidad mojomexico\" data-image-description=\"\" data-medium-file=\"https:\/\/i1.wp.com\/mojomexico.company\/portal\/wp-content\/uploads\/2016\/11\/sello-12.png?fit=300%2C203&amp;ssl=1\" data-large-file=\"https:\/\/i1.wp.com\/mojomexico.company\/portal\/wp-content\/uploads\/2016\/11\/sello-12.png?fit=400%2C270&amp;ssl=1\" class=\"size-full wp-image-3516 alignleft\" src=\"https:\/\/i1.wp.com\/mojomexico.company\/portal\/wp-content\/uploads\/2016\/11\/sello-12.png?resize=400%2C270&#038;ssl=1\" alt=\"calidad mojomexico\" width=\"400\" height=\"270\" data-wp-pid=\"3516\" srcset=\"https:\/\/i1.wp.com\/mojomexico.company\/portal\/wp-content\/uploads\/2016\/11\/sello-12.png?w=400&amp;ssl=1 400w, https:\/\/i1.wp.com\/mojomexico.company\/portal\/wp-content\/uploads\/2016\/11\/sello-12.png?resize=300%2C203&amp;ssl=1 300w, https:\/\/i1.wp.com\/mojomexico.company\/portal\/wp-content\/uploads\/2016\/11\/sello-12.png?resize=220%2C149&amp;ssl=1 220w\" sizes=\"(max-width: 400px) 100vw, 400px\" data-recalc-dims=\"1\" \/>Que estoy comprando?<\/b><\/p>\n<p>Al comprar nuestro producto, estas adquiriendo Una Licencia de uso de nuestro producto por dominio (puedes adquirir varias licencias si manejas multitiendas) desarrollado especificamente para ti.<\/p>\n<p>Solo se entregan programas compilados sin opci\u00f3n a modificar m\u00e1s que por el personal calificado de Mojomexico y solo podr\u00e1 ser usado para el dominio-tienda registrado. El descuento en multitiendas es del 35% de la segunda hasta 99 licencias.<\/p>\n<p><strong>Con \u00e9ste conector Fedex puedo obtener LAS ETIQUETAS-GUIAS Fedex\u00a0 ?<\/strong><\/p>\n<p>SI, \u00e9sta extensi\u00f3n va a permitir generar las GUIAS-ETIQUETAS (solo formato XML Y PDF) por cada C\u00e1lculo generdaor por nuestro M\u00f3dulo Tarifador (se requiere contar previamente con \u00e9ste modulo instalado y funcionando en su tienda).<\/p>\n<p><strong>Puede generar la orden de RECOLECCI\u00d3N FEDEX con \u00e9sta versi\u00f3n ?<\/strong><\/p>\n<p>es necesario adicionar el M\u00f3dulo\u00a0<strong> ORDEN DE RECOLECCI\u00d3N FEDEX<\/strong> disponible en este mismo catalogo para activarlo.<\/p>\n<p><strong>Puedo ver el SEGUIMIENTO EN LINEA en el envio ?<\/strong><\/p>\n<p>para activar \u00e9sta acci\u00f3n, es necesario adicionarlo en tu compra en esta misma seccion del producto<\/p>\n<p><strong>Puedo ver una DEMO antes de comprar ?<\/strong><\/p>\n<p>Si, aqui mismo en la pesta\u00f1a<strong> VIDEO DEMO<\/strong> tenemos la Gu\u00eda-Demo del producto para que lo eval\u00faes antes de comprar.<\/p>\n<p><b>Tengo que pagar anualidades \u00f3 comisiones por usar su producto?<\/b><\/p>\n<p>NO, Nuestro producto no requiere anualidades ni comisiones por venta realizada, tu solo compras el producto y lo tienes de por vida para el dominio que destinaste.<\/p>\n<p><b>C\u00f3mo es el proceso de instalaci\u00f3n?<\/b><\/p>\n<p>Nosotros te incluimos en el precio, la instalaci\u00f3n y sincronizaci\u00f3n al 100% via Remota (tu tienda tiene que estar en la nube Internet), t\u00fa solo te preocupas en hacer la compra y nosotros nos encargamos de la instalaci\u00f3n, en donde se programa y se fija una vez consolidado tu pago, en un periodo m\u00e1ximo de 10 a 12 dias<\/p>\n<p><b>Que garant\u00eda tengo?<\/b><\/p>\n<p>Nosotros te estamos ofreciendo UN A\u00d1O de garant\u00eda y soporte gratis por cualquier falla propia de nuestro producto, pero si la falla es ajena a nuestro c\u00f3digo, ning\u00fan evento est\u00e1 protegido, a menos que quieras adquirir nuestra p\u00f3liza de soporte y protecci\u00f3n para tu sistema.<\/p>\n<p><b>C\u00f3mo puedo ordenar este producto ahora?<\/b><\/p>\n<p>carga el producto a tu carrito de compra y haz tu cierre de compra, ahi puedes escoger tu pago\u00a0 en tu moneda local. Al recibir tu pago, nuestro depto, de contabilidad enviar\u00e1 la factura Fiscal 100% deducible.<br \/>\n[\/symple_tab]<\/p>\n<p>[symple_tab title=\u00bbVideo Guia de Configuraci\u00f3n\u00bb]<\/p>\n<p><code>[embedyt] https:\/\/www.youtube.com\/watch?v=PoOpt-wTb3Q[\/embedyt]<\/code><\/p>\n<p>[\/symple_tab]<\/p>\n<p>[symple_tab title=\u00bbPantallas Backadmin \/ Frontzone\u00bb]<\/p>\n<p><code><a href=\"https:\/\/mojomexico.company\/portal\/producto\/conector-fedex-online-prestashop\/slider-fedex1r\/\" rel=\"attachment wp-att-3921\"><img alt=\"\" loading=\"lazy\" decoding=\"async\" data-attachment-id=\"3921\" data-permalink=\"https:\/\/mojomexico.company\/portal\/?attachment_id=3921\" data-orig-file=\"https:\/\/i0.wp.com\/mojomexico.company\/portal\/wp-content\/uploads\/2016\/12\/slider-fedex1R.jpg?fit=670%2C510&amp;ssl=1\" data-orig-size=\"670,510\" data-comments-opened=\"1\" data-image-meta=\"{&quot;aperture&quot;:&quot;0&quot;,&quot;credit&quot;:&quot;&quot;,&quot;camera&quot;:&quot;&quot;,&quot;caption&quot;:&quot;&quot;,&quot;created_timestamp&quot;:&quot;0&quot;,&quot;copyright&quot;:&quot;&quot;,&quot;focal_length&quot;:&quot;0&quot;,&quot;iso&quot;:&quot;0&quot;,&quot;shutter_speed&quot;:&quot;0&quot;,&quot;title&quot;:&quot;&quot;,&quot;orientation&quot;:&quot;0&quot;}\" data-image-title=\"fedex webservice mojomexico\" data-image-description=\"\" data-medium-file=\"https:\/\/i0.wp.com\/mojomexico.company\/portal\/wp-content\/uploads\/2016\/12\/slider-fedex1R.jpg?fit=300%2C228&amp;ssl=1\" data-large-file=\"https:\/\/i0.wp.com\/mojomexico.company\/portal\/wp-content\/uploads\/2016\/12\/slider-fedex1R.jpg?fit=670%2C510&amp;ssl=1\" class=\"aligncenter size-full wp-image-3921\" src=\"https:\/\/i0.wp.com\/mojomexico.company\/portal\/wp-content\/uploads\/2016\/12\/slider-fedex1R.jpg?resize=670%2C510&#038;ssl=1\" alt=\"\" width=\"670\" height=\"510\" srcset=\"https:\/\/i0.wp.com\/mojomexico.company\/portal\/wp-content\/uploads\/2016\/12\/slider-fedex1R.jpg?w=670&amp;ssl=1 670w, https:\/\/i0.wp.com\/mojomexico.company\/portal\/wp-content\/uploads\/2016\/12\/slider-fedex1R.jpg?resize=300%2C228&amp;ssl=1 300w, https:\/\/i0.wp.com\/mojomexico.company\/portal\/wp-content\/uploads\/2016\/12\/slider-fedex1R.jpg?resize=220%2C167&amp;ssl=1 220w\" sizes=\"(max-width: 670px) 100vw, 670px\" data-recalc-dims=\"1\" \/><\/a><\/code><a href=\"https:\/\/mojomexico.company\/fedextester.php\" rel=\"attachment wp-att-5477\"><img alt=\"\" loading=\"lazy\" decoding=\"async\" data-attachment-id=\"5477\" data-permalink=\"https:\/\/mojomexico.company\/portal\/?attachment_id=5477\" data-orig-file=\"https:\/\/i1.wp.com\/mojomexico.company\/portal\/wp-content\/uploads\/2018\/07\/slider-fedex3R.jpg?fit=670%2C510&amp;ssl=1\" data-orig-size=\"670,510\" data-comments-opened=\"1\" data-image-meta=\"{&quot;aperture&quot;:&quot;0&quot;,&quot;credit&quot;:&quot;&quot;,&quot;camera&quot;:&quot;&quot;,&quot;caption&quot;:&quot;&quot;,&quot;created_timestamp&quot;:&quot;0&quot;,&quot;copyright&quot;:&quot;&quot;,&quot;focal_length&quot;:&quot;0&quot;,&quot;iso&quot;:&quot;0&quot;,&quot;shutter_speed&quot;:&quot;0&quot;,&quot;title&quot;:&quot;&quot;,&quot;orientation&quot;:&quot;0&quot;}\" data-image-title=\"fedex tester\" data-image-description=\"\" data-medium-file=\"https:\/\/i1.wp.com\/mojomexico.company\/portal\/wp-content\/uploads\/2018\/07\/slider-fedex3R.jpg?fit=300%2C228&amp;ssl=1\" data-large-file=\"https:\/\/i1.wp.com\/mojomexico.company\/portal\/wp-content\/uploads\/2018\/07\/slider-fedex3R.jpg?fit=670%2C510&amp;ssl=1\" class=\"alignleft size-medium wp-image-5477\" src=\"https:\/\/i1.wp.com\/mojomexico.company\/portal\/wp-content\/uploads\/2018\/07\/slider-fedex3R.jpg?resize=300%2C228&#038;ssl=1\" alt=\"\" width=\"300\" height=\"228\" srcset=\"https:\/\/i1.wp.com\/mojomexico.company\/portal\/wp-content\/uploads\/2018\/07\/slider-fedex3R.jpg?resize=300%2C228&amp;ssl=1 300w, https:\/\/i1.wp.com\/mojomexico.company\/portal\/wp-content\/uploads\/2018\/07\/slider-fedex3R.jpg?resize=600%2C457&amp;ssl=1 600w, https:\/\/i1.wp.com\/mojomexico.company\/portal\/wp-content\/uploads\/2018\/07\/slider-fedex3R.jpg?w=670&amp;ssl=1 670w\" sizes=\"(max-width: 300px) 100vw, 300px\" data-recalc-dims=\"1\" \/><\/a><\/p>\n<p>[\/symple_tab]<br \/>\n[\/symple_tabgroup]<\/p>\n","protected":false},"excerpt":{"rendered":"<p><a href=\"https:\/\/mojomexico.company\/portal\/?attachment_id=5504\" rel=\"attachment wp-att-5504\"><img alt=\"\" loading=\"lazy\" decoding=\"async\" class=\"alignleft size-medium wp-image-5504\" src=\"https:\/\/mojomexico.company\/portal\/wp-content\/uploads\/2018\/07\/caja-fedex-guia1-280x300.png\" alt=\"\" width=\"280\" height=\"300\" srcset=\"https:\/\/i1.wp.com\/mojomexico.company\/portal\/wp-content\/uploads\/2018\/07\/caja-fedex-guia1.png?resize=280%2C300&amp;ssl=1 280w, https:\/\/i1.wp.com\/mojomexico.company\/portal\/wp-content\/uploads\/2018\/07\/caja-fedex-guia1.png?w=369&amp;ssl=1 369w\" sizes=\"(max-width: 280px) 100vw, 280px\" \/><\/a>Articulo hecho a la medida con variaciones en tiempo de entrega: M\u00f3dulo de conexion Fedex Online que permite generar la GUIA Fedex de Env\u00edo conexion directa a los equipo Fedex servidores via Webserver. se requiere contar con el m\u00f3dulo de Fedex-Tarifador Mojomexico previamente; es importante revisar las condiciones de servicio en el detalle de este producto, al hacer su pago usted acepta las condiciones de venta de nuestro contrato Mojomexico (favor de revisar antes de pagar).<\/p>\n<p><img loading=\"lazy\" decoding=\"async\" class=\"alignnone size-full wp-image-3524\" src=\"https:\/\/mojomexico.company\/portal\/wp-content\/uploads\/2016\/11\/boton-gratis2A.png\" alt=\"boton gratis mojomexico\" width=\"320\" height=\"190\" data-wp-pid=\"3524\" srcset=\"https:\/\/i0.wp.com\/mojomexico.company\/portal\/wp-content\/uploads\/2016\/11\/boton-gratis2A.png?w=320&amp;ssl=1 320w, https:\/\/i0.wp.com\/mojomexico.company\/portal\/wp-content\/uploads\/2016\/11\/boton-gratis2A.png?resize=300%2C178&amp;ssl=1 300w, https:\/\/i0.wp.com\/mojomexico.company\/portal\/wp-content\/uploads\/2016\/11\/boton-gratis2A.png?resize=220%2C131&amp;ssl=1 220w\" sizes=\"(max-width: 320px) 100vw, 320px\" \/><\/p>\n","protected":false},"featured_media":5504,"template":"","meta":{"saved_in_kubio":false,"_seopress_robots_primary_cat":"","_seopress_titles_title":"","_seopress_titles_desc":"","_seopress_robots_index":"","spay_email":"","jetpack_publicize_message":""},"class_list":{"0":"post-5503","1":"product","2":"type-product","3":"status-publish","4":"has-post-thumbnail","6":"product_cat-api-dropshiping","7":"product_cat-conexion-fedex-dhl","8":"product_cat-nuevo-desarrollo-especial","9":"product_cat-opencart","10":"product_tag-bancomer-tienda-web","11":"product_tag-fedex-mojomexico","12":"product_tag-fedex-prestashop","13":"product_tag-guia-fedex-tiendaweb","14":"product_shipping_class-s-remoto","16":"first","17":"instock","18":"virtual","19":"taxable","20":"purchasable","21":"product-type-simple"},"jetpack_publicize_connections":[],"jetpack_sharing_enabled":true,"jetpack-related-posts":[],"_links":{"self":[{"href":"https:\/\/mojomexico.company\/portal\/wp-json\/wp\/v2\/product\/5503","targetHints":{"allow":["GET"]}}],"collection":[{"href":"https:\/\/mojomexico.company\/portal\/wp-json\/wp\/v2\/product"}],"about":[{"href":"https:\/\/mojomexico.company\/portal\/wp-json\/wp\/v2\/types\/product"}],"wp:featuredmedia":[{"embeddable":true,"href":"https:\/\/mojomexico.company\/portal\/wp-json\/wp\/v2\/media\/5504"}],"wp:attachment":[{"href":"https:\/\/mojomexico.company\/portal\/wp-json\/wp\/v2\/media?parent=5503"}],"curies":[{"name":"wp","href":"https:\/\/api.w.org\/{rel}","templated":true}]}}