{"id":5582,"date":"2020-03-03T17:10:18","date_gmt":"2020-03-03T22:10:18","guid":{"rendered":""},"modified":"2024-08-10T00:23:00","modified_gmt":"2024-08-10T05:23:00","slug":"conexion-intelisis-erp-con-magento","status":"publish","type":"product","link":"https:\/\/mojomexico.company\/portal\/producto\/conexion-intelisis-erp-con-magento\/","title":{"rendered":"Conexion Intelisis ERP con Magento"},"content":{"rendered":"<p><a href=\"https:\/\/mojomexico.company\/portal\/producto\/conexion-intelisis-erp-con-magento\/caja-intelisis\/\" rel=\"attachment wp-att-6013\"><img alt=\"\" loading=\"lazy\" decoding=\"async\" data-attachment-id=\"6013\" data-permalink=\"https:\/\/mojomexico.company\/portal\/?attachment_id=6013\" data-orig-file=\"https:\/\/i2.wp.com\/mojomexico.company\/portal\/wp-content\/uploads\/2018\/09\/caja-intelisis.png?fit=369%2C395&amp;ssl=1\" data-orig-size=\"369,395\" data-comments-opened=\"1\" data-image-meta=\"{&quot;aperture&quot;:&quot;0&quot;,&quot;credit&quot;:&quot;&quot;,&quot;camera&quot;:&quot;&quot;,&quot;caption&quot;:&quot;&quot;,&quot;created_timestamp&quot;:&quot;0&quot;,&quot;copyright&quot;:&quot;&quot;,&quot;focal_length&quot;:&quot;0&quot;,&quot;iso&quot;:&quot;0&quot;,&quot;shutter_speed&quot;:&quot;0&quot;,&quot;title&quot;:&quot;&quot;,&quot;orientation&quot;:&quot;0&quot;}\" data-image-title=\"caja-intelisis\" data-image-description=\"\" data-medium-file=\"https:\/\/i2.wp.com\/mojomexico.company\/portal\/wp-content\/uploads\/2018\/09\/caja-intelisis.png?fit=250%2C268&amp;ssl=1\" data-large-file=\"https:\/\/i2.wp.com\/mojomexico.company\/portal\/wp-content\/uploads\/2018\/09\/caja-intelisis.png?fit=369%2C395&amp;ssl=1\" class=\"alignleft size-medium wp-image-6013\" src=\"https:\/\/i2.wp.com\/mojomexico.company\/portal\/wp-content\/uploads\/2018\/09\/caja-intelisis.png?resize=250%2C268&#038;ssl=1\" alt=\"\" width=\"250\" height=\"268\" srcset=\"https:\/\/i2.wp.com\/mojomexico.company\/portal\/wp-content\/uploads\/2018\/09\/caja-intelisis.png?resize=250%2C268&amp;ssl=1 250w, https:\/\/i2.wp.com\/mojomexico.company\/portal\/wp-content\/uploads\/2018\/09\/caja-intelisis.png?resize=120%2C128&amp;ssl=1 120w, https:\/\/i2.wp.com\/mojomexico.company\/portal\/wp-content\/uploads\/2018\/09\/caja-intelisis.png?w=369&amp;ssl=1 369w\" sizes=\"(max-width: 250px) 100vw, 250px\" data-recalc-dims=\"1\" \/><\/a>Plugin Conexion de tienda MAGENTO CE y EE versiones 1 Y 2 con Sistema ERP INTELISIS utilizando los servicios de Webservice entre ambos ambientes,\u00a0 permite la transmisi\u00f3n inmediata de datos como : ordenes generadas en la tienda MAGENTO se Integre de forma automatica (en linea) en el\u00a0 ERP, actualizaci\u00f3n de Inventarios desde ERP y en automatico se replica en la tienda Magento, pagos, pedidos, etc. Segun los recursos que sean otorgados por el sistema ERP Intelisis, Cada Acci\u00f3n se Agrega de Forma extra al precio aqui mismo en los cuadros anexos<\/p>\n<p>Nuestro plugin se inserta de forma natural por la zona de Plugins en Magento y ahi mismo se puede administrar\u00a0 y ejecutar acciones de mantenimiento normal.<\/p>\n<p>Este producto se vende POR LICENCIA-TIENDA, una por cada producto y debe ser PERSONALIZADO tanto por la VERSION INTELISIS (es necesario que nos copies tu version por mail) y por tu version Magento. El periodo de creaci\u00f3n y entrega de tu Conector ZIP Original puede tardar 10 dias como minimo.<\/p>\n<p>El precio mostrado es precio base y se requieren cargos extras por acciones extras segun la necesidad de cada VERSION DE TIENDA MAGENTO. Se ofrece una GUIA DE INSTALACION GRATIS que podr\u00e1s seguir f\u00e1cilmente, adicional el soporte Ilimitado gratis por ticket durante las 3 primeras semanas; cualquier servicio extra de soporte como la conexion remota requiere ser contratada como servicio extra, busca este servicio aqui en nuestro catalogo de \u00abservicios mojomexico conexion erp\u00bb.<\/p>\n<p><strong>Que estoy comprando?<\/strong><\/p>\n<p>Al comprar nuestro producto, estas adquiriendo el derecho de uso de nuestro producto por dominio-tienda en forma de Una Licencia\u00a0 (puede adquirir varias licencias si manejas multitiendas) solo para el dominio \u00f3 dominios que registras en tu compra.<\/p>\n<p>Solo se entregan programas compilados sin opci\u00f3n a modificar m\u00e1s que por el personal calificado de Mojomexico y solo podr\u00e1 ser usado para el dominio-tienda registrado. El descuento en multitiendas es del 35% de la segunda hasta 99 licencias.<\/p>\n<p><strong>Qu\u00e9 pasa si Magento o Intelisis\u00a0 cambian de versi\u00f3n ?<\/strong><\/p>\n<p>Nuestro conector est\u00e1 fabricado bajo los est\u00e1ndarles de Calidad para ser compatible con las versiones Magento desde la 1,x y 2.x , pero siempre existe una posibilidad de que se presente una incompatibilidad futura. En todo caso, Mojomexico brindar\u00e1 la actualizaci\u00f3n inmediata si e\u015bte efecto se presenta dentro de los primeros 30 d\u00edas posterior a su compra SIN COSTO ADICIONAL . En el caso de Intelisis\u00a0 se sujeta a las mismas condiciones.<\/p>\n<p>Si posterior a \u00e9ste tiempo hay cambios y \u00e9sto invalida el funcionamiento de nuestro conector, en \u00e9ste caso el CLIENTE DEBER\u00c1 PAGAR la actualizaci\u00f3n- ajuste de nuestro programa seg\u00fan sea el caso y el tiempo de servicio a invertir por nuestro personal t\u00e9cnico a tarifa preferencial.<\/p>\n<p><strong>Tengo que pagar anualidades \u00f3 comisiones por usar su producto?<\/strong><\/p>\n<p>NO,pero debe adquirir la POLIZA DE MANTENIMIENTO ANUAL que va a garantizar que nuestro producto siempre\u00a0 est\u00e9 funcionando correctamente.<\/p>\n<p><strong>C\u00f3mo es el proceso de instalaci\u00f3n?<\/strong><\/p>\n<p>Nosotros te incluimos asistencia\u00a0 Remota para aplicar pruebas de sincronizacion. Pero es importante tener en cuenta que los EVENTO DE CONFIGURACION MICROSOFT IIS NO ESTAN INCLUIDOS\u00a0 y deberan de ser agregados como servicio extra en caso de requerirlos.<\/p>\n<p>Despu\u00e9s de recibir el pago: Nuestro equipo de Contabilidad verifica y genera un TICKET ESPECIAL DE SERVICIO que te va a llegar en autom\u00e1tico al mail que nos indicas en tu orden, ahi se anexan las INSTRUCCIONES completas del proceso antes y despues de nuestra intervenci\u00f3n, es importante esperar \u00e9ste ticket y evitar enviar cualquier llave o clave de acceso antes de recibirlo y siempre deber\u00e1 ser por medio de nuestro sistema de ticket para preservar la seguridad y evitar violaciones de seguridad de su tienda web.<\/p>\n<p><strong>Que garant\u00eda tengo?<\/strong><\/p>\n<p>Nosotros te estamos ofreciendo UN A\u00d1O de garant\u00eda y soporte gratis por cualquier falla propia de nuestro producto, La garant\u00eda NO INCLUYE fallas propias del MOTOR WEB (ya sea magento o prestashop o woocommerce o cualquier otro) propias del software codigo y conflictos que se presenten entre programas; asi tampoco las fallas provocadas por Su Proveedor de Servicio Hosting ya que nosotros hemos detectado que muchos de los conflictos que se pueden presentar son fallas de limitaci\u00f3n de servicios y recursos que su proveedor hosting no le ofrece o desconoce para el servicio de tiendas web profesionales.En \u00e9stos casos nuestro servicio de garant\u00eda se limitar\u00e1 a indicar de forma basica las posibles causas de las fallas y posibles soluciones sin obligaci\u00f3n de nuestra parte dar soluci\u00f3n\u00a0 para el correcto funcionamiento de\u00a0 nuestro producto en su tienda.<\/p>\n<p><b>C\u00f3mo puedo ordenar este producto ahora?<\/b><\/p>\n<p>carga el producto a tu carrito de compra y haz tu cierre de compra,<\/p>\n<p>Los precios est\u00e1n expresados en Pesos Mexicanos\u00a0ya incluyen iva y se le entrega una factura Fiscal 100% deducible.<\/p>\n<p><strong>Que sigue despues de mi hacer mi pago ?<\/strong><\/p>\n<p>Si su pago es por CLABE o deposito directo, es necesario que envie su notificacion de pago a contabilidad@mojomexico.com.mx; en el caso de pago por tarjeta no es necesario. Cuando se detecte su pago, nuestro equipo t\u00e9cnico le va a ENVIAR UN TICKET DE SERVICIO especial directo a su mail con las instrucciones precisas para iniciar la programaci\u00f3n y seguimiento de la instalaci\u00f3n por nuestro equipo mojomexico team.<\/p>\n<p>&nbsp;<\/p>\n<p>&nbsp;<\/p>\n","protected":false},"excerpt":{"rendered":"<div>\n<blockquote><p><a href=\"https:\/\/mojomexico.company\/portal\/producto\/conexion-intelisis-erp-con-magento\/caja-intelisis\/\" rel=\"attachment wp-att-6013\"><img alt=\"\" loading=\"lazy\" decoding=\"async\" class=\"alignleft size-medium wp-image-6013\" src=\"https:\/\/mojomexico.company\/portal\/wp-content\/uploads\/2018\/09\/caja-intelisis-250x268.png\" alt=\"\" width=\"250\" height=\"268\" srcset=\"https:\/\/i2.wp.com\/mojomexico.company\/portal\/wp-content\/uploads\/2018\/09\/caja-intelisis.png?resize=250%2C268&amp;ssl=1 250w, https:\/\/i2.wp.com\/mojomexico.company\/portal\/wp-content\/uploads\/2018\/09\/caja-intelisis.png?resize=120%2C128&amp;ssl=1 120w, https:\/\/i2.wp.com\/mojomexico.company\/portal\/wp-content\/uploads\/2018\/09\/caja-intelisis.png?w=369&amp;ssl=1 369w\" sizes=\"(max-width: 250px) 100vw, 250px\" \/><\/a>Conexion de tienda Magento (m1 o M2 versiones CE Y EE)\u00a0 con Sistema ERP Intelisis utilizando los servicios de Webservice entre ambos ambientes por Webservice.<\/p>\n<p><span class=\"Apple-style-span\">En el precio incluye GUIA DE CONFIGURACION para su instalacion, soporte TICKET 24 horas por 6 meses ilimitado, y Una visita programada fisica (solo CDMX) sin cargo para verificacion de campo (se sugiere). El precio especial para agregar servicios de asistencia tecnica en sitio en caso de ser necesario,<\/span><\/p>\n<p>Se sugiere que adquieran una POLIZA SW MANTENIMIENTO anual para recibir las constantes actualizaciones y ajustes futuros<\/p>\n<p>&nbsp;<\/p>\n<p>&nbsp;<\/p><\/blockquote>\n<\/div>\n<p>.<\/p>\n<p>&nbsp;<\/p>\n","protected":false},"featured_media":6013,"template":"","meta":{"saved_in_kubio":false,"_seopress_robots_primary_cat":"","_seopress_titles_title":"","_seopress_titles_desc":"","_seopress_robots_index":"","spay_email":"","jetpack_publicize_message":""},"class_list":{"0":"post-5582","1":"product","2":"type-product","3":"status-publish","4":"has-post-thumbnail","6":"product_cat-api-marketplace","7":"product_cat-conexion-webservice-erp-mg","8":"product_cat-magento-ce","9":"product_cat-magento-ee","10":"product_cat-magento2-ce","11":"product_cat-php-laravel","12":"product_tag-erp-magento","13":"product_tag-intelisis-magento","14":"product_tag-magento2-intelisis","16":"first","17":"instock","18":"virtual","19":"taxable","20":"purchasable","21":"product-type-simple"},"jetpack_publicize_connections":[],"jetpack_sharing_enabled":true,"jetpack-related-posts":[],"_links":{"self":[{"href":"https:\/\/mojomexico.company\/portal\/wp-json\/wp\/v2\/product\/5582","targetHints":{"allow":["GET"]}}],"collection":[{"href":"https:\/\/mojomexico.company\/portal\/wp-json\/wp\/v2\/product"}],"about":[{"href":"https:\/\/mojomexico.company\/portal\/wp-json\/wp\/v2\/types\/product"}],"wp:featuredmedia":[{"embeddable":true,"href":"https:\/\/mojomexico.company\/portal\/wp-json\/wp\/v2\/media\/6013"}],"wp:attachment":[{"href":"https:\/\/mojomexico.company\/portal\/wp-json\/wp\/v2\/media?parent=5582"}],"curies":[{"name":"wp","href":"https:\/\/api.w.org\/{rel}","templated":true}]}}