{"id":5908,"date":"2019-03-11T17:15:13","date_gmt":"2019-03-11T22:15:13","guid":{"rendered":"https:\/\/mojomexico.company\/portal\/producto\/app-aio-y-android-para-tiendas-prestashop\/"},"modified":"2026-05-12T13:28:46","modified_gmt":"2026-05-12T19:28:46","slug":"app-aio-y-android-para-tiendas-prestashop","status":"publish","type":"product","link":"https:\/\/mojomexico.company\/portal\/producto\/app-aio-y-android-para-tiendas-prestashop\/","title":{"rendered":"APP Android IOS especial ERP"},"content":{"rendered":"<p>[symple_tabgroup]<\/p>\n<p>[symple_tab title=\u00bbDesarrollo de APP Negocios\u00bb]<\/p>\n<p><a href=\"https:\/\/mojomexico.company\/portal\/app-portada-6401-2r\/\"><img alt=\"\" loading=\"lazy\" decoding=\"async\" data-attachment-id=\"8000\" data-permalink=\"https:\/\/mojomexico.company\/portal\/?attachment_id=8000\" data-orig-file=\"https:\/\/i0.wp.com\/mojomexico.company\/portal\/wp-content\/uploads\/2024\/02\/app-portada-6401-2R.jpg?fit=542%2C542&amp;ssl=1\" data-orig-size=\"542,542\" data-comments-opened=\"1\" data-image-meta=\"{&quot;aperture&quot;:&quot;0&quot;,&quot;credit&quot;:&quot;&quot;,&quot;camera&quot;:&quot;&quot;,&quot;caption&quot;:&quot;&quot;,&quot;created_timestamp&quot;:&quot;0&quot;,&quot;copyright&quot;:&quot;&quot;,&quot;focal_length&quot;:&quot;0&quot;,&quot;iso&quot;:&quot;0&quot;,&quot;shutter_speed&quot;:&quot;0&quot;,&quot;title&quot;:&quot;&quot;,&quot;orientation&quot;:&quot;1&quot;}\" data-image-title=\"app-portada-6401-2R\" data-image-description=\"\" data-medium-file=\"https:\/\/i0.wp.com\/mojomexico.company\/portal\/wp-content\/uploads\/2024\/02\/app-portada-6401-2R.jpg?fit=300%2C300&amp;ssl=1\" data-large-file=\"https:\/\/i0.wp.com\/mojomexico.company\/portal\/wp-content\/uploads\/2024\/02\/app-portada-6401-2R.jpg?fit=542%2C542&amp;ssl=1\" class=\"aligncenter size-full wp-image-8000\" src=\"https:\/\/i0.wp.com\/mojomexico.company\/portal\/wp-content\/uploads\/2024\/02\/app-portada-6401-2R.jpg?resize=542%2C542&#038;ssl=1\" alt=\"\" width=\"542\" height=\"542\" srcset=\"https:\/\/i0.wp.com\/mojomexico.company\/portal\/wp-content\/uploads\/2024\/02\/app-portada-6401-2R.jpg?w=542&amp;ssl=1 542w, https:\/\/i0.wp.com\/mojomexico.company\/portal\/wp-content\/uploads\/2024\/02\/app-portada-6401-2R.jpg?resize=300%2C300&amp;ssl=1 300w, https:\/\/i0.wp.com\/mojomexico.company\/portal\/wp-content\/uploads\/2024\/02\/app-portada-6401-2R.jpg?resize=150%2C150&amp;ssl=1 150w, https:\/\/i0.wp.com\/mojomexico.company\/portal\/wp-content\/uploads\/2024\/02\/app-portada-6401-2R.jpg?resize=500%2C500&amp;ssl=1 500w, https:\/\/i0.wp.com\/mojomexico.company\/portal\/wp-content\/uploads\/2024\/02\/app-portada-6401-2R.jpg?resize=100%2C100&amp;ssl=1 100w\" sizes=\"(max-width: 542px) 100vw, 542px\" data-recalc-dims=\"1\" \/><\/a><\/p>\n<p>[ct_feature title=\u00bbEL MEJOR PLAN DE APP\u00bb icon=\u00bb\u00bb color=\u00bb#FFFFFF\u00bb background=\u00bb#666666&#8243; gradient=\u00bb#444444&#8243; image=\u00bb\u00bb style=\u00bbnormal\u00bb ]<\/p>\n<p>Creaci\u00f3n y Desarrollo de APP Personal y de Negocio totalmente VINCULADA CON EL ERP DE CUALQUIER MAYORISTA Cualquier version, tu futura audiencia podr\u00e1 ver y gestionar tus productos directo del Catalogo Prestashop como vinculo dentro de una zona de la APP.<\/p>\n<p>Para que siempre TU APP est\u00e9 en perfecta sincron\u00eda y cuentes con el RESPALDO\u00a0 24 horas todo el a\u00f1o a\u00a0 cualquier problema de desconexi\u00f3n con tu APP, arma tu Plan con las opciones que tenemos en las casillas o pregunta por Chat siempre hay asistencia en linea para resolver tus dudas.<\/p>\n<p>Nuestro servicio incluye desarrollo de 1 VERSION para publicarse en GooglePlay o en forma Privada, tu escoges<\/p>\n<div class=\"gmail_default\">\n<div><span class=\"gmail_default\">incluye:<\/span><\/div>\n<div><span class=\"gmail_default\">1.- Desarrollo Profesional que hace la vinculaci\u00f3n de cualquier ERP como la API MAYORISTAS con el Catalogo, Promociones, tipos de cambio a aplicar en compra , COTIZACION AL MOMENTO y muchas opciones exclusivas que solo Mojomexico puede ofrecer; podr\u00e1n vender y gestionar los pagos directo en la tienda Web. Este servicio NO incluye CPanel Administraci\u00f3n.<br \/>\n<\/span><\/div>\n<div><span class=\"gmail_default\">3.- La APP estar\u00e1 disponible para ser descargado directo dentro de la Suite de GPlay para Android y ApPlay de Apple en forma de\u00a0 codigo Nativo ejecutable.<br \/>\n<\/span><\/div>\n<div><span class=\"gmail_default\">4.- Primera Anualidad de Activacion en GPlay y AppPlay<\/span><\/div>\n<div><a href=\"https:\/\/mojomexico.company\/portal\/syscom-app-640-2mr\/\"><img alt=\"\" loading=\"lazy\" decoding=\"async\" data-attachment-id=\"7999\" data-permalink=\"https:\/\/mojomexico.company\/portal\/?attachment_id=7999\" data-orig-file=\"https:\/\/i2.wp.com\/mojomexico.company\/portal\/wp-content\/uploads\/2024\/02\/syscom-app-640-2MR.png?fit=542%2C542&amp;ssl=1\" data-orig-size=\"542,542\" data-comments-opened=\"1\" data-image-meta=\"{&quot;aperture&quot;:&quot;0&quot;,&quot;credit&quot;:&quot;&quot;,&quot;camera&quot;:&quot;&quot;,&quot;caption&quot;:&quot;&quot;,&quot;created_timestamp&quot;:&quot;0&quot;,&quot;copyright&quot;:&quot;&quot;,&quot;focal_length&quot;:&quot;0&quot;,&quot;iso&quot;:&quot;0&quot;,&quot;shutter_speed&quot;:&quot;0&quot;,&quot;title&quot;:&quot;&quot;,&quot;orientation&quot;:&quot;0&quot;}\" data-image-title=\"syscom-app-640-2MR\" data-image-description=\"\" data-medium-file=\"https:\/\/i2.wp.com\/mojomexico.company\/portal\/wp-content\/uploads\/2024\/02\/syscom-app-640-2MR.png?fit=300%2C300&amp;ssl=1\" data-large-file=\"https:\/\/i2.wp.com\/mojomexico.company\/portal\/wp-content\/uploads\/2024\/02\/syscom-app-640-2MR.png?fit=542%2C542&amp;ssl=1\" class=\"aligncenter size-full wp-image-7999\" src=\"https:\/\/i2.wp.com\/mojomexico.company\/portal\/wp-content\/uploads\/2024\/02\/syscom-app-640-2MR.png?resize=542%2C542&#038;ssl=1\" alt=\"\" width=\"542\" height=\"542\" srcset=\"https:\/\/i2.wp.com\/mojomexico.company\/portal\/wp-content\/uploads\/2024\/02\/syscom-app-640-2MR.png?w=542&amp;ssl=1 542w, https:\/\/i2.wp.com\/mojomexico.company\/portal\/wp-content\/uploads\/2024\/02\/syscom-app-640-2MR.png?resize=300%2C300&amp;ssl=1 300w, https:\/\/i2.wp.com\/mojomexico.company\/portal\/wp-content\/uploads\/2024\/02\/syscom-app-640-2MR.png?resize=150%2C150&amp;ssl=1 150w, https:\/\/i2.wp.com\/mojomexico.company\/portal\/wp-content\/uploads\/2024\/02\/syscom-app-640-2MR.png?resize=500%2C500&amp;ssl=1 500w, https:\/\/i2.wp.com\/mojomexico.company\/portal\/wp-content\/uploads\/2024\/02\/syscom-app-640-2MR.png?resize=100%2C100&amp;ssl=1 100w\" sizes=\"(max-width: 542px) 100vw, 542px\" data-recalc-dims=\"1\" \/><\/a><\/div>\n<div><a href=\"https:\/\/mojomexico.company\/portal\/?attachment_id=8001\" rel=\"attachment wp-att-8001\"><img alt=\"\" loading=\"lazy\" decoding=\"async\" data-attachment-id=\"8001\" data-permalink=\"https:\/\/mojomexico.company\/portal\/?attachment_id=8001\" data-orig-file=\"https:\/\/i0.wp.com\/mojomexico.company\/portal\/wp-content\/uploads\/2019\/03\/cva-app-640-2MR.jpg?fit=542%2C542&amp;ssl=1\" data-orig-size=\"542,542\" data-comments-opened=\"1\" data-image-meta=\"{&quot;aperture&quot;:&quot;0&quot;,&quot;credit&quot;:&quot;&quot;,&quot;camera&quot;:&quot;&quot;,&quot;caption&quot;:&quot;&quot;,&quot;created_timestamp&quot;:&quot;0&quot;,&quot;copyright&quot;:&quot;&quot;,&quot;focal_length&quot;:&quot;0&quot;,&quot;iso&quot;:&quot;0&quot;,&quot;shutter_speed&quot;:&quot;0&quot;,&quot;title&quot;:&quot;&quot;,&quot;orientation&quot;:&quot;1&quot;}\" data-image-title=\"cva-app-640-2MR\" data-image-description=\"\" data-medium-file=\"https:\/\/i0.wp.com\/mojomexico.company\/portal\/wp-content\/uploads\/2019\/03\/cva-app-640-2MR.jpg?fit=300%2C300&amp;ssl=1\" data-large-file=\"https:\/\/i0.wp.com\/mojomexico.company\/portal\/wp-content\/uploads\/2019\/03\/cva-app-640-2MR.jpg?fit=542%2C542&amp;ssl=1\" class=\"aligncenter size-full wp-image-8001\" src=\"https:\/\/i0.wp.com\/mojomexico.company\/portal\/wp-content\/uploads\/2019\/03\/cva-app-640-2MR.jpg?resize=542%2C542&#038;ssl=1\" alt=\"\" width=\"542\" height=\"542\" srcset=\"https:\/\/i0.wp.com\/mojomexico.company\/portal\/wp-content\/uploads\/2019\/03\/cva-app-640-2MR.jpg?w=542&amp;ssl=1 542w, https:\/\/i0.wp.com\/mojomexico.company\/portal\/wp-content\/uploads\/2019\/03\/cva-app-640-2MR.jpg?resize=300%2C300&amp;ssl=1 300w, https:\/\/i0.wp.com\/mojomexico.company\/portal\/wp-content\/uploads\/2019\/03\/cva-app-640-2MR.jpg?resize=150%2C150&amp;ssl=1 150w, https:\/\/i0.wp.com\/mojomexico.company\/portal\/wp-content\/uploads\/2019\/03\/cva-app-640-2MR.jpg?resize=500%2C500&amp;ssl=1 500w, https:\/\/i0.wp.com\/mojomexico.company\/portal\/wp-content\/uploads\/2019\/03\/cva-app-640-2MR.jpg?resize=100%2C100&amp;ssl=1 100w\" sizes=\"(max-width: 542px) 100vw, 542px\" data-recalc-dims=\"1\" \/><\/a><\/div>\n<\/div>\n<p>&nbsp;<\/p>\n<p>[\/symple_tab]<\/p>\n<p>[symple_tab title=\u00bbPreguntas y Garantia\u00bb]<\/p>\n<p><strong>Qu\u00e9 estoy comprando ?<\/strong><\/p>\n<div><span class=\"gmail_default\">incluye:<\/span><\/div>\n<div><span class=\"gmail_default\">1.- Desarrollo Basico semi Profesional que hace la vinculaci\u00f3n de la Tienda Prestashop para la disposicion de Catalogo , en donde podr\u00e1n vender y gestionar los pagos directo en la tienda Web. Este servicio NO incluye CPanel Administraci\u00f3n.<br \/>\n<\/span><\/div>\n<div><span class=\"gmail_default\">3.- La APP estar\u00e1 disponible para ser descargado directo dentro de la Suite de GPlay para Android Nativo ejecutable.<br \/>\n<\/span><\/div>\n<div><span class=\"gmail_default\">4.- Primera Anualidad de Activacion en GPlay\u00a0<\/span><\/div>\n<p>El derecho a usar y disfrutar Una version de APP especial y Unica para tu Negocio-Empresa-Marca desarrollada por nuestro equipo t\u00e9cnico y creada en codigo SDK nativo para ser compatible 100% con GooglePlay y ApplePlay (y otros sobre pedido); solo vas a recibir una VERSION COMPILADA PERFECTAMENTE INSTALADA EN LA NUBE INTERNET (solo modificable por Mojomexico team) bajo los terminos de comercializaci\u00f3n aqui descritos.\u00a0 Tu APP estar\u00e1 DISPNIBLE en el Market de APP de tu dispositivo Mobil y f\u00e1cilmente descargable como cualquier APP.<\/p>\n<p><strong>Porque Tengo que Pagar UNA PROPAGACION ANUAL Y OTROS CARGOS ?<\/strong><\/p>\n<p>La propagaci\u00f3n sirve para que tus Clientes y Contactos puedan Instalar en sus Medios Moviles como Tables, Iphone, tu APP personal o de Negocio y es una tarifa que GoogleAPP establece\u00a0 m\u00e1s el Mantenimiento minimo que Mojomexico te bridar\u00e1 ilimitadamente todo el mes, asi tambi\u00e9n si quieres que tu APP est\u00e9 presente en el Catalogo APP-Store entonces deber\u00e1s pagar la Inscripci\u00f3n Anual, tu decides.<\/p>\n<p><strong>En mi paquete APP Web tengo Apoyo para Solucionar cualquier problema o actualizar?<\/strong><\/p>\n<p>Las APP con una herramienta de promoci\u00f3n din\u00e1mica que sirve para Incentivar m\u00e1s tus ventas con campa\u00f1as de marketing directo, push-on, codigos de promocion etc. Si es importante que en tu plan que contrates pienses en incluir \u00e9ste servicio que te ser\u00e1 proporcionado de forma limitada por el equipo Mojomexico.<\/p>\n<p>&nbsp;<\/p>\n<p><strong>MI APP puedo actualizar- autoadministrar sin ninguna intervenci\u00f3n ?<\/strong><\/p>\n<p>Contamos con los planes a tu medida, el basico es dejar que el equipo Mojomexico adminstre tu APP todo el tiempo \u00f3 el PLATINO en donde te damos la libertad de CPANEL para que actives tantas versiones como quieras (cada nueva version tendr\u00e1 un cargo extra minimo).<\/p>\n<p>&nbsp;<\/p>\n<p><strong>Puedo INTEGRAR MI ERP (sae, sap, oddo, inventpaq, microsip, webvillanett&#8230;etc) por Soap REST en mi APP ?<\/strong><\/p>\n<p>Si, en Mojomexico somos expertos en la conexi\u00f3n e integraci\u00f3n de Aplicaciones de Negocios para que puedas llevar toda tu operaci\u00f3n en el mobil de tus empleados, vendedores, clientes y proveedores, asi estar\u00e1s siempre al dia integrando toda tu operaci\u00f3n y tus ventas crecer\u00e1n exponencialmente.<br \/>\n<strong>C\u00f3mo puedo contratar ?<\/strong><\/p>\n<p>S\u00f3lo termina de seleccionar todos los servicios listados aqui\u00a0 (a precio especial, ya que por separado son precios m\u00e1s elevados). Carga a carrito y termina tu orden, al final recibir\u00e1s las instrucciones precisas para hacer tu PAGO BANCARIO .<\/p>\n<p>[\/symple_tab]<br \/>\n[\/symple_tabgroup]<\/p>\n<p>&nbsp;<\/p>\n","protected":false},"excerpt":{"rendered":"<p><a href=\"https:\/\/mojomexico.company\/portal\/?attachment_id=8000\" rel=\"attachment wp-att-8000\"><img alt=\"\" loading=\"lazy\" decoding=\"async\" class=\"size-full wp-image-8000 alignleft\" src=\"https:\/\/mojomexico.company\/portal\/wp-content\/uploads\/2024\/02\/app-portada-6401-2R.jpg\" alt=\"\" width=\"542\" height=\"542\" srcset=\"https:\/\/i0.wp.com\/mojomexico.company\/portal\/wp-content\/uploads\/2024\/02\/app-portada-6401-2R.jpg?w=542&amp;ssl=1 542w, https:\/\/i0.wp.com\/mojomexico.company\/portal\/wp-content\/uploads\/2024\/02\/app-portada-6401-2R.jpg?resize=300%2C300&amp;ssl=1 300w, https:\/\/i0.wp.com\/mojomexico.company\/portal\/wp-content\/uploads\/2024\/02\/app-portada-6401-2R.jpg?resize=150%2C150&amp;ssl=1 150w, https:\/\/i0.wp.com\/mojomexico.company\/portal\/wp-content\/uploads\/2024\/02\/app-portada-6401-2R.jpg?resize=500%2C500&amp;ssl=1 500w, https:\/\/i0.wp.com\/mojomexico.company\/portal\/wp-content\/uploads\/2024\/02\/app-portada-6401-2R.jpg?resize=100%2C100&amp;ssl=1 100w\" sizes=\"(max-width: 542px) 100vw, 542px\" \/><\/a>Articulo desarrollado y hecho a la medida. Arma el MODELO para tu Negocio o Empresa segun las necesidades de tu negocio .<\/p>\n<div><span class=\"gmail_default\">incluye:<\/span><\/div>\n<div><span class=\"gmail_default\">1.- Desarrollo Basico semi Profesional que hace la vinculaci\u00f3n de la Tienda Prestashop para la disposicion de Catalogo , en donde podr\u00e1n vender y gestionar los pagos directo en la tienda Web. Este servicio NO incluye CPanel Administraci\u00f3n.<br \/>\n<\/span><\/div>\n<div><span class=\"gmail_default\">3.- La APP estar\u00e1 disponible para ser descargado directo dentro de la Suite de GPlay para Android en forma de\u00a0 codigo Nativo ejecutable.<br \/>\n<\/span><\/div>\n<div><span class=\"gmail_default\">4.- Primera Anualidad de Activacion en GPlay<\/span><\/div>\n<p>Nuestros desarrollos son Libres de Anuncios, Libres de Descargas desde los moviles de tu Mercado y directo desde GooglePlay<\/p>\n<p>Nuestro servicio incluye sporte tecnico ilimitado por un a\u00f1o y la instalaci\u00f3n en GooglePlay\u00a0 para descarga f\u00e1cil por el Market\u00a0 de tu movil<\/p>\n<p>&nbsp;<\/p>\n","protected":false},"featured_media":7999,"template":"","meta":{"saved_in_kubio":false,"_seopress_robots_primary_cat":"","_seopress_titles_title":"","_seopress_titles_desc":"","_seopress_robots_index":"","spay_email":"","jetpack_publicize_message":""},"class_list":{"0":"post-5908","1":"product","2":"type-product","3":"status-publish","4":"has-post-thumbnail","6":"product_cat-ios-android-app","7":"product_tag-app-googleplay","8":"product_tag-app-gym","9":"product_tag-app-ios-apple","10":"product_tag-app-negocio","11":"product_tag-app-restaurant","12":"product_tag-app-tienda","14":"first","15":"instock","16":"featured","17":"virtual","18":"taxable","19":"purchasable","20":"product-type-simple"},"jetpack_publicize_connections":[],"jetpack_sharing_enabled":true,"jetpack-related-posts":[],"_links":{"self":[{"href":"https:\/\/mojomexico.company\/portal\/wp-json\/wp\/v2\/product\/5908","targetHints":{"allow":["GET"]}}],"collection":[{"href":"https:\/\/mojomexico.company\/portal\/wp-json\/wp\/v2\/product"}],"about":[{"href":"https:\/\/mojomexico.company\/portal\/wp-json\/wp\/v2\/types\/product"}],"wp:featuredmedia":[{"embeddable":true,"href":"https:\/\/mojomexico.company\/portal\/wp-json\/wp\/v2\/media\/7999"}],"wp:attachment":[{"href":"https:\/\/mojomexico.company\/portal\/wp-json\/wp\/v2\/media?parent=5908"}],"curies":[{"name":"wp","href":"https:\/\/api.w.org\/{rel}","templated":true}]}}