{"id":6014,"date":"2019-05-10T11:51:17","date_gmt":"2019-05-10T16:51:17","guid":{"rendered":"https:\/\/mojomexico.company\/portal\/producto\/conexion-intelisis-erp-con-tienda-web\/"},"modified":"2025-04-17T08:11:46","modified_gmt":"2025-04-17T14:11:46","slug":"conexion-intelisis-erp-con-tienda-web","status":"publish","type":"product","link":"https:\/\/mojomexico.company\/portal\/producto\/conexion-intelisis-erp-con-tienda-web\/","title":{"rendered":"Conexion Intelisis ERP con Tienda Web"},"content":{"rendered":"<p><a href=\"https:\/\/mojomexico.company\/portal\/producto\/conexion-intelisis-erp-con-magento\/caja-intelisis\/\" rel=\"attachment wp-att-6013\"><img alt=\"\" loading=\"lazy\" decoding=\"async\" data-attachment-id=\"6013\" data-permalink=\"https:\/\/mojomexico.company\/portal\/?attachment_id=6013\" data-orig-file=\"https:\/\/i2.wp.com\/mojomexico.company\/portal\/wp-content\/uploads\/2018\/09\/caja-intelisis.png?fit=369%2C395&amp;ssl=1\" data-orig-size=\"369,395\" data-comments-opened=\"1\" data-image-meta=\"{&quot;aperture&quot;:&quot;0&quot;,&quot;credit&quot;:&quot;&quot;,&quot;camera&quot;:&quot;&quot;,&quot;caption&quot;:&quot;&quot;,&quot;created_timestamp&quot;:&quot;0&quot;,&quot;copyright&quot;:&quot;&quot;,&quot;focal_length&quot;:&quot;0&quot;,&quot;iso&quot;:&quot;0&quot;,&quot;shutter_speed&quot;:&quot;0&quot;,&quot;title&quot;:&quot;&quot;,&quot;orientation&quot;:&quot;0&quot;}\" data-image-title=\"caja-intelisis\" data-image-description=\"\" data-medium-file=\"https:\/\/i2.wp.com\/mojomexico.company\/portal\/wp-content\/uploads\/2018\/09\/caja-intelisis.png?fit=250%2C268&amp;ssl=1\" data-large-file=\"https:\/\/i2.wp.com\/mojomexico.company\/portal\/wp-content\/uploads\/2018\/09\/caja-intelisis.png?fit=369%2C395&amp;ssl=1\" class=\"alignleft size-medium wp-image-6013\" src=\"https:\/\/i2.wp.com\/mojomexico.company\/portal\/wp-content\/uploads\/2018\/09\/caja-intelisis.png?resize=250%2C268&#038;ssl=1\" alt=\"\" width=\"250\" height=\"268\" srcset=\"https:\/\/i2.wp.com\/mojomexico.company\/portal\/wp-content\/uploads\/2018\/09\/caja-intelisis.png?resize=250%2C268&amp;ssl=1 250w, https:\/\/i2.wp.com\/mojomexico.company\/portal\/wp-content\/uploads\/2018\/09\/caja-intelisis.png?resize=120%2C128&amp;ssl=1 120w, https:\/\/i2.wp.com\/mojomexico.company\/portal\/wp-content\/uploads\/2018\/09\/caja-intelisis.png?w=369&amp;ssl=1 369w\" sizes=\"(max-width: 250px) 100vw, 250px\" data-recalc-dims=\"1\" \/><\/a>Modulo Plugin de Conexion de tienda Web (a escoger solo versiones Prestashop y Woocommerce)\u00a0con Sistema ERP INTELISIS utilizando los servicios de Webservice entre ambos ambientes,\u00a0 permite la transmisi\u00f3n inmediata de datos como : ordenes generadas en la tienda \u00a0se Integre de forma automatica (en linea) en el\u00a0 ERP, actualizaci\u00f3n de Inventarios desde ERP y en automatico se replica en la tienda Web, pagos, pedidos, etc. Segun los recursos que sean otorgados por el sistema ERP Intelisis, Cada Acci\u00f3n se Agrega de Forma extra al precio aqui mismo en los cuadros anexos<\/p>\n<p>Nuestro plugin se inserta de forma natural por la zona de Plugins en Prestashop o Woocommerce y ahi mismo se puede administrar\u00a0 y ejecutar acciones de mantenimiento normal.<\/p>\n<p>Requiere ser Personalizado por cada Version Intelisis (importante que nos copies tu version) y Version de TiendaWeb, el tiempo estimado de Generacion de tu Licencia-Conexion es de 10 dias minimo.<\/p>\n<p>Gratis Guia De Instalaci\u00f3n incluida en la entrega de tu ZIP-Conector, si requieres m\u00e1s ayuda o soporte accesando via remota debes Adquirir este servicio extra, buscalo aqui como \u00abServicios Extras de Apoyo Conexion ERP\u00bb que tenemos publicado en la Categoria \u00abservicios mojomexico\u00bb.<\/p>\n<p>El precio mostrado es precio base y se requieren cargos extras por acciones extras segun la necesidad de cada tienda.<\/p>\n<p><strong>Que estoy comprando?<\/strong><\/p>\n<p>Al comprar nuestro producto, estas adquiriendo el derecho de uso de nuestro producto por dominio-tienda en forma de Una Licencia\u00a0 (puede adquirir varias licencias si manejas multitiendas) solo para el dominio \u00f3 dominios que registras en tu compra.<\/p>\n<p>Solo se entregan programas compilados sin opci\u00f3n a modificar m\u00e1s que por el personal calificado de Mojomexico y solo podr\u00e1 ser usado para el dominio-tienda registrado. El descuento en multitiendas es del 35% de la segunda hasta 99 licencias.<\/p>\n<p><strong>Qu\u00e9 pasa\u00a0 Intelisis\u00a0 cambian de versi\u00f3n o la tiend web ?<\/strong><\/p>\n<p>Nuestro conector est\u00e1 fabricado bajo los est\u00e1ndarles de Calidad para ser compatible con las versiones de la tienda Web\u00a0, pero siempre existe una posibilidad de que se presente una incompatibilidad futura. En todo caso, Mojomexico brindar\u00e1 la actualizaci\u00f3n inmediata si e\u015bte efecto se presenta dentro de los primeros 30 d\u00edas posterior a su compra SIN COSTO ADICIONAL . En el caso de Intelisis\u00a0 se sujeta a las mismas condiciones.<\/p>\n<p>Si posterior a \u00e9ste tiempo hay cambios y \u00e9sto invalida el funcionamiento de nuestro conector, en \u00e9ste caso el CLIENTE DEBER\u00c1 PAGAR la actualizaci\u00f3n- ajuste de nuestro programa seg\u00fan sea el caso y el tiempo de servicio a invertir por nuestro personal t\u00e9cnico a tarifa preferencial.<\/p>\n<p><strong>Tengo que pagar anualidades \u00f3 comisiones por usar su producto?<\/strong><\/p>\n<p>Es Opciona el PAGO DE POLIZA ANUAL , para continuar brindndo el servicio de\u00a0 Soporte y Actualizacion\u00a0 todo el a\u00f1o.<\/p>\n<p><strong>C\u00f3mo es el proceso de instalaci\u00f3n?<\/strong><\/p>\n<p>Nosotros te incluimos una GUIA DE CONFIGURACION Y OPERACION DEL USUARIO en tu compra. Tambien te asistimos en eventos programados para guiarte a la instalacion, pero si es importante aclarar que en casos de requerir acciones de configuracion SII MICROSOFT en tu equipo local o hosting cloud, esos eventos deben ser contratados extras al precio normal de este conector.<\/p>\n<p>Nuestros productos son Conexiones Avanzadas WEB para las nuevas versiones de las marcas de tiendas web que aqui listamos, y por su naturaleza requiere alta nivel t\u00e9cnico y de seguridad para soportar los enlaces HTTPS Y WEbSERVICE , etc. Por \u00e9sta razon es importante que cuentes con los requisitos minimos en tu tienda web: plan hosting Profesional (VPS o Server Dedicado como AWS de Amazon, HostMojomexico, CloudServer de Prestigio,..) .<\/p>\n<p><strong>Despu\u00e9s de hacer el pago que sigue ?<\/strong><\/p>\n<p>Nuestro equipo de Contabilidad verifica y genera un TICKET ESPECIAL DE SERVICIO que te va a llegar en autom\u00e1tico al mail que nos indicas en tu orden, ahi se anexan las INSTRUCCIONES completas para DESCARGAR TU PRODUCTO y que puedas instalar de forma facil en tu tienda y sistema sae.<\/p>\n<p><strong>Que garant\u00eda tengo?<\/strong><\/p>\n<p>Nosotros te estamos ofreciendo UN A\u00d1O de garant\u00eda y soporte gr\u00e1tis por cualquier falla propia de nuestro producto, pero si la falla es ajena a nuestro c\u00f3digo, ning\u00fan evento no est\u00e1 protegido, a menos que quieras adquirir nuestra p\u00f3liza de soporte y protecci\u00f3n para tu sistema.<\/p>\n<p>La garant\u00eda NO CUBRE fallas propias del MOTOR WEB (ya sea magento o prestashop o woocommerce o cualquier otro) propias del software codigo y conflictos que se presenten entre programas; asi tampoco las fallas provocadas por Su Proveedor de Servicio Hosting ya que nosotros hemos detectado que muchos de los conflictos que se pueden presentar son fallas de limitaci\u00f3n de servicios y recursos que su proveedor hosting no le ofrece o desconoce para el servicio de tiendas web profesionales.En \u00e9stos casos nuestro servicio de garant\u00eda se limitar\u00e1 a indicar de forma basica las posibles causas de las fallas y posibles soluciones sin obligaci\u00f3n de nuestra parte dar soluci\u00f3n para el correcto funcionamiento de nuestro producto en su tienda.<\/p>\n<p><strong>C\u00f3mo puedo ordenar este producto ahora?<\/strong><\/p>\n<p>carga el producto a tu carrito de compra y haz tu cierre de compra, sigue las instrucciones que se presentan en 2 clic puedes tener tu PEDIDO o COTIZACION automatica en tu mail en un Formato Perfectamente para presentar a tu director.<\/p>\n<p>Los precios est\u00e1n expresados en Pesos Mexicanos y se expide Factura Fiscal SAT 100% deducible de impuestos Mexicanos<\/p>\n<p>&nbsp;<\/p>\n","protected":false},"excerpt":{"rendered":"<div>\n<blockquote><p><a href=\"https:\/\/mojomexico.company\/portal\/producto\/conexion-intelisis-erp-con-magento\/caja-intelisis\/\" rel=\"attachment wp-att-6013\"><img alt=\"\" loading=\"lazy\" decoding=\"async\" class=\"alignleft size-medium wp-image-6013\" src=\"https:\/\/mojomexico.company\/portal\/wp-content\/uploads\/2018\/09\/caja-intelisis-250x268.png\" alt=\"\" width=\"250\" height=\"268\" srcset=\"https:\/\/i2.wp.com\/mojomexico.company\/portal\/wp-content\/uploads\/2018\/09\/caja-intelisis.png?resize=250%2C268&amp;ssl=1 250w, https:\/\/i2.wp.com\/mojomexico.company\/portal\/wp-content\/uploads\/2018\/09\/caja-intelisis.png?resize=120%2C128&amp;ssl=1 120w, https:\/\/i2.wp.com\/mojomexico.company\/portal\/wp-content\/uploads\/2018\/09\/caja-intelisis.png?w=369&amp;ssl=1 369w\" sizes=\"(max-width: 250px) 100vw, 250px\" \/><\/a>Conexion de tienda Web con Sistema Intelisis utilizando los servicios de Webservice entre ambos ambientes. La lista de servicios a consumir se anexan en tu seleccion aqui mismo.<\/p>\n<p><span class=\"Apple-style-span\">Gratis Guia De Instalaci\u00f3n incluida en la entrega de tu ZIP-Conector, si requieres m\u00e1s ayuda o soporte accesando via remota debes Adquirir este servicio extra, Tambien te asistimos en eventos programados para guiarte a la instalacion, pero si es importante aclarar que en casos de requerir acciones de configuracion SII MICROSOFT en tu equipo local o hosting cloud, esos eventos deben ser contratados extras .<\/span><\/p>\n<p>&nbsp;<\/p>\n<p>&nbsp;<\/p><\/blockquote>\n<\/div>\n<p>.<\/p>\n<p>&nbsp;<\/p>\n","protected":false},"featured_media":6013,"template":"","meta":{"saved_in_kubio":false,"_seopress_robots_primary_cat":"","_seopress_titles_title":"","_seopress_titles_desc":"","_seopress_robots_index":"","spay_email":"","jetpack_publicize_message":""},"class_list":{"0":"post-6014","1":"product","2":"type-product","3":"status-publish","4":"has-post-thumbnail","6":"product_cat-api-marketplace","7":"product_cat-conexion-webservice-erp","8":"product_cat-conexion-webservice-erp-ps","9":"product_cat-ios-android-app","10":"product_cat-php-laravel","11":"product_cat-prestashop","12":"product_cat-woocommerce-wordpress","13":"product_tag-erp-magento2","14":"product_tag-firebird","15":"product_tag-intelisis-prestashop","16":"product_tag-intelisis-woocommerce","17":"product_tag-intelisis-magento","18":"product_tag-magento2","19":"product_tag-sae-internet","20":"product_tag-sae-prestashop","21":"product_tag-sae-aspel","22":"product_tag-soap-prestashop","23":"product_tag-soap-woocommerce","24":"product_tag-webservice","26":"first","27":"instock","28":"sale","29":"virtual","30":"taxable","31":"purchasable","32":"product-type-simple"},"jetpack_publicize_connections":[],"jetpack_sharing_enabled":true,"jetpack-related-posts":[],"_links":{"self":[{"href":"https:\/\/mojomexico.company\/portal\/wp-json\/wp\/v2\/product\/6014","targetHints":{"allow":["GET"]}}],"collection":[{"href":"https:\/\/mojomexico.company\/portal\/wp-json\/wp\/v2\/product"}],"about":[{"href":"https:\/\/mojomexico.company\/portal\/wp-json\/wp\/v2\/types\/product"}],"wp:featuredmedia":[{"embeddable":true,"href":"https:\/\/mojomexico.company\/portal\/wp-json\/wp\/v2\/media\/6013"}],"wp:attachment":[{"href":"https:\/\/mojomexico.company\/portal\/wp-json\/wp\/v2\/media?parent=6014"}],"curies":[{"name":"wp","href":"https:\/\/api.w.org\/{rel}","templated":true}]}}