{"id":6312,"date":"2020-08-31T16:55:29","date_gmt":"2020-08-31T21:55:29","guid":{"rendered":""},"modified":"2022-06-24T23:40:31","modified_gmt":"2022-06-25T04:40:31","slug":"pasarela-de-pago-scotiabank-3d-woocommerce","status":"publish","type":"product","link":"https:\/\/mojomexico.company\/portal\/producto\/pasarela-de-pago-scotiabank-3d-woocommerce\/","title":{"rendered":"Pasarela de pago Scotiabank 3D Woocommerce"},"content":{"rendered":"<p>[symple_tabgroup]<br \/>\n[symple_tab title=\u00bbAplicaci\u00f3n\u00bb]<\/p>\n<p>&nbsp;<\/p>\n<p><a href=\"https:\/\/mojomexico.company\/portal\/producto\/pasarela-de-pago-scotiabank-3d-woocommerce\/caja-scotiabk1\/\" rel=\"attachment wp-att-6475\"><img alt=\"\" loading=\"lazy\" decoding=\"async\" data-attachment-id=\"6475\" data-permalink=\"https:\/\/mojomexico.company\/portal\/?attachment_id=6475\" data-orig-file=\"https:\/\/i0.wp.com\/mojomexico.company\/portal\/wp-content\/uploads\/2020\/03\/caja-scotiabk1.png?fit=369%2C395&amp;ssl=1\" data-orig-size=\"369,395\" data-comments-opened=\"1\" data-image-meta=\"{&quot;aperture&quot;:&quot;0&quot;,&quot;credit&quot;:&quot;&quot;,&quot;camera&quot;:&quot;&quot;,&quot;caption&quot;:&quot;&quot;,&quot;created_timestamp&quot;:&quot;0&quot;,&quot;copyright&quot;:&quot;&quot;,&quot;focal_length&quot;:&quot;0&quot;,&quot;iso&quot;:&quot;0&quot;,&quot;shutter_speed&quot;:&quot;0&quot;,&quot;title&quot;:&quot;&quot;,&quot;orientation&quot;:&quot;0&quot;}\" data-image-title=\"caja-scotiabk1\" data-image-description=\"\" data-medium-file=\"https:\/\/i0.wp.com\/mojomexico.company\/portal\/wp-content\/uploads\/2020\/03\/caja-scotiabk1.png?fit=250%2C268&amp;ssl=1\" data-large-file=\"https:\/\/i0.wp.com\/mojomexico.company\/portal\/wp-content\/uploads\/2020\/03\/caja-scotiabk1.png?fit=369%2C395&amp;ssl=1\" class=\"alignleft size-full wp-image-6475\" src=\"https:\/\/i0.wp.com\/mojomexico.company\/portal\/wp-content\/uploads\/2020\/03\/caja-scotiabk1.png?resize=369%2C395&#038;ssl=1\" alt=\"\" width=\"369\" height=\"395\" srcset=\"https:\/\/i0.wp.com\/mojomexico.company\/portal\/wp-content\/uploads\/2020\/03\/caja-scotiabk1.png?w=369&amp;ssl=1 369w, https:\/\/i0.wp.com\/mojomexico.company\/portal\/wp-content\/uploads\/2020\/03\/caja-scotiabk1.png?resize=250%2C268&amp;ssl=1 250w, https:\/\/i0.wp.com\/mojomexico.company\/portal\/wp-content\/uploads\/2020\/03\/caja-scotiabk1.png?resize=120%2C128&amp;ssl=1 120w\" sizes=\"(max-width: 369px) 100vw, 369px\" data-recalc-dims=\"1\" \/><\/a>Extensi\u00f3n\u00a0de pagos para la versi\u00f3n WooCommerce 3.x o mayor en\u00a0 Woocommerce\u00a0 \u00a0totalmente integrada al\u00a0c\u00f3digo\u00a0original en Backoffice y FrontOffice para recibir tarjetas de cr\u00e9dito y d\u00e9bito y procesar el pago directamente a su cuenta bancaria, todo esto de forma integral e Interno en la tienda WooCommerce bajo altas normas de seguridad que marca<strong>\u00a0SCOTIABANK 3D FIRST DATA.<\/strong><\/p>\n<p>Al comprar nuestro producto, \u00e9sto le d\u00e1 derecho al USO exclusivo de nuestro software como licencia para ser instalado por nuestro personal calificado en su \u00a0tienda \u00f3 tienda WooCommerce \/dominio, nosotros nos hacemos cargo de la instalaci\u00f3n y configuraci\u00f3n via remota en la tienda WooCommerce, al 100%. La pasarela de pago se integra a la lista estandar que presenta regularmente WooCommerce, en caso de \u00a0que su tienda utilice una plantilla especial para este proceso de pago, la integraci\u00f3n a dicha pasarela tendr\u00e1 un costo extra al precio marcado (estimable en cada caso) por horas de servicio adaptaci\u00f3n.<\/p>\n<p>Importante: \u00c9sta conexi\u00f3n requiere de la asistencia t\u00e9cnica para Plantillar el archivo FRONT-END desde la zona del Banco, por lo uqe que es opci\u00f3n adquirirlo , nuestra sugerencia es que lo adiciones a tu producto para recibir todo el soporte t\u00e9cnico de nuestros expertos.<\/p>\n<p><span style=\"font-size: 13px; line-height: 19px;\">Los precios est\u00e1n expresados en Pesos Mexicanos y son sin IVA, y en tu compra recibes la Factura Fiscal 100% deducible directo a tu mail.<br \/>\n<\/span><\/p>\n<p>Leer aqui mismo la seccion GARANTIA para saber mas del producto.<\/p>\n<p>[\/symple_tab]<br \/>\n[symple_tab title=\u00bbPreguntas Frecuentes y Garantia\u00bb]<\/p>\n<p><b>Que estoy comprando?<\/b><\/p>\n<p>Al comprar nuestro producto, estas adquiriendo el derecho de uso de nuestro producto por Licencia-dominio(una) ,puedes adquirir varias licencias para versiones multitienda.<\/p>\n<p>Solo se entregan programas compilados sin opci\u00f3n a modificar m\u00e1s que por el personal calificado de Mojomexico y solo podr\u00e1 ser usado para el dominio-tienda registrado. El descuento en multitiendas es del 35% de la segunda hasta 99 licencias.<\/p>\n<p><strong>Con \u00e9sta pasarela \u00a0puedo aceptar pagos con tarjetas Visa y Mastercard de \u00a0otros Bancos \u00f3 de cualquier Banco del Mundo?<\/strong><\/p>\n<p>SI, con una pasarela puedes aceptar TODAS las tarjetas Visa y Mastercard nacionales e internacionales, de cualquier pa\u00eds.<\/p>\n<p><strong>Puedo aceptar American Express en esta pasarela?<\/strong><\/p>\n<p>Solo tienes que pedir al Banco en el Contrato que te incluya esta conexion<\/p>\n<p>Puedo manejar planes de pago a meses diferidos?<\/p>\n<p>Para activar estas acciones en tu conector requieres agregar a tu compra nuestras extensiones\u00a0A MESES CON \/ SIN INTERES en las casillas que tenemos aqui mismo.<\/p>\n<p>&nbsp;<\/p>\n<p><b>Tengo que pagar anualidades \u00f3 comisiones por usar su producto?<\/b><\/p>\n<p>No, Nuestro producto no requiere anualidades ni comisiones por venta realizada, tu solo compras el producto y lo tienes de por vida para el dominio que destinaste. Todo el convenio de cobro y deposito a tu cuenta de cheques por tarjeta de cr\u00e9dito, es un arreglo de partes entre tu Banco Local y tu.<\/p>\n<p><b>C\u00f3mo es el proceso de instalaci\u00f3n?<\/b><\/p>\n<p>Nosotros te incluimos en el precio, la instalaci\u00f3n y sincronizaci\u00f3n al 100% via Remota (tu tienda tiene que estar en la nube internet), t\u00fa solo te preocupas en hacer la compra y nosotros nos encargamos de la instalaci\u00f3n, en donde se programa y se fija una vez consolidado tu pago, en un periodo m\u00e1ximo de 48 horas.<\/p>\n<p>Nuestro servicio gratis No cubre fallas por bloqueos o falta de recursos de tu SERVICIO HOSTING, en caso de presentarse estos motivos solo se reportan las causas y posibles soluciones de acuerdo a nuestra experiencia; es posible contratar como servicio extra por horas nuestros servicios tecnicos aqui mismo en caso de requerirlo.<\/p>\n<p><b>Que garant\u00eda tengo?<\/b><\/p>\n<p>Nosotros te estamos ofreciendo UN A\u00d1O de garant\u00eda y soporte gr\u00e1tis por cualquier falla propia de nuestro producto, pero si la falla es ajena a nuestro c\u00f3digo, ning\u00fan evento est\u00e1 protegido, a menos que quieras adquirir nuestra p\u00f3liza de soporte y protecci\u00f3n para tu sistema.<\/p>\n<p><b>C\u00f3mo puedo ordenar este producto ahora?<\/b><\/p>\n<p>carga el producto a tu carrito de compra y haz tu cierre de compra, puedes pagar con deposito \u00f3 transferencia CLABE directa desde tu banco. Al final extenderemos LA FACTURA FISCAL 100% deducible.<\/p>\n<p><strong>Que sigue despues de hacer mi pago ?<\/strong><\/p>\n<p>sigue nuestras instrucciones que estan impresas en tu ORDEN PEDIDO y ahi se explica ampliamente los pasos a seguir para recibir tu producto.<br \/>\n[\/symple_tab]<\/p>\n<p>[symple_tab title=\u00bbScreens\u00bb]<\/p>\n<p><code>[symple_column size=\"one-half\" position=\"first\"]<\/code><\/p>\n<p>&nbsp;<\/p>\n<p><code>[\/symple_column]<br \/>\n<\/code><\/p>\n<p>[symple_column size=\u00bbone-half\u00bb position=\u00bblast\u00bb]<\/p>\n<p>&nbsp;<\/p>\n<p>[\/symple_column]<\/p>\n<p>[\/symple_tab]<\/p>\n<p>[symple_tab title=\u00bbVideo demo\u00bb]<\/p>\n<p><code><span class=\"embed-youtube\" style=\"text-align:center; display: block;\"><iframe class='youtube-player' width='640' height='360' src='https:\/\/www.youtube.com\/embed\/r6MtLSAZLaM?version=3&#038;rel=0&#038;fs=1&#038;autohide=2&#038;showsearch=0&#038;showinfo=1&#038;iv_load_policy=1&#038;wmode=transparent' allowfullscreen='true' style='border:0;'><\/iframe><\/span><\/code><\/p>\n<p>[\/symple_tab]<br \/>\n[\/symple_tabgroup]<\/p>\n","protected":false},"excerpt":{"rendered":"<p><a href=\"https:\/\/mojomexico.company\/portal\/producto\/pasarela-de-pago-scotiabank-3d-woocommerce\/caja-scotiabk1\/\" rel=\"attachment wp-att-6475\"><img alt=\"\" loading=\"lazy\" decoding=\"async\" class=\"alignleft size-full wp-image-6475\" src=\"https:\/\/mojomexico.company\/portal\/wp-content\/uploads\/2020\/03\/caja-scotiabk1.png\" alt=\"\" width=\"369\" height=\"395\" srcset=\"https:\/\/i0.wp.com\/mojomexico.company\/portal\/wp-content\/uploads\/2020\/03\/caja-scotiabk1.png?w=369&amp;ssl=1 369w, https:\/\/i0.wp.com\/mojomexico.company\/portal\/wp-content\/uploads\/2020\/03\/caja-scotiabk1.png?resize=250%2C268&amp;ssl=1 250w, https:\/\/i0.wp.com\/mojomexico.company\/portal\/wp-content\/uploads\/2020\/03\/caja-scotiabk1.png?resize=120%2C128&amp;ssl=1 120w\" sizes=\"(max-width: 369px) 100vw, 369px\" \/><\/a>Pasarela de Pago Scotibank 3D FirstData para tiendas Woocommerce 3.x \u00f3 mayor instaladas en WP Woocommerce. Este producto se entrega instalado y sincronizado por nuestro personal t\u00e9cnico por lo que es importante que lea la zona \u00abPreguntas Frecuentes y Garantia\u00bb aqui mismo en el detalle del producto.<\/p>\n<p>&nbsp;<\/p>\n","protected":false},"featured_media":6475,"template":"","meta":{"saved_in_kubio":false,"_seopress_robots_primary_cat":"","_seopress_titles_title":"","_seopress_titles_desc":"","_seopress_robots_index":"","spay_email":"","jetpack_publicize_message":""},"class_list":{"0":"post-6312","1":"product","2":"type-product","3":"status-publish","4":"has-post-thumbnail","6":"product_cat-conexion-hsbc-inbursa","7":"product_cat-woocommerce-wordpress","8":"product_tag-santander-woocommerce","9":"product_tag-santander-wp","10":"product_tag-webpay-mojomexico","11":"product_shipping_class-s-remoto","13":"first","14":"instock","15":"virtual","16":"taxable","17":"purchasable","18":"product-type-simple"},"jetpack_publicize_connections":[],"jetpack_sharing_enabled":true,"jetpack-related-posts":[],"_links":{"self":[{"href":"https:\/\/mojomexico.company\/portal\/wp-json\/wp\/v2\/product\/6312","targetHints":{"allow":["GET"]}}],"collection":[{"href":"https:\/\/mojomexico.company\/portal\/wp-json\/wp\/v2\/product"}],"about":[{"href":"https:\/\/mojomexico.company\/portal\/wp-json\/wp\/v2\/types\/product"}],"wp:featuredmedia":[{"embeddable":true,"href":"https:\/\/mojomexico.company\/portal\/wp-json\/wp\/v2\/media\/6475"}],"wp:attachment":[{"href":"https:\/\/mojomexico.company\/portal\/wp-json\/wp\/v2\/media?parent=6312"}],"curies":[{"name":"wp","href":"https:\/\/api.w.org\/{rel}","templated":true}]}}