{"id":6414,"date":"2020-06-06T17:18:40","date_gmt":"2020-06-06T22:18:40","guid":{"rendered":"https:\/\/mojomexico.company\/portal\/producto\/pasarela-de-pago-hsbc-mg2\/"},"modified":"2024-01-22T05:41:56","modified_gmt":"2024-01-22T10:41:56","slug":"pasarela-de-pago-hsbc-mg2","status":"publish","type":"product","link":"https:\/\/mojomexico.company\/portal\/producto\/pasarela-de-pago-hsbc-mg2\/","title":{"rendered":"Pasarela de pago Hsbc  MG2"},"content":{"rendered":"<p>[symple_tabgroup]<br \/>\n[symple_tab title=\u00bbDescripcion del Producto\u00bb]<\/p>\n<p>&nbsp;<\/p>\n<p><a href=\"https:\/\/mojomexico.company\/portal\/producto\/pasarela-de-pago-hsbc-mg2\/caja-hsbc1-2\/\" rel=\"attachment wp-att-6472\"><img alt=\"\" loading=\"lazy\" decoding=\"async\" data-attachment-id=\"6472\" data-permalink=\"https:\/\/mojomexico.company\/portal\/?attachment_id=6472\" data-orig-file=\"https:\/\/i1.wp.com\/mojomexico.company\/portal\/wp-content\/uploads\/2020\/06\/caja-hsbc1.png?fit=369%2C395&amp;ssl=1\" data-orig-size=\"369,395\" data-comments-opened=\"1\" data-image-meta=\"{&quot;aperture&quot;:&quot;0&quot;,&quot;credit&quot;:&quot;&quot;,&quot;camera&quot;:&quot;&quot;,&quot;caption&quot;:&quot;&quot;,&quot;created_timestamp&quot;:&quot;0&quot;,&quot;copyright&quot;:&quot;&quot;,&quot;focal_length&quot;:&quot;0&quot;,&quot;iso&quot;:&quot;0&quot;,&quot;shutter_speed&quot;:&quot;0&quot;,&quot;title&quot;:&quot;&quot;,&quot;orientation&quot;:&quot;0&quot;}\" data-image-title=\"caja-hsbc1\" data-image-description=\"\" data-medium-file=\"https:\/\/i1.wp.com\/mojomexico.company\/portal\/wp-content\/uploads\/2020\/06\/caja-hsbc1.png?fit=250%2C268&amp;ssl=1\" data-large-file=\"https:\/\/i1.wp.com\/mojomexico.company\/portal\/wp-content\/uploads\/2020\/06\/caja-hsbc1.png?fit=369%2C395&amp;ssl=1\" class=\"alignleft size-full wp-image-6472\" src=\"https:\/\/i1.wp.com\/mojomexico.company\/portal\/wp-content\/uploads\/2020\/06\/caja-hsbc1.png?resize=369%2C395&#038;ssl=1\" alt=\"\" width=\"369\" height=\"395\" srcset=\"https:\/\/i1.wp.com\/mojomexico.company\/portal\/wp-content\/uploads\/2020\/06\/caja-hsbc1.png?w=369&amp;ssl=1 369w, https:\/\/i1.wp.com\/mojomexico.company\/portal\/wp-content\/uploads\/2020\/06\/caja-hsbc1.png?resize=250%2C268&amp;ssl=1 250w, https:\/\/i1.wp.com\/mojomexico.company\/portal\/wp-content\/uploads\/2020\/06\/caja-hsbc1.png?resize=120%2C128&amp;ssl=1 120w\" sizes=\"(max-width: 369px) 100vw, 369px\" data-recalc-dims=\"1\" \/><\/a>Extensi\u00f3n\u00a0de pagos para la versi\u00f3n Magento CE2 y BANCO HSBC (PROSA o cualquier otro medio de pago), totalmente integrada al\u00a0c\u00f3digo\u00a0original de Magento en Backoffice y FrontOffice para recibir tarjetas de cr\u00e9dito y d\u00e9bito y procesar el pago directamente a su cuenta bancaria, todo esto de forma integral e Interno en la tienda Magento, bajo altas normas de seguridad<strong>.<\/strong><\/p>\n<p>Al comprar nuestro producto, \u00e9sto le d\u00e1 derecho al USO exclusivo de nuestro software como licencia para ser instalado por nuestro personal calificado en su \u00a0tienda \u00f3 tiendas Magento CE \/dominio, . La pasarela de pago se integra a la lista estandar que presenta regularmente Magento, en caso de \u00a0que su tienda utilice una plantilla especial para este proceso de pago, la integraci\u00f3n a dicha pasarela tendr\u00e1 un costo extra al precio marcado (estimable en cada caso) por horas de servicio adaptaci\u00f3n.<\/p>\n<p><strong>Importante:<\/strong> Si tu tienda usa IWD OnePage Checkout como motor final de compra , deber\u00e1s considerar cargar aqui mismo el extra de 1400 pesos por el servicio de\u00a0 integraci\u00f3n a su plantilla especial onestep checkout. Adicional la versi\u00f3n Magento2 requiere de acci\u00f3nes personales de instalaci\u00f3n que requieren la asistencia t\u00e9cnica especializada de Mojomexico por lo que se requiere adquirir el paquete de asistencia t\u00e9cnica que se describe aqui mismo.<\/p>\n<p><span style=\"font-size: 13px; line-height: 19px;\">NOTA ESPECIAL POR CONOCER:<\/span><\/p>\n<p>Nuestros productos son HECHOS A LA MEDIDA con las LIMITACIONES\u00a0 propias de cada MOTOR-TIENDA CMS-Ecomercio por lo tanto nuestra garant\u00eda se limita a integrarse \u00e9ste Motor y sus\u00a0 acciones normales, en caso de inconsistencias en su propio codigo de su tienda o conflictos con otros plugin,\u00a0 nuestra garant\u00eda NO cubre en estos precios el soporte t\u00e9cnico ni la soluci\u00f3n de conflictos ni errores de su versi\u00f3n. (solo basta con revisar en los foros todos los errores reportados para ser suficiente soporte de falla). Se le recomienda que lea y se entere de las politicas de servicio y garantia que tenemos aqui mismo publicadas abriendo la siguiente pesta\u00f1a asi como leer\u00a0 nuestro contrato Mojomexico de Servicio\u00a0 Publicado y disponible a todo el publico ubicado en la parte Men\u00fa Superior de \u00e9sta tienda.<\/p>\n<p>[\/symple_tab]<br \/>\n[symple_tab title=\u00bbGarantia y Servicio\u00bb]<\/p>\n<p><b><img alt=\"\" loading=\"lazy\" decoding=\"async\" data-attachment-id=\"3516\" data-permalink=\"https:\/\/mojomexico.company\/portal\/?attachment_id=3516\" data-orig-file=\"https:\/\/i1.wp.com\/mojomexico.company\/portal\/wp-content\/uploads\/2016\/11\/sello-12.png?fit=400%2C270&amp;ssl=1\" data-orig-size=\"400,270\" data-comments-opened=\"1\" data-image-meta=\"{&quot;aperture&quot;:&quot;0&quot;,&quot;credit&quot;:&quot;&quot;,&quot;camera&quot;:&quot;&quot;,&quot;caption&quot;:&quot;&quot;,&quot;created_timestamp&quot;:&quot;0&quot;,&quot;copyright&quot;:&quot;&quot;,&quot;focal_length&quot;:&quot;0&quot;,&quot;iso&quot;:&quot;0&quot;,&quot;shutter_speed&quot;:&quot;0&quot;,&quot;title&quot;:&quot;&quot;,&quot;orientation&quot;:&quot;0&quot;}\" data-image-title=\"calidad mojomexico\" data-image-description=\"\" data-medium-file=\"https:\/\/i1.wp.com\/mojomexico.company\/portal\/wp-content\/uploads\/2016\/11\/sello-12.png?fit=300%2C203&amp;ssl=1\" data-large-file=\"https:\/\/i1.wp.com\/mojomexico.company\/portal\/wp-content\/uploads\/2016\/11\/sello-12.png?fit=400%2C270&amp;ssl=1\" class=\"alignleft size-medium wp-image-3516\" src=\"https:\/\/i1.wp.com\/mojomexico.company\/portal\/wp-content\/uploads\/2016\/11\/sello-12.png?resize=300%2C203&#038;ssl=1\" alt=\"\" width=\"300\" height=\"203\" srcset=\"https:\/\/i1.wp.com\/mojomexico.company\/portal\/wp-content\/uploads\/2016\/11\/sello-12.png?resize=300%2C203&amp;ssl=1 300w, https:\/\/i1.wp.com\/mojomexico.company\/portal\/wp-content\/uploads\/2016\/11\/sello-12.png?resize=220%2C149&amp;ssl=1 220w, https:\/\/i1.wp.com\/mojomexico.company\/portal\/wp-content\/uploads\/2016\/11\/sello-12.png?w=400&amp;ssl=1 400w\" sizes=\"(max-width: 300px) 100vw, 300px\" data-recalc-dims=\"1\" \/>Que estoy comprando?<\/b><\/p>\n<p>Al comprar nuestro producto, estas adquiriendo el derecho de uso de nuestro producto por dominio (puedes adquirir varias licencias si manejas multitiendas) solo para el dominio \u00f3 dominios que registras en tu compra.<\/p>\n<p>Solo se entregan programas compilados sin opci\u00f3n a modificar m\u00e1s que por el personal calificado de Mojomexico y solo podr\u00e1 ser usado para el dominio-tienda registrado. El descuento en multitiendas es del 35% de la segunda hasta 99 licencias.<\/p>\n<p><strong>Con \u00e9sta pasarela puedo aceptar pagos con tarjetas Visa y Mastercard de otros Bancos \u00f3 de cualquier Banco del Mundo?<\/strong><\/p>\n<p>SI, con una pasarela puedes aceptar TODAS las tarjetas Visa y Mastercard nacionales e internacionales, de cualquier pa\u00eds. Regularmente todas las compras que se realicen en tu tienda en otras monedas distintas a PESOS, ser\u00e1n convertidas a pesos, a menos que \u00e9ste arreglo lo fijes con tu banco.<\/p>\n<p><strong>Puedo aceptar American Express?<\/strong><\/p>\n<p>NO, pero puedes adicionar \u00e9sta acci\u00f3n cargando aqui mismo a tu compra el Modulo American express para Magento2 que tenemos desarrollado y a la venta aqui mismo.<\/p>\n<p><strong>Puedo manejar pagos diferidos de 3,6,9,12 y 18 meses con y sin intereses en esta pasarela de pago?<\/strong><\/p>\n<p>Necesitas agregar a este producto, los Modulos adicionales que tenemos disponibles aqui para activar estas funciones especiales.<\/p>\n<p><b>Tengo que pagar anualidades \u00f3 comisiones por usar su producto?<\/b><\/p>\n<p>No, Nuestro producto no requiere anualidades ni comisiones por venta realizada, tu solo compras el producto y lo tienes de por vida para el dominio que destinaste. Todo el convenio de cobro y deposito a tu cuenta de cheques por tarjeta de cr\u00e9dito, es un arreglo de partes entre tu Banco Local y tu.<\/p>\n<p><b>C\u00f3mo es el proceso de instalaci\u00f3n?<\/b><\/p>\n<p>Nosotros te incluimos en el precio, la instalaci\u00f3n y sincronizaci\u00f3n al 100% v\u00eda Remota (tu tienda tiene que estar en la nube internet), t\u00fa solo te preocupas en hacer la compra y nosotros nos encargamos de la instalaci\u00f3n, en donde se programa y se fija una vez consolidado tu pago, en un periodo regular de 12 a 15 d\u00edas, pero \u00e9ste tiempo puede variar seg\u00fan variantes propias de conexi\u00f3n y estado de su sistema aspel remoto.<\/p>\n<p>Despu\u00e9s de recibir el pago: Nuestro equipo de Contabilidad verifica y genera un TICKET ESPECIAL DE SERVICIO que te va a llegar en autom\u00e1tico al mail que nos indicas en tu orden, ahi se anexan las INSTRUCCIONES completas del proceso antes y despues de nuestra intervenci\u00f3n, es importante esperar \u00e9ste ticket y evitar enviar cualquier llave o clave de acceso antes de recibirlo y siempre deber\u00e1 ser por medio de nuestro sistema de ticket para preservar la seguridad y evitar violaciones de seguridad de su tienda web.<\/p>\n<p><b>Que garant\u00eda tengo?<\/b><\/p>\n<p>Nosotros te estamos ofreciendo UN A\u00d1O de garant\u00eda y soporte gratis por cualquier falla propia de nuestro producto.<\/p>\n<p>Nosotros te estamos ofreciendo UN A\u00d1O de garant\u00eda y soporte gratis por cualquier falla propia de nuestro producto, La garant\u00eda NO INCLUYE fallas propias del MOTOR WEB (ya sea magento o prestashop o woocommerce o cualquier otro) propias del software codigo y conflictos que se presenten entre programas; asi tampoco las fallas provocadas por Su Proveedor de Servicio Hosting ya que nosotros hemos detectado que muchos de los conflictos que se pueden presentar son fallas de limitaci\u00f3n de servicios y recursos que su proveedor hosting no le ofrece o desconoce para el servicio de tiendas web profesionales.En \u00e9stos casos nuestro servicio de garant\u00eda se limitar\u00e1 a indicar de forma basica las posibles causas de las fallas y posibles soluciones sin obligaci\u00f3n de nuestra parte dar soluci\u00f3n\u00a0 para el correcto funcionamiento de\u00a0 nuestro producto en su tienda.<\/p>\n<p><b>C\u00f3mo puedo ordenar este producto ahora?<\/b><\/p>\n<p>carga el producto a tu carrito de compra y haz tu cierre de compra,<\/p>\n<p>Los precios est\u00e1n expresados en Pesos Mexicanos\u00a0ya incluyen iva y se le entrega una factura Fiscal 100% deducible.<\/p>\n<p><strong>Que sigue despues de mi hacer mi pago ?<\/strong><\/p>\n<p>Si su pago es por CLABE o deposito directo, es necesario que envie su notificacion de pago a contabilidad@mojomexico.com.mx; en el caso de pago por tarjeta no es necesario. Cuando se detecte su pago, nuestro equipo t\u00e9cnico le va a ENVIAR UN TICKET DE SERVICIO especial directo a su mail con las instrucciones precisas para iniciar la programaci\u00f3n y seguimiento de la instalacion por nuestro equipo mojomexico team.<\/p>\n<p>[\/symple_tab]<\/p>\n<p>[symple_tab title=\u00bbVideo demo\u00bb]<\/p>\n<p><code><span class=\"embed-youtube\" style=\"text-align:center; display: block;\"><iframe class='youtube-player' width='640' height='360' src='https:\/\/www.youtube.com\/embed\/jTaum8X6QpU?version=3&#038;rel=0&#038;fs=1&#038;autohide=2&#038;showsearch=0&#038;showinfo=1&#038;iv_load_policy=1&#038;wmode=transparent' allowfullscreen='true' style='border:0;'><\/iframe><\/span><\/code><\/p>\n<p>[\/symple_tab]<br \/>\n[\/symple_tabgroup]<\/p>\n","protected":false},"excerpt":{"rendered":"<p><a href=\"https:\/\/mojomexico.company\/portal\/producto\/pasarela-de-pago-hsbc-mg2\/caja-hsbc1-2\/\" rel=\"attachment wp-att-6472\"><img alt=\"\" loading=\"lazy\" decoding=\"async\" class=\"alignleft size-full wp-image-6472\" src=\"https:\/\/mojomexico.company\/portal\/wp-content\/uploads\/2020\/06\/caja-hsbc1.png\" alt=\"\" width=\"369\" height=\"395\" srcset=\"https:\/\/i1.wp.com\/mojomexico.company\/portal\/wp-content\/uploads\/2020\/06\/caja-hsbc1.png?w=369&amp;ssl=1 369w, https:\/\/i1.wp.com\/mojomexico.company\/portal\/wp-content\/uploads\/2020\/06\/caja-hsbc1.png?resize=250%2C268&amp;ssl=1 250w, https:\/\/i1.wp.com\/mojomexico.company\/portal\/wp-content\/uploads\/2020\/06\/caja-hsbc1.png?resize=120%2C128&amp;ssl=1 120w\" sizes=\"(max-width: 369px) 100vw, 369px\" \/><\/a>Pasarela de Pago BANCO HSBC (PROSA o cualquier otro medio de pago todas las versiones de seguridad)para tiendas MagentoCE2, \u00e9ste producto requiere procesos de adaptaci\u00f3n en ciertos casos con servicios extras que se anexan aqui. Al hacer el pago\u00a0 de e\u015bte producto el Cliente acepta sujetarse a todas las condiciones de venta y cancelaci\u00f3n de nuestro contrato Mojomexico (favor de revisar antes de pagar).<\/p>\n<p>&nbsp;<\/p>\n<p>&nbsp;<\/p>\n<p>&nbsp;<\/p>\n","protected":false},"featured_media":6472,"template":"","meta":{"saved_in_kubio":false,"_seopress_robots_primary_cat":"","_seopress_titles_title":"","_seopress_titles_desc":"","_seopress_robots_index":"","spay_email":"","jetpack_publicize_message":""},"class_list":{"0":"post-6414","1":"product","2":"type-product","3":"status-publish","4":"has-post-thumbnail","6":"product_cat-magento-ce","7":"product_cat-magento2-ce","8":"product_tag-bagento","9":"product_tag-hsbc","10":"product_tag-hsbc-magento","11":"product_tag-mg2","12":"product_tag-pasare-de-pago","13":"product_tag-prosa","14":"product_tag-restapi","15":"product_tag-tienda-web","16":"product_tag-tienda-web-wordpress","17":"product_shipping_class-s-remoto","19":"first","20":"instock","21":"virtual","22":"taxable","23":"purchasable","24":"product-type-simple"},"jetpack_publicize_connections":[],"jetpack_sharing_enabled":true,"jetpack-related-posts":[],"_links":{"self":[{"href":"https:\/\/mojomexico.company\/portal\/wp-json\/wp\/v2\/product\/6414","targetHints":{"allow":["GET"]}}],"collection":[{"href":"https:\/\/mojomexico.company\/portal\/wp-json\/wp\/v2\/product"}],"about":[{"href":"https:\/\/mojomexico.company\/portal\/wp-json\/wp\/v2\/types\/product"}],"wp:featuredmedia":[{"embeddable":true,"href":"https:\/\/mojomexico.company\/portal\/wp-json\/wp\/v2\/media\/6472"}],"wp:attachment":[{"href":"https:\/\/mojomexico.company\/portal\/wp-json\/wp\/v2\/media?parent=6414"}],"curies":[{"name":"wp","href":"https:\/\/api.w.org\/{rel}","templated":true}]}}