{"id":6430,"date":"2020-06-17T01:00:22","date_gmt":"2020-06-17T06:00:22","guid":{"rendered":""},"modified":"2025-08-06T04:53:12","modified_gmt":"2025-08-06T10:53:12","slug":"conector-fedex-online-magento2","status":"publish","type":"product","link":"https:\/\/mojomexico.company\/portal\/producto\/conector-fedex-online-magento2\/","title":{"rendered":"Conector Fedex Online Magento2"},"content":{"rendered":"<p>[symple_tabgroup]<br \/>\n[symple_tab title=\u00bbDescripcion del Producto\u00bb]<\/p>\n<p>&nbsp;<\/p>\n<p><a href=\"https:\/\/mojomexico.company\/portal\/producto\/conector-fedex-online-tarifador\/caja-fedex1-2\/\" rel=\"attachment wp-att-3534\"><img alt=\"\" loading=\"lazy\" decoding=\"async\" data-attachment-id=\"3534\" data-permalink=\"https:\/\/mojomexico.company\/portal\/?attachment_id=3534\" data-orig-file=\"https:\/\/i2.wp.com\/mojomexico.company\/portal\/wp-content\/uploads\/2016\/12\/caja-fedex1.png?fit=369%2C395&amp;ssl=1\" data-orig-size=\"369,395\" data-comments-opened=\"1\" data-image-meta=\"{&quot;aperture&quot;:&quot;0&quot;,&quot;credit&quot;:&quot;&quot;,&quot;camera&quot;:&quot;&quot;,&quot;caption&quot;:&quot;&quot;,&quot;created_timestamp&quot;:&quot;0&quot;,&quot;copyright&quot;:&quot;&quot;,&quot;focal_length&quot;:&quot;0&quot;,&quot;iso&quot;:&quot;0&quot;,&quot;shutter_speed&quot;:&quot;0&quot;,&quot;title&quot;:&quot;&quot;,&quot;orientation&quot;:&quot;0&quot;}\" data-image-title=\"conector fedex online  mojomexico\" data-image-description=\"\" data-medium-file=\"https:\/\/i2.wp.com\/mojomexico.company\/portal\/wp-content\/uploads\/2016\/12\/caja-fedex1.png?fit=280%2C300&amp;ssl=1\" data-large-file=\"https:\/\/i2.wp.com\/mojomexico.company\/portal\/wp-content\/uploads\/2016\/12\/caja-fedex1.png?fit=369%2C395&amp;ssl=1\" class=\"alignleft size-full wp-image-3534\" src=\"https:\/\/i2.wp.com\/mojomexico.company\/portal\/wp-content\/uploads\/2016\/12\/caja-fedex1.png?resize=369%2C395&#038;ssl=1\" alt=\"\" width=\"369\" height=\"395\" srcset=\"https:\/\/i2.wp.com\/mojomexico.company\/portal\/wp-content\/uploads\/2016\/12\/caja-fedex1.png?w=369&amp;ssl=1 369w, https:\/\/i2.wp.com\/mojomexico.company\/portal\/wp-content\/uploads\/2016\/12\/caja-fedex1.png?resize=280%2C300&amp;ssl=1 280w, https:\/\/i2.wp.com\/mojomexico.company\/portal\/wp-content\/uploads\/2016\/12\/caja-fedex1.png?resize=300%2C321&amp;ssl=1 300w, https:\/\/i2.wp.com\/mojomexico.company\/portal\/wp-content\/uploads\/2016\/12\/caja-fedex1.png?resize=220%2C236&amp;ssl=1 220w\" sizes=\"(max-width: 369px) 100vw, 369px\" data-recalc-dims=\"1\" \/><\/a>M\u00f3dulo de conexion Fedex Online que permite reflejar en su tienda\u00a0 los Costos Reales de Peso-Volumen por cada Pedido, \u00e9sto por conexion directa a los equipo servidores\u00a0 Fedex via Webserver con emision de GUIA y Recoleccion todo en Linea*.<\/p>\n<p>\u00c9ste es un M\u00f3dulo Instalable para las versiones Magento1 o Magento2 Solo Version CE, totalmente integrada al\u00a0c\u00f3digo\u00a0original\u00a0 en Backoffice y FrontOffice.<\/p>\n<p>El precio base incluye s\u00f3lo el manejo de costos peso-vol\u00famen,\u00a0 y aqui mismo puede adicionar los complementos como: Generaci\u00f3n de Gu\u00eda y Orden de Recolecci\u00f3n Online para completar el ciclo completo del producto. (ver<strong> Video<\/strong> aqui mismo).<\/p>\n<p>Al comprar nuestro producto, \u00e9sto le d\u00e1 derecho al USO exclusivo de nuestro software como licencia para ser instalado por nuestro personal calificado en su \u00a0tienda \u00f3 tiendas\u00a0 \/dominio, nosotros nos hacemos cargo de la instalaci\u00f3n y configuraci\u00f3n via remota en la tienda al 100%.<\/p>\n<p>Para el correcto funcionamiento de \u00e9ste producto ,es necesario que cada producto por aplicar se encuentre perferctamente declarado en PESO-VOLUMEN siendo \u00e9sto una configuraci\u00f3n independiente del costo de \u00e9ste producto.<\/p>\n<p>El producto lo puedes comprar solo como TARIFADOR solamente que es el precio basico listado, o adicionar mas acciones como : GENERAR GUIA EN LINEA, GENERAR AVISO DE RECOLECCION, DROPSHOPPING, etc. para potenciar m\u00e1s su uso, que puedes seleccionar en las casillas anexas en este mismo producto<\/p>\n<p><strong>Importante:<\/strong><\/p>\n<p>Nuestros productos son HECHOS A LA MEDIDA con las LIMITACIONES\u00a0 propias de cada MOTOR-TIENDA CMS-Ecomercio por lo tanto nuestra garant\u00eda se limita a integrarse \u00e9ste Motor y sus s acciones normales, en caso de inconsistencias en su propio codigo de su tienda o conflictos con otros plugin,\u00a0 nuestra garant\u00eda NO cubre en estos precios el soporte t\u00e9nico ni la soluci\u00f3n de conflictos ni errores de su version. (solo basta con revisar en los foros todos los errores reportados para ser suficiente soporte de falla). Se le recomienda que lea y se entere de las politicas de servicio y garantia que tenemos aqui mismo publicadas abriendo la siguiente pesta\u00f1a y nuestro contrato Mojomexico Publicado y disponible a todo el publico ubicado en la parte Men\u00fa Superior boton Contrato Mojomexico.<\/p>\n<p><span style=\"font-size: 13px; line-height: 19px;\">\u00a0<\/span><\/p>\n<p>[\/symple_tab]<br \/>\n[symple_tab title=\u00bbGarantia y Servicio\u00bb]<\/p>\n<p><b><img loading=\"lazy\" decoding=\"async\" data-attachment-id=\"3516\" data-permalink=\"https:\/\/mojomexico.company\/portal\/?attachment_id=3516\" data-orig-file=\"https:\/\/i1.wp.com\/mojomexico.company\/portal\/wp-content\/uploads\/2016\/11\/sello-12.png?fit=400%2C270&amp;ssl=1\" data-orig-size=\"400,270\" data-comments-opened=\"1\" data-image-meta=\"{&quot;aperture&quot;:&quot;0&quot;,&quot;credit&quot;:&quot;&quot;,&quot;camera&quot;:&quot;&quot;,&quot;caption&quot;:&quot;&quot;,&quot;created_timestamp&quot;:&quot;0&quot;,&quot;copyright&quot;:&quot;&quot;,&quot;focal_length&quot;:&quot;0&quot;,&quot;iso&quot;:&quot;0&quot;,&quot;shutter_speed&quot;:&quot;0&quot;,&quot;title&quot;:&quot;&quot;,&quot;orientation&quot;:&quot;0&quot;}\" data-image-title=\"calidad mojomexico\" data-image-description=\"\" data-medium-file=\"https:\/\/i1.wp.com\/mojomexico.company\/portal\/wp-content\/uploads\/2016\/11\/sello-12.png?fit=300%2C203&amp;ssl=1\" data-large-file=\"https:\/\/i1.wp.com\/mojomexico.company\/portal\/wp-content\/uploads\/2016\/11\/sello-12.png?fit=400%2C270&amp;ssl=1\" class=\"size-full wp-image-3516 alignleft\" src=\"https:\/\/i1.wp.com\/mojomexico.company\/portal\/wp-content\/uploads\/2016\/11\/sello-12.png?resize=400%2C270&#038;ssl=1\" alt=\"calidad mojomexico\" width=\"400\" height=\"270\" data-wp-pid=\"3516\" srcset=\"https:\/\/i1.wp.com\/mojomexico.company\/portal\/wp-content\/uploads\/2016\/11\/sello-12.png?w=400&amp;ssl=1 400w, https:\/\/i1.wp.com\/mojomexico.company\/portal\/wp-content\/uploads\/2016\/11\/sello-12.png?resize=300%2C203&amp;ssl=1 300w, https:\/\/i1.wp.com\/mojomexico.company\/portal\/wp-content\/uploads\/2016\/11\/sello-12.png?resize=220%2C149&amp;ssl=1 220w\" sizes=\"(max-width: 400px) 100vw, 400px\" data-recalc-dims=\"1\" \/>Que estoy comprando?<\/b><\/p>\n<p>Al comprar nuestro producto, estas adquiriendo Una Licencia de uso de nuestro producto por dominio (puedes adquirir varias licencias si manejas multitiendas) desarrollado especificamente para ti.<\/p>\n<p>Solo se entregan programas compilados sin opci\u00f3n a modificar m\u00e1s que por el personal calificado de Mojomexico y solo podr\u00e1 ser usado para el dominio-tienda registrado. El descuento en multitiendas es del 35% de la segunda hasta 99 licencias.<\/p>\n<p><strong>Con \u00e9ste conector Fedex puedo obtener el Costo Real de Envio por Fedex ?<\/strong><\/p>\n<p>SI, nuestro producto se conecta en tiempo Real a Fedex Servidores y toma los valores de las tablas directas para obtener el costo real de Envio por Pedido.<\/p>\n<p><strong>Puede emitir la Etiqueta t\u00e9rmica de Guia-Envio de mis paquetes con \u00e9sta versi\u00f3n ?<\/strong><\/p>\n<p>es necesario adicionar el M\u00f3duio\u00a0 <strong>EMISION DE GUIAS FEDEX<\/strong>\u00a0 disponible en este mismo catalogo para activarlo.<\/p>\n<p><strong>Puede generar la orden de RECOLECCI\u00d3N FEDEX con \u00e9sta versi\u00f3n ?<\/strong><\/p>\n<p>es necesario adicionar el M\u00f3dulo\u00a0<strong> ORDEN DE RECOLECCI\u00d3N FEDEX<\/strong> disponible en este mismo catalogo para activarlo.<\/p>\n<p><strong>Puedo ver el SEGUIMIENTO EN LINEA en el envio ?<\/strong><\/p>\n<p>para activar \u00e9sta acci\u00f3n, es necesario adicionarlo en tu compra en esta misma seccion del producto<\/p>\n<p><strong>Puedo ver una DEMO antes de comprar ?<\/strong><\/p>\n<p>Si, aqui mismo en la pesta\u00f1a<strong> VIDEO DEMO<\/strong> tenemos la Gu\u00eda-Demo del producto para que lo eval\u00faes antes de comprar.<\/p>\n<p><b>Tengo que pagar anualidades \u00f3 comisiones por usar su producto?<\/b><\/p>\n<p>NO, Nuestro producto no requiere anualidades ni comisiones por venta realizada, tu solo compras el producto y lo tienes de por vida para el dominio que destinaste.<\/p>\n<p><b>C\u00f3mo es el proceso de instalaci\u00f3n?<\/b><\/p>\n<p>Nosotros te incluimos en el precio, la instalaci\u00f3n y sincronizaci\u00f3n al 100% via Remota (tu tienda tiene que estar en la nube Internet), t\u00fa solo te preocupas en hacer la compra y nosotros nos encargamos de la instalaci\u00f3n, en donde se programa y se fija una vez consolidado tu pago, en un periodo m\u00e1ximo de 10 a 12 dias<\/p>\n<p><b>Que garant\u00eda tengo?<\/b><br \/>\nNosotros te estamos ofreciendo UN A\u00d1O de garant\u00eda y soporte gr\u00e1tis por cualquier falla propia de nuestro producto, La garant\u00eda NO INCLUYE fallas propias del MOTOR WEB (ya sea magento o prestashop o woocommerce o cualquier otro) propias del software codigo y conflictos que se presenten entre programas; asi tampoco las fallas provocadas por Su Proveedor de Servicio Hosting ya que nosotros hemos detectado que muchos de los conflictos que se pueden presentar son fallas de limitaci\u00f3n de servicios y recursos que su proveedor hosting no le ofrece o desconoce para el servicio de tiendas web profesionales.En \u00e9stos casos nuestro servicio de garant\u00eda se limitar\u00e1 a indicar de forma basica las posibles causas de las fallas y posibles soluciones sin obligaci\u00f3n de dar soluci\u00f3n de nuestra parte para el correcto funcionamiento de\u00a0 nuestro producto en su tienda.<\/p>\n<p><b>C\u00f3mo puedo ordenar este producto ahora?<\/b><\/p>\n<p>carga el producto a tu carrito de compra y haz tu cierre de compra, ahi puedes escoger tu forma de pago. Al recibir tu pago, nuestro depto, de contabilidad enviar\u00e1 la factura Fiscal 100% deducible.<br \/>\n[\/symple_tab]<\/p>\n<p>[symple_tab title=\u00bbVideo Guia de Configuraci\u00f3n\u00bb]<\/p>\n<p><code>[embedyt] https:\/\/www.youtube.com\/watch?v=PoOpt-wTb3Q[\/embedyt]<\/code><\/p>\n<p>[\/symple_tab]<\/p>\n<p>[symple_tab title=\u00bbPantallas Backadmin \/ Frontzone\u00bb]<\/p>\n<p><code><a href=\"https:\/\/mojomexico.company\/portal\/producto\/conector-fedex-online-prestashop\/slider-fedex1r\/\" rel=\"attachment wp-att-3921\"><img alt=\"\" loading=\"lazy\" decoding=\"async\" data-attachment-id=\"3921\" data-permalink=\"https:\/\/mojomexico.company\/portal\/?attachment_id=3921\" data-orig-file=\"https:\/\/i0.wp.com\/mojomexico.company\/portal\/wp-content\/uploads\/2016\/12\/slider-fedex1R.jpg?fit=670%2C510&amp;ssl=1\" data-orig-size=\"670,510\" data-comments-opened=\"1\" data-image-meta=\"{&quot;aperture&quot;:&quot;0&quot;,&quot;credit&quot;:&quot;&quot;,&quot;camera&quot;:&quot;&quot;,&quot;caption&quot;:&quot;&quot;,&quot;created_timestamp&quot;:&quot;0&quot;,&quot;copyright&quot;:&quot;&quot;,&quot;focal_length&quot;:&quot;0&quot;,&quot;iso&quot;:&quot;0&quot;,&quot;shutter_speed&quot;:&quot;0&quot;,&quot;title&quot;:&quot;&quot;,&quot;orientation&quot;:&quot;0&quot;}\" data-image-title=\"fedex webservice mojomexico\" data-image-description=\"\" data-medium-file=\"https:\/\/i0.wp.com\/mojomexico.company\/portal\/wp-content\/uploads\/2016\/12\/slider-fedex1R.jpg?fit=300%2C228&amp;ssl=1\" data-large-file=\"https:\/\/i0.wp.com\/mojomexico.company\/portal\/wp-content\/uploads\/2016\/12\/slider-fedex1R.jpg?fit=670%2C510&amp;ssl=1\" class=\"aligncenter size-full wp-image-3921\" src=\"https:\/\/i0.wp.com\/mojomexico.company\/portal\/wp-content\/uploads\/2016\/12\/slider-fedex1R.jpg?resize=670%2C510&#038;ssl=1\" alt=\"\" width=\"670\" height=\"510\" srcset=\"https:\/\/i0.wp.com\/mojomexico.company\/portal\/wp-content\/uploads\/2016\/12\/slider-fedex1R.jpg?w=670&amp;ssl=1 670w, https:\/\/i0.wp.com\/mojomexico.company\/portal\/wp-content\/uploads\/2016\/12\/slider-fedex1R.jpg?resize=300%2C228&amp;ssl=1 300w, https:\/\/i0.wp.com\/mojomexico.company\/portal\/wp-content\/uploads\/2016\/12\/slider-fedex1R.jpg?resize=220%2C167&amp;ssl=1 220w\" sizes=\"(max-width: 670px) 100vw, 670px\" data-recalc-dims=\"1\" \/><\/a><\/code><\/p>\n<p><a href=\"https:\/\/mojomexico.company\/fedextester.php\"><img alt=\"\" loading=\"lazy\" decoding=\"async\" data-attachment-id=\"5477\" data-permalink=\"https:\/\/mojomexico.company\/portal\/?attachment_id=5477\" data-orig-file=\"https:\/\/i1.wp.com\/mojomexico.company\/portal\/wp-content\/uploads\/2018\/07\/slider-fedex3R.jpg?fit=670%2C510&amp;ssl=1\" data-orig-size=\"670,510\" data-comments-opened=\"1\" data-image-meta=\"{&quot;aperture&quot;:&quot;0&quot;,&quot;credit&quot;:&quot;&quot;,&quot;camera&quot;:&quot;&quot;,&quot;caption&quot;:&quot;&quot;,&quot;created_timestamp&quot;:&quot;0&quot;,&quot;copyright&quot;:&quot;&quot;,&quot;focal_length&quot;:&quot;0&quot;,&quot;iso&quot;:&quot;0&quot;,&quot;shutter_speed&quot;:&quot;0&quot;,&quot;title&quot;:&quot;&quot;,&quot;orientation&quot;:&quot;0&quot;}\" data-image-title=\"fedex tester\" data-image-description=\"\" data-medium-file=\"https:\/\/i1.wp.com\/mojomexico.company\/portal\/wp-content\/uploads\/2018\/07\/slider-fedex3R.jpg?fit=300%2C228&amp;ssl=1\" data-large-file=\"https:\/\/i1.wp.com\/mojomexico.company\/portal\/wp-content\/uploads\/2018\/07\/slider-fedex3R.jpg?fit=670%2C510&amp;ssl=1\" class=\"alignleft size-medium wp-image-5477\" src=\"https:\/\/i1.wp.com\/mojomexico.company\/portal\/wp-content\/uploads\/2018\/07\/slider-fedex3R.jpg?resize=300%2C228&#038;ssl=1\" alt=\"\" width=\"300\" height=\"228\" srcset=\"https:\/\/i1.wp.com\/mojomexico.company\/portal\/wp-content\/uploads\/2018\/07\/slider-fedex3R.jpg?resize=300%2C228&amp;ssl=1 300w, https:\/\/i1.wp.com\/mojomexico.company\/portal\/wp-content\/uploads\/2018\/07\/slider-fedex3R.jpg?resize=600%2C457&amp;ssl=1 600w, https:\/\/i1.wp.com\/mojomexico.company\/portal\/wp-content\/uploads\/2018\/07\/slider-fedex3R.jpg?w=670&amp;ssl=1 670w\" sizes=\"(max-width: 300px) 100vw, 300px\" data-recalc-dims=\"1\" \/><\/a><code><\/code><\/p>\n<p>[\/symple_tab]<br \/>\n[\/symple_tabgroup]<\/p>\n","protected":false},"excerpt":{"rendered":"<p><a href=\"https:\/\/mojomexico.company\/portal\/caja-fedex1-3\/\"><img alt=\"\" loading=\"lazy\" decoding=\"async\" class=\"alignleft size-medium wp-image-3553\" src=\"https:\/\/mojomexico.company\/portal\/wp-content\/uploads\/2015\/11\/caja-fedex1-280x300.jpg\" alt=\"\" width=\"280\" height=\"300\" srcset=\"https:\/\/i2.wp.com\/mojomexico.company\/portal\/wp-content\/uploads\/2015\/11\/caja-fedex1.jpg?resize=280%2C300&amp;ssl=1 280w, https:\/\/i2.wp.com\/mojomexico.company\/portal\/wp-content\/uploads\/2015\/11\/caja-fedex1.jpg?resize=300%2C321&amp;ssl=1 300w, https:\/\/i2.wp.com\/mojomexico.company\/portal\/wp-content\/uploads\/2015\/11\/caja-fedex1.jpg?resize=220%2C236&amp;ssl=1 220w, https:\/\/i2.wp.com\/mojomexico.company\/portal\/wp-content\/uploads\/2015\/11\/caja-fedex1.jpg?w=369&amp;ssl=1 369w\" sizes=\"(max-width: 280px) 100vw, 280px\" \/><\/a>M\u00f3dulo de conexion Fedex Online que permite reflejar en su tienda\u00a0 las TARIFAS DE ENVIO Reales de Peso-Volumen por cada Pedido, \u00e9sto por conexion directa a los equipo Fedex servidores via Webserver y tiendas MAGENTO VERSION CE. Puedes crecer tu producto y agregar a este producto los paquetes extras que se sugieren:\u00a0 la Gu\u00eda de Env\u00edo (etiqueta t\u00e9rmica) , la Orden de Recolecci\u00f3n (agendar la recoleccion) , Dropshipping todo en L\u00ednea y controlado desde la zona Backadmin para ver el Seguimiento de Envio (directo de Fedex-monitoreo). \u00c9ste producto se entrega Instalado y Sincronizado GRATIS por nuestro personal t\u00e9cnico Mojomexico team al hacer su pago usted acepta sujetarse a todas las condiciones de venta y cancelacion de nuestro contrato Mojomexico (favor de revisar antes de pagar).<\/p>\n<p>&nbsp;<\/p>\n","protected":false},"featured_media":3534,"template":"","meta":{"saved_in_kubio":false,"_seopress_robots_primary_cat":"","_seopress_titles_title":"","_seopress_titles_desc":"","_seopress_robots_index":"","spay_email":"","jetpack_publicize_message":""},"class_list":{"0":"post-6430","1":"product","2":"type-product","3":"status-publish","4":"has-post-thumbnail","6":"product_cat-api-dropshiping","7":"product_cat-conexion-webservice-erp-mg","8":"product_cat-magento-ce","9":"product_tag-fedex-magento","10":"product_tag-guia-fedex-tiendaweb","11":"product_shipping_class-s-remoto","13":"first","14":"instock","15":"sale","16":"virtual","17":"taxable","18":"purchasable","19":"product-type-simple"},"jetpack_publicize_connections":[],"jetpack_sharing_enabled":true,"jetpack-related-posts":[],"_links":{"self":[{"href":"https:\/\/mojomexico.company\/portal\/wp-json\/wp\/v2\/product\/6430","targetHints":{"allow":["GET"]}}],"collection":[{"href":"https:\/\/mojomexico.company\/portal\/wp-json\/wp\/v2\/product"}],"about":[{"href":"https:\/\/mojomexico.company\/portal\/wp-json\/wp\/v2\/types\/product"}],"wp:featuredmedia":[{"embeddable":true,"href":"https:\/\/mojomexico.company\/portal\/wp-json\/wp\/v2\/media\/3534"}],"wp:attachment":[{"href":"https:\/\/mojomexico.company\/portal\/wp-json\/wp\/v2\/media?parent=6430"}],"curies":[{"name":"wp","href":"https:\/\/api.w.org\/{rel}","templated":true}]}}