{"id":6433,"date":"2020-06-18T15:02:57","date_gmt":"2020-06-18T20:02:57","guid":{"rendered":"https:\/\/mojomexico.company\/portal\/?post_type=product&#038;p=6433"},"modified":"2020-06-18T15:37:05","modified_gmt":"2020-06-18T20:37:05","slug":"integracion-woocommerce-sucursales-de-tienda","status":"publish","type":"product","link":"https:\/\/mojomexico.company\/portal\/producto\/integracion-woocommerce-sucursales-de-tienda\/","title":{"rendered":"Integraci\u00f3n Woocommerce Sucursales de Tienda"},"content":{"rendered":"<p><a href=\"https:\/\/mojomexico.company\/portal\/baner-wc1\/\"><img alt=\"\" loading=\"lazy\" decoding=\"async\" data-attachment-id=\"5265\" data-permalink=\"https:\/\/mojomexico.company\/portal\/?attachment_id=5265\" data-orig-file=\"https:\/\/i0.wp.com\/mojomexico.company\/portal\/wp-content\/uploads\/2018\/06\/baner-wc1.png?fit=424%2C496&amp;ssl=1\" data-orig-size=\"424,496\" data-comments-opened=\"1\" data-image-meta=\"{&quot;aperture&quot;:&quot;0&quot;,&quot;credit&quot;:&quot;&quot;,&quot;camera&quot;:&quot;&quot;,&quot;caption&quot;:&quot;&quot;,&quot;created_timestamp&quot;:&quot;0&quot;,&quot;copyright&quot;:&quot;&quot;,&quot;focal_length&quot;:&quot;0&quot;,&quot;iso&quot;:&quot;0&quot;,&quot;shutter_speed&quot;:&quot;0&quot;,&quot;title&quot;:&quot;&quot;,&quot;orientation&quot;:&quot;0&quot;}\" data-image-title=\"baner-wc1\" data-image-description=\"\" data-medium-file=\"https:\/\/i0.wp.com\/mojomexico.company\/portal\/wp-content\/uploads\/2018\/06\/baner-wc1.png?fit=256%2C300&amp;ssl=1\" data-large-file=\"https:\/\/i0.wp.com\/mojomexico.company\/portal\/wp-content\/uploads\/2018\/06\/baner-wc1.png?fit=424%2C496&amp;ssl=1\" class=\"alignleft size-full wp-image-5265\" src=\"https:\/\/i0.wp.com\/mojomexico.company\/portal\/wp-content\/uploads\/2018\/06\/baner-wc1.png?resize=424%2C496&#038;ssl=1\" alt=\"\" width=\"424\" height=\"496\" srcset=\"https:\/\/i0.wp.com\/mojomexico.company\/portal\/wp-content\/uploads\/2018\/06\/baner-wc1.png?w=424&amp;ssl=1 424w, https:\/\/i0.wp.com\/mojomexico.company\/portal\/wp-content\/uploads\/2018\/06\/baner-wc1.png?resize=256%2C300&amp;ssl=1 256w, https:\/\/i0.wp.com\/mojomexico.company\/portal\/wp-content\/uploads\/2018\/06\/baner-wc1.png?resize=231%2C270&amp;ssl=1 231w, https:\/\/i0.wp.com\/mojomexico.company\/portal\/wp-content\/uploads\/2018\/06\/baner-wc1.png?resize=214%2C250&amp;ssl=1 214w\" sizes=\"(max-width: 424px) 100vw, 424px\" data-recalc-dims=\"1\" \/><\/a>Servicio de adaptaci\u00f3n de MULTITIENDAS en WordPress Woocommerce, con nuestra soluci\u00f3n pondr\u00e1n crear SUCURSALES en Woocommerce SIN salir de WordPress, esta soluci\u00f3n va a permitir Separar Productos y Existencias entre Sucursales\u00a0 pero bajo UN solo registro de Clientes por lo que las bases de datos son compartidas; al final se genera un Concentrado de Ventas por Medios de Pago separados.<\/p>\n<p>El costo de esta soluci\u00f3n es por UNA-TIENDA-N-SUCURSALES.<\/p>\n","protected":false},"excerpt":{"rendered":"<p><a href=\"https:\/\/mojomexico.company\/portal\/baner-wc1a\/\"><img alt=\"\" loading=\"lazy\" decoding=\"async\" class=\"alignleft size-full wp-image-5266\" src=\"https:\/\/mojomexico.company\/portal\/wp-content\/uploads\/2018\/06\/baner-wc1a.png\" alt=\"\" width=\"424\" height=\"496\" srcset=\"https:\/\/i1.wp.com\/mojomexico.company\/portal\/wp-content\/uploads\/2018\/06\/baner-wc1a.png?w=424&amp;ssl=1 424w, https:\/\/i1.wp.com\/mojomexico.company\/portal\/wp-content\/uploads\/2018\/06\/baner-wc1a.png?resize=256%2C300&amp;ssl=1 256w, https:\/\/i1.wp.com\/mojomexico.company\/portal\/wp-content\/uploads\/2018\/06\/baner-wc1a.png?resize=231%2C270&amp;ssl=1 231w, https:\/\/i1.wp.com\/mojomexico.company\/portal\/wp-content\/uploads\/2018\/06\/baner-wc1a.png?resize=214%2C250&amp;ssl=1 214w\" sizes=\"(max-width: 424px) 100vw, 424px\" \/><\/a>Servicio de adaptaci\u00f3n de MULTITIENDAS en WordPress Woocommerce, con nuestra soluci\u00f3n pondr\u00e1n crear SUCURSALES en Woocommerce SIN salir de Wordpress, esta soluci\u00f3n va a permitir Separar Productos y Existencias entre Sucursales\u00a0 pero bajo UN solo registro de Clientes por lo que las bases de datos son compartidas; al final se genera un Concentrado de Ventas por Medios de Pago separados.<\/p>\n<p>El costo de esta soluci\u00f3n es por UNA-TIENDA-N-SUCURSALES.<\/p>\n","protected":false},"featured_media":5266,"template":"","meta":{"saved_in_kubio":false,"_seopress_robots_primary_cat":"","_seopress_titles_title":"","_seopress_titles_desc":"","_seopress_robots_index":"","spay_email":"","jetpack_publicize_message":""},"class_list":{"0":"post-6433","1":"product","2":"type-product","3":"status-publish","4":"has-post-thumbnail","6":"product_cat-soporte-tecnico-horas-de-programacion","8":"first","9":"instock","10":"sale","11":"virtual","12":"taxable","13":"purchasable","14":"product-type-simple"},"jetpack_publicize_connections":[],"jetpack_sharing_enabled":true,"jetpack-related-posts":[],"_links":{"self":[{"href":"https:\/\/mojomexico.company\/portal\/wp-json\/wp\/v2\/product\/6433","targetHints":{"allow":["GET"]}}],"collection":[{"href":"https:\/\/mojomexico.company\/portal\/wp-json\/wp\/v2\/product"}],"about":[{"href":"https:\/\/mojomexico.company\/portal\/wp-json\/wp\/v2\/types\/product"}],"wp:featuredmedia":[{"embeddable":true,"href":"https:\/\/mojomexico.company\/portal\/wp-json\/wp\/v2\/media\/5266"}],"wp:attachment":[{"href":"https:\/\/mojomexico.company\/portal\/wp-json\/wp\/v2\/media?parent=6433"}],"curies":[{"name":"wp","href":"https:\/\/api.w.org\/{rel}","templated":true}]}}