{"id":6494,"date":"2020-07-16T16:37:07","date_gmt":"2020-07-16T21:37:07","guid":{"rendered":""},"modified":"2026-02-10T23:03:39","modified_gmt":"2026-02-11T05:03:39","slug":"pch-api-tiendas-web","status":"publish","type":"product","link":"https:\/\/mojomexico.company\/portal\/producto\/pch-api-tiendas-web\/","title":{"rendered":"PCH API Tienda web"},"content":{"rendered":"<p>&nbsp;<\/p>\n<p>Plugin\u00a0 para la Conexion Webservice (RestAPI, WSDL, Soap, JSON) del catalogo directo del Proveedor PCH mayorista para\u00a0 Woocommerce, PHP CodigoAbierto\u00a0 M<a href=\"https:\/\/mojomexico.company\/portal\/pch-icono-512-1r\/\"><img alt=\"\" loading=\"lazy\" decoding=\"async\" data-attachment-id=\"7995\" data-permalink=\"https:\/\/mojomexico.company\/portal\/?attachment_id=7995\" data-orig-file=\"https:\/\/i2.wp.com\/mojomexico.company\/portal\/wp-content\/uploads\/2020\/07\/pch-icono-512-1R.png?fit=512%2C512&amp;ssl=1\" data-orig-size=\"512,512\" data-comments-opened=\"1\" data-image-meta=\"{&quot;aperture&quot;:&quot;0&quot;,&quot;credit&quot;:&quot;&quot;,&quot;camera&quot;:&quot;&quot;,&quot;caption&quot;:&quot;&quot;,&quot;created_timestamp&quot;:&quot;0&quot;,&quot;copyright&quot;:&quot;&quot;,&quot;focal_length&quot;:&quot;0&quot;,&quot;iso&quot;:&quot;0&quot;,&quot;shutter_speed&quot;:&quot;0&quot;,&quot;title&quot;:&quot;&quot;,&quot;orientation&quot;:&quot;0&quot;}\" data-image-title=\"pch-icono-512-1R\" data-image-description=\"\" data-medium-file=\"https:\/\/i2.wp.com\/mojomexico.company\/portal\/wp-content\/uploads\/2020\/07\/pch-icono-512-1R.png?fit=300%2C300&amp;ssl=1\" data-large-file=\"https:\/\/i2.wp.com\/mojomexico.company\/portal\/wp-content\/uploads\/2020\/07\/pch-icono-512-1R.png?fit=512%2C512&amp;ssl=1\" class=\" wp-image-7995 alignleft\" src=\"https:\/\/i2.wp.com\/mojomexico.company\/portal\/wp-content\/uploads\/2020\/07\/pch-icono-512-1R.png?resize=311%2C311&#038;ssl=1\" alt=\"\" width=\"311\" height=\"311\" srcset=\"https:\/\/i2.wp.com\/mojomexico.company\/portal\/wp-content\/uploads\/2020\/07\/pch-icono-512-1R.png?w=512&amp;ssl=1 512w, https:\/\/i2.wp.com\/mojomexico.company\/portal\/wp-content\/uploads\/2020\/07\/pch-icono-512-1R.png?resize=300%2C300&amp;ssl=1 300w, https:\/\/i2.wp.com\/mojomexico.company\/portal\/wp-content\/uploads\/2020\/07\/pch-icono-512-1R.png?resize=150%2C150&amp;ssl=1 150w, https:\/\/i2.wp.com\/mojomexico.company\/portal\/wp-content\/uploads\/2020\/07\/pch-icono-512-1R.png?resize=500%2C500&amp;ssl=1 500w, https:\/\/i2.wp.com\/mojomexico.company\/portal\/wp-content\/uploads\/2020\/07\/pch-icono-512-1R.png?resize=100%2C100&amp;ssl=1 100w\" sizes=\"(max-width: 311px) 100vw, 311px\" data-recalc-dims=\"1\" \/><\/a>agento y otras marcas, nuestro producto se instala dentro de la zona ADMIN MODULOS y se administra ahi para conectar, traer y actualizar periodicamente los productos , ofertas e inventario del proveedor \u00f3 proveedores integrandolos al catalogo NORMAL de la tienda web;<strong>se Vende como LICENCIA ANUAL CON RENOVACION\u00a0 ANUAL.<\/strong><\/p>\n<p>&nbsp;<\/p>\n<p>&nbsp;<\/p>\n<p><strong><a href=\"https:\/\/cva.mojomexico.net\" target=\"_blank\" rel=\"noopener noreferrer\"><img alt=\"\" loading=\"lazy\" decoding=\"async\" data-attachment-id=\"6899\" data-permalink=\"https:\/\/mojomexico.company\/portal\/?attachment_id=6899\" data-orig-file=\"https:\/\/i1.wp.com\/mojomexico.company\/portal\/wp-content\/uploads\/2020\/09\/stand3R.png?fit=255%2C255&amp;ssl=1\" data-orig-size=\"255,255\" data-comments-opened=\"1\" data-image-meta=\"{&quot;aperture&quot;:&quot;0&quot;,&quot;credit&quot;:&quot;&quot;,&quot;camera&quot;:&quot;&quot;,&quot;caption&quot;:&quot;&quot;,&quot;created_timestamp&quot;:&quot;0&quot;,&quot;copyright&quot;:&quot;&quot;,&quot;focal_length&quot;:&quot;0&quot;,&quot;iso&quot;:&quot;0&quot;,&quot;shutter_speed&quot;:&quot;0&quot;,&quot;title&quot;:&quot;&quot;,&quot;orientation&quot;:&quot;0&quot;}\" data-image-title=\"stand3R\" data-image-description=\"\" data-medium-file=\"https:\/\/i1.wp.com\/mojomexico.company\/portal\/wp-content\/uploads\/2020\/09\/stand3R.png?fit=250%2C250&amp;ssl=1\" data-large-file=\"https:\/\/i1.wp.com\/mojomexico.company\/portal\/wp-content\/uploads\/2020\/09\/stand3R.png?fit=255%2C255&amp;ssl=1\" class=\"alignleft wp-image-6899 size-full\" src=\"https:\/\/i1.wp.com\/mojomexico.company\/portal\/wp-content\/uploads\/2020\/09\/stand3R.png?resize=255%2C255&#038;ssl=1\" alt=\"\" width=\"255\" height=\"255\" srcset=\"https:\/\/i1.wp.com\/mojomexico.company\/portal\/wp-content\/uploads\/2020\/09\/stand3R.png?w=255&amp;ssl=1 255w, https:\/\/i1.wp.com\/mojomexico.company\/portal\/wp-content\/uploads\/2020\/09\/stand3R.png?resize=250%2C250&amp;ssl=1 250w, https:\/\/i1.wp.com\/mojomexico.company\/portal\/wp-content\/uploads\/2020\/09\/stand3R.png?resize=150%2C150&amp;ssl=1 150w, https:\/\/i1.wp.com\/mojomexico.company\/portal\/wp-content\/uploads\/2020\/09\/stand3R.png?resize=120%2C120&amp;ssl=1 120w, https:\/\/i1.wp.com\/mojomexico.company\/portal\/wp-content\/uploads\/2020\/09\/stand3R.png?resize=100%2C100&amp;ssl=1 100w\" sizes=\"(max-width: 255px) 100vw, 255px\" data-recalc-dims=\"1\" \/><\/a>Que estoy comprando?<\/strong><\/p>\n<p>Al comprar nuestro producto, estas adquiriendo el derecho de uso de nuestro producto por dominio-tienda en forma de Una Licencia (puede adquirir varias licencias si manejas multitiendas) solo para el dominio \u00f3 dominios que registras en tu compra. Solo se entregan programas compilados sin opci\u00f3n a modificar m\u00e1s que por el personal calificado de Mojomexico y solo podr\u00e1 ser usado para el dominio-tienda registrado. El descuento en multitiendas es del 35% de la segunda hasta 99 licencias.<\/p>\n<p><strong>Qu\u00e9 pasa si Prestashop o WC o Joomla o Opencart\u00a0 \u00f3 PCH cambian de versi\u00f3n ?<\/strong><\/p>\n<p>Nuestro conector est\u00e1 fabricado bajo los est\u00e1ndares de Calidad para ser compatible con todas las versiones de los motores cms pero siempre existe una posibilidad de que se presente una imcompatiblidad futural. En todo caso, Mojomexico brindar\u00e1 la actualizaci\u00f3n inmediata si e\u015bte efecto se presenta dentro de los primeros 30 d\u00edas posterior a su compra SIN COSTO ADICIONAL<\/p>\n<p>Tu servicio Hosting debe contar con la INGENIERIA SUPERIOR para el manejo de SOAP RestAPi que requieren las Tiendas Profesionales, ya que nuestro conector No cubre las fallas ocasionadas por \u00e9ste servicio ni el soporte en acciones fuera de nuestro Conector por lo que solo nos limitaremos a reportar la falla de forma superficial o podr\u00e1n contratar el servicio extra independiente de este producto en nuestro cat\u00e1logo Mojomexico<\/p>\n<p><strong> Tengo que pagar anualidades \u00f3 comisiones por usar su producto?<br \/>\n<\/strong><\/p>\n<p><strong>segun la promocion<\/strong><\/p>\n<p><strong> C\u00f3mo es el proceso de instalaci\u00f3n?<\/strong><\/p>\n<p>recibes tu acceso a tu zona Panel de trabajo personal y exclusivo despues de tu compra<\/p>\n<p><strong> Que garant\u00eda tengo?<\/strong><\/p>\n<p>99.9% de servicio todo el a\u00f1o<\/p>\n<p><strong> C\u00f3mo puedo ordenar este producto ahora?<\/strong><\/p>\n<p>carga en carrito y sigue las instrucciones que ahi se muestran, Siempre Expedimos FACTURA FISCAL 100% deducible en tu compra.<\/p>\n<p>&nbsp;<\/p>\n<p>&nbsp;<\/p>\n","protected":false},"excerpt":{"rendered":"<p><a href=\"https:\/\/mojomexico.company\/portal\/?attachment_id=7995\" rel=\"attachment wp-att-7995\"><img alt=\"\" loading=\"lazy\" decoding=\"async\" class=\" wp-image-7995 alignleft\" src=\"https:\/\/mojomexico.company\/portal\/wp-content\/uploads\/2020\/07\/pch-icono-512-1R.png\" alt=\"\" width=\"236\" height=\"236\" srcset=\"https:\/\/i2.wp.com\/mojomexico.company\/portal\/wp-content\/uploads\/2020\/07\/pch-icono-512-1R.png?w=512&amp;ssl=1 512w, https:\/\/i2.wp.com\/mojomexico.company\/portal\/wp-content\/uploads\/2020\/07\/pch-icono-512-1R.png?resize=300%2C300&amp;ssl=1 300w, https:\/\/i2.wp.com\/mojomexico.company\/portal\/wp-content\/uploads\/2020\/07\/pch-icono-512-1R.png?resize=150%2C150&amp;ssl=1 150w, https:\/\/i2.wp.com\/mojomexico.company\/portal\/wp-content\/uploads\/2020\/07\/pch-icono-512-1R.png?resize=500%2C500&amp;ssl=1 500w, https:\/\/i2.wp.com\/mojomexico.company\/portal\/wp-content\/uploads\/2020\/07\/pch-icono-512-1R.png?resize=100%2C100&amp;ssl=1 100w\" sizes=\"(max-width: 236px) 100vw, 236px\" \/><\/a><\/p>\n<p>Plan antes:<a href=\"https:\/\/cva.mojomexico.net\/wp-content\/uploads\/2023\/02\/precio8990.png\"><img alt=\"\" loading=\"lazy\" decoding=\"async\" class=\"aligncenter size-full wp-image-8060\" src=\"https:\/\/cva.mojomexico.net\/wp-content\/uploads\/2023\/02\/precio8990.png\" alt=\"\" width=\"180\" height=\"64\" \/><\/a><\/p>\n<p>ahora<\/p>\n<p><a href=\"https:\/\/mojomexico.company\/portal\/?attachment_id=8531\" rel=\"attachment wp-att-8531\"><img alt=\"\" loading=\"lazy\" decoding=\"async\" class=\"aligncenter wp-image-8531\" src=\"https:\/\/mojomexico.company\/portal\/wp-content\/uploads\/2025\/04\/baner-50desc-1R.jpg\" alt=\"\" width=\"640\" height=\"355\" srcset=\"https:\/\/i2.wp.com\/mojomexico.company\/portal\/wp-content\/uploads\/2025\/04\/baner-50desc-1R.jpg?w=934&amp;ssl=1 934w, https:\/\/i2.wp.com\/mojomexico.company\/portal\/wp-content\/uploads\/2025\/04\/baner-50desc-1R.jpg?resize=300%2C166&amp;ssl=1 300w, https:\/\/i2.wp.com\/mojomexico.company\/portal\/wp-content\/uploads\/2025\/04\/baner-50desc-1R.jpg?resize=768%2C426&amp;ssl=1 768w, https:\/\/i2.wp.com\/mojomexico.company\/portal\/wp-content\/uploads\/2025\/04\/baner-50desc-1R.jpg?resize=600%2C333&amp;ssl=1 600w, https:\/\/i2.wp.com\/mojomexico.company\/portal\/wp-content\/uploads\/2025\/04\/baner-50desc-1R.jpg?resize=500%2C277&amp;ssl=1 500w\" sizes=\"(max-width: 640px) 100vw, 640px\" \/><\/a><\/p>\n<p>&nbsp;<\/p>\n<p>&nbsp;<\/p>\n<p>Plugin\u00a0 conexion API del catalogo directo del Proveedor PCH para tiendas profesionales puedes escoger tu marca abajo.<\/p>\n","protected":false},"featured_media":7995,"template":"","meta":{"saved_in_kubio":false,"_seopress_robots_primary_cat":"none","_seopress_titles_title":"","_seopress_titles_desc":"","_seopress_robots_index":"","spay_email":"","jetpack_publicize_message":""},"class_list":{"0":"post-6494","1":"product","2":"type-product","3":"status-publish","4":"has-post-thumbnail","6":"product_cat-conexion-webservice-erp","7":"product_cat-conexion-webservice-erp-mg","8":"product_cat-conexion-webservice-erp-ps","9":"product_cat-promocionexpress","10":"product_cat-shopify","11":"product_cat-woocommerce-wordpress","12":"product_cat-prestashop","13":"product_cat-php-laravel","14":"product_tag-pch-drupal","15":"product_tag-pch-joomla","16":"product_tag-pch-opencart","17":"product_tag-pch-prestashop","18":"product_tag-pch-woocommerce","19":"product_tag-syscom-woocommerce","20":"product_tag-webservice-prestashop-cva-mayorista","22":"first","23":"instock","24":"virtual","25":"taxable","26":"purchasable","27":"product-type-simple"},"jetpack_publicize_connections":[],"jetpack_sharing_enabled":true,"jetpack-related-posts":[],"_links":{"self":[{"href":"https:\/\/mojomexico.company\/portal\/wp-json\/wp\/v2\/product\/6494","targetHints":{"allow":["GET"]}}],"collection":[{"href":"https:\/\/mojomexico.company\/portal\/wp-json\/wp\/v2\/product"}],"about":[{"href":"https:\/\/mojomexico.company\/portal\/wp-json\/wp\/v2\/types\/product"}],"wp:featuredmedia":[{"embeddable":true,"href":"https:\/\/mojomexico.company\/portal\/wp-json\/wp\/v2\/media\/7995"}],"wp:attachment":[{"href":"https:\/\/mojomexico.company\/portal\/wp-json\/wp\/v2\/media?parent=6494"}],"curies":[{"name":"wp","href":"https:\/\/api.w.org\/{rel}","templated":true}]}}