{"id":6666,"date":"2020-09-07T21:59:01","date_gmt":"2020-09-08T02:59:01","guid":{"rendered":"https:\/\/mojomexico.company\/portal\/?post_type=product&#038;p=6666"},"modified":"2026-02-10T23:05:47","modified_gmt":"2026-02-11T05:05:47","slug":"conexion-exel-mayorista-tienda-web","status":"publish","type":"product","link":"https:\/\/mojomexico.company\/portal\/producto\/conexion-exel-mayorista-tienda-web\/","title":{"rendered":"API Exel del Norte Mayorista tienda web"},"content":{"rendered":"<p>&nbsp;<\/p>\n<p>Plugin conexion API con\u00a0 ALMACEN MAYORISTA para tiendas web profesionales.\u00a0 Nuestro producto se instala dentro de la zona ADMIN MODULOS y se administra ahi para conectar, traer y actualizar periodicamente los productos , ofertas e inventario del proveedor \u00f3 proveedores integrandolos al catalogo NORMAL de la tienda web.<\/p>\n<p>Acciones incluidas en esta version:<\/p>\n<div dir=\"ltr\">Actualizaci\u00f3n del cat\u00e1logo de productos por categor\u00eda<\/div>\n<div dir=\"ltr\"><\/div>\n<div dir=\"ltr\">Actualizar tantas veces al d\u00eda como te lo permita el Mayorista.<\/div>\n<div dir=\"ltr\"><\/div>\n<div dir=\"ltr\">Verifica antes de hacer el pedido a Exel del Norte del precio y existencia del pedido del producto<\/div>\n<div dir=\"ltr\"><\/div>\n<div dir=\"ltr\">Opci\u00f3n para colocar un % PORCENTAJE de utilidad por categor\u00eda para que muestre el precio p\u00fablico de venta<\/div>\n<div dir=\"ltr\"><\/div>\n<div dir=\"ltr\">Soporte ilimitado GRATIS<\/div>\n<div dir=\"ltr\"><\/div>\n<div dir=\"ltr\">Puedes agregar NUEVO MODULO SYNC MARKETPLACE para potenciar m\u00e1s tu tienda, lo que te va a permitir el control preciso de tus Promociones en Amazon, Mercado Libre, Claro, Waltmart y otros, en tu compra anual o plan mensual siempre te estamos brindando todo el soporte y actualizaciones constantes todo el a\u00f1o para potenciar \u00e9sta conexion.<\/div>\n<p><strong>Que estoy comprando?<\/strong><\/p>\n<p>Al comprar nuestro producto, estas adquiriendo el derecho de uso de nuestro producto por dominio-tienda en forma de Una Licencia (puede adquirir varias licencias si manejas multitiendas) solo para el dominio \u00f3 dominios que registras en tu compra. Solo se entregan programas compilados sin opci\u00f3n a modificar m\u00e1s que por el personal calificado de Mojomexico y solo podr\u00e1 ser usado para el dominio-tienda registrado. El descuento en multitiendas es del 35% de la segunda hasta 99 licencias.<\/p>\n<p><strong>Qu\u00e9 pasa si la tienda cambian de versi\u00f3n ?<\/strong><\/p>\n<p>Nuestro conector est\u00e1 fabricado bajo los est\u00e1ndares de Calidad para ser compatible con todas las versiones de los motores cms pero siempre existe una posibilidad de que se presente una imcompatiblidad futural. En todo caso, Mojomexico brindar\u00e1 la actualizaci\u00f3n inmediata si e\u015bte efecto se presenta dentro de los primeros 30 d\u00edas posterior a su compra SIN COSTO ADICIONAL<\/p>\n<p>nuestra GARANTIA se limita a brindar soporte solo por problemas de nuestro c\u00f3digo en acciones perfectamente identificadas.<\/p>\n<p><strong> Tengo que pagar anualidades \u00f3 comisiones por usar su producto?<br \/>\n<\/strong><\/p>\n<p>Segun la promocion<\/p>\n<p><strong>C\u00f3mo es el proceso de instalaci\u00f3n?<\/strong><\/p>\n<p>El uso y aprovechamiento es por medio de una ZONA PANEL exclusiva para ti creada por el depto.Mojomexico<\/p>\n<p><strong>AQUI EN MENU SUPERIOR BUSCA \u201cGUIAS DE CONFIGURACION\u2026\u201d para que tu lo instales y configures en tu tienda web.<\/strong><\/p>\n<p><strong> Que garant\u00eda tengo?<\/strong><\/p>\n<p>99.9% de funcionamiento todo el a\u00f1o<\/p>\n<p><strong> C\u00f3mo puedo ordenar este producto ahora?<\/strong><\/p>\n<p>carga en carrito y sigue las instrucciones que ahi se muestran, Siempre Expedimos FACTURA FISCAL 100% deducible en tu compra.<\/p>\n<p>&nbsp;<\/p>\n<p>&nbsp;<\/p>\n<h2><a href=\"https:\/\/mojomexico.company\/portal\/?attachment_id=7886\" rel=\"attachment wp-att-7886\"><img alt=\"\" loading=\"lazy\" decoding=\"async\" data-attachment-id=\"7886\" data-permalink=\"https:\/\/mojomexico.company\/portal\/?attachment_id=7886\" data-orig-file=\"https:\/\/i2.wp.com\/mojomexico.company\/portal\/wp-content\/uploads\/2023\/10\/caja-marketplace.png?fit=369%2C395&amp;ssl=1\" data-orig-size=\"369,395\" data-comments-opened=\"1\" data-image-meta=\"{&quot;aperture&quot;:&quot;0&quot;,&quot;credit&quot;:&quot;&quot;,&quot;camera&quot;:&quot;&quot;,&quot;caption&quot;:&quot;&quot;,&quot;created_timestamp&quot;:&quot;0&quot;,&quot;copyright&quot;:&quot;&quot;,&quot;focal_length&quot;:&quot;0&quot;,&quot;iso&quot;:&quot;0&quot;,&quot;shutter_speed&quot;:&quot;0&quot;,&quot;title&quot;:&quot;&quot;,&quot;orientation&quot;:&quot;0&quot;}\" data-image-title=\"caja-marketplace\" data-image-description=\"\" data-medium-file=\"https:\/\/i2.wp.com\/mojomexico.company\/portal\/wp-content\/uploads\/2023\/10\/caja-marketplace.png?fit=280%2C300&amp;ssl=1\" data-large-file=\"https:\/\/i2.wp.com\/mojomexico.company\/portal\/wp-content\/uploads\/2023\/10\/caja-marketplace.png?fit=369%2C395&amp;ssl=1\" class=\"size-full wp-image-7886 alignleft\" src=\"https:\/\/i2.wp.com\/mojomexico.company\/portal\/wp-content\/uploads\/2023\/10\/caja-marketplace.png?resize=369%2C395&#038;ssl=1\" alt=\"\" width=\"369\" height=\"395\" srcset=\"https:\/\/i2.wp.com\/mojomexico.company\/portal\/wp-content\/uploads\/2023\/10\/caja-marketplace.png?w=369&amp;ssl=1 369w, https:\/\/i2.wp.com\/mojomexico.company\/portal\/wp-content\/uploads\/2023\/10\/caja-marketplace.png?resize=280%2C300&amp;ssl=1 280w\" sizes=\"(max-width: 369px) 100vw, 369px\" data-recalc-dims=\"1\" \/><\/a>SYNC MARKETPLACE<\/h2>\n<p>Ahora para darle m\u00e1s potencia a tu API CVA Mayorista, hemos creado LA SYNCronitizaci\u00f3n con tu Marketplace:<\/p>\n<p>Amazon<br \/>\nMercado Libre<br \/>\nClaro<br \/>\nWaltmart<br \/>\nLinio<br \/>\notros<\/p>\n<p>PIDELO COMO COMPLEMENTO A TU CONEXION CVA o de cualquier otra marca, en Mojomexico siempre estamos desarrollando nuevas opciones para potenciar tu tienda.<\/p>\n","protected":false},"excerpt":{"rendered":"<p>&nbsp;<\/p>\n<p style=\"text-align: left;\"><a href=\"https:\/\/mojomexico.company\/portal\/?attachment_id=7993\" rel=\"attachment wp-att-7993\"><img alt=\"\" loading=\"lazy\" decoding=\"async\" class=\"size-medium wp-image-7993 alignleft\" src=\"https:\/\/mojomexico.company\/portal\/wp-content\/uploads\/2020\/09\/exeln-icono-512-1R-300x300.png\" alt=\"\" width=\"300\" height=\"300\" srcset=\"https:\/\/i1.wp.com\/mojomexico.company\/portal\/wp-content\/uploads\/2020\/09\/exeln-icono-512-1R.png?resize=300%2C300&amp;ssl=1 300w, https:\/\/i1.wp.com\/mojomexico.company\/portal\/wp-content\/uploads\/2020\/09\/exeln-icono-512-1R.png?resize=150%2C150&amp;ssl=1 150w, https:\/\/i1.wp.com\/mojomexico.company\/portal\/wp-content\/uploads\/2020\/09\/exeln-icono-512-1R.png?resize=500%2C500&amp;ssl=1 500w, https:\/\/i1.wp.com\/mojomexico.company\/portal\/wp-content\/uploads\/2020\/09\/exeln-icono-512-1R.png?resize=100%2C100&amp;ssl=1 100w, https:\/\/i1.wp.com\/mojomexico.company\/portal\/wp-content\/uploads\/2020\/09\/exeln-icono-512-1R.png?w=512&amp;ssl=1 512w\" sizes=\"(max-width: 300px) 100vw, 300px\" \/><\/a><\/p>\n<p>Plan antes:<a href=\"https:\/\/cva.mojomexico.net\/wp-content\/uploads\/2023\/02\/precio8990.png\"><img alt=\"\" loading=\"lazy\" decoding=\"async\" class=\"aligncenter size-full wp-image-8060\" src=\"https:\/\/cva.mojomexico.net\/wp-content\/uploads\/2023\/02\/precio8990.png\" alt=\"\" width=\"180\" height=\"64\" \/><\/a><\/p>\n<h3>ahora<\/h3>\n<p>&nbsp;<\/p>\n<p><a href=\"https:\/\/mojomexico.company\/portal\/?attachment_id=8531\" rel=\"attachment wp-att-8531\"><img alt=\"\" loading=\"lazy\" decoding=\"async\" class=\"aligncenter wp-image-8531\" src=\"https:\/\/mojomexico.company\/portal\/wp-content\/uploads\/2025\/04\/baner-50desc-1R.jpg\" alt=\"\" width=\"640\" height=\"355\" srcset=\"https:\/\/i2.wp.com\/mojomexico.company\/portal\/wp-content\/uploads\/2025\/04\/baner-50desc-1R.jpg?w=934&amp;ssl=1 934w, https:\/\/i2.wp.com\/mojomexico.company\/portal\/wp-content\/uploads\/2025\/04\/baner-50desc-1R.jpg?resize=300%2C166&amp;ssl=1 300w, https:\/\/i2.wp.com\/mojomexico.company\/portal\/wp-content\/uploads\/2025\/04\/baner-50desc-1R.jpg?resize=768%2C426&amp;ssl=1 768w, https:\/\/i2.wp.com\/mojomexico.company\/portal\/wp-content\/uploads\/2025\/04\/baner-50desc-1R.jpg?resize=600%2C333&amp;ssl=1 600w, https:\/\/i2.wp.com\/mojomexico.company\/portal\/wp-content\/uploads\/2025\/04\/baner-50desc-1R.jpg?resize=500%2C277&amp;ssl=1 500w\" sizes=\"(max-width: 640px) 100vw, 640px\" \/><\/a><\/p>\n<p>Plugin conexion API del\u00a0 ERP Catalogo\u00a0 de EXEL DEL NORTE autoadministrable que puedes instalar en la tienda web profesional que tu escoges aqui abajo<\/p>\n<ul>\n<li dir=\"ltr\">Cuentas con una\u00a0 <a href=\"https:\/\/sergioromo.info\/wplab6?s=guia cva\">GUIA<\/a> de configuraci\u00f3n y optimizacion esoecial que hemos creado para este producto.<\/li>\n<\/ul>\n","protected":false},"featured_media":7993,"template":"","meta":{"saved_in_kubio":false,"_seopress_robots_primary_cat":"none","_seopress_titles_title":"","_seopress_titles_desc":"","_seopress_robots_index":"","spay_email":"","jetpack_publicize_message":""},"class_list":{"0":"post-6666","1":"product","2":"type-product","3":"status-publish","4":"has-post-thumbnail","6":"product_cat-conexion-webservice-erp","7":"product_cat-conexion-webservice-erp-mg","8":"product_cat-conexion-webservice-erp-ps","9":"product_cat-magento-ce","10":"product_cat-magento-ee","11":"product_cat-magento2-ce","12":"product_cat-php-laravel","13":"product_cat-prestashop","14":"product_cat-promocionexpress","15":"product_cat-shopify","16":"product_cat-woocommerce-wordpress","17":"product_tag-exel-del-norte","18":"product_tag-exel-webservice","19":"product_tag-exel-mayorista","20":"product_tag-exel-prestashop","21":"product_tag-soap-exel","22":"product_tag-syscom-woocommerce","23":"product_tag-webservice-prestashop-cva-mayorista","25":"first","26":"instock","27":"virtual","28":"taxable","29":"purchasable","30":"product-type-simple"},"jetpack_publicize_connections":[],"jetpack_sharing_enabled":true,"jetpack-related-posts":[],"_links":{"self":[{"href":"https:\/\/mojomexico.company\/portal\/wp-json\/wp\/v2\/product\/6666","targetHints":{"allow":["GET"]}}],"collection":[{"href":"https:\/\/mojomexico.company\/portal\/wp-json\/wp\/v2\/product"}],"about":[{"href":"https:\/\/mojomexico.company\/portal\/wp-json\/wp\/v2\/types\/product"}],"wp:featuredmedia":[{"embeddable":true,"href":"https:\/\/mojomexico.company\/portal\/wp-json\/wp\/v2\/media\/7993"}],"wp:attachment":[{"href":"https:\/\/mojomexico.company\/portal\/wp-json\/wp\/v2\/media?parent=6666"}],"curies":[{"name":"wp","href":"https:\/\/api.w.org\/{rel}","templated":true}]}}