{"id":6743,"date":"2021-05-02T22:34:35","date_gmt":"2021-05-03T03:34:35","guid":{"rendered":"https:\/\/mojomexico.company\/portal\/?post_type=product&#038;p=6743"},"modified":"2026-02-10T16:01:16","modified_gmt":"2026-02-10T22:01:16","slug":"pasarela-banorte-cybersource-payworks2","status":"publish","type":"product","link":"https:\/\/mojomexico.company\/portal\/producto\/pasarela-banorte-cybersource-payworks2\/","title":{"rendered":"Banorte Cyber PW2-3D Magento2"},"content":{"rendered":"<p>[symple_tabgroup]<br \/>\n[symple_tab title=\u00bbDescripcion del Producto\u00bb]<\/p>\n<p><a href=\"https:\/\/mojomexico.company\/portal\/?attachment_id=7656\" rel=\"attachment wp-att-7656\"><img alt=\"\" loading=\"lazy\" decoding=\"async\" data-attachment-id=\"7656\" data-permalink=\"https:\/\/mojomexico.company\/portal\/?attachment_id=7656\" data-orig-file=\"https:\/\/i2.wp.com\/mojomexico.company\/portal\/wp-content\/uploads\/2021\/05\/caja-banorte23-cyber.png?fit=369%2C395&amp;ssl=1\" data-orig-size=\"369,395\" data-comments-opened=\"1\" data-image-meta=\"{&quot;aperture&quot;:&quot;0&quot;,&quot;credit&quot;:&quot;&quot;,&quot;camera&quot;:&quot;&quot;,&quot;caption&quot;:&quot;&quot;,&quot;created_timestamp&quot;:&quot;0&quot;,&quot;copyright&quot;:&quot;&quot;,&quot;focal_length&quot;:&quot;0&quot;,&quot;iso&quot;:&quot;0&quot;,&quot;shutter_speed&quot;:&quot;0&quot;,&quot;title&quot;:&quot;&quot;,&quot;orientation&quot;:&quot;0&quot;}\" data-image-title=\"caja-banorte23-cyber\" data-image-description=\"\" data-medium-file=\"https:\/\/i2.wp.com\/mojomexico.company\/portal\/wp-content\/uploads\/2021\/05\/caja-banorte23-cyber.png?fit=280%2C300&amp;ssl=1\" data-large-file=\"https:\/\/i2.wp.com\/mojomexico.company\/portal\/wp-content\/uploads\/2021\/05\/caja-banorte23-cyber.png?fit=369%2C395&amp;ssl=1\" class=\"alignleft size-medium wp-image-7656\" src=\"https:\/\/i2.wp.com\/mojomexico.company\/portal\/wp-content\/uploads\/2021\/05\/caja-banorte23-cyber.png?resize=280%2C300&#038;ssl=1\" alt=\"\" width=\"280\" height=\"300\" srcset=\"https:\/\/i2.wp.com\/mojomexico.company\/portal\/wp-content\/uploads\/2021\/05\/caja-banorte23-cyber.png?resize=280%2C300&amp;ssl=1 280w, https:\/\/i2.wp.com\/mojomexico.company\/portal\/wp-content\/uploads\/2021\/05\/caja-banorte23-cyber.png?w=369&amp;ssl=1 369w\" sizes=\"(max-width: 280px) 100vw, 280px\" data-recalc-dims=\"1\" \/><\/a>Extensi\u00f3n (Modulo o Plugin) de pagos BANORTE\u00a0 para recibir tarjetas de cr\u00e9dito y d\u00e9bito y procesar el pago directamente a su cuenta bancaria, todo esto de forma integral e Interno en la tienda , bajo altas normas de seguridad que marcan las instituciones bancarias.<\/p>\n<p>Al comprar nuestro producto, \u00e9sto le d\u00e1 derecho al USO exclusivo de nuestro software como licencia\u00a0 en su \u00a0tienda \/ dominio.<\/p>\n<p>En caso de que dese que se integre a una plantilla especial de su programa\u00a0 deber\u00e1 considerar adicionar al costo del producto el servicio de ajuste aqui mismo listado.<\/p>\n<p>SOLO PARA CONECTORES BANORTE:<\/p>\n<p>En todos los conectores, hay un proceso de \u00abpruebas de certificacion Bancario\u00bb que banorte solicita y el cliente debe atender directo; normalmente No se requiere la presencia (via telefono) de mojomexico pero en caso de que el banco lo requiera asi (normalmente no lo requiere pero pueden cambiar segun las reglas del banco), deber\u00e1s contratar como servicio extra (fuera de este pago) as horas de atencion directa.<\/p>\n<p>[\/symple_tab]<br \/>\n[symple_tab title=\u00bbPreguntas Frecuentes y Garantia\u00bb]<\/p>\n<p><b><img loading=\"lazy\" decoding=\"async\" data-attachment-id=\"3516\" data-permalink=\"https:\/\/mojomexico.company\/portal\/?attachment_id=3516\" data-orig-file=\"https:\/\/i1.wp.com\/mojomexico.company\/portal\/wp-content\/uploads\/2016\/11\/sello-12.png?fit=400%2C270&amp;ssl=1\" data-orig-size=\"400,270\" data-comments-opened=\"1\" data-image-meta=\"{&quot;aperture&quot;:&quot;0&quot;,&quot;credit&quot;:&quot;&quot;,&quot;camera&quot;:&quot;&quot;,&quot;caption&quot;:&quot;&quot;,&quot;created_timestamp&quot;:&quot;0&quot;,&quot;copyright&quot;:&quot;&quot;,&quot;focal_length&quot;:&quot;0&quot;,&quot;iso&quot;:&quot;0&quot;,&quot;shutter_speed&quot;:&quot;0&quot;,&quot;title&quot;:&quot;&quot;,&quot;orientation&quot;:&quot;0&quot;}\" data-image-title=\"calidad mojomexico\" data-image-description=\"\" data-medium-file=\"https:\/\/i1.wp.com\/mojomexico.company\/portal\/wp-content\/uploads\/2016\/11\/sello-12.png?fit=300%2C203&amp;ssl=1\" data-large-file=\"https:\/\/i1.wp.com\/mojomexico.company\/portal\/wp-content\/uploads\/2016\/11\/sello-12.png?fit=400%2C270&amp;ssl=1\" class=\"alignleft wp-image-3516\" src=\"https:\/\/i1.wp.com\/mojomexico.company\/portal\/wp-content\/uploads\/2016\/11\/sello-12.png?resize=284%2C192&#038;ssl=1\" alt=\"calidad mojomexico\" width=\"284\" height=\"192\" data-wp-pid=\"3516\" srcset=\"https:\/\/i1.wp.com\/mojomexico.company\/portal\/wp-content\/uploads\/2016\/11\/sello-12.png?w=400&amp;ssl=1 400w, https:\/\/i1.wp.com\/mojomexico.company\/portal\/wp-content\/uploads\/2016\/11\/sello-12.png?resize=300%2C203&amp;ssl=1 300w, https:\/\/i1.wp.com\/mojomexico.company\/portal\/wp-content\/uploads\/2016\/11\/sello-12.png?resize=220%2C149&amp;ssl=1 220w\" sizes=\"(max-width: 284px) 100vw, 284px\" data-recalc-dims=\"1\" \/><\/b><strong>Que estoy comprando?<\/strong><\/p>\n<p>Al comprar nuestro producto, estas adquiriendo el derecho de uso de nuestro producto por dominio (puedes adquirir varias licencias si manejas multitiendas) solo para el dominio \u00f3 dominios que registras en tu compra.Solo se entregan programas compilados sin opci\u00f3n a modificar m\u00e1s que por el personal calificado de Mojomexico y solo podr\u00e1 ser usado para el dominio-tienda registrado.<\/p>\n<p>Solo se entregan programas compilados sin opci\u00f3n a modificar m\u00e1s que por el personal calificado de Mojomexico y solo podr\u00e1 ser usado para el dominio-tienda registrado. El descuento en multitiendas es del 35% de la segunda hasta 99 licencias.<\/p>\n<p><strong>Con \u00e9sta pasarela\u00a0 puedo aceptar pagos con tarjetas Visa y Mastercard de\u00a0 otros Bancos \u00f3 de cualquier Banco del Mundo?<\/strong><\/p>\n<p>SI, con una pasarela puedes aceptar TODAS las tarjetas Visa y Mastercard nacionales e internacionales, de cualquier pa\u00eds. Regularmente todas las compras que se realicen en tu tienda en otras monedas distintas a PESOS, ser\u00e1n convertidas a pesos, a menos que \u00e9ste arreglo lo fijes con tu banco.<\/p>\n<p><strong>Puedo aceptar American Express?<\/strong><\/p>\n<p>El banco No lo incluye , pero puedes\u00a0 adquirir en esta tienda el Modulo Amex que tenemos disponible.<\/p>\n<p><strong>Puedo manejar pagos de 3,6,9,12 y 18 meses con y sin intereses en esta pasarela de pago?<\/strong><\/p>\n<p>debes agregar a tu compra los MODULO PLAN CON \/ SIN interes que tenemos disponible en este mismo catalogo.<\/p>\n<p><strong>Qu\u00e9 es \u00f3 como funciona LA CERTIFICACION BANORTE y porque debo pagarla ?<\/strong><\/p>\n<p>La certificaci\u00f3n BANORTE es el paso de revisi\u00f3n y Certificaci\u00f3n que Banorte hace a la tienda mediante pruebas de Compra REALES y ellos solicitan ajustes y cambios t\u00e9cnicos en el momento por eso es necesario la asistencia REMOTA-VIA-SKYPE de nuestro personal t\u00e9cnico, \u00e9sto es la raz\u00f3n del pago extra.<\/p>\n<p><strong>Tengo que pagar anualidades \u00f3 comisiones por usar su producto?<\/strong><\/p>\n<p>No, Nuestro producto no requiere anualidades ni comisiones por venta realizada, tu solo compras el producto y lo tienes de por vida para el dominio que destinaste. Todo el convenio de cobro y deposito a tu cuenta de cheques por tarjeta de cr\u00e9dito, es un arreglo de partes entre tu Banco Local y tu.<\/p>\n<p><strong>C\u00f3mo es el proceso de instalaci\u00f3n?<\/strong><\/p>\n<p>&nbsp;<\/p>\n<p>\u00c9ste periodo es INDEPENDIENTE del tiempo de Certificaci\u00f3n que Banorte tome adicional para certificar su tienda, \u00e9sto debe negociarlo directo con Banorte.<\/p>\n<p>Nosotros te apoyamos con soporte via TICKET GRATIS durante los primeros 3 meses despues de tu compra y una GUIA COMPLETA para Instalaci\u00f3n y Configuraci\u00f3n con tips y experiencias de otros compradores asi podras instalarlo por tu cuenta.<\/p>\n<p>Si requires soporte magento2 a nivel instalacion, nosotros te podemos apoyar solo agrega el servicio en tu compra casillas anexas aqui mismo.<\/p>\n<p><strong>Que garant\u00eda tengo?<\/strong><\/p>\n<p>Nosotros te estamos ofreciendo 6meses de garant\u00eda y soporte gr\u00e1tis por cualquier falla propia de nuestro producto, pero si la falla es ajena a nuestro c\u00f3digo o el Banco aplica ajustes en version de seguridad, ning\u00fan evento est\u00e1 protegido, a menos que quieras adquirir nuestra p\u00f3liza de soporte y protecci\u00f3n para tu sistema aqui mismo.<\/p>\n<p>&nbsp;<\/p>\n<p><strong>C\u00f3mo puedo ordenar este producto ahora?<\/strong><\/p>\n<p>carga el producto a tu carrito de compra y haz tu cierre de compra con dep\u00f3sito \u00f3 transferencia electronica (CLABE) bancaria Mundial en tu moneda local. Al final recibir\u00e1 su Factura Fiscal 100% deducible.<br \/>\n[\/symple_tab]<\/p>\n<p>[symple_tab title=\u00bbVideo demo\u00bb]<\/p>\n<p><code>puedes ver todos nuestros videos demos sobre este banco y marca de tienda en YOUTUBE Y VIMEO busca a Mojomexico.<\/code><\/p>\n<p>[\/symple_tab]<br \/>\n[\/symple_tabgroup]<\/p>\n","protected":false},"excerpt":{"rendered":"<blockquote><p><span class=\"Apple-style-span\"><a href=\"https:\/\/mojomexico.company\/portal\/?attachment_id=7656\" rel=\"attachment wp-att-7656\"><img alt=\"\" loading=\"lazy\" decoding=\"async\" class=\"alignleft size-medium wp-image-7656\" src=\"https:\/\/mojomexico.company\/portal\/wp-content\/uploads\/2021\/05\/caja-banorte23-cyber-280x300.png\" alt=\"\" width=\"280\" height=\"300\" srcset=\"https:\/\/i2.wp.com\/mojomexico.company\/portal\/wp-content\/uploads\/2021\/05\/caja-banorte23-cyber.png?resize=280%2C300&amp;ssl=1 280w, https:\/\/i2.wp.com\/mojomexico.company\/portal\/wp-content\/uploads\/2021\/05\/caja-banorte23-cyber.png?w=369&amp;ssl=1 369w\" sizes=\"(max-width: 280px) 100vw, 280px\" \/><\/a>Software extension de pago\u00a0 Banorte\u00a0 para la Seguridad Cybersource 3D Plus security con Payworks2\u00a0 , para Magento2 \/ Magento1\u00a0 incluye\u00a0 una GUIA COMPLETA para que lo instales por tu cuenta con Soporte Ticket Gratis por 3Meses. Ver m\u00e1s informaci\u00f3n y preguntas aqui mismo en el detalle del producto y revise nuestras politicas de servicio para garantia y soporte.<\/span><\/p><\/blockquote>\n<blockquote><p>&nbsp;<\/p><\/blockquote>\n","protected":false},"featured_media":7656,"template":"","meta":{"saved_in_kubio":false,"_seopress_robots_primary_cat":"","_seopress_titles_title":"","_seopress_titles_desc":"","_seopress_robots_index":"","spay_email":"","jetpack_publicize_message":""},"class_list":{"0":"post-6743","1":"product","2":"type-product","3":"status-publish","4":"has-post-thumbnail","6":"product_cat-banorte-magento","7":"product_cat-conexion-bancos-mg","8":"product_cat-magento-ce","9":"product_cat-magento-ee","10":"product_tag-3d-security","11":"product_tag-cyberpay-banorte","12":"product_tag-cybersource-banorte","13":"product_tag-pasarela-de-pago-banorte","14":"product_tag-payworks2","15":"product_tag-php-banorte","16":"product_tag-plugin-banorte-mojomexico","18":"first","19":"instock","20":"taxable","21":"shipping-taxable","22":"purchasable","23":"product-type-simple"},"jetpack_publicize_connections":[],"jetpack_sharing_enabled":true,"jetpack-related-posts":[],"_links":{"self":[{"href":"https:\/\/mojomexico.company\/portal\/wp-json\/wp\/v2\/product\/6743","targetHints":{"allow":["GET"]}}],"collection":[{"href":"https:\/\/mojomexico.company\/portal\/wp-json\/wp\/v2\/product"}],"about":[{"href":"https:\/\/mojomexico.company\/portal\/wp-json\/wp\/v2\/types\/product"}],"wp:featuredmedia":[{"embeddable":true,"href":"https:\/\/mojomexico.company\/portal\/wp-json\/wp\/v2\/media\/7656"}],"wp:attachment":[{"href":"https:\/\/mojomexico.company\/portal\/wp-json\/wp\/v2\/media?parent=6743"}],"curies":[{"name":"wp","href":"https:\/\/api.w.org\/{rel}","templated":true}]}}